{"id":5072,"date":"2017-02-05T19:09:40","date_gmt":"2017-02-05T18:09:40","guid":{"rendered":"https:\/\/2025.oekermann.de\/?page_id=5072"},"modified":"2025-06-23T13:06:27","modified_gmt":"2025-06-23T11:06:27","slug":"dupla-rendszerek","status":"publish","type":"page","link":"https:\/\/2025.oekermann.de\/hu\/termekcsoportok\/dupla-rendszerek\/","title":{"rendered":"Dupla rendszerek"},"content":{"rendered":"<section>\n<h2>Pneumatikus szennyv\u00edzsz\u00e1ll\u00edt\u00e1s dupla rendszerekkel<\/h2>\n<p>Kis \u00e9s k\u00f6zepes teljes\u00edtm\u00e9nyekkel \u00e9s nyom\u00e1sokkal m\u0171k\u00f6d\u0151 rendszerekhez, pl. <a href=\"https:\/\/2025.oekermann.de\/projekt-fotos\/siedlungen-im-laendlichen-raum\/\">kis helys\u00e9gek v\u00edzelvezet\u00e9s\u00e9hez<\/a>, a leggyakrabban 2 \u00fczemi tart\u00e1lyt \u00e9s 2 \u00fczemi l\u00e9gkompresszort alkalmaznak.<\/p>\n<p>Csek\u00e9ly mennyis\u00e9g\u0171 keletkez\u0151 szennyv\u00edz eset\u00e9n a szennyvizet egy \u00fczemi l\u00e9gkompresszor sz\u00e1ll\u00edtja takar\u00e9kos alapterhel\u00e9ses \u00fczemben. Ha rendszerbe a sz\u00e1ll\u00edtottn\u00e1l t\u00f6bb <a href=\"https:\/\/2025.oekermann.de\/fachbegriffe\/abwasser\/\">szennyv\u00edz<\/a> ker\u00fcl, akkor bekapcsol egy m\u00e1sodik \u00fczemi l\u00e9gkompresszor.<\/p>\n<p>A k\u00e9t \u00fczemi tart\u00e1ly felt\u00f6lt\u00e9se \u00e9s le\u00fcr\u00edt\u00e9se mindig felv\u00e1ltva t\u00f6rt\u00e9nik, ami <a href=\"https:\/\/2025.oekermann.de\/vorteile\/wirtschaftlichkeit\/\">gazdas\u00e1gos \u00fczemel\u00e9st<\/a> eredm\u00e9nyez.<\/p>\n<p>Az alapterhel\u00e9s-v\u00e1lt\u00f3kapcsol\u00e1s a kompresszorok egyenletes terhel\u00e9s\u00e9r\u0151l gondoskodik.<\/p>\n<p>A tol\u00f3z\u00e1rak \u00e9s pneumatikus szelepek vez\u00e9rl\u0151leveg\u0151j\u00e9t egy k\u00fcl\u00f6n vez\u00e9rl\u0151 l\u00e9gkompresszor \u00e1ll\u00edtja el\u0151, hogy a szennyv\u00edzsz\u00e1ll\u00edt\u00e1shoz mindig a teljes rendszerteljes\u00edtm\u00e9ny rendelkez\u00e9sre \u00e1lljon.<\/p>\n<p>A rendszerek 1 &#8211; 3 emeletre, teljesen padl\u00f3szint al\u00e1, vagy fel\u00e9p\u00edtm\u00e9nyelemmel szerelhet\u0151k fel. Ez legt\u00f6bbsz\u00f6r az \u00fczemi tart\u00e1ly \u00e9s a kompresszorok m\u00e9ret\u00e9b\u0151l, valamint az egy\u00e9ni \u00fcgyf\u00e9lig\u00e9nyekb\u0151l ad\u00f3dik. Az \u00e9p\u00edtm\u00e9ny m\u00e9lys\u00e9g\u00e9t l\u00e9nyeg\u00e9ben a be\u00e9rkez\u0151 gravit\u00e1ci\u00f3s ejt\u0151csatorna m\u00e9lys\u00e9ge hat\u00e1rozza meg.<\/p>\n<p>Bizonyos rendszert\u00edpusokhoz az OEKERMANN az \u00fcgyf\u00e9l k\u00fcl\u00f6n k\u00e9r\u00e9s\u00e9re \u00fcvegsz\u00e1l-er\u0151s\u00edt\u00e9s\u0171 m\u0171anyag szekr\u00e9nyeket sz\u00e1ll\u00edt a f\u00f6ldfelsz\u00edni fel\u00e1ll\u00edt\u00e1shoz.<\/p>\n<style type=\"text\/css\">\n#foogallery-gallery-2074 .fg-image { width: 510px; }\n#foogallery-gallery-2074 { --fg-gutter: 10px; }<\/style>\n\t\t\t<div class=\"foogallery foogallery-container foogallery-default foogallery-lightbox-foobox fg-left fg-default fg-ready fg-light fg-border-thin fg-shadow-small fg-loading-default fg-loaded-fade-in fg-hover-fade fg-hover-zoom\" id=\"foogallery-gallery-2074\" data-foogallery=\"{&quot;item&quot;:{&quot;showCaptionTitle&quot;:true,&quot;showCaptionDescription&quot;:false},&quot;lazy&quot;:true}\" style=\"--fg-title-line-clamp: 0; --fg-description-line-clamp: 0;\" >\n\t<div class=\"fg-item fg-type-image fg-idle\"><figure class=\"fg-item-inner\"><a href=\"https:\/\/2025.oekermann.de\/wp-content\/uploads\/2025\/05\/Arbeitsluftkompressoren-Kolbenkompressoren-BOGE-2025.jpg\" data-attachment-id=\"4993\" data-type=\"image\" class=\"fg-thumb\"><span class=\"fg-image-wrap\"><img fetchpriority=\"high\" decoding=\"async\" width=\"510\" height=\"420\" class=\"skip-lazy fg-image\" data-src-fg=\"https:\/\/2025.oekermann.de\/wp-content\/uploads\/cache\/2025\/05\/Arbeitsluftkompressoren-Kolbenkompressoren-BOGE-2025\/450323774.jpg\" src=\"data:image\/svg+xml,%3Csvg%20xmlns%3D%22http%3A%2F%2Fwww.w3.org%2F2000%2Fsvg%22%20width%3D%22510%22%20height%3D%22420%22%20viewBox%3D%220%200%20510%20420%22%3E%3C%2Fsvg%3E\" loading=\"eager\"><\/span><span class=\"fg-image-overlay\"><\/span><\/a><\/figure><div class=\"fg-loader\"><\/div><\/div><div class=\"fg-item fg-type-image fg-idle\"><figure class=\"fg-item-inner\"><a href=\"https:\/\/2025.oekermann.de\/wp-content\/uploads\/2018\/03\/P1010013-43-800600.jpg\" data-attachment-id=\"2985\" data-type=\"image\" class=\"fg-thumb\"><span class=\"fg-image-wrap\"><img decoding=\"async\" alt=\"Arbeitskessel einer pneumatischen Abwasserf\u00f6rderanlage - System Oekermann\" width=\"510\" height=\"420\" class=\"skip-lazy fg-image\" data-src-fg=\"https:\/\/2025.oekermann.de\/wp-content\/uploads\/cache\/2018\/03\/P1010013-43-800600\/3451702642.jpg\" src=\"data:image\/svg+xml,%3Csvg%20xmlns%3D%22http%3A%2F%2Fwww.w3.org%2F2000%2Fsvg%22%20width%3D%22510%22%20height%3D%22420%22%20viewBox%3D%220%200%20510%20420%22%3E%3C%2Fsvg%3E\" loading=\"eager\"><\/span><span class=\"fg-image-overlay\"><\/span><\/a><\/figure><div class=\"fg-loader\"><\/div><\/div><\/div>\n\n<\/section>\n<section class=\"downloads\">\n<div class=\"animate-in\" data-anim-type=\"fade-in-right-big\" data-anim-delay=\"\">\n<div class=\"dl-wrapper\">\n<h2>Let\u00f6lt\u00e9sek a t\u00e9m\u00e1hoz:<\/h2>\n<ul class=\"dl-files\">\n<li class=\"pdf-file-1\"><a href=\"\/res\/pdf\/sonderdruckschriften\/OEKERMANN-Info-02-Die-wichtigsten-Einsatzgruende-fuer-unsere-pneumatischen-Abwasser-Foerderanlagen.pdf\" target=\"_blank\" rel=\"noopener noreferrer\"> A pneumatikus szennyv\u00edzsz\u00e1ll\u00edt\u00f3 rendszerek alkalmaz\u00e1s\u00e1nak legfontosabb okai <\/a><\/li>\n<\/ul>\n<div class=\"dl-all\"><a title=\"Kostenlose Downloads zur Pneumatischen Abwassertechnik\" href=\"https:\/\/2025.oekermann.de\/downloads\/\">Ingyenes t\u00e1j\u00e9koztat\u00f3 anyag a pneumatikus szennyv\u00edztechnika t\u00e9m\u00e1j\u00e1ban<\/a><\/div>\n<\/div>\n<\/div>\n<\/section>\n","protected":false},"excerpt":{"rendered":"<p>Pneumatikus szennyv\u00edzsz\u00e1ll\u00edt\u00e1s dupla rendszerekkel Kis \u00e9s k\u00f6zepes teljes\u00edtm\u00e9nyekkel \u00e9s nyom\u00e1sokkal m\u0171k\u00f6d\u0151 rendszerekhez, pl. kis helys\u00e9gek v\u00edzelvezet\u00e9s\u00e9hez, a leggyakrabban 2 \u00fczemi tart\u00e1lyt \u00e9s 2 \u00fczemi l\u00e9gkompresszort alkalmaznak. Csek\u00e9ly mennyis\u00e9g\u0171 keletkez\u0151 szennyv\u00edz eset\u00e9n a szennyvizet egy \u00fczemi l\u00e9gkompresszor sz\u00e1ll\u00edtja takar\u00e9kos alapterhel\u00e9ses \u00fczemben. Ha rendszerbe a sz\u00e1ll\u00edtottn\u00e1l t\u00f6bb szennyv\u00edz ker\u00fcl, akkor bekapcsol egy m\u00e1sodik \u00fczemi l\u00e9gkompresszor. A k\u00e9t<\/p>\n<p class=\"link-more\"><a href=\"https:\/\/2025.oekermann.de\/hu\/termekcsoportok\/dupla-rendszerek\/\" class=\"envor-btn\">Weiterlesen<span class=\"screen-reader-text\"> &#8220;Dupla rendszerek&#8221;<\/span><\/a><\/p>\n","protected":false},"author":2,"featured_media":0,"parent":5069,"menu_order":0,"comment_status":"closed","ping_status":"closed","template":"","meta":{"footnotes":""},"class_list":["post-5072","page","type-page","status-publish","hentry"],"yoast_head":"<!-- This site is optimized with the Yoast SEO plugin v27.4 - https:\/\/yoast.com\/product\/yoast-seo-wordpress\/ -->\n<title>Dupla rendszerek - Pneumatische F\u00f6rdertechnik - OEKERMANN Abwassertechnik<\/title>\n<meta name=\"robots\" content=\"index, follow, max-snippet:-1, max-image-preview:large, max-video-preview:-1\" \/>\n<link rel=\"canonical\" href=\"https:\/\/2025.oekermann.de\/hu\/termekcsoportok\/dupla-rendszerek\/\" \/>\n<meta property=\"og:locale\" content=\"hu_HU\" \/>\n<meta property=\"og:type\" content=\"article\" \/>\n<meta property=\"og:title\" content=\"Dupla rendszerek - Pneumatische F\u00f6rdertechnik - OEKERMANN Abwassertechnik\" \/>\n<meta property=\"og:description\" content=\"Pneumatikus szennyv\u00edzsz\u00e1ll\u00edt\u00e1s dupla rendszerekkel Kis \u00e9s k\u00f6zepes teljes\u00edtm\u00e9nyekkel \u00e9s nyom\u00e1sokkal m\u0171k\u00f6d\u0151 rendszerekhez, pl. kis helys\u00e9gek v\u00edzelvezet\u00e9s\u00e9hez, a leggyakrabban 2 \u00fczemi tart\u00e1lyt \u00e9s 2 \u00fczemi l\u00e9gkompresszort alkalmaznak. Csek\u00e9ly mennyis\u00e9g\u0171 keletkez\u0151 szennyv\u00edz eset\u00e9n a szennyvizet egy \u00fczemi l\u00e9gkompresszor sz\u00e1ll\u00edtja takar\u00e9kos alapterhel\u00e9ses \u00fczemben. Ha rendszerbe a sz\u00e1ll\u00edtottn\u00e1l t\u00f6bb szennyv\u00edz ker\u00fcl, akkor bekapcsol egy m\u00e1sodik \u00fczemi l\u00e9gkompresszor. A k\u00e9tWeiterlesen &quot;Dupla rendszerek&quot;\" \/>\n<meta property=\"og:url\" content=\"https:\/\/2025.oekermann.de\/hu\/termekcsoportok\/dupla-rendszerek\/\" \/>\n<meta property=\"og:site_name\" content=\"Pneumatische F\u00f6rdertechnik - OEKERMANN Abwassertechnik\" \/>\n<meta property=\"article:publisher\" content=\"https:\/\/www.facebook.com\/pages\/Oekermann-Abwassertechnik\/1007781205906685\" \/>\n<meta property=\"article:modified_time\" content=\"2025-06-23T11:06:27+00:00\" \/>\n<meta name=\"twitter:card\" content=\"summary_large_image\" \/>\n<meta name=\"twitter:site\" content=\"@Oekermann\" \/>\n<meta name=\"twitter:label1\" content=\"Becs\u00fclt olvas\u00e1si id\u0151\" \/>\n\t<meta name=\"twitter:data1\" content=\"1 perc\" \/>\n<script type=\"application\/ld+json\" class=\"yoast-schema-graph\">{\"@context\":\"https:\\\/\\\/schema.org\",\"@graph\":[{\"@type\":\"WebPage\",\"@id\":\"https:\\\/\\\/2025.oekermann.de\\\/hu\\\/termekcsoportok\\\/dupla-rendszerek\\\/\",\"url\":\"https:\\\/\\\/2025.oekermann.de\\\/hu\\\/termekcsoportok\\\/dupla-rendszerek\\\/\",\"name\":\"Dupla rendszerek - Pneumatische F\u00f6rdertechnik - OEKERMANN Abwassertechnik\",\"isPartOf\":{\"@id\":\"https:\\\/\\\/2025.oekermann.de\\\/#website\"},\"datePublished\":\"2017-02-05T18:09:40+00:00\",\"dateModified\":\"2025-06-23T11:06:27+00:00\",\"breadcrumb\":{\"@id\":\"https:\\\/\\\/2025.oekermann.de\\\/hu\\\/termekcsoportok\\\/dupla-rendszerek\\\/#breadcrumb\"},\"inLanguage\":\"hu\",\"potentialAction\":[{\"@type\":\"ReadAction\",\"target\":[\"https:\\\/\\\/2025.oekermann.de\\\/hu\\\/termekcsoportok\\\/dupla-rendszerek\\\/\"]}]},{\"@type\":\"BreadcrumbList\",\"@id\":\"https:\\\/\\\/2025.oekermann.de\\\/hu\\\/termekcsoportok\\\/dupla-rendszerek\\\/#breadcrumb\",\"itemListElement\":[{\"@type\":\"ListItem\",\"position\":1,\"name\":\"Startseite\",\"item\":\"https:\\\/\\\/2025.oekermann.de\\\/hu\\\/\"},{\"@type\":\"ListItem\",\"position\":2,\"name\":\"Term\u00e9kcsoportok\",\"item\":\"https:\\\/\\\/2025.oekermann.de\\\/hu\\\/termekcsoportok\\\/\"},{\"@type\":\"ListItem\",\"position\":3,\"name\":\"Dupla rendszerek\"}]},{\"@type\":\"WebSite\",\"@id\":\"https:\\\/\\\/2025.oekermann.de\\\/#website\",\"url\":\"https:\\\/\\\/2025.oekermann.de\\\/\",\"name\":\"Pneumatische F\u00f6rdertechnik - OEKERMANN Abwassertechnik\",\"description\":\"\",\"potentialAction\":[{\"@type\":\"SearchAction\",\"target\":{\"@type\":\"EntryPoint\",\"urlTemplate\":\"https:\\\/\\\/2025.oekermann.de\\\/?s={search_term_string}\"},\"query-input\":{\"@type\":\"PropertyValueSpecification\",\"valueRequired\":true,\"valueName\":\"search_term_string\"}}],\"inLanguage\":\"hu\"}]}<\/script>\n<!-- \/ Yoast SEO plugin. -->","yoast_head_json":{"title":"Dupla rendszerek - Pneumatische F\u00f6rdertechnik - OEKERMANN Abwassertechnik","robots":{"index":"index","follow":"follow","max-snippet":"max-snippet:-1","max-image-preview":"max-image-preview:large","max-video-preview":"max-video-preview:-1"},"canonical":"https:\/\/2025.oekermann.de\/hu\/termekcsoportok\/dupla-rendszerek\/","og_locale":"hu_HU","og_type":"article","og_title":"Dupla rendszerek - Pneumatische F\u00f6rdertechnik - OEKERMANN Abwassertechnik","og_description":"Pneumatikus szennyv\u00edzsz\u00e1ll\u00edt\u00e1s dupla rendszerekkel Kis \u00e9s k\u00f6zepes teljes\u00edtm\u00e9nyekkel \u00e9s nyom\u00e1sokkal m\u0171k\u00f6d\u0151 rendszerekhez, pl. kis helys\u00e9gek v\u00edzelvezet\u00e9s\u00e9hez, a leggyakrabban 2 \u00fczemi tart\u00e1lyt \u00e9s 2 \u00fczemi l\u00e9gkompresszort alkalmaznak. Csek\u00e9ly mennyis\u00e9g\u0171 keletkez\u0151 szennyv\u00edz eset\u00e9n a szennyvizet egy \u00fczemi l\u00e9gkompresszor sz\u00e1ll\u00edtja takar\u00e9kos alapterhel\u00e9ses \u00fczemben. Ha rendszerbe a sz\u00e1ll\u00edtottn\u00e1l t\u00f6bb szennyv\u00edz ker\u00fcl, akkor bekapcsol egy m\u00e1sodik \u00fczemi l\u00e9gkompresszor. A k\u00e9tWeiterlesen \"Dupla rendszerek\"","og_url":"https:\/\/2025.oekermann.de\/hu\/termekcsoportok\/dupla-rendszerek\/","og_site_name":"Pneumatische F\u00f6rdertechnik - OEKERMANN Abwassertechnik","article_publisher":"https:\/\/www.facebook.com\/pages\/Oekermann-Abwassertechnik\/1007781205906685","article_modified_time":"2025-06-23T11:06:27+00:00","twitter_card":"summary_large_image","twitter_site":"@Oekermann","twitter_misc":{"Becs\u00fclt olvas\u00e1si id\u0151":"1 perc"},"schema":{"@context":"https:\/\/schema.org","@graph":[{"@type":"WebPage","@id":"https:\/\/2025.oekermann.de\/hu\/termekcsoportok\/dupla-rendszerek\/","url":"https:\/\/2025.oekermann.de\/hu\/termekcsoportok\/dupla-rendszerek\/","name":"Dupla rendszerek - Pneumatische F\u00f6rdertechnik - OEKERMANN Abwassertechnik","isPartOf":{"@id":"https:\/\/2025.oekermann.de\/#website"},"datePublished":"2017-02-05T18:09:40+00:00","dateModified":"2025-06-23T11:06:27+00:00","breadcrumb":{"@id":"https:\/\/2025.oekermann.de\/hu\/termekcsoportok\/dupla-rendszerek\/#breadcrumb"},"inLanguage":"hu","potentialAction":[{"@type":"ReadAction","target":["https:\/\/2025.oekermann.de\/hu\/termekcsoportok\/dupla-rendszerek\/"]}]},{"@type":"BreadcrumbList","@id":"https:\/\/2025.oekermann.de\/hu\/termekcsoportok\/dupla-rendszerek\/#breadcrumb","itemListElement":[{"@type":"ListItem","position":1,"name":"Startseite","item":"https:\/\/2025.oekermann.de\/hu\/"},{"@type":"ListItem","position":2,"name":"Term\u00e9kcsoportok","item":"https:\/\/2025.oekermann.de\/hu\/termekcsoportok\/"},{"@type":"ListItem","position":3,"name":"Dupla rendszerek"}]},{"@type":"WebSite","@id":"https:\/\/2025.oekermann.de\/#website","url":"https:\/\/2025.oekermann.de\/","name":"Pneumatische F\u00f6rdertechnik - OEKERMANN Abwassertechnik","description":"","potentialAction":[{"@type":"SearchAction","target":{"@type":"EntryPoint","urlTemplate":"https:\/\/2025.oekermann.de\/?s={search_term_string}"},"query-input":{"@type":"PropertyValueSpecification","valueRequired":true,"valueName":"search_term_string"}}],"inLanguage":"hu"}]}},"_links":{"self":[{"href":"https:\/\/2025.oekermann.de\/hu\/wp-json\/wp\/v2\/pages\/5072","targetHints":{"allow":["GET"]}}],"collection":[{"href":"https:\/\/2025.oekermann.de\/hu\/wp-json\/wp\/v2\/pages"}],"about":[{"href":"https:\/\/2025.oekermann.de\/hu\/wp-json\/wp\/v2\/types\/page"}],"author":[{"embeddable":true,"href":"https:\/\/2025.oekermann.de\/hu\/wp-json\/wp\/v2\/users\/2"}],"replies":[{"embeddable":true,"href":"https:\/\/2025.oekermann.de\/hu\/wp-json\/wp\/v2\/comments?post=5072"}],"version-history":[{"count":2,"href":"https:\/\/2025.oekermann.de\/hu\/wp-json\/wp\/v2\/pages\/5072\/revisions"}],"predecessor-version":[{"id":5229,"href":"https:\/\/2025.oekermann.de\/hu\/wp-json\/wp\/v2\/pages\/5072\/revisions\/5229"}],"up":[{"embeddable":true,"href":"https:\/\/2025.oekermann.de\/hu\/wp-json\/wp\/v2\/pages\/5069"}],"wp:attachment":[{"href":"https:\/\/2025.oekermann.de\/hu\/wp-json\/wp\/v2\/media?parent=5072"}],"curies":[{"name":"wp","href":"https:\/\/api.w.org\/{rel}","templated":true}]}}