{"id":4201,"date":"2017-02-05T19:12:58","date_gmt":"2017-02-05T18:12:58","guid":{"rendered":"https:\/\/2025.oekermann.de\/systemy-potrojne-i-poczworne-2\/"},"modified":"2025-04-28T10:53:40","modified_gmt":"2025-04-28T08:53:40","slug":"systemy-potrojne-i-poczworne-2","status":"publish","type":"page","link":"https:\/\/2025.oekermann.de\/pl\/produkty\/systemy-potrojne-i-poczworne-2\/","title":{"rendered":"Systemy potr\u00f3jne i poczw\u00f3rne"},"content":{"rendered":"<section>\n<h2>Przepompownie spr\u0119\u017conego powietrza z trzema lub czterama spr\u0119\u017carkami<\/h2>\n<p>  Uk\u0142ady potr\u00f3jne lub poczw\u00f3rne zazwyczaj stosowane s\u0105 w wi\u0119kszych przepompowniach przy du\u017cych miastach i du\u017cych <a href=\"https:\/\/2025.oekermann.de\/pl\/zdjecia-projektow\/obiekty-przemyslowe\/\">zak\u0142adach przemys\u0142owych.<\/a> <\/p>\n<p>Rozdzielenie obci\u0105\u017cenia na 3 lub 4 pracuj\u0105ce spr\u0119\u017carki pozwala na optymalizacje pracy systemu. Przede wszystkim taki zakres mo\u017cliwych obci\u0105\u017ce\u0144 pozwala na dostosowanie do jak najlepszych <a href=\"https:\/\/2025.oekermann.de\/themen\/wirtschaftlichkeit\/\">ekonomicznie<\/a> warunk\u00f3w pracy, poprzez elastyczne dopasowanie pracy spr\u0119\u017carek do ilo\u015bci przepompowywanych \u015bciek\u00f3w.<\/p>\n<p>Systemy potr\u00f3jne mog\u0105 by\u0107 wyposa\u017cone w 2 lub 3 zbiorniki robocze, kt\u00f3re s\u0105 nape\u0142niane i wypr\u00f3\u017cniane naprzemiennie podobnie jak w <a href=\"https:\/\/2025.oekermann.de\/pl\/produkty\/systemy-podwojne-2\/\">systemach podw\u00f3jnych.<\/a><\/p>\n<p>Systemy poczw\u00f3rne zwykle wyposa\u017cone s\u0105 w 3 zbiorniki robocze.<\/p>\n<p>Systemy potr\u00f3jne i poczw\u00f3rne zwykle instalowane s\u0105 na co najmniej dw\u00f3ch poziomach, nie musi by\u0107 to jednak konieczno\u015b\u0107. Decyduj\u0105cym czynnikiem wp\u0142ywaj\u0105cym na instalacj\u0119 jest g\u0142\u0119boko\u015b\u0107 kana\u0142u spadkowego, podobnie jak w innych systemach.<\/p>\n<p>Systemy OEKERMANN mog\u0105 by\u0107 r\u00f3wnie\u017c rozbudowywane, wi\u0119c warto od pocz\u0105tku zaplanowa\u0107 miejsce na dodatkow\u0105 spr\u0119\u017cark\u0119, czy zbiornik roboczy. Najwa\u017cniejszym czynnikiem jest projekt, je\u015bli masz konkretn\u0105 potrzeby <a href=\"https:\/\/2025.oekermann.de\/pl\/kontakt\/twoja-osoba-kontaktowa\/\">prosz\u0119 prze\u015blij nam dokumenty planistyczne<\/a> Ch\u0119tnie przedstawimy Pa\u0144stu niezobowi\u0105zuj\u0105ce sugestie.<\/p>\n<p><style type=\"text\/css\">\n#foogallery-gallery-2087 .fg-image { width: 510px; }\n#foogallery-gallery-2087 { --fg-gutter: 10px; }<\/style>\n\t\t\t<div class=\"foogallery foogallery-container foogallery-default foogallery-lightbox-foobox fg-left fg-default fg-ready fg-light fg-border-thin fg-shadow-small fg-loading-default fg-loaded-fade-in fg-hover-fade fg-hover-zoom\" id=\"foogallery-gallery-2087\" data-foogallery=\"{&quot;item&quot;:{&quot;showCaptionTitle&quot;:true,&quot;showCaptionDescription&quot;:false},&quot;lazy&quot;:true}\" style=\"--fg-title-line-clamp: 0; --fg-description-line-clamp: 0;\" >\n\t<div class=\"fg-item fg-type-image fg-idle\"><figure class=\"fg-item-inner\"><a href=\"https:\/\/2025.oekermann.de\/wp-content\/uploads\/2017\/02\/Arbeitskessel-einer-pneumatischen-Abwasser-Pumpstation-FRAPORT.jpg\" data-attachment-id=\"1484\" data-type=\"image\" class=\"fg-thumb\"><span class=\"fg-image-wrap\"><img fetchpriority=\"high\" decoding=\"async\" width=\"510\" height=\"298\" class=\"skip-lazy fg-image\" data-src-fg=\"https:\/\/2025.oekermann.de\/wp-content\/uploads\/cache\/2017\/02\/Arbeitskessel-einer-pneumatischen-Abwasser-Pumpstation-FRAPORT\/2029946619.jpg\" src=\"data:image\/svg+xml,%3Csvg%20xmlns%3D%22http%3A%2F%2Fwww.w3.org%2F2000%2Fsvg%22%20width%3D%22510%22%20height%3D%22298%22%20viewBox%3D%220%200%20510%20298%22%3E%3C%2Fsvg%3E\" loading=\"eager\"><\/span><span class=\"fg-image-overlay\"><\/span><\/a><\/figure><div class=\"fg-loader\"><\/div><\/div><div class=\"fg-item fg-type-image fg-idle\"><figure class=\"fg-item-inner\"><a href=\"https:\/\/2025.oekermann.de\/wp-content\/uploads\/2018\/03\/DSC_0394l.jpg\" data-attachment-id=\"4540\" data-type=\"image\" class=\"fg-thumb\"><span class=\"fg-image-wrap\"><img decoding=\"async\" width=\"510\" height=\"298\" class=\"skip-lazy fg-image\" data-src-fg=\"https:\/\/2025.oekermann.de\/wp-content\/uploads\/cache\/2018\/03\/DSC_0394l\/1070543284.jpg\" src=\"data:image\/svg+xml,%3Csvg%20xmlns%3D%22http%3A%2F%2Fwww.w3.org%2F2000%2Fsvg%22%20width%3D%22510%22%20height%3D%22298%22%20viewBox%3D%220%200%20510%20298%22%3E%3C%2Fsvg%3E\" loading=\"eager\"><\/span><span class=\"fg-image-overlay\"><\/span><\/a><\/figure><div class=\"fg-loader\"><\/div><\/div><\/div>\n<br \/>\n<\/section>\n<section class=\"downloads\">\n<div class=\"animate-in\" data-anim-type=\"fade-in-right-big\" data-anim-delay=\"\">\n<div class=\"dl-wrapper\">\n<h2>Dowiedz si\u0119 wi\u0119cej:<\/h2>\n<ul class=\"dl-files\">\n<li class=\"pdf-file-1\"><a href=\"\/res\/pdf\/sonderdruckschriften\/OEKERMANN-Info-02-Die-wichtigsten-Einsatzgruende-fuer-unsere-pneumatischen-Abwasser-Foerderanlagen.pdf\" target=\"_blank\" rel=\"noopener noreferrer\"> Najwa\u017cniejsze powody korzystania z pneumatycznych system\u00f3w odprowadzania \u015bciek\u00f3w  <\/a><\/li>\n<\/ul>\n<div class=\"dl-all\"><a title=\"Kostenlose Downloads zur Pneumatischen Abwassertechnik\" href=\"https:\/\/2025.oekermann.de\/pl\/pliki-do-pobrania\/\">Bezp\u0142atne informacje dotycz\u0105ce pneumatycznej technologii oczyszczania \u015bciek\u00f3w<\/a><\/div>\n<\/div>\n<\/div>\n<\/section>\n","protected":false},"excerpt":{"rendered":"<p>Przepompownie spr\u0119\u017conego powietrza z trzema lub czterama spr\u0119\u017carkami Uk\u0142ady potr\u00f3jne lub poczw\u00f3rne zazwyczaj stosowane s\u0105 w wi\u0119kszych przepompowniach przy du\u017cych miastach i du\u017cych zak\u0142adach przemys\u0142owych. Rozdzielenie obci\u0105\u017cenia na 3 lub 4 pracuj\u0105ce spr\u0119\u017carki pozwala na optymalizacje pracy systemu. Przede wszystkim taki zakres mo\u017cliwych obci\u0105\u017ce\u0144 pozwala na dostosowanie do jak najlepszych ekonomicznie warunk\u00f3w pracy, poprzez elastyczne<\/p>\n<p class=\"link-more\"><a href=\"https:\/\/2025.oekermann.de\/pl\/produkty\/systemy-potrojne-i-poczworne-2\/\" class=\"envor-btn\">Weiterlesen<span class=\"screen-reader-text\"> &#8220;Systemy potr\u00f3jne i poczw\u00f3rne&#8221;<\/span><\/a><\/p>\n","protected":false},"author":2,"featured_media":0,"parent":4216,"menu_order":0,"comment_status":"closed","ping_status":"closed","template":"","meta":{"footnotes":""},"class_list":["post-4201","page","type-page","status-publish","hentry"],"yoast_head":"<!-- This site is optimized with the Yoast SEO plugin v27.4 - https:\/\/yoast.com\/product\/yoast-seo-wordpress\/ -->\n<title>Systemy potr\u00f3jne i poczw\u00f3rne - Pneumatische F\u00f6rdertechnik - OEKERMANN Abwassertechnik<\/title>\n<meta name=\"robots\" content=\"index, follow, max-snippet:-1, max-image-preview:large, max-video-preview:-1\" \/>\n<link rel=\"canonical\" href=\"https:\/\/2025.oekermann.de\/produkty\/systemy-potrojne-i-poczworne-2\/\" \/>\n<meta property=\"og:locale\" content=\"pl_PL\" \/>\n<meta property=\"og:type\" content=\"article\" \/>\n<meta property=\"og:title\" content=\"Systemy potr\u00f3jne i poczw\u00f3rne - Pneumatische F\u00f6rdertechnik - OEKERMANN Abwassertechnik\" \/>\n<meta property=\"og:description\" content=\"Przepompownie spr\u0119\u017conego powietrza z trzema lub czterama spr\u0119\u017carkami Uk\u0142ady potr\u00f3jne lub poczw\u00f3rne zazwyczaj stosowane s\u0105 w wi\u0119kszych przepompowniach przy du\u017cych miastach i du\u017cych zak\u0142adach przemys\u0142owych. Rozdzielenie obci\u0105\u017cenia na 3 lub 4 pracuj\u0105ce spr\u0119\u017carki pozwala na optymalizacje pracy systemu. Przede wszystkim taki zakres mo\u017cliwych obci\u0105\u017ce\u0144 pozwala na dostosowanie do jak najlepszych ekonomicznie warunk\u00f3w pracy, poprzez elastyczneWeiterlesen &quot;Systemy potr\u00f3jne i poczw\u00f3rne&quot;\" \/>\n<meta property=\"og:url\" content=\"https:\/\/2025.oekermann.de\/produkty\/systemy-potrojne-i-poczworne-2\/\" \/>\n<meta property=\"og:site_name\" content=\"Pneumatische F\u00f6rdertechnik - OEKERMANN Abwassertechnik\" \/>\n<meta property=\"article:publisher\" content=\"https:\/\/www.facebook.com\/pages\/Oekermann-Abwassertechnik\/1007781205906685\" \/>\n<meta property=\"article:modified_time\" content=\"2025-04-28T08:53:40+00:00\" \/>\n<meta name=\"twitter:card\" content=\"summary_large_image\" \/>\n<meta name=\"twitter:site\" content=\"@Oekermann\" \/>\n<meta name=\"twitter:label1\" content=\"Szacowany czas czytania\" \/>\n\t<meta name=\"twitter:data1\" content=\"2 minuty\" \/>\n<script type=\"application\/ld+json\" class=\"yoast-schema-graph\">{\"@context\":\"https:\\\/\\\/schema.org\",\"@graph\":[{\"@type\":\"WebPage\",\"@id\":\"https:\\\/\\\/2025.oekermann.de\\\/produkty\\\/systemy-potrojne-i-poczworne-2\\\/\",\"url\":\"https:\\\/\\\/2025.oekermann.de\\\/produkty\\\/systemy-potrojne-i-poczworne-2\\\/\",\"name\":\"Systemy potr\u00f3jne i poczw\u00f3rne - Pneumatische F\u00f6rdertechnik - OEKERMANN Abwassertechnik\",\"isPartOf\":{\"@id\":\"https:\\\/\\\/2025.oekermann.de\\\/#website\"},\"datePublished\":\"2017-02-05T18:12:58+00:00\",\"dateModified\":\"2025-04-28T08:53:40+00:00\",\"breadcrumb\":{\"@id\":\"https:\\\/\\\/2025.oekermann.de\\\/produkty\\\/systemy-potrojne-i-poczworne-2\\\/#breadcrumb\"},\"inLanguage\":\"pl-PL\",\"potentialAction\":[{\"@type\":\"ReadAction\",\"target\":[\"https:\\\/\\\/2025.oekermann.de\\\/produkty\\\/systemy-potrojne-i-poczworne-2\\\/\"]}]},{\"@type\":\"BreadcrumbList\",\"@id\":\"https:\\\/\\\/2025.oekermann.de\\\/produkty\\\/systemy-potrojne-i-poczworne-2\\\/#breadcrumb\",\"itemListElement\":[{\"@type\":\"ListItem\",\"position\":1,\"name\":\"Startseite\",\"item\":\"https:\\\/\\\/2025.oekermann.de\\\/pl\\\/\"},{\"@type\":\"ListItem\",\"position\":2,\"name\":\"Produkty\",\"item\":\"https:\\\/\\\/2025.oekermann.de\\\/pl\\\/produkty\\\/\"},{\"@type\":\"ListItem\",\"position\":3,\"name\":\"Systemy potr\u00f3jne i poczw\u00f3rne\"}]},{\"@type\":\"WebSite\",\"@id\":\"https:\\\/\\\/2025.oekermann.de\\\/#website\",\"url\":\"https:\\\/\\\/2025.oekermann.de\\\/\",\"name\":\"Pneumatische F\u00f6rdertechnik - OEKERMANN Abwassertechnik\",\"description\":\"\",\"potentialAction\":[{\"@type\":\"SearchAction\",\"target\":{\"@type\":\"EntryPoint\",\"urlTemplate\":\"https:\\\/\\\/2025.oekermann.de\\\/?s={search_term_string}\"},\"query-input\":{\"@type\":\"PropertyValueSpecification\",\"valueRequired\":true,\"valueName\":\"search_term_string\"}}],\"inLanguage\":\"pl-PL\"}]}<\/script>\n<!-- \/ Yoast SEO plugin. -->","yoast_head_json":{"title":"Systemy potr\u00f3jne i poczw\u00f3rne - Pneumatische F\u00f6rdertechnik - OEKERMANN Abwassertechnik","robots":{"index":"index","follow":"follow","max-snippet":"max-snippet:-1","max-image-preview":"max-image-preview:large","max-video-preview":"max-video-preview:-1"},"canonical":"https:\/\/2025.oekermann.de\/produkty\/systemy-potrojne-i-poczworne-2\/","og_locale":"pl_PL","og_type":"article","og_title":"Systemy potr\u00f3jne i poczw\u00f3rne - Pneumatische F\u00f6rdertechnik - OEKERMANN Abwassertechnik","og_description":"Przepompownie spr\u0119\u017conego powietrza z trzema lub czterama spr\u0119\u017carkami Uk\u0142ady potr\u00f3jne lub poczw\u00f3rne zazwyczaj stosowane s\u0105 w wi\u0119kszych przepompowniach przy du\u017cych miastach i du\u017cych zak\u0142adach przemys\u0142owych. Rozdzielenie obci\u0105\u017cenia na 3 lub 4 pracuj\u0105ce spr\u0119\u017carki pozwala na optymalizacje pracy systemu. Przede wszystkim taki zakres mo\u017cliwych obci\u0105\u017ce\u0144 pozwala na dostosowanie do jak najlepszych ekonomicznie warunk\u00f3w pracy, poprzez elastyczneWeiterlesen \"Systemy potr\u00f3jne i poczw\u00f3rne\"","og_url":"https:\/\/2025.oekermann.de\/produkty\/systemy-potrojne-i-poczworne-2\/","og_site_name":"Pneumatische F\u00f6rdertechnik - OEKERMANN Abwassertechnik","article_publisher":"https:\/\/www.facebook.com\/pages\/Oekermann-Abwassertechnik\/1007781205906685","article_modified_time":"2025-04-28T08:53:40+00:00","twitter_card":"summary_large_image","twitter_site":"@Oekermann","twitter_misc":{"Szacowany czas czytania":"2 minuty"},"schema":{"@context":"https:\/\/schema.org","@graph":[{"@type":"WebPage","@id":"https:\/\/2025.oekermann.de\/produkty\/systemy-potrojne-i-poczworne-2\/","url":"https:\/\/2025.oekermann.de\/produkty\/systemy-potrojne-i-poczworne-2\/","name":"Systemy potr\u00f3jne i poczw\u00f3rne - Pneumatische F\u00f6rdertechnik - OEKERMANN Abwassertechnik","isPartOf":{"@id":"https:\/\/2025.oekermann.de\/#website"},"datePublished":"2017-02-05T18:12:58+00:00","dateModified":"2025-04-28T08:53:40+00:00","breadcrumb":{"@id":"https:\/\/2025.oekermann.de\/produkty\/systemy-potrojne-i-poczworne-2\/#breadcrumb"},"inLanguage":"pl-PL","potentialAction":[{"@type":"ReadAction","target":["https:\/\/2025.oekermann.de\/produkty\/systemy-potrojne-i-poczworne-2\/"]}]},{"@type":"BreadcrumbList","@id":"https:\/\/2025.oekermann.de\/produkty\/systemy-potrojne-i-poczworne-2\/#breadcrumb","itemListElement":[{"@type":"ListItem","position":1,"name":"Startseite","item":"https:\/\/2025.oekermann.de\/pl\/"},{"@type":"ListItem","position":2,"name":"Produkty","item":"https:\/\/2025.oekermann.de\/pl\/produkty\/"},{"@type":"ListItem","position":3,"name":"Systemy potr\u00f3jne i poczw\u00f3rne"}]},{"@type":"WebSite","@id":"https:\/\/2025.oekermann.de\/#website","url":"https:\/\/2025.oekermann.de\/","name":"Pneumatische F\u00f6rdertechnik - OEKERMANN Abwassertechnik","description":"","potentialAction":[{"@type":"SearchAction","target":{"@type":"EntryPoint","urlTemplate":"https:\/\/2025.oekermann.de\/?s={search_term_string}"},"query-input":{"@type":"PropertyValueSpecification","valueRequired":true,"valueName":"search_term_string"}}],"inLanguage":"pl-PL"}]}},"_links":{"self":[{"href":"https:\/\/2025.oekermann.de\/pl\/wp-json\/wp\/v2\/pages\/4201","targetHints":{"allow":["GET"]}}],"collection":[{"href":"https:\/\/2025.oekermann.de\/pl\/wp-json\/wp\/v2\/pages"}],"about":[{"href":"https:\/\/2025.oekermann.de\/pl\/wp-json\/wp\/v2\/types\/page"}],"author":[{"embeddable":true,"href":"https:\/\/2025.oekermann.de\/pl\/wp-json\/wp\/v2\/users\/2"}],"replies":[{"embeddable":true,"href":"https:\/\/2025.oekermann.de\/pl\/wp-json\/wp\/v2\/comments?post=4201"}],"version-history":[{"count":4,"href":"https:\/\/2025.oekermann.de\/pl\/wp-json\/wp\/v2\/pages\/4201\/revisions"}],"predecessor-version":[{"id":4798,"href":"https:\/\/2025.oekermann.de\/pl\/wp-json\/wp\/v2\/pages\/4201\/revisions\/4798"}],"up":[{"embeddable":true,"href":"https:\/\/2025.oekermann.de\/pl\/wp-json\/wp\/v2\/pages\/4216"}],"wp:attachment":[{"href":"https:\/\/2025.oekermann.de\/pl\/wp-json\/wp\/v2\/media?parent=4201"}],"curies":[{"name":"wp","href":"https:\/\/api.w.org\/{rel}","templated":true}]}}