{"id":4203,"date":"2017-02-05T19:09:40","date_gmt":"2017-02-05T18:09:40","guid":{"rendered":"https:\/\/2025.oekermann.de\/systemy-podwojne-2\/"},"modified":"2025-04-28T10:53:27","modified_gmt":"2025-04-28T08:53:27","slug":"systemy-podwojne-2","status":"publish","type":"page","link":"https:\/\/2025.oekermann.de\/pl\/produkty\/systemy-podwojne-2\/","title":{"rendered":"Systemy podw\u00f3jne"},"content":{"rendered":"<section>\n<h2>Pneumatyczny transport \u015bciek\u00f3w za pomoc\u0105 system\u00f3w podw\u00f3jnych<\/h2>\n<p>Dla system\u00f3w o ma\u0142ej lub \u015bredniej wydajno\u015bci i ci\u015bnieniu np. systemy <a href=\"https:\/\/2025.oekermann.de\/pl\/zdjecia-projektow\/osady-na-obszarach-wiejskich\/\">odpompywania \u015bciek\u00f3w z ma\u0142ych miast<\/a>, s\u0105 zwykle stosowane systemy posiadaj\u0105ce 2 kot\u0142y (zbiorniki robocze) i 2 spr\u0119\u017carki powietrzne.<\/p>\n<p>W celu optymalizacji pracy systemu podczas ma\u0142ego przep\u0142ywu \u015bciek\u00f3w obci\u0105\u017cana jest tylko jedna spr\u0119\u017carka, dopiero gdy strumie\u0144 <a href=\"https:\/\/2025.oekermann.de\/fachbegriffe\/abwasser\/\">\u015bciek\u00f3w<\/a> wypompowywanych jest mniejszy ni\u017c strumie\u0144 \u015bciek\u00f3w wp\u0142ywaj\u0105cych uruchomiana jest druga spr\u0119\u017carka.<\/p>\n<p>Obydwa zbiorniki s\u0105 zape\u0142niane i wypr\u00f3\u017cniane naprzemiennie pozwala to na ci\u0105g\u0142\u0105 prac\u0119 i co za tym idzie <a href=\"https:\/\/2025.oekermann.de\/pl\/zalety\/ekonomicznosc\/\">ekonomiczn\u0105 eksploatacj\u0119 systemu.<\/a> <\/p>\n<p>Obw\u00f3d pr\u0105du przemiennego zapewnia r\u00f3wne obci\u0105\u017cenie obu kompresor\u00f3w.<\/p>\n<p>Powietrze s\u0142u\u017c\u0105ce do sterowania zaworami suwakowymi i pneumatycznymi pochodzi z osobnej spr\u0119\u017carki powietrznej. Zapewnia to trwa\u0142\u0105 wydajno\u015b\u0107 maksymaln\u0105 do przepompowywania \u015bciek\u00f3w.<\/p>\n<p>System mo\u017ce by\u0107 zainstalowany na\u00a0 1 &#8211; 3 poziomie, wy\u0142\u0105cznie pod ziemi\u0105 lub z nadbud\u00f3wk\u0105. Wielko\u015b\u0107 cz\u0119sto wynika z wielko\u015bci zbiornik\u00f3w roboczych i kompresor\u00f3w jak i indywidualnych potrzeb klienta. G\u0142\u0119boko\u015b\u0107 ca\u0142ej struktury zale\u017cy od g\u0142\u0119boko\u015bci kana\u0142u spadku swobodnego.<\/p>\n<p>   Dla niekt\u00f3rych typ\u00f3w system\u00f3w firma OEKERMANN dostarcza szafy GfK do instalacji naziemnej, na specjalne zlecenie klienta Aufstellung.<\/p>\n<p><style type=\"text\/css\">\n#foogallery-gallery-2074 .fg-image { width: 510px; }\n#foogallery-gallery-2074 { --fg-gutter: 10px; }<\/style>\n\t\t\t<div class=\"foogallery foogallery-container foogallery-default foogallery-lightbox-foobox fg-left fg-default fg-ready fg-light fg-border-thin fg-shadow-small fg-loading-default fg-loaded-fade-in fg-hover-fade fg-hover-zoom\" id=\"foogallery-gallery-2074\" data-foogallery=\"{&quot;item&quot;:{&quot;showCaptionTitle&quot;:true,&quot;showCaptionDescription&quot;:false},&quot;lazy&quot;:true}\" style=\"--fg-title-line-clamp: 0; --fg-description-line-clamp: 0;\" >\n\t<div class=\"fg-item fg-type-image fg-idle\"><figure class=\"fg-item-inner\"><a href=\"https:\/\/2025.oekermann.de\/wp-content\/uploads\/2025\/05\/Arbeitsluftkompressoren-Kolbenkompressoren-BOGE-2025.jpg\" data-attachment-id=\"4994\" data-type=\"image\" class=\"fg-thumb\"><span class=\"fg-image-wrap\"><img fetchpriority=\"high\" decoding=\"async\" width=\"510\" height=\"420\" class=\"skip-lazy fg-image\" data-src-fg=\"https:\/\/2025.oekermann.de\/wp-content\/uploads\/cache\/2025\/05\/Arbeitsluftkompressoren-Kolbenkompressoren-BOGE-2025\/2654208038.jpg\" src=\"data:image\/svg+xml,%3Csvg%20xmlns%3D%22http%3A%2F%2Fwww.w3.org%2F2000%2Fsvg%22%20width%3D%22510%22%20height%3D%22420%22%20viewBox%3D%220%200%20510%20420%22%3E%3C%2Fsvg%3E\" loading=\"eager\"><\/span><span class=\"fg-image-overlay\"><\/span><\/a><\/figure><div class=\"fg-loader\"><\/div><\/div><div class=\"fg-item fg-type-image fg-idle\"><figure class=\"fg-item-inner\"><a href=\"https:\/\/2025.oekermann.de\/wp-content\/uploads\/2018\/03\/P1010013-43-800600.jpg\" data-attachment-id=\"4446\" data-type=\"image\" class=\"fg-thumb\"><span class=\"fg-image-wrap\"><img decoding=\"async\" width=\"510\" height=\"420\" class=\"skip-lazy fg-image\" data-src-fg=\"https:\/\/2025.oekermann.de\/wp-content\/uploads\/cache\/2018\/03\/P1010013-43-800600\/404639339.jpg\" src=\"data:image\/svg+xml,%3Csvg%20xmlns%3D%22http%3A%2F%2Fwww.w3.org%2F2000%2Fsvg%22%20width%3D%22510%22%20height%3D%22420%22%20viewBox%3D%220%200%20510%20420%22%3E%3C%2Fsvg%3E\" loading=\"eager\"><\/span><span class=\"fg-image-overlay\"><\/span><\/a><\/figure><div class=\"fg-loader\"><\/div><\/div><\/div>\n<br \/>\n<\/section>\n<section class=\"downloads\">\n<div class=\"animate-in\" data-anim-type=\"fade-in-right-big\" data-anim-delay=\"\">\n<div class=\"dl-wrapper\">\n<h2>Dowiedz si\u0119 wi\u0119cej:<\/h2>\n<ul class=\"dl-files\">\n<li class=\"pdf-file-1\"><a href=\"\/res\/pdf\/sonderdruckschriften\/OEKERMANN-Info-02-Die-wichtigsten-Einsatzgruende-fuer-unsere-pneumatischen-Abwasser-Foerderanlagen.pdf\" target=\"_blank\" rel=\"noopener noreferrer\"> Najwa\u017cniejsze powody korzystania z pneumatycznych system\u00f3w odprowadzania \u015bciek\u00f3w <\/a><\/li>\n<\/ul>\n<div class=\"dl-all\"><a title=\"Kostenlose Downloads zur Pneumatischen Abwassertechnik\" href=\"https:\/\/2025.oekermann.de\/pl\/pliki-do-pobrania\/\">Bezp\u0142atne informacje dotycz\u0105ce pneumatycznej technologii oczyszczania \u015bciek\u00f3w<\/a><\/div>\n<\/div>\n<\/div>\n<\/section>\n","protected":false},"excerpt":{"rendered":"<p>Pneumatyczny transport \u015bciek\u00f3w za pomoc\u0105 system\u00f3w podw\u00f3jnych Dla system\u00f3w o ma\u0142ej lub \u015bredniej wydajno\u015bci i ci\u015bnieniu np. systemy odpompywania \u015bciek\u00f3w z ma\u0142ych miast, s\u0105 zwykle stosowane systemy posiadaj\u0105ce 2 kot\u0142y (zbiorniki robocze) i 2 spr\u0119\u017carki powietrzne. W celu optymalizacji pracy systemu podczas ma\u0142ego przep\u0142ywu \u015bciek\u00f3w obci\u0105\u017cana jest tylko jedna spr\u0119\u017carka, dopiero gdy strumie\u0144 \u015bciek\u00f3w wypompowywanych<\/p>\n<p class=\"link-more\"><a href=\"https:\/\/2025.oekermann.de\/pl\/produkty\/systemy-podwojne-2\/\" class=\"envor-btn\">Weiterlesen<span class=\"screen-reader-text\"> &#8220;Systemy podw\u00f3jne&#8221;<\/span><\/a><\/p>\n","protected":false},"author":2,"featured_media":0,"parent":4216,"menu_order":0,"comment_status":"closed","ping_status":"closed","template":"","meta":{"footnotes":""},"class_list":["post-4203","page","type-page","status-publish","hentry"],"yoast_head":"<!-- This site is optimized with the Yoast SEO plugin v27.4 - https:\/\/yoast.com\/product\/yoast-seo-wordpress\/ -->\n<title>Systemy podw\u00f3jne - Pneumatische F\u00f6rdertechnik - OEKERMANN Abwassertechnik<\/title>\n<meta name=\"robots\" content=\"index, follow, max-snippet:-1, max-image-preview:large, max-video-preview:-1\" \/>\n<link rel=\"canonical\" href=\"https:\/\/2025.oekermann.de\/produkty\/systemy-podwojne-2\/\" \/>\n<meta property=\"og:locale\" content=\"pl_PL\" \/>\n<meta property=\"og:type\" content=\"article\" \/>\n<meta property=\"og:title\" content=\"Systemy podw\u00f3jne - Pneumatische F\u00f6rdertechnik - OEKERMANN Abwassertechnik\" \/>\n<meta property=\"og:description\" content=\"Pneumatyczny transport \u015bciek\u00f3w za pomoc\u0105 system\u00f3w podw\u00f3jnych Dla system\u00f3w o ma\u0142ej lub \u015bredniej wydajno\u015bci i ci\u015bnieniu np. systemy odpompywania \u015bciek\u00f3w z ma\u0142ych miast, s\u0105 zwykle stosowane systemy posiadaj\u0105ce 2 kot\u0142y (zbiorniki robocze) i 2 spr\u0119\u017carki powietrzne. W celu optymalizacji pracy systemu podczas ma\u0142ego przep\u0142ywu \u015bciek\u00f3w obci\u0105\u017cana jest tylko jedna spr\u0119\u017carka, dopiero gdy strumie\u0144 \u015bciek\u00f3w wypompowywanychWeiterlesen &quot;Systemy podw\u00f3jne&quot;\" \/>\n<meta property=\"og:url\" content=\"https:\/\/2025.oekermann.de\/produkty\/systemy-podwojne-2\/\" \/>\n<meta property=\"og:site_name\" content=\"Pneumatische F\u00f6rdertechnik - OEKERMANN Abwassertechnik\" \/>\n<meta property=\"article:publisher\" content=\"https:\/\/www.facebook.com\/pages\/Oekermann-Abwassertechnik\/1007781205906685\" \/>\n<meta property=\"article:modified_time\" content=\"2025-04-28T08:53:27+00:00\" \/>\n<meta name=\"twitter:card\" content=\"summary_large_image\" \/>\n<meta name=\"twitter:site\" content=\"@Oekermann\" \/>\n<meta name=\"twitter:label1\" content=\"Szacowany czas czytania\" \/>\n\t<meta name=\"twitter:data1\" content=\"2 minuty\" \/>\n<script type=\"application\/ld+json\" class=\"yoast-schema-graph\">{\"@context\":\"https:\\\/\\\/schema.org\",\"@graph\":[{\"@type\":\"WebPage\",\"@id\":\"https:\\\/\\\/2025.oekermann.de\\\/produkty\\\/systemy-podwojne-2\\\/\",\"url\":\"https:\\\/\\\/2025.oekermann.de\\\/produkty\\\/systemy-podwojne-2\\\/\",\"name\":\"Systemy podw\u00f3jne - Pneumatische F\u00f6rdertechnik - OEKERMANN Abwassertechnik\",\"isPartOf\":{\"@id\":\"https:\\\/\\\/2025.oekermann.de\\\/#website\"},\"datePublished\":\"2017-02-05T18:09:40+00:00\",\"dateModified\":\"2025-04-28T08:53:27+00:00\",\"breadcrumb\":{\"@id\":\"https:\\\/\\\/2025.oekermann.de\\\/produkty\\\/systemy-podwojne-2\\\/#breadcrumb\"},\"inLanguage\":\"pl-PL\",\"potentialAction\":[{\"@type\":\"ReadAction\",\"target\":[\"https:\\\/\\\/2025.oekermann.de\\\/produkty\\\/systemy-podwojne-2\\\/\"]}]},{\"@type\":\"BreadcrumbList\",\"@id\":\"https:\\\/\\\/2025.oekermann.de\\\/produkty\\\/systemy-podwojne-2\\\/#breadcrumb\",\"itemListElement\":[{\"@type\":\"ListItem\",\"position\":1,\"name\":\"Startseite\",\"item\":\"https:\\\/\\\/2025.oekermann.de\\\/pl\\\/\"},{\"@type\":\"ListItem\",\"position\":2,\"name\":\"Produkty\",\"item\":\"https:\\\/\\\/2025.oekermann.de\\\/pl\\\/produkty\\\/\"},{\"@type\":\"ListItem\",\"position\":3,\"name\":\"Systemy podw\u00f3jne\"}]},{\"@type\":\"WebSite\",\"@id\":\"https:\\\/\\\/2025.oekermann.de\\\/#website\",\"url\":\"https:\\\/\\\/2025.oekermann.de\\\/\",\"name\":\"Pneumatische F\u00f6rdertechnik - OEKERMANN Abwassertechnik\",\"description\":\"\",\"potentialAction\":[{\"@type\":\"SearchAction\",\"target\":{\"@type\":\"EntryPoint\",\"urlTemplate\":\"https:\\\/\\\/2025.oekermann.de\\\/?s={search_term_string}\"},\"query-input\":{\"@type\":\"PropertyValueSpecification\",\"valueRequired\":true,\"valueName\":\"search_term_string\"}}],\"inLanguage\":\"pl-PL\"}]}<\/script>\n<!-- \/ Yoast SEO plugin. -->","yoast_head_json":{"title":"Systemy podw\u00f3jne - Pneumatische F\u00f6rdertechnik - OEKERMANN Abwassertechnik","robots":{"index":"index","follow":"follow","max-snippet":"max-snippet:-1","max-image-preview":"max-image-preview:large","max-video-preview":"max-video-preview:-1"},"canonical":"https:\/\/2025.oekermann.de\/produkty\/systemy-podwojne-2\/","og_locale":"pl_PL","og_type":"article","og_title":"Systemy podw\u00f3jne - Pneumatische F\u00f6rdertechnik - OEKERMANN Abwassertechnik","og_description":"Pneumatyczny transport \u015bciek\u00f3w za pomoc\u0105 system\u00f3w podw\u00f3jnych Dla system\u00f3w o ma\u0142ej lub \u015bredniej wydajno\u015bci i ci\u015bnieniu np. systemy odpompywania \u015bciek\u00f3w z ma\u0142ych miast, s\u0105 zwykle stosowane systemy posiadaj\u0105ce 2 kot\u0142y (zbiorniki robocze) i 2 spr\u0119\u017carki powietrzne. W celu optymalizacji pracy systemu podczas ma\u0142ego przep\u0142ywu \u015bciek\u00f3w obci\u0105\u017cana jest tylko jedna spr\u0119\u017carka, dopiero gdy strumie\u0144 \u015bciek\u00f3w wypompowywanychWeiterlesen \"Systemy podw\u00f3jne\"","og_url":"https:\/\/2025.oekermann.de\/produkty\/systemy-podwojne-2\/","og_site_name":"Pneumatische F\u00f6rdertechnik - OEKERMANN Abwassertechnik","article_publisher":"https:\/\/www.facebook.com\/pages\/Oekermann-Abwassertechnik\/1007781205906685","article_modified_time":"2025-04-28T08:53:27+00:00","twitter_card":"summary_large_image","twitter_site":"@Oekermann","twitter_misc":{"Szacowany czas czytania":"2 minuty"},"schema":{"@context":"https:\/\/schema.org","@graph":[{"@type":"WebPage","@id":"https:\/\/2025.oekermann.de\/produkty\/systemy-podwojne-2\/","url":"https:\/\/2025.oekermann.de\/produkty\/systemy-podwojne-2\/","name":"Systemy podw\u00f3jne - Pneumatische F\u00f6rdertechnik - OEKERMANN Abwassertechnik","isPartOf":{"@id":"https:\/\/2025.oekermann.de\/#website"},"datePublished":"2017-02-05T18:09:40+00:00","dateModified":"2025-04-28T08:53:27+00:00","breadcrumb":{"@id":"https:\/\/2025.oekermann.de\/produkty\/systemy-podwojne-2\/#breadcrumb"},"inLanguage":"pl-PL","potentialAction":[{"@type":"ReadAction","target":["https:\/\/2025.oekermann.de\/produkty\/systemy-podwojne-2\/"]}]},{"@type":"BreadcrumbList","@id":"https:\/\/2025.oekermann.de\/produkty\/systemy-podwojne-2\/#breadcrumb","itemListElement":[{"@type":"ListItem","position":1,"name":"Startseite","item":"https:\/\/2025.oekermann.de\/pl\/"},{"@type":"ListItem","position":2,"name":"Produkty","item":"https:\/\/2025.oekermann.de\/pl\/produkty\/"},{"@type":"ListItem","position":3,"name":"Systemy podw\u00f3jne"}]},{"@type":"WebSite","@id":"https:\/\/2025.oekermann.de\/#website","url":"https:\/\/2025.oekermann.de\/","name":"Pneumatische F\u00f6rdertechnik - OEKERMANN Abwassertechnik","description":"","potentialAction":[{"@type":"SearchAction","target":{"@type":"EntryPoint","urlTemplate":"https:\/\/2025.oekermann.de\/?s={search_term_string}"},"query-input":{"@type":"PropertyValueSpecification","valueRequired":true,"valueName":"search_term_string"}}],"inLanguage":"pl-PL"}]}},"_links":{"self":[{"href":"https:\/\/2025.oekermann.de\/pl\/wp-json\/wp\/v2\/pages\/4203","targetHints":{"allow":["GET"]}}],"collection":[{"href":"https:\/\/2025.oekermann.de\/pl\/wp-json\/wp\/v2\/pages"}],"about":[{"href":"https:\/\/2025.oekermann.de\/pl\/wp-json\/wp\/v2\/types\/page"}],"author":[{"embeddable":true,"href":"https:\/\/2025.oekermann.de\/pl\/wp-json\/wp\/v2\/users\/2"}],"replies":[{"embeddable":true,"href":"https:\/\/2025.oekermann.de\/pl\/wp-json\/wp\/v2\/comments?post=4203"}],"version-history":[{"count":3,"href":"https:\/\/2025.oekermann.de\/pl\/wp-json\/wp\/v2\/pages\/4203\/revisions"}],"predecessor-version":[{"id":4797,"href":"https:\/\/2025.oekermann.de\/pl\/wp-json\/wp\/v2\/pages\/4203\/revisions\/4797"}],"up":[{"embeddable":true,"href":"https:\/\/2025.oekermann.de\/pl\/wp-json\/wp\/v2\/pages\/4216"}],"wp:attachment":[{"href":"https:\/\/2025.oekermann.de\/pl\/wp-json\/wp\/v2\/media?parent=4203"}],"curies":[{"name":"wp","href":"https:\/\/api.w.org\/{rel}","templated":true}]}}