{"id":4205,"date":"2019-06-07T13:57:02","date_gmt":"2019-06-07T11:57:02","guid":{"rendered":"https:\/\/2025.oekermann.de\/systemy-hybrydowe-polaczenie-pneumatyki-i-pompy-hydraulicznej-2\/"},"modified":"2025-04-28T10:53:50","modified_gmt":"2025-04-28T08:53:50","slug":"systemy-hybrydowe-polaczenie-pneumatyki-i-pompy-hydraulicznej-2","status":"publish","type":"page","link":"https:\/\/2025.oekermann.de\/pl\/produkty\/systemy-hybrydowe-polaczenie-pneumatyki-i-pompy-hydraulicznej-2\/","title":{"rendered":"Systemy hybrydowe (po\u0142\u0105czenie pneumatyki i pompy hydraulicznej)"},"content":{"rendered":"<section>\n<h2>Pneumatyczne systemy odprowadzania \u015bciek\u00f3w po\u0142\u0105czone z pomp\u0105 wyporow\u0105<\/h2>\n<p>W systemach hybrydowych wod\u0119 deszczow\u0105 mo\u017cna w wielu przypadkach pompowa\u0107 za pomoc\u0105\u00a0 pompy wyporowej. <a href=\"https:\/\/2025.oekermann.de\/pl\/zalety\/brak-tworzenia-sie-zgnilizny-i-osadow\/\">Pneumatyczny system<\/a> jest nast\u0119pnie odpowiedzialny tylko za cz\u0119\u015b\u0107 \u015bciek\u00f3w.<br \/>\nZalet\u0105 takiego rozwi\u0105zania jest znacz\u0105ca <a href=\"https:\/\/2025.oekermann.de\/pl\/zalety\/ekonomicznosc\/\">oszcz\u0119dno\u015b\u0107 energii<\/a>. <\/p>\n<p>Za pomp\u0119 wyporow\u0105 zazwyczaj s\u0142u\u017cy pompa \u015brubowa lub t\u0142okowa.<\/p>\n<p><a href=\"https:\/\/2025.oekermann.de\/pl\/kontakt\/obszary-sprzedazy\/\">tutaj znajd\u0105 Pa\u0144stwo dodatkowe informacje.<\/a><\/p>\n<style type=\"text\/css\">\n#foogallery-gallery-2887 .fg-image { width: 510px; }\n#foogallery-gallery-2887 { --fg-gutter: 10px; }<\/style>\n\t\t\t<div class=\"foogallery foogallery-container foogallery-default foogallery-lightbox-foobox fg-left fg-default fg-ready fg-light fg-border-thin fg-shadow-small fg-loading-default fg-loaded-fade-in fg-hover-fade fg-hover-zoom\" id=\"foogallery-gallery-2887\" data-foogallery=\"{&quot;item&quot;:{&quot;showCaptionTitle&quot;:true,&quot;showCaptionDescription&quot;:false},&quot;lazy&quot;:true}\" style=\"--fg-title-line-clamp: 0; --fg-description-line-clamp: 0;\" >\n\t<div class=\"fg-item fg-type-image fg-idle\"><figure class=\"fg-item-inner\"><a href=\"https:\/\/2025.oekermann.de\/wp-content\/uploads\/2019\/07\/IMG-20181217-WA0009-43.jpg-bearbeitet.jpg\" data-attachment-id=\"4444\" data-type=\"image\" class=\"fg-thumb\"><span class=\"fg-image-wrap\"><img fetchpriority=\"high\" decoding=\"async\" width=\"510\" height=\"298\" class=\"skip-lazy fg-image\" data-src-fg=\"https:\/\/2025.oekermann.de\/wp-content\/uploads\/cache\/2019\/07\/IMG-20181217-WA0009-43_jpg-bearbeitet\/2315614667.jpg\" src=\"data:image\/svg+xml,%3Csvg%20xmlns%3D%22http%3A%2F%2Fwww.w3.org%2F2000%2Fsvg%22%20width%3D%22510%22%20height%3D%22298%22%20viewBox%3D%220%200%20510%20298%22%3E%3C%2Fsvg%3E\" loading=\"eager\"><\/span><span class=\"fg-image-overlay\"><\/span><\/a><\/figure><div class=\"fg-loader\"><\/div><\/div><\/div>\n\n<\/section>\n<section class=\"downloads\">\n<div class=\"animate-in\" data-anim-type=\"fade-in-right-big\" data-anim-delay=\"\">\n<div class=\"dl-wrapper\">\n<h2>Dowiedz si\u0119 wi\u0119cej:<\/h2>\n<ul class=\"dl-files\">\n<li class=\"pdf-file-1\"><a href=\"\/res\/pdf\/sonderdruckschriften\/OEKERMANN-Info-02-Die-wichtigsten-Einsatzgruende-fuer-unsere-pneumatischen-Abwasser-Foerderanlagen.pdf\" target=\"_blank\" rel=\"noopener noreferrer\"> Najwa\u017cniejsze powody korzystania z pneumatycznych system\u00f3w odprowadzania \u015bciek\u00f3w <\/a><\/li>\n<\/ul>\n<div class=\"dl-all\"><a title=\"Kostenlose Downloads zur Pneumatischen Abwassertechnik\" href=\"https:\/\/2025.oekermann.de\/pl\/pliki-do-pobrania\/\">Bezp\u0142atne informacje dotycz\u0105ce pneumatycznej technologii oczyszczania \u015bciek\u00f3w<\/a><\/div>\n<\/div>\n<\/div>\n<\/section>\n","protected":false},"excerpt":{"rendered":"<p>Pneumatyczne systemy odprowadzania \u015bciek\u00f3w po\u0142\u0105czone z pomp\u0105 wyporow\u0105 W systemach hybrydowych wod\u0119 deszczow\u0105 mo\u017cna w wielu przypadkach pompowa\u0107 za pomoc\u0105\u00a0 pompy wyporowej. Pneumatyczny system jest nast\u0119pnie odpowiedzialny tylko za cz\u0119\u015b\u0107 \u015bciek\u00f3w. Zalet\u0105 takiego rozwi\u0105zania jest znacz\u0105ca oszcz\u0119dno\u015b\u0107 energii. Za pomp\u0119 wyporow\u0105 zazwyczaj s\u0142u\u017cy pompa \u015brubowa lub t\u0142okowa. tutaj znajd\u0105 Pa\u0144stwo dodatkowe informacje. Dowiedz si\u0119 wi\u0119cej:<\/p>\n<p class=\"link-more\"><a href=\"https:\/\/2025.oekermann.de\/pl\/produkty\/systemy-hybrydowe-polaczenie-pneumatyki-i-pompy-hydraulicznej-2\/\" class=\"envor-btn\">Weiterlesen<span class=\"screen-reader-text\"> &#8220;Systemy hybrydowe (po\u0142\u0105czenie pneumatyki i pompy hydraulicznej)&#8221;<\/span><\/a><\/p>\n","protected":false},"author":2,"featured_media":0,"parent":4216,"menu_order":0,"comment_status":"closed","ping_status":"closed","template":"","meta":{"footnotes":""},"class_list":["post-4205","page","type-page","status-publish","hentry"],"yoast_head":"<!-- This site is optimized with the Yoast SEO plugin v27.4 - https:\/\/yoast.com\/product\/yoast-seo-wordpress\/ -->\n<title>Systemy hybrydowe (po\u0142\u0105czenie pneumatyki i pompy hydraulicznej) - Pneumatische F\u00f6rdertechnik - OEKERMANN Abwassertechnik<\/title>\n<meta name=\"robots\" content=\"index, follow, max-snippet:-1, max-image-preview:large, max-video-preview:-1\" \/>\n<link rel=\"canonical\" href=\"https:\/\/2025.oekermann.de\/produkty\/systemy-hybrydowe-polaczenie-pneumatyki-i-pompy-hydraulicznej-2\/\" \/>\n<meta property=\"og:locale\" content=\"pl_PL\" \/>\n<meta property=\"og:type\" content=\"article\" \/>\n<meta property=\"og:title\" content=\"Systemy hybrydowe (po\u0142\u0105czenie pneumatyki i pompy hydraulicznej) - Pneumatische F\u00f6rdertechnik - OEKERMANN Abwassertechnik\" \/>\n<meta property=\"og:description\" content=\"Pneumatyczne systemy odprowadzania \u015bciek\u00f3w po\u0142\u0105czone z pomp\u0105 wyporow\u0105 W systemach hybrydowych wod\u0119 deszczow\u0105 mo\u017cna w wielu przypadkach pompowa\u0107 za pomoc\u0105\u00a0 pompy wyporowej. Pneumatyczny system jest nast\u0119pnie odpowiedzialny tylko za cz\u0119\u015b\u0107 \u015bciek\u00f3w. Zalet\u0105 takiego rozwi\u0105zania jest znacz\u0105ca oszcz\u0119dno\u015b\u0107 energii. Za pomp\u0119 wyporow\u0105 zazwyczaj s\u0142u\u017cy pompa \u015brubowa lub t\u0142okowa. tutaj znajd\u0105 Pa\u0144stwo dodatkowe informacje. Dowiedz si\u0119 wi\u0119cej:Weiterlesen &quot;Systemy hybrydowe (po\u0142\u0105czenie pneumatyki i pompy hydraulicznej)&quot;\" \/>\n<meta property=\"og:url\" content=\"https:\/\/2025.oekermann.de\/produkty\/systemy-hybrydowe-polaczenie-pneumatyki-i-pompy-hydraulicznej-2\/\" \/>\n<meta property=\"og:site_name\" content=\"Pneumatische F\u00f6rdertechnik - OEKERMANN Abwassertechnik\" \/>\n<meta property=\"article:publisher\" content=\"https:\/\/www.facebook.com\/pages\/Oekermann-Abwassertechnik\/1007781205906685\" \/>\n<meta property=\"article:modified_time\" content=\"2025-04-28T08:53:50+00:00\" \/>\n<meta name=\"twitter:card\" content=\"summary_large_image\" \/>\n<meta name=\"twitter:site\" content=\"@Oekermann\" \/>\n<meta name=\"twitter:label1\" content=\"Szacowany czas czytania\" \/>\n\t<meta name=\"twitter:data1\" content=\"1 minuta\" \/>\n<script type=\"application\/ld+json\" class=\"yoast-schema-graph\">{\"@context\":\"https:\\\/\\\/schema.org\",\"@graph\":[{\"@type\":\"WebPage\",\"@id\":\"https:\\\/\\\/2025.oekermann.de\\\/produkty\\\/systemy-hybrydowe-polaczenie-pneumatyki-i-pompy-hydraulicznej-2\\\/\",\"url\":\"https:\\\/\\\/2025.oekermann.de\\\/produkty\\\/systemy-hybrydowe-polaczenie-pneumatyki-i-pompy-hydraulicznej-2\\\/\",\"name\":\"Systemy hybrydowe (po\u0142\u0105czenie pneumatyki i pompy hydraulicznej) - Pneumatische F\u00f6rdertechnik - OEKERMANN Abwassertechnik\",\"isPartOf\":{\"@id\":\"https:\\\/\\\/2025.oekermann.de\\\/#website\"},\"datePublished\":\"2019-06-07T11:57:02+00:00\",\"dateModified\":\"2025-04-28T08:53:50+00:00\",\"breadcrumb\":{\"@id\":\"https:\\\/\\\/2025.oekermann.de\\\/produkty\\\/systemy-hybrydowe-polaczenie-pneumatyki-i-pompy-hydraulicznej-2\\\/#breadcrumb\"},\"inLanguage\":\"pl-PL\",\"potentialAction\":[{\"@type\":\"ReadAction\",\"target\":[\"https:\\\/\\\/2025.oekermann.de\\\/produkty\\\/systemy-hybrydowe-polaczenie-pneumatyki-i-pompy-hydraulicznej-2\\\/\"]}]},{\"@type\":\"BreadcrumbList\",\"@id\":\"https:\\\/\\\/2025.oekermann.de\\\/produkty\\\/systemy-hybrydowe-polaczenie-pneumatyki-i-pompy-hydraulicznej-2\\\/#breadcrumb\",\"itemListElement\":[{\"@type\":\"ListItem\",\"position\":1,\"name\":\"Startseite\",\"item\":\"https:\\\/\\\/2025.oekermann.de\\\/pl\\\/\"},{\"@type\":\"ListItem\",\"position\":2,\"name\":\"Produkty\",\"item\":\"https:\\\/\\\/2025.oekermann.de\\\/pl\\\/produkty\\\/\"},{\"@type\":\"ListItem\",\"position\":3,\"name\":\"Systemy hybrydowe (po\u0142\u0105czenie pneumatyki i pompy hydraulicznej)\"}]},{\"@type\":\"WebSite\",\"@id\":\"https:\\\/\\\/2025.oekermann.de\\\/#website\",\"url\":\"https:\\\/\\\/2025.oekermann.de\\\/\",\"name\":\"Pneumatische F\u00f6rdertechnik - OEKERMANN Abwassertechnik\",\"description\":\"\",\"potentialAction\":[{\"@type\":\"SearchAction\",\"target\":{\"@type\":\"EntryPoint\",\"urlTemplate\":\"https:\\\/\\\/2025.oekermann.de\\\/?s={search_term_string}\"},\"query-input\":{\"@type\":\"PropertyValueSpecification\",\"valueRequired\":true,\"valueName\":\"search_term_string\"}}],\"inLanguage\":\"pl-PL\"}]}<\/script>\n<!-- \/ Yoast SEO plugin. -->","yoast_head_json":{"title":"Systemy hybrydowe (po\u0142\u0105czenie pneumatyki i pompy hydraulicznej) - Pneumatische F\u00f6rdertechnik - OEKERMANN Abwassertechnik","robots":{"index":"index","follow":"follow","max-snippet":"max-snippet:-1","max-image-preview":"max-image-preview:large","max-video-preview":"max-video-preview:-1"},"canonical":"https:\/\/2025.oekermann.de\/produkty\/systemy-hybrydowe-polaczenie-pneumatyki-i-pompy-hydraulicznej-2\/","og_locale":"pl_PL","og_type":"article","og_title":"Systemy hybrydowe (po\u0142\u0105czenie pneumatyki i pompy hydraulicznej) - Pneumatische F\u00f6rdertechnik - OEKERMANN Abwassertechnik","og_description":"Pneumatyczne systemy odprowadzania \u015bciek\u00f3w po\u0142\u0105czone z pomp\u0105 wyporow\u0105 W systemach hybrydowych wod\u0119 deszczow\u0105 mo\u017cna w wielu przypadkach pompowa\u0107 za pomoc\u0105\u00a0 pompy wyporowej. Pneumatyczny system jest nast\u0119pnie odpowiedzialny tylko za cz\u0119\u015b\u0107 \u015bciek\u00f3w. Zalet\u0105 takiego rozwi\u0105zania jest znacz\u0105ca oszcz\u0119dno\u015b\u0107 energii. Za pomp\u0119 wyporow\u0105 zazwyczaj s\u0142u\u017cy pompa \u015brubowa lub t\u0142okowa. tutaj znajd\u0105 Pa\u0144stwo dodatkowe informacje. Dowiedz si\u0119 wi\u0119cej:Weiterlesen \"Systemy hybrydowe (po\u0142\u0105czenie pneumatyki i pompy hydraulicznej)\"","og_url":"https:\/\/2025.oekermann.de\/produkty\/systemy-hybrydowe-polaczenie-pneumatyki-i-pompy-hydraulicznej-2\/","og_site_name":"Pneumatische F\u00f6rdertechnik - OEKERMANN Abwassertechnik","article_publisher":"https:\/\/www.facebook.com\/pages\/Oekermann-Abwassertechnik\/1007781205906685","article_modified_time":"2025-04-28T08:53:50+00:00","twitter_card":"summary_large_image","twitter_site":"@Oekermann","twitter_misc":{"Szacowany czas czytania":"1 minuta"},"schema":{"@context":"https:\/\/schema.org","@graph":[{"@type":"WebPage","@id":"https:\/\/2025.oekermann.de\/produkty\/systemy-hybrydowe-polaczenie-pneumatyki-i-pompy-hydraulicznej-2\/","url":"https:\/\/2025.oekermann.de\/produkty\/systemy-hybrydowe-polaczenie-pneumatyki-i-pompy-hydraulicznej-2\/","name":"Systemy hybrydowe (po\u0142\u0105czenie pneumatyki i pompy hydraulicznej) - Pneumatische F\u00f6rdertechnik - OEKERMANN Abwassertechnik","isPartOf":{"@id":"https:\/\/2025.oekermann.de\/#website"},"datePublished":"2019-06-07T11:57:02+00:00","dateModified":"2025-04-28T08:53:50+00:00","breadcrumb":{"@id":"https:\/\/2025.oekermann.de\/produkty\/systemy-hybrydowe-polaczenie-pneumatyki-i-pompy-hydraulicznej-2\/#breadcrumb"},"inLanguage":"pl-PL","potentialAction":[{"@type":"ReadAction","target":["https:\/\/2025.oekermann.de\/produkty\/systemy-hybrydowe-polaczenie-pneumatyki-i-pompy-hydraulicznej-2\/"]}]},{"@type":"BreadcrumbList","@id":"https:\/\/2025.oekermann.de\/produkty\/systemy-hybrydowe-polaczenie-pneumatyki-i-pompy-hydraulicznej-2\/#breadcrumb","itemListElement":[{"@type":"ListItem","position":1,"name":"Startseite","item":"https:\/\/2025.oekermann.de\/pl\/"},{"@type":"ListItem","position":2,"name":"Produkty","item":"https:\/\/2025.oekermann.de\/pl\/produkty\/"},{"@type":"ListItem","position":3,"name":"Systemy hybrydowe (po\u0142\u0105czenie pneumatyki i pompy hydraulicznej)"}]},{"@type":"WebSite","@id":"https:\/\/2025.oekermann.de\/#website","url":"https:\/\/2025.oekermann.de\/","name":"Pneumatische F\u00f6rdertechnik - OEKERMANN Abwassertechnik","description":"","potentialAction":[{"@type":"SearchAction","target":{"@type":"EntryPoint","urlTemplate":"https:\/\/2025.oekermann.de\/?s={search_term_string}"},"query-input":{"@type":"PropertyValueSpecification","valueRequired":true,"valueName":"search_term_string"}}],"inLanguage":"pl-PL"}]}},"_links":{"self":[{"href":"https:\/\/2025.oekermann.de\/pl\/wp-json\/wp\/v2\/pages\/4205","targetHints":{"allow":["GET"]}}],"collection":[{"href":"https:\/\/2025.oekermann.de\/pl\/wp-json\/wp\/v2\/pages"}],"about":[{"href":"https:\/\/2025.oekermann.de\/pl\/wp-json\/wp\/v2\/types\/page"}],"author":[{"embeddable":true,"href":"https:\/\/2025.oekermann.de\/pl\/wp-json\/wp\/v2\/users\/2"}],"replies":[{"embeddable":true,"href":"https:\/\/2025.oekermann.de\/pl\/wp-json\/wp\/v2\/comments?post=4205"}],"version-history":[{"count":2,"href":"https:\/\/2025.oekermann.de\/pl\/wp-json\/wp\/v2\/pages\/4205\/revisions"}],"predecessor-version":[{"id":4799,"href":"https:\/\/2025.oekermann.de\/pl\/wp-json\/wp\/v2\/pages\/4205\/revisions\/4799"}],"up":[{"embeddable":true,"href":"https:\/\/2025.oekermann.de\/pl\/wp-json\/wp\/v2\/pages\/4216"}],"wp:attachment":[{"href":"https:\/\/2025.oekermann.de\/pl\/wp-json\/wp\/v2\/media?parent=4205"}],"curies":[{"name":"wp","href":"https:\/\/api.w.org\/{rel}","templated":true}]}}