{"id":4206,"date":"2017-02-05T19:15:21","date_gmt":"2017-02-05T18:15:21","guid":{"rendered":"https:\/\/2025.oekermann.de\/stacje-ponownego-przedmuchu\/"},"modified":"2025-04-28T10:53:58","modified_gmt":"2025-04-28T08:53:58","slug":"stacje-ponownego-przedmuchu","status":"publish","type":"page","link":"https:\/\/2025.oekermann.de\/pl\/produkty\/stacje-ponownego-przedmuchu\/","title":{"rendered":"Stacje ponownego przedmuchu"},"content":{"rendered":"<section>\n<h2>Stacje ponownego przedmuchu stosuje si\u0119 w celu zapobiegania tworzeniu si\u0119 zgnilizny i osadu<\/h2>\n<p>Stacje te najcz\u0119\u015bciej stosuje si\u0119 w po\u0142\u0105czeniu z drena\u017cem ci\u015bnieniowym. Poprzez wdmuchiwaniu spr\u0119\u017conego powietrza do <a href=\"https:\/\/2025.oekermann.de\/pl\/zalety\/pokonywanie-dluzszych-dystansow-2\/\">rur ci\u015bnieniowych<\/a> mo\u017cna zapobiega\u0107 tworzeniu si\u0119\u00a0<a href=\"https:\/\/2025.oekermann.de\/pl\/zalety\/brak-tworzenia-sie-zgnilizny-i-osadow\/\">zgnilizny i osadu<\/a> w \u015brodku rur.<\/p>\n<p>Systemy te dzia\u0142aj\u0105 tylko okresowo (raz lub maksymalnie 3 razy w ci\u0105gu doby), dlatego te\u017c nie s\u0105 w stanie zapobiec w 100% <a href=\"https:\/\/2025.oekermann.de\/pl\/zalety\/brak-tworzenia-sie-zgnilizny-i-osadow\/\"> tworzeniu si\u0119 zgnilizny,<\/a> czy osadu. Wynika to z faktu wysokiego zu\u017cycia energii i pracy pomp. Jednak\u017ce zazwyczaj mo\u017cna to zaakceptowa\u0107 ze wzgl\u0119du na to, \u017ce ilo\u015b\u0107 \u015bciek\u00f3w jest zazwyczaj bardzo ma\u0142a i odpowiednio rozrzedzona w oczyszczalni \u015bciek\u00f3w.<\/p>\n<p>Powa\u017cnym ograniczeniem s\u0105\u00a0<a href=\"https:\/\/2025.oekermann.de\/pl\/zalety\/systemy-zlozone\/\">systemy zintegrowane.<\/a> W zale\u017cno\u015bci od liczby pracuj\u0105cych stacji ci\u015bnienie mo\u017ce osi\u0105gn\u0105\u0107 lub nawet przekroczy\u0107 granic\u0119 wydajno\u015bci zastosowanych pomp, mo\u017ce to powodowa\u0107 d\u0142ugie czasy pracy poszczeg\u00f3lnych stacji. Przy uruchomieniu spr\u0119\u017carki przedmuchu w poszczeg\u00f3lnych stacjach mo\u017ce wyst\u0105pi\u0107 chwilowy zerowy poziom wydajno\u015bci, mimo pe\u0142nego zu\u017cycia energii.<\/p>\n<p>Jak ju\u017c zosta\u0142o to wspomniane przy czyszczenia rur pod ci\u015bnieniem, zamiast kombinacji pompy + spr\u0119\u017carki przedmuchowej system pneumatycznego przepompowywania \u015bciek\u00f3w mo\u017ce by\u0107 znacznie ta\u0144szy.<\/p>\n<p>Mo\u017cna uzyska\u0107 wi\u0119cej informacji i ch\u0119tnie doradzimy Pa\u0144stwu w sprawie konkretnego projektu.<\/p>\n<p>W przeciwie\u0144stwie do kombinacji pompy + spr\u0119\u017carki przedmuchowej\u00a0<a href=\"https:\/\/2025.oekermann.de\/fachbegriffe\/druckluftspuelstation\/\">system pneumatycznego przedmuchu<\/a>\u00a0mo\u017ce by\u0107 r\u00f3wnie\u017c stosowane na odcinkach o swobodnym nachyleniu, chocia\u017c tam s\u0142u\u017c\u0105 g\u0142\u00f3wnie do przepychania ci\u0119\u017cszych substancji, kt\u00f3re osiadaj\u0105 w najni\u017cszych punktach.<\/p>\n<p>Du\u017c\u0105 zalet\u0105 tego rozwi\u0105zania jest brak <a href=\"https:\/\/2025.oekermann.de\/pl\/zalety\/brak-tworzenia-sie-zgnilizny-i-osadow\/\">uci\u0105\u017cliwych zapach\u00f3w<\/a>\u00a0dla mieszka\u0144c\u00f3w. Mo\u017cna tak\u017ce unikn\u0105\u0107 <a href=\"https:\/\/2025.oekermann.de\/pl\/zalety\/brak-tworzenia-sie-zgnilizny-i-osadow\/\">korozji siarkowodor\u00f3w w konstrukcjach betonowych lub \u017celazno &#8211; stalowych<\/a> w sieci kanalizacyjnej i oczyszczalni \u015bciek\u00f3w.<\/p>\n<style type=\"text\/css\">\n#foogallery-gallery-2089 .fg-image { width: 510px; }\n#foogallery-gallery-2089 { --fg-gutter: 10px; }<\/style>\n\t\t\t<div class=\"foogallery foogallery-container foogallery-default foogallery-lightbox-foobox fg-left fg-default fg-ready fg-light fg-border-thin fg-shadow-small fg-loading-default fg-loaded-fade-in fg-hover-fade fg-hover-zoom\" id=\"foogallery-gallery-2089\" data-foogallery=\"{&quot;item&quot;:{&quot;showCaptionTitle&quot;:true,&quot;showCaptionDescription&quot;:false},&quot;lazy&quot;:true}\" style=\"--fg-title-line-clamp: 0; --fg-description-line-clamp: 0;\" >\n\t<div class=\"fg-item fg-type-image fg-idle\"><figure class=\"fg-item-inner\"><a href=\"https:\/\/2025.oekermann.de\/wp-content\/uploads\/2017\/02\/PWC-Anlagen-Raststaetten-4.jpg\" data-attachment-id=\"1471\" data-type=\"image\" class=\"fg-thumb\"><span class=\"fg-image-wrap\"><img fetchpriority=\"high\" decoding=\"async\" width=\"510\" height=\"298\" class=\"skip-lazy fg-image\" data-src-fg=\"https:\/\/2025.oekermann.de\/wp-content\/uploads\/cache\/2017\/02\/PWC-Anlagen-Raststaetten-4\/2364391398.jpg\" src=\"data:image\/svg+xml,%3Csvg%20xmlns%3D%22http%3A%2F%2Fwww.w3.org%2F2000%2Fsvg%22%20width%3D%22510%22%20height%3D%22298%22%20viewBox%3D%220%200%20510%20298%22%3E%3C%2Fsvg%3E\" loading=\"eager\"><\/span><span class=\"fg-image-overlay\"><\/span><\/a><\/figure><div class=\"fg-loader\"><\/div><\/div><div class=\"fg-item fg-type-image fg-idle\"><figure class=\"fg-item-inner\"><a href=\"https:\/\/2025.oekermann.de\/wp-content\/uploads\/2018\/03\/Nachblaszeit.jpg\" data-attachment-id=\"4498\" data-type=\"image\" class=\"fg-thumb\"><span class=\"fg-image-wrap\"><img decoding=\"async\" width=\"510\" height=\"298\" class=\"skip-lazy fg-image\" data-src-fg=\"https:\/\/2025.oekermann.de\/wp-content\/uploads\/cache\/2018\/03\/Nachblaszeit\/342977617.jpg\" src=\"data:image\/svg+xml,%3Csvg%20xmlns%3D%22http%3A%2F%2Fwww.w3.org%2F2000%2Fsvg%22%20width%3D%22510%22%20height%3D%22298%22%20viewBox%3D%220%200%20510%20298%22%3E%3C%2Fsvg%3E\" loading=\"eager\"><\/span><span class=\"fg-image-overlay\"><\/span><\/a><\/figure><div class=\"fg-loader\"><\/div><\/div><\/div>\n\n<\/section>\n<section class=\"downloads\">\n<div class=\"animate-in\" data-anim-type=\"fade-in-right-big\" data-anim-delay=\"\">\n<div class=\"dl-wrapper\">\n<h2>Dowiedz si\u0119 wi\u0119cej:<\/h2>\n<ul class=\"dl-files\">\n<li class=\"pdf-file-1\"><a href=\"\/res\/pdf\/sonderdruckschriften\/OEKERMANN-Info-02-Die-wichtigsten-Einsatzgruende-fuer-unsere-pneumatischen-Abwasser-Foerderanlagen.pdf\" target=\"_blank\" rel=\"noopener noreferrer\"> Najwa\u017cniejsze powody korzystania z pneumatycznych system\u00f3w odprowadzania \u015bciek\u00f3w <\/a><\/li>\n<\/ul>\n<div class=\"dl-all\"><a title=\"Kostenlose Downloads zur Pneumatischen Abwassertechnik\" href=\"https:\/\/2025.oekermann.de\/pl\/pliki-do-pobrania\/\">Bezp\u0142atne informacje dotycz\u0105ce pneumatycznej technologii oczyszczania \u015bciek\u00f3w<\/a><\/div>\n<\/div>\n<\/div>\n<\/section>\n","protected":false},"excerpt":{"rendered":"<p>Stacje ponownego przedmuchu stosuje si\u0119 w celu zapobiegania tworzeniu si\u0119 zgnilizny i osadu Stacje te najcz\u0119\u015bciej stosuje si\u0119 w po\u0142\u0105czeniu z drena\u017cem ci\u015bnieniowym. Poprzez wdmuchiwaniu spr\u0119\u017conego powietrza do rur ci\u015bnieniowych mo\u017cna zapobiega\u0107 tworzeniu si\u0119\u00a0zgnilizny i osadu w \u015brodku rur. Systemy te dzia\u0142aj\u0105 tylko okresowo (raz lub maksymalnie 3 razy w ci\u0105gu doby), dlatego te\u017c nie<\/p>\n<p class=\"link-more\"><a href=\"https:\/\/2025.oekermann.de\/pl\/produkty\/stacje-ponownego-przedmuchu\/\" class=\"envor-btn\">Weiterlesen<span class=\"screen-reader-text\"> &#8220;Stacje ponownego przedmuchu&#8221;<\/span><\/a><\/p>\n","protected":false},"author":2,"featured_media":0,"parent":4216,"menu_order":0,"comment_status":"closed","ping_status":"closed","template":"","meta":{"footnotes":""},"class_list":["post-4206","page","type-page","status-publish","hentry"],"yoast_head":"<!-- This site is optimized with the Yoast SEO plugin v27.4 - https:\/\/yoast.com\/product\/yoast-seo-wordpress\/ -->\n<title>Stacje ponownego przedmuchu - Pneumatische F\u00f6rdertechnik - OEKERMANN Abwassertechnik<\/title>\n<meta name=\"robots\" content=\"index, follow, max-snippet:-1, max-image-preview:large, max-video-preview:-1\" \/>\n<link rel=\"canonical\" href=\"https:\/\/2025.oekermann.de\/produkty\/stacje-ponownego-przedmuchu\/\" \/>\n<meta property=\"og:locale\" content=\"pl_PL\" \/>\n<meta property=\"og:type\" content=\"article\" \/>\n<meta property=\"og:title\" content=\"Stacje ponownego przedmuchu - Pneumatische F\u00f6rdertechnik - OEKERMANN Abwassertechnik\" \/>\n<meta property=\"og:description\" content=\"Stacje ponownego przedmuchu stosuje si\u0119 w celu zapobiegania tworzeniu si\u0119 zgnilizny i osadu Stacje te najcz\u0119\u015bciej stosuje si\u0119 w po\u0142\u0105czeniu z drena\u017cem ci\u015bnieniowym. Poprzez wdmuchiwaniu spr\u0119\u017conego powietrza do rur ci\u015bnieniowych mo\u017cna zapobiega\u0107 tworzeniu si\u0119\u00a0zgnilizny i osadu w \u015brodku rur. Systemy te dzia\u0142aj\u0105 tylko okresowo (raz lub maksymalnie 3 razy w ci\u0105gu doby), dlatego te\u017c nieWeiterlesen &quot;Stacje ponownego przedmuchu&quot;\" \/>\n<meta property=\"og:url\" content=\"https:\/\/2025.oekermann.de\/produkty\/stacje-ponownego-przedmuchu\/\" \/>\n<meta property=\"og:site_name\" content=\"Pneumatische F\u00f6rdertechnik - OEKERMANN Abwassertechnik\" \/>\n<meta property=\"article:publisher\" content=\"https:\/\/www.facebook.com\/pages\/Oekermann-Abwassertechnik\/1007781205906685\" \/>\n<meta property=\"article:modified_time\" content=\"2025-04-28T08:53:58+00:00\" \/>\n<meta name=\"twitter:card\" content=\"summary_large_image\" \/>\n<meta name=\"twitter:site\" content=\"@Oekermann\" \/>\n<meta name=\"twitter:label1\" content=\"Szacowany czas czytania\" \/>\n\t<meta name=\"twitter:data1\" content=\"2 minuty\" \/>\n<script type=\"application\/ld+json\" class=\"yoast-schema-graph\">{\"@context\":\"https:\\\/\\\/schema.org\",\"@graph\":[{\"@type\":\"WebPage\",\"@id\":\"https:\\\/\\\/2025.oekermann.de\\\/produkty\\\/stacje-ponownego-przedmuchu\\\/\",\"url\":\"https:\\\/\\\/2025.oekermann.de\\\/produkty\\\/stacje-ponownego-przedmuchu\\\/\",\"name\":\"Stacje ponownego przedmuchu - Pneumatische F\u00f6rdertechnik - OEKERMANN Abwassertechnik\",\"isPartOf\":{\"@id\":\"https:\\\/\\\/2025.oekermann.de\\\/#website\"},\"datePublished\":\"2017-02-05T18:15:21+00:00\",\"dateModified\":\"2025-04-28T08:53:58+00:00\",\"breadcrumb\":{\"@id\":\"https:\\\/\\\/2025.oekermann.de\\\/produkty\\\/stacje-ponownego-przedmuchu\\\/#breadcrumb\"},\"inLanguage\":\"pl-PL\",\"potentialAction\":[{\"@type\":\"ReadAction\",\"target\":[\"https:\\\/\\\/2025.oekermann.de\\\/produkty\\\/stacje-ponownego-przedmuchu\\\/\"]}]},{\"@type\":\"BreadcrumbList\",\"@id\":\"https:\\\/\\\/2025.oekermann.de\\\/produkty\\\/stacje-ponownego-przedmuchu\\\/#breadcrumb\",\"itemListElement\":[{\"@type\":\"ListItem\",\"position\":1,\"name\":\"Startseite\",\"item\":\"https:\\\/\\\/2025.oekermann.de\\\/pl\\\/\"},{\"@type\":\"ListItem\",\"position\":2,\"name\":\"Produkty\",\"item\":\"https:\\\/\\\/2025.oekermann.de\\\/pl\\\/produkty\\\/\"},{\"@type\":\"ListItem\",\"position\":3,\"name\":\"Stacje ponownego przedmuchu\"}]},{\"@type\":\"WebSite\",\"@id\":\"https:\\\/\\\/2025.oekermann.de\\\/#website\",\"url\":\"https:\\\/\\\/2025.oekermann.de\\\/\",\"name\":\"Pneumatische F\u00f6rdertechnik - OEKERMANN Abwassertechnik\",\"description\":\"\",\"potentialAction\":[{\"@type\":\"SearchAction\",\"target\":{\"@type\":\"EntryPoint\",\"urlTemplate\":\"https:\\\/\\\/2025.oekermann.de\\\/?s={search_term_string}\"},\"query-input\":{\"@type\":\"PropertyValueSpecification\",\"valueRequired\":true,\"valueName\":\"search_term_string\"}}],\"inLanguage\":\"pl-PL\"}]}<\/script>\n<!-- \/ Yoast SEO plugin. -->","yoast_head_json":{"title":"Stacje ponownego przedmuchu - Pneumatische F\u00f6rdertechnik - OEKERMANN Abwassertechnik","robots":{"index":"index","follow":"follow","max-snippet":"max-snippet:-1","max-image-preview":"max-image-preview:large","max-video-preview":"max-video-preview:-1"},"canonical":"https:\/\/2025.oekermann.de\/produkty\/stacje-ponownego-przedmuchu\/","og_locale":"pl_PL","og_type":"article","og_title":"Stacje ponownego przedmuchu - Pneumatische F\u00f6rdertechnik - OEKERMANN Abwassertechnik","og_description":"Stacje ponownego przedmuchu stosuje si\u0119 w celu zapobiegania tworzeniu si\u0119 zgnilizny i osadu Stacje te najcz\u0119\u015bciej stosuje si\u0119 w po\u0142\u0105czeniu z drena\u017cem ci\u015bnieniowym. Poprzez wdmuchiwaniu spr\u0119\u017conego powietrza do rur ci\u015bnieniowych mo\u017cna zapobiega\u0107 tworzeniu si\u0119\u00a0zgnilizny i osadu w \u015brodku rur. Systemy te dzia\u0142aj\u0105 tylko okresowo (raz lub maksymalnie 3 razy w ci\u0105gu doby), dlatego te\u017c nieWeiterlesen \"Stacje ponownego przedmuchu\"","og_url":"https:\/\/2025.oekermann.de\/produkty\/stacje-ponownego-przedmuchu\/","og_site_name":"Pneumatische F\u00f6rdertechnik - OEKERMANN Abwassertechnik","article_publisher":"https:\/\/www.facebook.com\/pages\/Oekermann-Abwassertechnik\/1007781205906685","article_modified_time":"2025-04-28T08:53:58+00:00","twitter_card":"summary_large_image","twitter_site":"@Oekermann","twitter_misc":{"Szacowany czas czytania":"2 minuty"},"schema":{"@context":"https:\/\/schema.org","@graph":[{"@type":"WebPage","@id":"https:\/\/2025.oekermann.de\/produkty\/stacje-ponownego-przedmuchu\/","url":"https:\/\/2025.oekermann.de\/produkty\/stacje-ponownego-przedmuchu\/","name":"Stacje ponownego przedmuchu - Pneumatische F\u00f6rdertechnik - OEKERMANN Abwassertechnik","isPartOf":{"@id":"https:\/\/2025.oekermann.de\/#website"},"datePublished":"2017-02-05T18:15:21+00:00","dateModified":"2025-04-28T08:53:58+00:00","breadcrumb":{"@id":"https:\/\/2025.oekermann.de\/produkty\/stacje-ponownego-przedmuchu\/#breadcrumb"},"inLanguage":"pl-PL","potentialAction":[{"@type":"ReadAction","target":["https:\/\/2025.oekermann.de\/produkty\/stacje-ponownego-przedmuchu\/"]}]},{"@type":"BreadcrumbList","@id":"https:\/\/2025.oekermann.de\/produkty\/stacje-ponownego-przedmuchu\/#breadcrumb","itemListElement":[{"@type":"ListItem","position":1,"name":"Startseite","item":"https:\/\/2025.oekermann.de\/pl\/"},{"@type":"ListItem","position":2,"name":"Produkty","item":"https:\/\/2025.oekermann.de\/pl\/produkty\/"},{"@type":"ListItem","position":3,"name":"Stacje ponownego przedmuchu"}]},{"@type":"WebSite","@id":"https:\/\/2025.oekermann.de\/#website","url":"https:\/\/2025.oekermann.de\/","name":"Pneumatische F\u00f6rdertechnik - OEKERMANN Abwassertechnik","description":"","potentialAction":[{"@type":"SearchAction","target":{"@type":"EntryPoint","urlTemplate":"https:\/\/2025.oekermann.de\/?s={search_term_string}"},"query-input":{"@type":"PropertyValueSpecification","valueRequired":true,"valueName":"search_term_string"}}],"inLanguage":"pl-PL"}]}},"_links":{"self":[{"href":"https:\/\/2025.oekermann.de\/pl\/wp-json\/wp\/v2\/pages\/4206","targetHints":{"allow":["GET"]}}],"collection":[{"href":"https:\/\/2025.oekermann.de\/pl\/wp-json\/wp\/v2\/pages"}],"about":[{"href":"https:\/\/2025.oekermann.de\/pl\/wp-json\/wp\/v2\/types\/page"}],"author":[{"embeddable":true,"href":"https:\/\/2025.oekermann.de\/pl\/wp-json\/wp\/v2\/users\/2"}],"replies":[{"embeddable":true,"href":"https:\/\/2025.oekermann.de\/pl\/wp-json\/wp\/v2\/comments?post=4206"}],"version-history":[{"count":2,"href":"https:\/\/2025.oekermann.de\/pl\/wp-json\/wp\/v2\/pages\/4206\/revisions"}],"predecessor-version":[{"id":4800,"href":"https:\/\/2025.oekermann.de\/pl\/wp-json\/wp\/v2\/pages\/4206\/revisions\/4800"}],"up":[{"embeddable":true,"href":"https:\/\/2025.oekermann.de\/pl\/wp-json\/wp\/v2\/pages\/4216"}],"wp:attachment":[{"href":"https:\/\/2025.oekermann.de\/pl\/wp-json\/wp\/v2\/media?parent=4206"}],"curies":[{"name":"wp","href":"https:\/\/api.w.org\/{rel}","templated":true}]}}