{"id":4216,"date":"2017-02-05T19:02:10","date_gmt":"2017-02-05T18:02:10","guid":{"rendered":"https:\/\/2025.oekermann.de\/produkty\/"},"modified":"2025-04-28T13:39:53","modified_gmt":"2025-04-28T11:39:53","slug":"produkty","status":"publish","type":"page","link":"https:\/\/2025.oekermann.de\/pl\/produkty\/","title":{"rendered":"Produkty"},"content":{"rendered":"<ul class=\"themen-index-links\">\n<li>\n<h2><a href=\"https:\/\/2025.oekermann.de\/pl\/produkty\/kleine-anlagen\/\">Ma\u0142e systemy<\/a><\/h2>\n<p>Oferujemy kompaktowe systemy do \u0142\u0105czenia pojedy\u0144czych dom\u00f3w lub ma\u0142ych osiedli do publicznego systemu kanalizacyjnego. Maj\u0105 one te same zalety co du\u017ce systemy podw\u00f3jne oraz systemy wielokrotne.<\/p>\n<p><a class=\"d-btn d-btn-primary d-btn-normal\" href=\"https:\/\/2025.oekermann.de\/pl\/produkty\/kleine-anlagen\/\"><b>wi\u0119cej o ma\u0142ych systemach\u203a<\/b><\/a><\/li>\n<li>\n<h2><a href=\"https:\/\/2025.oekermann.de\/pl\/produkty\/systemy-podwojne-1-kotlowe-2\/\">Systtemy podw\u00f3jne 1 &#8211; kot\u0142owe <\/a><\/h2>\n<p>Systemy podw\u00f3jne 1 &#8211; kot\u0142owe s\u0105 seri\u0105, kt\u00f3ra wielko\u015bciowo znajduj\u0105 si\u0119 pomi\u0119dzy najmniejszym systemami (seria OKA), a systemami podw\u00f3jnymi.<br \/>\n<a class=\"d-btn d-btn-primary d-btn-normal\" href=\"https:\/\/2025.oekermann.de\/pl\/produkty\/systemy-podwojne-1-kotlowe-2\/\"><b>wi\u0119cej o systemach podw\u00f3jnych 1 &#8211; kot\u0142owych \u203a<\/b><\/a><\/li>\n<li>\n<h2><a href=\"https:\/\/2025.oekermann.de\/pl\/produkty\/systemy-podwojne-2\/\">Systemy podw\u00f3jne<\/a><\/h2>\n<p>Dla ma\u0142ych i \u015brednich warto\u015bci ci\u015bnienia, czyli np. do przepompowni ma\u0142ych miast zwykle stosuje si\u0119 systemy z dwoma kot\u0142ami (zbiornikami roboczymi) i dwoma spr\u0119\u017carkami.<\/p>\n<p><a class=\"d-btn d-btn-primary d-btn-normal\" href=\"https:\/\/2025.oekermann.de\/pl\/produkty\/systemy-podwojne-2\/\"><b>wi\u0119cej o systemach podw\u00f3jnych \u203a<\/b><\/a><\/li>\n<li>\n<h2><a href=\"https:\/\/2025.oekermann.de\/pl\/produkty\/systemy-potrojne-i-poczworne-2\/\">systemy potr\u00f3jne i poczw\u00f3rne<\/a><\/h2>\n<p>Systemy potr\u00f3jne i poczw\u00f3rne zwykle stosuje si\u0119 do kilku przepompowni, przy wi\u0119kszych miastach i centrach przemys\u0142owych. Ich op\u0142acalno\u015b\u0107 ekonomiczna przy du\u017cym przep\u0142ywie \u015bciek\u00f3w, poniewa\u017c system mo\u017ce si\u0119 adaptowa\u0107 w bardziej elastyczny spos\u00f3b do bie\u017c\u0105cego przep\u0142ywu.<\/p>\n<p><a class=\"d-btn d-btn-primary d-btn-normal\" href=\"https:\/\/2025.oekermann.de\/pl\/produkty\/systemy-potrojne-i-poczworne-2\/\"><b>wi\u0119cej o systemach potr\u00f3jnych i poczw\u00f3rnych \u203a<\/b><\/a><\/li>\n<li>\n<h2><a href=\"https:\/\/2025.oekermann.de\/pl\/produkty\/systemy-hybrydowe-polaczenie-pneumatyki-i-pompy-hydraulicznej-2\/\">Systemy hybrydowe (po\u0142\u0105czenie pneumatyki i pompy hydraulicznej)<\/a><\/h2>\n<p>Systemach te stosowane s\u0105 w miejscach gdzie wyst\u0119puj\u0105 du\u017ce ilo\u015bci opad\u00f3w i co za tym idzie jest dost\u0119pna du\u017ca ilo\u015b\u0107 deszcz\u00f3wki.<\/p>\n<p><a class=\"d-btn d-btn-primary d-btn-normal\" href=\"https:\/\/2025.oekermann.de\/pl\/produkty\/systemy-hybrydowe-polaczenie-pneumatyki-i-pompy-hydraulicznej-2\/\"><b>wi\u0119cej o systemach hybrydowowych (po\u0142\u0105czeniu pneumatyki i pompy hydraulicznej) \u203a<\/b><\/a><\/li>\n<\/ul>\n","protected":false},"excerpt":{"rendered":"<p>Ma\u0142e systemy Oferujemy kompaktowe systemy do \u0142\u0105czenia pojedy\u0144czych dom\u00f3w lub ma\u0142ych osiedli do publicznego systemu kanalizacyjnego. Maj\u0105 one te same zalety co du\u017ce systemy podw\u00f3jne oraz systemy wielokrotne. wi\u0119cej o ma\u0142ych systemach\u203a Systtemy podw\u00f3jne 1 &#8211; kot\u0142owe Systemy podw\u00f3jne 1 &#8211; kot\u0142owe s\u0105 seri\u0105, kt\u00f3ra wielko\u015bciowo znajduj\u0105 si\u0119 pomi\u0119dzy najmniejszym systemami (seria OKA), a systemami<\/p>\n<p class=\"link-more\"><a href=\"https:\/\/2025.oekermann.de\/pl\/produkty\/\" class=\"envor-btn\">Weiterlesen<span class=\"screen-reader-text\"> &#8220;Produkty&#8221;<\/span><\/a><\/p>\n","protected":false},"author":2,"featured_media":0,"parent":0,"menu_order":0,"comment_status":"closed","ping_status":"closed","template":"","meta":{"footnotes":""},"class_list":["post-4216","page","type-page","status-publish","hentry"],"yoast_head":"<!-- This site is optimized with the Yoast SEO plugin v27.4 - https:\/\/yoast.com\/product\/yoast-seo-wordpress\/ -->\n<title>Produkty - Pneumatische F\u00f6rdertechnik - OEKERMANN Abwassertechnik<\/title>\n<meta name=\"robots\" content=\"index, follow, max-snippet:-1, max-image-preview:large, max-video-preview:-1\" \/>\n<link rel=\"canonical\" href=\"https:\/\/2025.oekermann.de\/pl\/produkty\/\" \/>\n<meta property=\"og:locale\" content=\"pl_PL\" \/>\n<meta property=\"og:type\" content=\"article\" \/>\n<meta property=\"og:title\" content=\"Produkty - Pneumatische F\u00f6rdertechnik - OEKERMANN Abwassertechnik\" \/>\n<meta property=\"og:description\" content=\"Ma\u0142e systemy Oferujemy kompaktowe systemy do \u0142\u0105czenia pojedy\u0144czych dom\u00f3w lub ma\u0142ych osiedli do publicznego systemu kanalizacyjnego. Maj\u0105 one te same zalety co du\u017ce systemy podw\u00f3jne oraz systemy wielokrotne. wi\u0119cej o ma\u0142ych systemach\u203a Systtemy podw\u00f3jne 1 &#8211; kot\u0142owe Systemy podw\u00f3jne 1 &#8211; kot\u0142owe s\u0105 seri\u0105, kt\u00f3ra wielko\u015bciowo znajduj\u0105 si\u0119 pomi\u0119dzy najmniejszym systemami (seria OKA), a systemamiWeiterlesen &quot;Produkty&quot;\" \/>\n<meta property=\"og:url\" content=\"https:\/\/2025.oekermann.de\/pl\/produkty\/\" \/>\n<meta property=\"og:site_name\" content=\"Pneumatische F\u00f6rdertechnik - OEKERMANN Abwassertechnik\" \/>\n<meta property=\"article:publisher\" content=\"https:\/\/www.facebook.com\/pages\/Oekermann-Abwassertechnik\/1007781205906685\" \/>\n<meta property=\"article:modified_time\" content=\"2025-04-28T11:39:53+00:00\" \/>\n<meta name=\"twitter:card\" content=\"summary_large_image\" \/>\n<meta name=\"twitter:site\" content=\"@Oekermann\" \/>\n<meta name=\"twitter:label1\" content=\"Szacowany czas czytania\" \/>\n\t<meta name=\"twitter:data1\" content=\"2 minuty\" \/>\n<script type=\"application\/ld+json\" class=\"yoast-schema-graph\">{\"@context\":\"https:\\\/\\\/schema.org\",\"@graph\":[{\"@type\":\"WebPage\",\"@id\":\"https:\\\/\\\/2025.oekermann.de\\\/pl\\\/produkty\\\/\",\"url\":\"https:\\\/\\\/2025.oekermann.de\\\/pl\\\/produkty\\\/\",\"name\":\"Produkty - Pneumatische F\u00f6rdertechnik - OEKERMANN Abwassertechnik\",\"isPartOf\":{\"@id\":\"https:\\\/\\\/2025.oekermann.de\\\/#website\"},\"datePublished\":\"2017-02-05T18:02:10+00:00\",\"dateModified\":\"2025-04-28T11:39:53+00:00\",\"breadcrumb\":{\"@id\":\"https:\\\/\\\/2025.oekermann.de\\\/pl\\\/produkty\\\/#breadcrumb\"},\"inLanguage\":\"pl-PL\",\"potentialAction\":[{\"@type\":\"ReadAction\",\"target\":[\"https:\\\/\\\/2025.oekermann.de\\\/pl\\\/produkty\\\/\"]}]},{\"@type\":\"BreadcrumbList\",\"@id\":\"https:\\\/\\\/2025.oekermann.de\\\/pl\\\/produkty\\\/#breadcrumb\",\"itemListElement\":[{\"@type\":\"ListItem\",\"position\":1,\"name\":\"Startseite\",\"item\":\"https:\\\/\\\/2025.oekermann.de\\\/pl\\\/\"},{\"@type\":\"ListItem\",\"position\":2,\"name\":\"Produkty\"}]},{\"@type\":\"WebSite\",\"@id\":\"https:\\\/\\\/2025.oekermann.de\\\/#website\",\"url\":\"https:\\\/\\\/2025.oekermann.de\\\/\",\"name\":\"Pneumatische F\u00f6rdertechnik - OEKERMANN Abwassertechnik\",\"description\":\"\",\"potentialAction\":[{\"@type\":\"SearchAction\",\"target\":{\"@type\":\"EntryPoint\",\"urlTemplate\":\"https:\\\/\\\/2025.oekermann.de\\\/?s={search_term_string}\"},\"query-input\":{\"@type\":\"PropertyValueSpecification\",\"valueRequired\":true,\"valueName\":\"search_term_string\"}}],\"inLanguage\":\"pl-PL\"}]}<\/script>\n<!-- \/ Yoast SEO plugin. -->","yoast_head_json":{"title":"Produkty - Pneumatische F\u00f6rdertechnik - OEKERMANN Abwassertechnik","robots":{"index":"index","follow":"follow","max-snippet":"max-snippet:-1","max-image-preview":"max-image-preview:large","max-video-preview":"max-video-preview:-1"},"canonical":"https:\/\/2025.oekermann.de\/pl\/produkty\/","og_locale":"pl_PL","og_type":"article","og_title":"Produkty - Pneumatische F\u00f6rdertechnik - OEKERMANN Abwassertechnik","og_description":"Ma\u0142e systemy Oferujemy kompaktowe systemy do \u0142\u0105czenia pojedy\u0144czych dom\u00f3w lub ma\u0142ych osiedli do publicznego systemu kanalizacyjnego. Maj\u0105 one te same zalety co du\u017ce systemy podw\u00f3jne oraz systemy wielokrotne. wi\u0119cej o ma\u0142ych systemach\u203a Systtemy podw\u00f3jne 1 &#8211; kot\u0142owe Systemy podw\u00f3jne 1 &#8211; kot\u0142owe s\u0105 seri\u0105, kt\u00f3ra wielko\u015bciowo znajduj\u0105 si\u0119 pomi\u0119dzy najmniejszym systemami (seria OKA), a systemamiWeiterlesen \"Produkty\"","og_url":"https:\/\/2025.oekermann.de\/pl\/produkty\/","og_site_name":"Pneumatische F\u00f6rdertechnik - OEKERMANN Abwassertechnik","article_publisher":"https:\/\/www.facebook.com\/pages\/Oekermann-Abwassertechnik\/1007781205906685","article_modified_time":"2025-04-28T11:39:53+00:00","twitter_card":"summary_large_image","twitter_site":"@Oekermann","twitter_misc":{"Szacowany czas czytania":"2 minuty"},"schema":{"@context":"https:\/\/schema.org","@graph":[{"@type":"WebPage","@id":"https:\/\/2025.oekermann.de\/pl\/produkty\/","url":"https:\/\/2025.oekermann.de\/pl\/produkty\/","name":"Produkty - Pneumatische F\u00f6rdertechnik - OEKERMANN Abwassertechnik","isPartOf":{"@id":"https:\/\/2025.oekermann.de\/#website"},"datePublished":"2017-02-05T18:02:10+00:00","dateModified":"2025-04-28T11:39:53+00:00","breadcrumb":{"@id":"https:\/\/2025.oekermann.de\/pl\/produkty\/#breadcrumb"},"inLanguage":"pl-PL","potentialAction":[{"@type":"ReadAction","target":["https:\/\/2025.oekermann.de\/pl\/produkty\/"]}]},{"@type":"BreadcrumbList","@id":"https:\/\/2025.oekermann.de\/pl\/produkty\/#breadcrumb","itemListElement":[{"@type":"ListItem","position":1,"name":"Startseite","item":"https:\/\/2025.oekermann.de\/pl\/"},{"@type":"ListItem","position":2,"name":"Produkty"}]},{"@type":"WebSite","@id":"https:\/\/2025.oekermann.de\/#website","url":"https:\/\/2025.oekermann.de\/","name":"Pneumatische F\u00f6rdertechnik - OEKERMANN Abwassertechnik","description":"","potentialAction":[{"@type":"SearchAction","target":{"@type":"EntryPoint","urlTemplate":"https:\/\/2025.oekermann.de\/?s={search_term_string}"},"query-input":{"@type":"PropertyValueSpecification","valueRequired":true,"valueName":"search_term_string"}}],"inLanguage":"pl-PL"}]}},"_links":{"self":[{"href":"https:\/\/2025.oekermann.de\/pl\/wp-json\/wp\/v2\/pages\/4216","targetHints":{"allow":["GET"]}}],"collection":[{"href":"https:\/\/2025.oekermann.de\/pl\/wp-json\/wp\/v2\/pages"}],"about":[{"href":"https:\/\/2025.oekermann.de\/pl\/wp-json\/wp\/v2\/types\/page"}],"author":[{"embeddable":true,"href":"https:\/\/2025.oekermann.de\/pl\/wp-json\/wp\/v2\/users\/2"}],"replies":[{"embeddable":true,"href":"https:\/\/2025.oekermann.de\/pl\/wp-json\/wp\/v2\/comments?post=4216"}],"version-history":[{"count":7,"href":"https:\/\/2025.oekermann.de\/pl\/wp-json\/wp\/v2\/pages\/4216\/revisions"}],"predecessor-version":[{"id":4873,"href":"https:\/\/2025.oekermann.de\/pl\/wp-json\/wp\/v2\/pages\/4216\/revisions\/4873"}],"wp:attachment":[{"href":"https:\/\/2025.oekermann.de\/pl\/wp-json\/wp\/v2\/media?parent=4216"}],"curies":[{"name":"wp","href":"https:\/\/api.w.org\/{rel}","templated":true}]}}