{"id":4218,"date":"2018-02-11T12:54:43","date_gmt":"2018-02-11T11:54:43","guid":{"rendered":"https:\/\/2025.oekermann.de\/konserwacja-2\/"},"modified":"2025-06-11T12:16:35","modified_gmt":"2025-06-11T10:16:35","slug":"konserwacja","status":"publish","type":"page","link":"https:\/\/2025.oekermann.de\/pl\/konserwacja\/","title":{"rendered":"Konserwacja"},"content":{"rendered":"<section>\n<h2>Wysoka jako\u015b\u0107 i op\u0142acalno\u015b\u0107<\/h2>\n<p>W przepompowniach\u00a0 firmy OEKERMANN instalujemy wy\u0142\u0105cznie cz\u0119\u015bci i zespo\u0142y, kt\u00f3re odpowiadaj\u0105 standardom obecnego rynku. Staramy si\u0119 korzysta\u0107 z cz\u0119\u015bci og\u00f3lnodost\u0119pnych w celu <a href=\"https:\/\/2025.oekermann.de\/wartung\/ersatzteile\/\">zapewnienia cz\u0119\u015bci zamiennych<\/a> w dalszej perspektywie czasowej.<\/p>\n<p>Ca\u0142a struktura systemu zosta\u0142a zaprojektowana w spos\u00f3b umo\u017cliwiaj\u0105cy samodzielne przeprowadzanie konserwacji i drobnych prac\u00a0 naprawczych personelowi lokalnemu. Ponadto <a href=\"https:\/\/2025.oekermann.de\/ueber-uns\/meilensteine\/\">posiadamy<\/a> obszerny magazyn, w kt\u00f3rym znajduj\u0105 si\u0119 prawie wszystkie cz\u0119\u015bci zamienne, dzi\u0119ki czemu nasi klienci nie musz\u0105 martwi\u0107 si\u0119 o ich dost\u0119pno\u015b\u0107. W razie pilnej potrzeby dostarczymy j\u0105 ekspresowo!<\/p>\n<p>Zatrudniaj\u0105c specjalnie przeszkolonych, wysoko wykwalfikowanych monter\u00f3w fabrycznych firma OEKERMANN gwarantuje, \u017ce nasi klienci otrzymaj\u0105 odpowiednio dzia\u0142aj\u0105cy produkt.<\/p>\n<p>Zesp\u00f3\u0142 OEKERMANN sk\u0142ada si\u0119 ze zdrowej mieszanki &#8220;m\u0142odych i starych&#8221;, co oznacza \u017ce firma z jednej strony stawia na do\u015bwiadczonych specjalist\u00f3w, z kt\u00f3rych niekt\u00f3rzy maj\u0105 nawet kilkudziesi\u0119cioletnie do\u015bwiadczenie w firmie. Z drugiej strony uda\u0142o si\u0119 w ostatnich latach pozyska\u0107 wile kompetentnych talent\u00f3w, kt\u00f3rzy zapewniaj\u0105 niezb\u0119dn\u0105 energi\u0119.<\/p>\n<p>Jako relatywnie \u015bredniej wielko\u015bci biznes rodzinny w drugim pokoleniu OEKERMANN mo\u017ce szczeg\u00f3lnie elastycznie reagowa\u0107 na potrzeby naszych klient\u00f3w. &#8220;Odleg\u0142o\u015bci w OEKERMANN s\u0105 niewielkie&#8221;, a szybka i kompetentna <a href=\"https:\/\/2025.oekermann.de\/wartung\/service-bei-der-pneumatischen-abwasser-foerderung\/\">ob\u0142uga<\/a> w zakresie cz\u0119\u015bci zamiennych i prac monta\u017cowych to nasz znak rozpoznawalny.<\/p>\n<p>OEKERMANN oferuje umowy konserwacyjne w ramach corocznych przegl\u0105d\u00f3w lub kr\u00f3tszych odst\u0119pach czasowych, na \u017cyczenie klienta.<\/p>\n<p>Pneumatyczne systemy transportu \u015bciek\u00f3w firmy OEKERMANN s\u0105 stosowane <a href=\"https:\/\/2025.oekermann.de\/kontakt\/vertriebsbereiche\/\">w ca\u0142ych Niemczech i krajach s\u0105siednich.<\/a> Nasza firma ma d\u0142ug\u0105 tradycj\u0119 i posiada szczeg\u00f3lnie du\u017co klient\u00f3w w regionach <a href=\"https:\/\/2025.oekermann.de\/ueber-uns\/meilensteine\/\">Badenia &#8211; Wirtembergia<\/a> und in <a href=\"https:\/\/2025.oekermann.de\/wartung\/oekermann-abwassertechnik-in-bayern\/\">Bawarii<\/a>.<\/p>\n<p>Pod numerem <a href=\"tel:00495213293830\">+49 (0)521 329 383 &#8211; 0<\/a>, a tak\u017ce osobi\u015bcie od naszego <a href=\"https:\/\/2025.oekermann.de\/ueber-uns\/reisemonteure\/\">personelu zajmuj\u0105cego si\u0119 monta\u017cem<\/a> zawsze otrzymasz szybk\u0105 i fachow\u0105 odpowied\u017a na swoje pytania.<\/p>\n<p><img decoding=\"async\" class=\"img-1\" src=\"\/wp-content\/uploads\/2017\/05\/Oekermann_Team_1.jpg\" alt=\"\" \/><\/p>\n<\/section>\n<section class=\"downloads\">\n<div data-anim-type=\"fade-in-right-big\" data-anim-delay=\"\">\n<div class=\"dl-wrapper\">\n<div class=\"dl-all\"><a title=\"Kostenlose Downloads zur Pneumatischen Abwassertechnik\" href=\"https:\/\/2025.oekermann.de\/downloads\/\">Bezp\u0142atne informacje dotycz\u0105ce pneumatycznej technologii oczyszczania \u015bciek\u00f3w<\/a><\/div>\n<\/div>\n<\/div>\n<\/section>\n","protected":false},"excerpt":{"rendered":"<p>Wysoka jako\u015b\u0107 i op\u0142acalno\u015b\u0107 W przepompowniach\u00a0 firmy OEKERMANN instalujemy wy\u0142\u0105cznie cz\u0119\u015bci i zespo\u0142y, kt\u00f3re odpowiadaj\u0105 standardom obecnego rynku. Staramy si\u0119 korzysta\u0107 z cz\u0119\u015bci og\u00f3lnodost\u0119pnych w celu zapewnienia cz\u0119\u015bci zamiennych w dalszej perspektywie czasowej. Ca\u0142a struktura systemu zosta\u0142a zaprojektowana w spos\u00f3b umo\u017cliwiaj\u0105cy samodzielne przeprowadzanie konserwacji i drobnych prac\u00a0 naprawczych personelowi lokalnemu. Ponadto posiadamy obszerny magazyn, w<\/p>\n<p class=\"link-more\"><a href=\"https:\/\/2025.oekermann.de\/pl\/konserwacja\/\" class=\"envor-btn\">Weiterlesen<span class=\"screen-reader-text\"> &#8220;Konserwacja&#8221;<\/span><\/a><\/p>\n","protected":false},"author":2,"featured_media":0,"parent":0,"menu_order":0,"comment_status":"closed","ping_status":"closed","template":"","meta":{"footnotes":""},"class_list":["post-4218","page","type-page","status-publish","hentry"],"yoast_head":"<!-- This site is optimized with the Yoast SEO plugin v27.4 - https:\/\/yoast.com\/product\/yoast-seo-wordpress\/ -->\n<title>Konserwacja - Pneumatische F\u00f6rdertechnik - OEKERMANN Abwassertechnik<\/title>\n<meta name=\"robots\" content=\"index, follow, max-snippet:-1, max-image-preview:large, max-video-preview:-1\" \/>\n<link rel=\"canonical\" href=\"https:\/\/2025.oekermann.de\/pl\/konserwacja\/\" \/>\n<meta property=\"og:locale\" content=\"pl_PL\" \/>\n<meta property=\"og:type\" content=\"article\" \/>\n<meta property=\"og:title\" content=\"Konserwacja - Pneumatische F\u00f6rdertechnik - OEKERMANN Abwassertechnik\" \/>\n<meta property=\"og:description\" content=\"Wysoka jako\u015b\u0107 i op\u0142acalno\u015b\u0107 W przepompowniach\u00a0 firmy OEKERMANN instalujemy wy\u0142\u0105cznie cz\u0119\u015bci i zespo\u0142y, kt\u00f3re odpowiadaj\u0105 standardom obecnego rynku. Staramy si\u0119 korzysta\u0107 z cz\u0119\u015bci og\u00f3lnodost\u0119pnych w celu zapewnienia cz\u0119\u015bci zamiennych w dalszej perspektywie czasowej. Ca\u0142a struktura systemu zosta\u0142a zaprojektowana w spos\u00f3b umo\u017cliwiaj\u0105cy samodzielne przeprowadzanie konserwacji i drobnych prac\u00a0 naprawczych personelowi lokalnemu. Ponadto posiadamy obszerny magazyn, wWeiterlesen &quot;Konserwacja&quot;\" \/>\n<meta property=\"og:url\" content=\"https:\/\/2025.oekermann.de\/pl\/konserwacja\/\" \/>\n<meta property=\"og:site_name\" content=\"Pneumatische F\u00f6rdertechnik - OEKERMANN Abwassertechnik\" \/>\n<meta property=\"article:publisher\" content=\"https:\/\/www.facebook.com\/pages\/Oekermann-Abwassertechnik\/1007781205906685\" \/>\n<meta property=\"article:modified_time\" content=\"2025-06-11T10:16:35+00:00\" \/>\n<meta name=\"twitter:card\" content=\"summary_large_image\" \/>\n<meta name=\"twitter:site\" content=\"@Oekermann\" \/>\n<meta name=\"twitter:label1\" content=\"Szacowany czas czytania\" \/>\n\t<meta name=\"twitter:data1\" content=\"2 minuty\" \/>\n<script type=\"application\/ld+json\" class=\"yoast-schema-graph\">{\"@context\":\"https:\\\/\\\/schema.org\",\"@graph\":[{\"@type\":\"WebPage\",\"@id\":\"https:\\\/\\\/2025.oekermann.de\\\/pl\\\/konserwacja\\\/\",\"url\":\"https:\\\/\\\/2025.oekermann.de\\\/pl\\\/konserwacja\\\/\",\"name\":\"Konserwacja - Pneumatische F\u00f6rdertechnik - OEKERMANN Abwassertechnik\",\"isPartOf\":{\"@id\":\"https:\\\/\\\/2025.oekermann.de\\\/#website\"},\"datePublished\":\"2018-02-11T11:54:43+00:00\",\"dateModified\":\"2025-06-11T10:16:35+00:00\",\"breadcrumb\":{\"@id\":\"https:\\\/\\\/2025.oekermann.de\\\/pl\\\/konserwacja\\\/#breadcrumb\"},\"inLanguage\":\"pl-PL\",\"potentialAction\":[{\"@type\":\"ReadAction\",\"target\":[\"https:\\\/\\\/2025.oekermann.de\\\/pl\\\/konserwacja\\\/\"]}]},{\"@type\":\"BreadcrumbList\",\"@id\":\"https:\\\/\\\/2025.oekermann.de\\\/pl\\\/konserwacja\\\/#breadcrumb\",\"itemListElement\":[{\"@type\":\"ListItem\",\"position\":1,\"name\":\"Startseite\",\"item\":\"https:\\\/\\\/2025.oekermann.de\\\/pl\\\/\"},{\"@type\":\"ListItem\",\"position\":2,\"name\":\"Konserwacja\"}]},{\"@type\":\"WebSite\",\"@id\":\"https:\\\/\\\/2025.oekermann.de\\\/#website\",\"url\":\"https:\\\/\\\/2025.oekermann.de\\\/\",\"name\":\"Pneumatische F\u00f6rdertechnik - OEKERMANN Abwassertechnik\",\"description\":\"\",\"potentialAction\":[{\"@type\":\"SearchAction\",\"target\":{\"@type\":\"EntryPoint\",\"urlTemplate\":\"https:\\\/\\\/2025.oekermann.de\\\/?s={search_term_string}\"},\"query-input\":{\"@type\":\"PropertyValueSpecification\",\"valueRequired\":true,\"valueName\":\"search_term_string\"}}],\"inLanguage\":\"pl-PL\"}]}<\/script>\n<!-- \/ Yoast SEO plugin. -->","yoast_head_json":{"title":"Konserwacja - Pneumatische F\u00f6rdertechnik - OEKERMANN Abwassertechnik","robots":{"index":"index","follow":"follow","max-snippet":"max-snippet:-1","max-image-preview":"max-image-preview:large","max-video-preview":"max-video-preview:-1"},"canonical":"https:\/\/2025.oekermann.de\/pl\/konserwacja\/","og_locale":"pl_PL","og_type":"article","og_title":"Konserwacja - Pneumatische F\u00f6rdertechnik - OEKERMANN Abwassertechnik","og_description":"Wysoka jako\u015b\u0107 i op\u0142acalno\u015b\u0107 W przepompowniach\u00a0 firmy OEKERMANN instalujemy wy\u0142\u0105cznie cz\u0119\u015bci i zespo\u0142y, kt\u00f3re odpowiadaj\u0105 standardom obecnego rynku. Staramy si\u0119 korzysta\u0107 z cz\u0119\u015bci og\u00f3lnodost\u0119pnych w celu zapewnienia cz\u0119\u015bci zamiennych w dalszej perspektywie czasowej. Ca\u0142a struktura systemu zosta\u0142a zaprojektowana w spos\u00f3b umo\u017cliwiaj\u0105cy samodzielne przeprowadzanie konserwacji i drobnych prac\u00a0 naprawczych personelowi lokalnemu. Ponadto posiadamy obszerny magazyn, wWeiterlesen \"Konserwacja\"","og_url":"https:\/\/2025.oekermann.de\/pl\/konserwacja\/","og_site_name":"Pneumatische F\u00f6rdertechnik - OEKERMANN Abwassertechnik","article_publisher":"https:\/\/www.facebook.com\/pages\/Oekermann-Abwassertechnik\/1007781205906685","article_modified_time":"2025-06-11T10:16:35+00:00","twitter_card":"summary_large_image","twitter_site":"@Oekermann","twitter_misc":{"Szacowany czas czytania":"2 minuty"},"schema":{"@context":"https:\/\/schema.org","@graph":[{"@type":"WebPage","@id":"https:\/\/2025.oekermann.de\/pl\/konserwacja\/","url":"https:\/\/2025.oekermann.de\/pl\/konserwacja\/","name":"Konserwacja - Pneumatische F\u00f6rdertechnik - OEKERMANN Abwassertechnik","isPartOf":{"@id":"https:\/\/2025.oekermann.de\/#website"},"datePublished":"2018-02-11T11:54:43+00:00","dateModified":"2025-06-11T10:16:35+00:00","breadcrumb":{"@id":"https:\/\/2025.oekermann.de\/pl\/konserwacja\/#breadcrumb"},"inLanguage":"pl-PL","potentialAction":[{"@type":"ReadAction","target":["https:\/\/2025.oekermann.de\/pl\/konserwacja\/"]}]},{"@type":"BreadcrumbList","@id":"https:\/\/2025.oekermann.de\/pl\/konserwacja\/#breadcrumb","itemListElement":[{"@type":"ListItem","position":1,"name":"Startseite","item":"https:\/\/2025.oekermann.de\/pl\/"},{"@type":"ListItem","position":2,"name":"Konserwacja"}]},{"@type":"WebSite","@id":"https:\/\/2025.oekermann.de\/#website","url":"https:\/\/2025.oekermann.de\/","name":"Pneumatische F\u00f6rdertechnik - OEKERMANN Abwassertechnik","description":"","potentialAction":[{"@type":"SearchAction","target":{"@type":"EntryPoint","urlTemplate":"https:\/\/2025.oekermann.de\/?s={search_term_string}"},"query-input":{"@type":"PropertyValueSpecification","valueRequired":true,"valueName":"search_term_string"}}],"inLanguage":"pl-PL"}]}},"_links":{"self":[{"href":"https:\/\/2025.oekermann.de\/pl\/wp-json\/wp\/v2\/pages\/4218","targetHints":{"allow":["GET"]}}],"collection":[{"href":"https:\/\/2025.oekermann.de\/pl\/wp-json\/wp\/v2\/pages"}],"about":[{"href":"https:\/\/2025.oekermann.de\/pl\/wp-json\/wp\/v2\/types\/page"}],"author":[{"embeddable":true,"href":"https:\/\/2025.oekermann.de\/pl\/wp-json\/wp\/v2\/users\/2"}],"replies":[{"embeddable":true,"href":"https:\/\/2025.oekermann.de\/pl\/wp-json\/wp\/v2\/comments?post=4218"}],"version-history":[{"count":2,"href":"https:\/\/2025.oekermann.de\/pl\/wp-json\/wp\/v2\/pages\/4218\/revisions"}],"predecessor-version":[{"id":5115,"href":"https:\/\/2025.oekermann.de\/pl\/wp-json\/wp\/v2\/pages\/4218\/revisions\/5115"}],"wp:attachment":[{"href":"https:\/\/2025.oekermann.de\/pl\/wp-json\/wp\/v2\/media?parent=4218"}],"curies":[{"name":"wp","href":"https:\/\/api.w.org\/{rel}","templated":true}]}}