{"id":4219,"date":"2018-02-11T16:28:05","date_gmt":"2018-02-11T15:28:05","guid":{"rendered":"https:\/\/2025.oekermann.de\/pokonywanie-dluzszych-dystansow-2\/"},"modified":"2025-04-28T12:56:45","modified_gmt":"2025-04-28T10:56:45","slug":"pokonywanie-dluzszych-dystansow-2","status":"publish","type":"page","link":"https:\/\/2025.oekermann.de\/pl\/zalety\/pokonywanie-dluzszych-dystansow-2\/","title":{"rendered":"Pokonywanie d\u0142u\u017cszych dystans\u00f3w"},"content":{"rendered":"<section>\n<h2>D\u0142ugie rury przesy\u0142owe<\/h2>\n<p>D\u0142ugo\u015b\u0107 rur ci\u015bnieniowych w systemach pneumatycznycznego przepompowywania \u015bciek\u00f3w firmy OEKERMANN mo\u017ce si\u0119ga\u0107 nawet kilku kilometr\u00f3w.<\/p>\n<p>Dzi\u0119ki zastosowaniu pneumatycznego rozwi\u0105zania <a href=\"https:\/\/2025.oekermann.de\/themen\/geruchsfreiheit\/\">tworzenie si\u0119 siarkowodoru<\/a> na skutek braku tlenu\/powietrza jest wykluczone.<\/p>\n<h2>Procesy po przedmuchu<\/h2>\n<p>Dzi\u0119ki  <a href=\"https:\/\/2025.oekermann.de\/fachbegriffe\/nachblasautomatik\/\">systemowi automatycznego przedmuchu,<\/a>  rura przesy\u0142owa jest regularnie czyszczona i opr\u00f3\u017cniana w regulowanych odst\u0119pach czasowych w okresie produkcji ma\u0142ej ilo\u015bci \u015bciek\u00f3w    <\/p>\n<p>Pr\u0119dko\u015b\u0107 przesy\u0142u \u015bciek\u00f3w podczas przedmuchu jest zdecydowanie wi\u0119ksza. Powoduj\u0119 to przep\u0142yw turbulentny, kt\u00f3ry zabiera ze sob\u0105 wszelkie pozosta\u0142o\u015bci, kt\u00f3re mog\u0142y pozosta\u0107 podczas poprzednich przesy\u0142\u00f3w lub podczas fazy spoczynku. <\/p>\n<p>W tym samym czasie czyszczony jest wa\u0142 nap\u0119dowy, podczas procesu ponownego przedmuchu. Zapobiega to powstaniu<a href=\"https:\/\/2025.oekermann.de\/vorteile\/foerderung-geringer-wassermengen\/\"> nieprzyjemnych zapach\u00f3w.<\/a> <\/p>\n<p>Podczas przesy\u0142u \u015bciek\u00f3w nie ma potrzeby utrzymywania minimalnych pr\u0119dko\u015bci przesy\u0142u, jak ma to miejsce w innych systemach, poniewa\u017c efekt czyszczenia osi\u0105ga si\u0119 poprzez niezale\u017cny proces przedmuchu, kt\u00f3ry nast\u0119puje po przesyle. Efektem tego jest wysoka efektywno\u015b\u0107 ekonomiczna.<\/p>\n<p>Kolejn\u0105 zalet\u0105 tego rozwi\u0105zania jest jest brak konieczno\u015bci dodatkowej wentylacji nawet przy bardzo d\u0142ugich, zamkni\u0119tych ruroci\u0105gach.<\/p>\n<style type=\"text\/css\">\n#foogallery-gallery-1025 .fg-image { width: 510px; }\n#foogallery-gallery-1025 { --fg-gutter: 10px; }<\/style>\n\t\t\t<div class=\"foogallery foogallery-container foogallery-default foogallery-lightbox-foobox fg-left fg-default fg-ready fg-light fg-border-thin fg-shadow-small fg-loading-default fg-loaded-fade-in fg-hover-fade fg-hover-zoom\" id=\"foogallery-gallery-1025\" data-foogallery=\"{&quot;item&quot;:{&quot;showCaptionTitle&quot;:true,&quot;showCaptionDescription&quot;:false},&quot;lazy&quot;:true}\" style=\"--fg-title-line-clamp: 0; --fg-description-line-clamp: 0;\" >\n\t<div class=\"fg-item fg-type-image fg-idle\"><figure class=\"fg-item-inner\"><a href=\"https:\/\/2025.oekermann.de\/wp-content\/uploads\/2018\/02\/P1090593.jpg\" data-attachment-id=\"4448\" data-type=\"image\" class=\"fg-thumb\"><span class=\"fg-image-wrap\"><img fetchpriority=\"high\" decoding=\"async\" width=\"510\" height=\"298\" class=\"skip-lazy fg-image\" data-src-fg=\"https:\/\/2025.oekermann.de\/wp-content\/uploads\/cache\/2018\/02\/P1090593\/1235249497.jpg\" src=\"data:image\/svg+xml,%3Csvg%20xmlns%3D%22http%3A%2F%2Fwww.w3.org%2F2000%2Fsvg%22%20width%3D%22510%22%20height%3D%22298%22%20viewBox%3D%220%200%20510%20298%22%3E%3C%2Fsvg%3E\" loading=\"eager\"><\/span><span class=\"fg-image-overlay\"><\/span><\/a><\/figure><div class=\"fg-loader\"><\/div><\/div><div class=\"fg-item fg-type-image fg-idle\"><figure class=\"fg-item-inner\"><a href=\"https:\/\/2025.oekermann.de\/wp-content\/uploads\/2018\/02\/DSC02308-scaled.jpg\" data-attachment-id=\"4450\" data-type=\"image\" class=\"fg-thumb\"><span class=\"fg-image-wrap\"><img decoding=\"async\" width=\"510\" height=\"298\" class=\"skip-lazy fg-image\" data-src-fg=\"https:\/\/2025.oekermann.de\/wp-content\/uploads\/cache\/2018\/02\/DSC02308-scaled\/859089644.jpg\" src=\"data:image\/svg+xml,%3Csvg%20xmlns%3D%22http%3A%2F%2Fwww.w3.org%2F2000%2Fsvg%22%20width%3D%22510%22%20height%3D%22298%22%20viewBox%3D%220%200%20510%20298%22%3E%3C%2Fsvg%3E\" loading=\"eager\"><\/span><span class=\"fg-image-overlay\"><\/span><\/a><\/figure><div class=\"fg-loader\"><\/div><\/div><\/div>\n\n<\/section>\n<section class=\"downloads\">\n<div class=\"animate-in\" data-anim-type=\"fade-in-right-big\" data-anim-delay=\"\">\n<div class=\"dl-wrapper\">\n<h2>Dowiedz si\u0119 wi\u0119cej:<\/h2>\n<ul class=\"dl-files\">\n<li class=\"pdf-file-1\"><a href=\"\/res\/pdf\/sonderdruckschriften\/OEKERMANN-Info-02-Die-wichtigsten-Einsatzgruende-fuer-unsere-pneumatischen-Abwasser-Foerderanlagen.pdf\" target=\"_blank\" rel=\"noopener\"> Najwa\u017cniejsze powody korzystania z pneumatycznych system\u00f3w odprowadzania \u015bciek\u00f3w <\/a><\/li>\n<\/ul>\n<div class=\"dl-all\"><a title=\"Kostenlose Downloads zur Pneumatischen Abwassertechnik\" href=\"https:\/\/2025.oekermann.de\/downloads\/\">Bezp\u0142atne informacje dotycz\u0105ce pneumatycznej technologii oczyszczania \u015bciek\u00f3w<\/a><\/div>\n<\/div>\n<\/div>\n<\/section>\n","protected":false},"excerpt":{"rendered":"<p>D\u0142ugie rury przesy\u0142owe D\u0142ugo\u015b\u0107 rur ci\u015bnieniowych w systemach pneumatycznycznego przepompowywania \u015bciek\u00f3w firmy OEKERMANN mo\u017ce si\u0119ga\u0107 nawet kilku kilometr\u00f3w. Dzi\u0119ki zastosowaniu pneumatycznego rozwi\u0105zania tworzenie si\u0119 siarkowodoru na skutek braku tlenu\/powietrza jest wykluczone. Procesy po przedmuchu Dzi\u0119ki systemowi automatycznego przedmuchu, rura przesy\u0142owa jest regularnie czyszczona i opr\u00f3\u017cniana w regulowanych odst\u0119pach czasowych w okresie produkcji ma\u0142ej ilo\u015bci \u015bciek\u00f3w<\/p>\n<p class=\"link-more\"><a href=\"https:\/\/2025.oekermann.de\/pl\/zalety\/pokonywanie-dluzszych-dystansow-2\/\" class=\"envor-btn\">Weiterlesen<span class=\"screen-reader-text\"> &#8220;Pokonywanie d\u0142u\u017cszych dystans\u00f3w&#8221;<\/span><\/a><\/p>\n","protected":false},"author":2,"featured_media":0,"parent":4222,"menu_order":0,"comment_status":"closed","ping_status":"closed","template":"","meta":{"footnotes":""},"class_list":["post-4219","page","type-page","status-publish","hentry"],"yoast_head":"<!-- This site is optimized with the Yoast SEO plugin v27.4 - https:\/\/yoast.com\/product\/yoast-seo-wordpress\/ -->\n<title>Pokonywanie d\u0142u\u017cszych dystans\u00f3w - Pneumatische F\u00f6rdertechnik - OEKERMANN Abwassertechnik<\/title>\n<meta name=\"robots\" content=\"index, follow, max-snippet:-1, max-image-preview:large, max-video-preview:-1\" \/>\n<link rel=\"canonical\" href=\"https:\/\/2025.oekermann.de\/pl\/zalety\/pokonywanie-dluzszych-dystansow-2\/\" \/>\n<meta property=\"og:locale\" content=\"pl_PL\" \/>\n<meta property=\"og:type\" content=\"article\" \/>\n<meta property=\"og:title\" content=\"Pokonywanie d\u0142u\u017cszych dystans\u00f3w - Pneumatische F\u00f6rdertechnik - OEKERMANN Abwassertechnik\" \/>\n<meta property=\"og:description\" content=\"D\u0142ugie rury przesy\u0142owe D\u0142ugo\u015b\u0107 rur ci\u015bnieniowych w systemach pneumatycznycznego przepompowywania \u015bciek\u00f3w firmy OEKERMANN mo\u017ce si\u0119ga\u0107 nawet kilku kilometr\u00f3w. Dzi\u0119ki zastosowaniu pneumatycznego rozwi\u0105zania tworzenie si\u0119 siarkowodoru na skutek braku tlenu\/powietrza jest wykluczone. Procesy po przedmuchu Dzi\u0119ki systemowi automatycznego przedmuchu, rura przesy\u0142owa jest regularnie czyszczona i opr\u00f3\u017cniana w regulowanych odst\u0119pach czasowych w okresie produkcji ma\u0142ej ilo\u015bci \u015bciek\u00f3wWeiterlesen &quot;Pokonywanie d\u0142u\u017cszych dystans\u00f3w&quot;\" \/>\n<meta property=\"og:url\" content=\"https:\/\/2025.oekermann.de\/pl\/zalety\/pokonywanie-dluzszych-dystansow-2\/\" \/>\n<meta property=\"og:site_name\" content=\"Pneumatische F\u00f6rdertechnik - OEKERMANN Abwassertechnik\" \/>\n<meta property=\"article:publisher\" content=\"https:\/\/www.facebook.com\/pages\/Oekermann-Abwassertechnik\/1007781205906685\" \/>\n<meta property=\"article:modified_time\" content=\"2025-04-28T10:56:45+00:00\" \/>\n<meta name=\"twitter:card\" content=\"summary_large_image\" \/>\n<meta name=\"twitter:site\" content=\"@Oekermann\" \/>\n<meta name=\"twitter:label1\" content=\"Szacowany czas czytania\" \/>\n\t<meta name=\"twitter:data1\" content=\"1 minuta\" \/>\n<script type=\"application\/ld+json\" class=\"yoast-schema-graph\">{\"@context\":\"https:\\\/\\\/schema.org\",\"@graph\":[{\"@type\":\"WebPage\",\"@id\":\"https:\\\/\\\/2025.oekermann.de\\\/pl\\\/zalety\\\/pokonywanie-dluzszych-dystansow-2\\\/\",\"url\":\"https:\\\/\\\/2025.oekermann.de\\\/pl\\\/zalety\\\/pokonywanie-dluzszych-dystansow-2\\\/\",\"name\":\"Pokonywanie d\u0142u\u017cszych dystans\u00f3w - Pneumatische F\u00f6rdertechnik - OEKERMANN Abwassertechnik\",\"isPartOf\":{\"@id\":\"https:\\\/\\\/2025.oekermann.de\\\/#website\"},\"datePublished\":\"2018-02-11T15:28:05+00:00\",\"dateModified\":\"2025-04-28T10:56:45+00:00\",\"breadcrumb\":{\"@id\":\"https:\\\/\\\/2025.oekermann.de\\\/pl\\\/zalety\\\/pokonywanie-dluzszych-dystansow-2\\\/#breadcrumb\"},\"inLanguage\":\"pl-PL\",\"potentialAction\":[{\"@type\":\"ReadAction\",\"target\":[\"https:\\\/\\\/2025.oekermann.de\\\/pl\\\/zalety\\\/pokonywanie-dluzszych-dystansow-2\\\/\"]}]},{\"@type\":\"BreadcrumbList\",\"@id\":\"https:\\\/\\\/2025.oekermann.de\\\/pl\\\/zalety\\\/pokonywanie-dluzszych-dystansow-2\\\/#breadcrumb\",\"itemListElement\":[{\"@type\":\"ListItem\",\"position\":1,\"name\":\"Startseite\",\"item\":\"https:\\\/\\\/2025.oekermann.de\\\/pl\\\/\"},{\"@type\":\"ListItem\",\"position\":2,\"name\":\"Zalety\",\"item\":\"https:\\\/\\\/2025.oekermann.de\\\/pl\\\/zalety\\\/\"},{\"@type\":\"ListItem\",\"position\":3,\"name\":\"Pokonywanie d\u0142u\u017cszych dystans\u00f3w\"}]},{\"@type\":\"WebSite\",\"@id\":\"https:\\\/\\\/2025.oekermann.de\\\/#website\",\"url\":\"https:\\\/\\\/2025.oekermann.de\\\/\",\"name\":\"Pneumatische F\u00f6rdertechnik - OEKERMANN Abwassertechnik\",\"description\":\"\",\"potentialAction\":[{\"@type\":\"SearchAction\",\"target\":{\"@type\":\"EntryPoint\",\"urlTemplate\":\"https:\\\/\\\/2025.oekermann.de\\\/?s={search_term_string}\"},\"query-input\":{\"@type\":\"PropertyValueSpecification\",\"valueRequired\":true,\"valueName\":\"search_term_string\"}}],\"inLanguage\":\"pl-PL\"}]}<\/script>\n<!-- \/ Yoast SEO plugin. -->","yoast_head_json":{"title":"Pokonywanie d\u0142u\u017cszych dystans\u00f3w - Pneumatische F\u00f6rdertechnik - OEKERMANN Abwassertechnik","robots":{"index":"index","follow":"follow","max-snippet":"max-snippet:-1","max-image-preview":"max-image-preview:large","max-video-preview":"max-video-preview:-1"},"canonical":"https:\/\/2025.oekermann.de\/pl\/zalety\/pokonywanie-dluzszych-dystansow-2\/","og_locale":"pl_PL","og_type":"article","og_title":"Pokonywanie d\u0142u\u017cszych dystans\u00f3w - Pneumatische F\u00f6rdertechnik - OEKERMANN Abwassertechnik","og_description":"D\u0142ugie rury przesy\u0142owe D\u0142ugo\u015b\u0107 rur ci\u015bnieniowych w systemach pneumatycznycznego przepompowywania \u015bciek\u00f3w firmy OEKERMANN mo\u017ce si\u0119ga\u0107 nawet kilku kilometr\u00f3w. Dzi\u0119ki zastosowaniu pneumatycznego rozwi\u0105zania tworzenie si\u0119 siarkowodoru na skutek braku tlenu\/powietrza jest wykluczone. Procesy po przedmuchu Dzi\u0119ki systemowi automatycznego przedmuchu, rura przesy\u0142owa jest regularnie czyszczona i opr\u00f3\u017cniana w regulowanych odst\u0119pach czasowych w okresie produkcji ma\u0142ej ilo\u015bci \u015bciek\u00f3wWeiterlesen \"Pokonywanie d\u0142u\u017cszych dystans\u00f3w\"","og_url":"https:\/\/2025.oekermann.de\/pl\/zalety\/pokonywanie-dluzszych-dystansow-2\/","og_site_name":"Pneumatische F\u00f6rdertechnik - OEKERMANN Abwassertechnik","article_publisher":"https:\/\/www.facebook.com\/pages\/Oekermann-Abwassertechnik\/1007781205906685","article_modified_time":"2025-04-28T10:56:45+00:00","twitter_card":"summary_large_image","twitter_site":"@Oekermann","twitter_misc":{"Szacowany czas czytania":"1 minuta"},"schema":{"@context":"https:\/\/schema.org","@graph":[{"@type":"WebPage","@id":"https:\/\/2025.oekermann.de\/pl\/zalety\/pokonywanie-dluzszych-dystansow-2\/","url":"https:\/\/2025.oekermann.de\/pl\/zalety\/pokonywanie-dluzszych-dystansow-2\/","name":"Pokonywanie d\u0142u\u017cszych dystans\u00f3w - Pneumatische F\u00f6rdertechnik - OEKERMANN Abwassertechnik","isPartOf":{"@id":"https:\/\/2025.oekermann.de\/#website"},"datePublished":"2018-02-11T15:28:05+00:00","dateModified":"2025-04-28T10:56:45+00:00","breadcrumb":{"@id":"https:\/\/2025.oekermann.de\/pl\/zalety\/pokonywanie-dluzszych-dystansow-2\/#breadcrumb"},"inLanguage":"pl-PL","potentialAction":[{"@type":"ReadAction","target":["https:\/\/2025.oekermann.de\/pl\/zalety\/pokonywanie-dluzszych-dystansow-2\/"]}]},{"@type":"BreadcrumbList","@id":"https:\/\/2025.oekermann.de\/pl\/zalety\/pokonywanie-dluzszych-dystansow-2\/#breadcrumb","itemListElement":[{"@type":"ListItem","position":1,"name":"Startseite","item":"https:\/\/2025.oekermann.de\/pl\/"},{"@type":"ListItem","position":2,"name":"Zalety","item":"https:\/\/2025.oekermann.de\/pl\/zalety\/"},{"@type":"ListItem","position":3,"name":"Pokonywanie d\u0142u\u017cszych dystans\u00f3w"}]},{"@type":"WebSite","@id":"https:\/\/2025.oekermann.de\/#website","url":"https:\/\/2025.oekermann.de\/","name":"Pneumatische F\u00f6rdertechnik - OEKERMANN Abwassertechnik","description":"","potentialAction":[{"@type":"SearchAction","target":{"@type":"EntryPoint","urlTemplate":"https:\/\/2025.oekermann.de\/?s={search_term_string}"},"query-input":{"@type":"PropertyValueSpecification","valueRequired":true,"valueName":"search_term_string"}}],"inLanguage":"pl-PL"}]}},"_links":{"self":[{"href":"https:\/\/2025.oekermann.de\/pl\/wp-json\/wp\/v2\/pages\/4219","targetHints":{"allow":["GET"]}}],"collection":[{"href":"https:\/\/2025.oekermann.de\/pl\/wp-json\/wp\/v2\/pages"}],"about":[{"href":"https:\/\/2025.oekermann.de\/pl\/wp-json\/wp\/v2\/types\/page"}],"author":[{"embeddable":true,"href":"https:\/\/2025.oekermann.de\/pl\/wp-json\/wp\/v2\/users\/2"}],"replies":[{"embeddable":true,"href":"https:\/\/2025.oekermann.de\/pl\/wp-json\/wp\/v2\/comments?post=4219"}],"version-history":[{"count":1,"href":"https:\/\/2025.oekermann.de\/pl\/wp-json\/wp\/v2\/pages\/4219\/revisions"}],"predecessor-version":[{"id":4864,"href":"https:\/\/2025.oekermann.de\/pl\/wp-json\/wp\/v2\/pages\/4219\/revisions\/4864"}],"up":[{"embeddable":true,"href":"https:\/\/2025.oekermann.de\/pl\/wp-json\/wp\/v2\/pages\/4222"}],"wp:attachment":[{"href":"https:\/\/2025.oekermann.de\/pl\/wp-json\/wp\/v2\/media?parent=4219"}],"curies":[{"name":"wp","href":"https:\/\/api.w.org\/{rel}","templated":true}]}}