{"id":4220,"date":"2017-02-05T19:28:04","date_gmt":"2017-02-05T18:28:04","guid":{"rendered":"https:\/\/2025.oekermann.de\/elastyczne-prowadzenie-przewodow-cisnieniowych-2\/"},"modified":"2023-09-15T11:50:54","modified_gmt":"2023-09-15T09:50:54","slug":"elastyczne-prowadzenie-przewodow-cisnieniowych-2","status":"publish","type":"page","link":"https:\/\/2025.oekermann.de\/pl\/zalety\/elastyczne-prowadzenie-przewodow-cisnieniowych-2\/","title":{"rendered":"Elastyczne prowadzenie przewod\u00f3w ci\u015bnieniowych"},"content":{"rendered":"<section>\n<h2>Linie ci\u015bnieniowe z wysokimi i niskimi punktami<\/h2>\n<p>Pneumatyczny system przesy\u0142u \u015bciek\u00f3w firmy OEKERMANN pozwala na uk\u0142adanie rur przesy\u0142owych r\u00f3wnolegle do kraw\u0119dzi gruntu, na g\u0142\u0119boko\u015bci niezamarzaj\u0105cej. Jest to bardzo korzystne ekonomicznie.<\/p>\n<p>Wysokie i niskie punkty na trasie przesy\u0142u s\u0105\u00a0 \u0142atwo pokonywane.<\/p>\n<p>Jako, \u017ce do transportu \u015bciek\u00f3w wykorzystujemy spr\u0119\u017cone powietrze, nie ma potrzeby wentylacji wy\u017cszych punkt\u00f3w (\u015bcieki s\u0105 wzbogacane tlenem). Czyszczenia najni\u017cszych punkt\u00f3w r\u00f3wnie\u017c nie jest konieczne, poniewa\u017c nast\u0119puje ono podczas <a href=\"https:\/\/2025.oekermann.de\/fachbegriffe\/nachblasautomatik\/\">ponownego przedmuchu.<\/a><\/p>\n<p>Uk\u0142adanie <a href=\"https:\/\/2025.oekermann.de\/vorteile\/druckleitungen\/\">przewod\u00f3w ci\u015bnieniowych<\/a> jest zatem op\u0142acalne i oszcz\u0119dza czas.   <\/p>\n<p>Obliczenie rur ci\u015bnieniowych, czyli okre\u015blenie najkorzystniejszej \u015brednicy, a tak\u017ce warto\u015bci ci\u015bnienia manometrycznego i atmosferycznego w celu okre\u015blenia optymalnych wymiar\u00f3w systemu, przeprowadzamy w specjalnym oprogramowaniu zaprojektowanym przez firm\u0119 OEKERMANN. <\/p>\n<h2>Pokonywanie du\u017cych r\u00f3\u017cnic wysoko\u015bci<\/h2>\n<p>W systemach OEKERMANN ci\u015bnienie manometryczne mo\u017ce wynie\u015b\u0107 do ok. 0,8 MPa = 8 bar. Maksymalne ci\u015bnienie projektowe system\u00f3w wynosi 1 MPa = 10 bar. Wszystkie komponenty s\u0105 zaprojektowane do tego zakresu ci\u015bnie\u0144.  <\/p>\n<h2>Zastosowanie na bardziej p\u0142askim terenie<\/h2>\n<p>Nawet na bardziej p\u0142askim terenie, lub terenie o naturalnym nachyleniu, w przypadku <a href=\"https:\/\/2025.oekermann.de\/vorteile\/foerderung-geringer-wassermengen\/\">ma\u0142ych ilo\u015bci \u015bciek\u00f3w<\/a> bzw. lub d\u0142u\u017cszych okres\u00f3w suszy sensowne mo\u017ce by\u0107 stosowanie system\u00f3w. Podczas <a href=\"https:\/\/2025.oekermann.de\/fachbegriffe\/nachblasautomatik\/\">procesu przedmuchu<\/a> ci\u0119\u017csze materia\u0142y s\u0105 przepychane, a monta\u017c tego systemu jest ta\u0144sza od ruroci\u0105g\u00f3w grawitacyjnych.<\/p>\n<p>Nie ma <a href=\"https:\/\/2025.oekermann.de\/vorteile\/foerderung-geringer-wassermengen\/\">nieprzyjemnych zapach\u00f3w,<\/a> czy uszkodze\u0144 korozyjnych systemu.<\/p>\n<p><img decoding=\"async\" class=\"img-1\" src=\"\/wp-content\/uploads\/2017\/02\/Oekermann-Abwassertechnik-Ueberwindung-von-Hoehenunterschieden-1.jpg\" alt=\"Verbundsysteme mit mehreren pneumatischen Abwasser-F\u00f6rderanlagen\" \/><\/p>\n<\/section>\n<section class=\"downloads\">\n<div class=\"animate-in\" data-anim-type=\"fade-in-right-big\" data-anim-delay=\"\">\n<div class=\"dl-wrapper\">\n<h2>Dowiedz si\u0119 wi\u0119cej:<\/h2>\n<ul class=\"dl-files\">\n<li class=\"pdf-file-1\"><a href=\"\/res\/pdf\/sonderdruckschriften\/OEKERMANN-Info-02-Die-wichtigsten-Einsatzgruende-fuer-unsere-pneumatischen-Abwasser-Foerderanlagen.pdf\" target=\"_blank\" rel=\"noopener noreferrer\"> Najwa\u017cniejsze powody korzystania z pneumatycznych system\u00f3w odprowadzania \u015bciek\u00f3w <\/a><\/li>\n<\/ul>\n<div class=\"dl-all\"><a title=\"Kostenlose Downloads zur Pneumatischen Abwassertechnik\" href=\"https:\/\/2025.oekermann.de\/downloads\/\">Bezp\u0142atne informacje dotycz\u0105ce pneumatycznej technologii oczyszczania \u015bciek\u00f3w<\/a><\/div>\n<\/div>\n<\/div>\n<\/section>\n<section class=\"page-nav\">\n<div class=\"animate-in\" data-anim-type=\"fade-in-right-big\" data-anim-delay=\"\"><a class=\"envor-btn envor-btn-primary envor-btn-normal next\" href=\"https:\/\/2025.oekermann.de\/vorteile\/druckleitungen\/\"> Pokonywanie du\u017cych dystans\u00f3w <i class=\"fa fa-chevron-right\"><\/i><\/a><a class=\"envor-btn envor-btn-primary envor-btn-normal prev\" href=\"https:\/\/2025.oekermann.de\/vorteile\/foerderung-geringer-wassermengen\/\"><i class=\"fa fa-chevron-left\"><\/i> brak tworzenia si\u0119 zgnilizny i osad\u00f3w<\/a><\/div>\n<\/section>\n","protected":false},"excerpt":{"rendered":"<p>Linie ci\u015bnieniowe z wysokimi i niskimi punktami Pneumatyczny system przesy\u0142u \u015bciek\u00f3w firmy OEKERMANN pozwala na uk\u0142adanie rur przesy\u0142owych r\u00f3wnolegle do kraw\u0119dzi gruntu, na g\u0142\u0119boko\u015bci niezamarzaj\u0105cej. Jest to bardzo korzystne ekonomicznie. Wysokie i niskie punkty na trasie przesy\u0142u s\u0105\u00a0 \u0142atwo pokonywane. Jako, \u017ce do transportu \u015bciek\u00f3w wykorzystujemy spr\u0119\u017cone powietrze, nie ma potrzeby wentylacji wy\u017cszych punkt\u00f3w (\u015bcieki<\/p>\n<p class=\"link-more\"><a href=\"https:\/\/2025.oekermann.de\/pl\/zalety\/elastyczne-prowadzenie-przewodow-cisnieniowych-2\/\" class=\"envor-btn\">Weiterlesen<span class=\"screen-reader-text\"> &#8220;Elastyczne prowadzenie przewod\u00f3w ci\u015bnieniowych&#8221;<\/span><\/a><\/p>\n","protected":false},"author":2,"featured_media":0,"parent":4222,"menu_order":0,"comment_status":"closed","ping_status":"closed","template":"","meta":{"footnotes":""},"class_list":["post-4220","page","type-page","status-publish","hentry"],"yoast_head":"<!-- This site is optimized with the Yoast SEO plugin v27.4 - https:\/\/yoast.com\/product\/yoast-seo-wordpress\/ -->\n<title>Elastyczne prowadzenie przewod\u00f3w ci\u015bnieniowych - Pneumatische F\u00f6rdertechnik - OEKERMANN Abwassertechnik<\/title>\n<meta name=\"robots\" content=\"index, follow, max-snippet:-1, max-image-preview:large, max-video-preview:-1\" \/>\n<link rel=\"canonical\" href=\"https:\/\/2025.oekermann.de\/elastyczne-prowadzenie-przewodow-cisnieniowych-2\/\" \/>\n<meta property=\"og:locale\" content=\"pl_PL\" \/>\n<meta property=\"og:type\" content=\"article\" \/>\n<meta property=\"og:title\" content=\"Elastyczne prowadzenie przewod\u00f3w ci\u015bnieniowych - Pneumatische F\u00f6rdertechnik - OEKERMANN Abwassertechnik\" \/>\n<meta property=\"og:description\" content=\"Linie ci\u015bnieniowe z wysokimi i niskimi punktami Pneumatyczny system przesy\u0142u \u015bciek\u00f3w firmy OEKERMANN pozwala na uk\u0142adanie rur przesy\u0142owych r\u00f3wnolegle do kraw\u0119dzi gruntu, na g\u0142\u0119boko\u015bci niezamarzaj\u0105cej. Jest to bardzo korzystne ekonomicznie. Wysokie i niskie punkty na trasie przesy\u0142u s\u0105\u00a0 \u0142atwo pokonywane. Jako, \u017ce do transportu \u015bciek\u00f3w wykorzystujemy spr\u0119\u017cone powietrze, nie ma potrzeby wentylacji wy\u017cszych punkt\u00f3w (\u015bciekiWeiterlesen &quot;Elastyczne prowadzenie przewod\u00f3w ci\u015bnieniowych&quot;\" \/>\n<meta property=\"og:url\" content=\"https:\/\/2025.oekermann.de\/elastyczne-prowadzenie-przewodow-cisnieniowych-2\/\" \/>\n<meta property=\"og:site_name\" content=\"Pneumatische F\u00f6rdertechnik - OEKERMANN Abwassertechnik\" \/>\n<meta property=\"article:publisher\" content=\"https:\/\/www.facebook.com\/pages\/Oekermann-Abwassertechnik\/1007781205906685\" \/>\n<meta property=\"article:modified_time\" content=\"2023-09-15T09:50:54+00:00\" \/>\n<meta name=\"twitter:card\" content=\"summary_large_image\" \/>\n<meta name=\"twitter:site\" content=\"@Oekermann\" \/>\n<meta name=\"twitter:label1\" content=\"Szacowany czas czytania\" \/>\n\t<meta name=\"twitter:data1\" content=\"1 minuta\" \/>\n<script type=\"application\/ld+json\" class=\"yoast-schema-graph\">{\"@context\":\"https:\\\/\\\/schema.org\",\"@graph\":[{\"@type\":\"WebPage\",\"@id\":\"https:\\\/\\\/2025.oekermann.de\\\/elastyczne-prowadzenie-przewodow-cisnieniowych-2\\\/\",\"url\":\"https:\\\/\\\/2025.oekermann.de\\\/elastyczne-prowadzenie-przewodow-cisnieniowych-2\\\/\",\"name\":\"Elastyczne prowadzenie przewod\u00f3w ci\u015bnieniowych - Pneumatische F\u00f6rdertechnik - OEKERMANN Abwassertechnik\",\"isPartOf\":{\"@id\":\"https:\\\/\\\/2025.oekermann.de\\\/#website\"},\"datePublished\":\"2017-02-05T18:28:04+00:00\",\"dateModified\":\"2023-09-15T09:50:54+00:00\",\"breadcrumb\":{\"@id\":\"https:\\\/\\\/2025.oekermann.de\\\/elastyczne-prowadzenie-przewodow-cisnieniowych-2\\\/#breadcrumb\"},\"inLanguage\":\"pl-PL\",\"potentialAction\":[{\"@type\":\"ReadAction\",\"target\":[\"https:\\\/\\\/2025.oekermann.de\\\/elastyczne-prowadzenie-przewodow-cisnieniowych-2\\\/\"]}]},{\"@type\":\"BreadcrumbList\",\"@id\":\"https:\\\/\\\/2025.oekermann.de\\\/elastyczne-prowadzenie-przewodow-cisnieniowych-2\\\/#breadcrumb\",\"itemListElement\":[{\"@type\":\"ListItem\",\"position\":1,\"name\":\"Startseite\",\"item\":\"https:\\\/\\\/2025.oekermann.de\\\/pl\\\/\"},{\"@type\":\"ListItem\",\"position\":2,\"name\":\"Elastyczne prowadzenie przewod\u00f3w ci\u015bnieniowych\"}]},{\"@type\":\"WebSite\",\"@id\":\"https:\\\/\\\/2025.oekermann.de\\\/#website\",\"url\":\"https:\\\/\\\/2025.oekermann.de\\\/\",\"name\":\"Pneumatische F\u00f6rdertechnik - OEKERMANN Abwassertechnik\",\"description\":\"\",\"potentialAction\":[{\"@type\":\"SearchAction\",\"target\":{\"@type\":\"EntryPoint\",\"urlTemplate\":\"https:\\\/\\\/2025.oekermann.de\\\/?s={search_term_string}\"},\"query-input\":{\"@type\":\"PropertyValueSpecification\",\"valueRequired\":true,\"valueName\":\"search_term_string\"}}],\"inLanguage\":\"pl-PL\"}]}<\/script>\n<!-- \/ Yoast SEO plugin. -->","yoast_head_json":{"title":"Elastyczne prowadzenie przewod\u00f3w ci\u015bnieniowych - Pneumatische F\u00f6rdertechnik - OEKERMANN Abwassertechnik","robots":{"index":"index","follow":"follow","max-snippet":"max-snippet:-1","max-image-preview":"max-image-preview:large","max-video-preview":"max-video-preview:-1"},"canonical":"https:\/\/2025.oekermann.de\/elastyczne-prowadzenie-przewodow-cisnieniowych-2\/","og_locale":"pl_PL","og_type":"article","og_title":"Elastyczne prowadzenie przewod\u00f3w ci\u015bnieniowych - Pneumatische F\u00f6rdertechnik - OEKERMANN Abwassertechnik","og_description":"Linie ci\u015bnieniowe z wysokimi i niskimi punktami Pneumatyczny system przesy\u0142u \u015bciek\u00f3w firmy OEKERMANN pozwala na uk\u0142adanie rur przesy\u0142owych r\u00f3wnolegle do kraw\u0119dzi gruntu, na g\u0142\u0119boko\u015bci niezamarzaj\u0105cej. Jest to bardzo korzystne ekonomicznie. Wysokie i niskie punkty na trasie przesy\u0142u s\u0105\u00a0 \u0142atwo pokonywane. Jako, \u017ce do transportu \u015bciek\u00f3w wykorzystujemy spr\u0119\u017cone powietrze, nie ma potrzeby wentylacji wy\u017cszych punkt\u00f3w (\u015bciekiWeiterlesen \"Elastyczne prowadzenie przewod\u00f3w ci\u015bnieniowych\"","og_url":"https:\/\/2025.oekermann.de\/elastyczne-prowadzenie-przewodow-cisnieniowych-2\/","og_site_name":"Pneumatische F\u00f6rdertechnik - OEKERMANN Abwassertechnik","article_publisher":"https:\/\/www.facebook.com\/pages\/Oekermann-Abwassertechnik\/1007781205906685","article_modified_time":"2023-09-15T09:50:54+00:00","twitter_card":"summary_large_image","twitter_site":"@Oekermann","twitter_misc":{"Szacowany czas czytania":"1 minuta"},"schema":{"@context":"https:\/\/schema.org","@graph":[{"@type":"WebPage","@id":"https:\/\/2025.oekermann.de\/elastyczne-prowadzenie-przewodow-cisnieniowych-2\/","url":"https:\/\/2025.oekermann.de\/elastyczne-prowadzenie-przewodow-cisnieniowych-2\/","name":"Elastyczne prowadzenie przewod\u00f3w ci\u015bnieniowych - Pneumatische F\u00f6rdertechnik - OEKERMANN Abwassertechnik","isPartOf":{"@id":"https:\/\/2025.oekermann.de\/#website"},"datePublished":"2017-02-05T18:28:04+00:00","dateModified":"2023-09-15T09:50:54+00:00","breadcrumb":{"@id":"https:\/\/2025.oekermann.de\/elastyczne-prowadzenie-przewodow-cisnieniowych-2\/#breadcrumb"},"inLanguage":"pl-PL","potentialAction":[{"@type":"ReadAction","target":["https:\/\/2025.oekermann.de\/elastyczne-prowadzenie-przewodow-cisnieniowych-2\/"]}]},{"@type":"BreadcrumbList","@id":"https:\/\/2025.oekermann.de\/elastyczne-prowadzenie-przewodow-cisnieniowych-2\/#breadcrumb","itemListElement":[{"@type":"ListItem","position":1,"name":"Startseite","item":"https:\/\/2025.oekermann.de\/pl\/"},{"@type":"ListItem","position":2,"name":"Elastyczne prowadzenie przewod\u00f3w ci\u015bnieniowych"}]},{"@type":"WebSite","@id":"https:\/\/2025.oekermann.de\/#website","url":"https:\/\/2025.oekermann.de\/","name":"Pneumatische F\u00f6rdertechnik - OEKERMANN Abwassertechnik","description":"","potentialAction":[{"@type":"SearchAction","target":{"@type":"EntryPoint","urlTemplate":"https:\/\/2025.oekermann.de\/?s={search_term_string}"},"query-input":{"@type":"PropertyValueSpecification","valueRequired":true,"valueName":"search_term_string"}}],"inLanguage":"pl-PL"}]}},"_links":{"self":[{"href":"https:\/\/2025.oekermann.de\/pl\/wp-json\/wp\/v2\/pages\/4220","targetHints":{"allow":["GET"]}}],"collection":[{"href":"https:\/\/2025.oekermann.de\/pl\/wp-json\/wp\/v2\/pages"}],"about":[{"href":"https:\/\/2025.oekermann.de\/pl\/wp-json\/wp\/v2\/types\/page"}],"author":[{"embeddable":true,"href":"https:\/\/2025.oekermann.de\/pl\/wp-json\/wp\/v2\/users\/2"}],"replies":[{"embeddable":true,"href":"https:\/\/2025.oekermann.de\/pl\/wp-json\/wp\/v2\/comments?post=4220"}],"version-history":[{"count":0,"href":"https:\/\/2025.oekermann.de\/pl\/wp-json\/wp\/v2\/pages\/4220\/revisions"}],"up":[{"embeddable":true,"href":"https:\/\/2025.oekermann.de\/pl\/wp-json\/wp\/v2\/pages\/4222"}],"wp:attachment":[{"href":"https:\/\/2025.oekermann.de\/pl\/wp-json\/wp\/v2\/media?parent=4220"}],"curies":[{"name":"wp","href":"https:\/\/api.w.org\/{rel}","templated":true}]}}