{"id":4224,"date":"2017-02-05T19:50:46","date_gmt":"2017-02-05T18:50:46","guid":{"rendered":"https:\/\/2025.oekermann.de\/zalety\/systemy-zlozone\/"},"modified":"2023-09-15T13:15:37","modified_gmt":"2023-09-15T11:15:37","slug":"systemy-zlozone","status":"publish","type":"page","link":"https:\/\/2025.oekermann.de\/pl\/zalety\/systemy-zlozone\/","title":{"rendered":"Systemy z\u0142o\u017cone"},"content":{"rendered":"<section>\n<h2>Zintegrowanie kilku pojedy\u0144czych pneumatycznych stacji przepompowywania \u015bciek\u00f3w <\/h2>\n<p>Zintegrowane systemy kilku przepompowni mo\u017cna \u0142atwo wdro\u017cy\u0107 przy u\u017cyciu system\u00f3w OEKERMANN, dzi\u0119ki temu \u017ce spr\u0119\u017carki umo\u017cliwiaj\u0105 prace systemu przy <a href=\"https:\/\/2025.oekermann.de\/vorteile\/hoehenueberwindung\/\">r\u00f3\u017cnych ci\u015bnieniach<\/a>.<\/p>\n<p>W zale\u017cno\u015bci od tego, czy i ile spr\u0119\u017carek w systemie pracuje przy cz\u0119\u015bciowym, czy pe\u0142nym obci\u0105\u017ceniu mog\u0105 si\u0119 pojawi\u0107 r\u00f3\u017cne warto\u015bci ci\u015bnienia na indywidualnych stacjach. Dzieje si\u0119 tak ze wzgl\u0119du na r\u00f3\u017cne warto\u015bci strat, na skutek r\u00f3\u017cnych warto\u015bci wsp\u00f3\u0142czynnika tarcia.<\/p>\n<p>Przyk\u0142adem takiego systemu jest pod\u0142\u0105czenie <\/a> <a href=\"https:\/\/2025.oekermann.de\/produktgruppen\/kleine-anlagen\/\">pojedy\u0144czego domu,<\/a> osiedla, lub ca\u0142ego miasta do \u00a0<a href=\"https:\/\/2025.oekermann.de\/vorteile\/druckleitungen\/\">g\u0142\u00f3wnej rury przesy\u0142owej.<\/p>\n<p>Pojedy\u0144cze <a href=\"https:\/\/2025.oekermann.de\/2018\/08\/29\/abwasserfoerderung-vergleich-der-technologien\/\">pneumatyczne systemy przesy\u0142u<\/a> nie blokuj\u0105 siebie nawzajem i dzia\u0142aj\u0105 wy\u0142\u0105cznie w zale\u017cno\u015bci od ilo\u015bci dop\u0142ywaj\u0105cych \u015bciek\u00f3w. Zapewnia to <a href=\"https:\/\/2025.oekermann.de\/vorteile\/keine-verstopfung\/\">wysoki poziom niezawodno\u015bci dzia\u0142ania<\/a> i <a href=\"https:\/\/2025.oekermann.de\/vorteile\/wirtschaftlichkeit\/\"> op\u0142acalno\u015b\u0107 ca\u0142ego systemu.<\/a> <\/p>\n<p>Dzi\u0119ki odpowiedniemu planowaniu z wyprzedzeniem systemy z\u0142o\u017cone mo\u017cna w przysz\u0142o\u015bci elastycznie rozszerza\u0107 w zale\u017cno\u015bci od potrzeb.<\/p>\n<p><img decoding=\"async\" class=\"img-1\" src=\"\/wp-content\/uploads\/2017\/02\/Oekermann-Abwasser-Verbundsysteme-1.jpg\" alt=\"Verbundsysteme mit mehreren pneumatischen Abwasser-F\u00f6rderanlagen\" \/><\/p>\n<\/section>\n<section class=\"downloads\">\n<div class=\"animate-in\" data-anim-type=\"fade-in-right-big\" data-anim-delay=\"\">\n<div class=\"dl-wrapper\">\n<div class=\"dl-all\"><a title=\"Kostenlose Downloads zur Pneumatischen Abwassertechnik\" href=\"https:\/\/2025.oekermann.de\/downloads\/\">Zum kostenlosen Info-Material rund um pneumatische Abwassertechnik<\/a><\/div>\n<\/div>\n<\/div>\n<\/section>\n<section class=\"page-nav\">\n<div class=\" animate-in\" data-anim-type=\"fade-in-right-big\" data-anim-delay=\"\"><a class=\"envor-btn envor-btn-primary envor-btn-normal next\" href=\"https:\/\/2025.oekermann.de\/vorteile\/foerderung-geringer-wassermengen\/\"> Keine F\u00e4ulnisbildung und Ablagerungen <i class=\"fa fa-chevron-right\"><\/i><\/a><a class=\"envor-btn envor-btn-primary envor-btn-normal prev\" href=\"https:\/\/2025.oekermann.de\/vorteile\/wirtschaftlichkeit\/\"><i class=\"fa fa-chevron-left\"><\/i> Wirtschaftlichkeit <\/a><\/div>\n<\/section>\n","protected":false},"excerpt":{"rendered":"<p>Zintegrowanie kilku pojedy\u0144czych pneumatycznych stacji przepompowywania \u015bciek\u00f3w Zintegrowane systemy kilku przepompowni mo\u017cna \u0142atwo wdro\u017cy\u0107 przy u\u017cyciu system\u00f3w OEKERMANN, dzi\u0119ki temu \u017ce spr\u0119\u017carki umo\u017cliwiaj\u0105 prace systemu przy r\u00f3\u017cnych ci\u015bnieniach. W zale\u017cno\u015bci od tego, czy i ile spr\u0119\u017carek w systemie pracuje przy cz\u0119\u015bciowym, czy pe\u0142nym obci\u0105\u017ceniu mog\u0105 si\u0119 pojawi\u0107 r\u00f3\u017cne warto\u015bci ci\u015bnienia na indywidualnych stacjach. Dzieje si\u0119<\/p>\n<p class=\"link-more\"><a href=\"https:\/\/2025.oekermann.de\/pl\/zalety\/systemy-zlozone\/\" class=\"envor-btn\">Weiterlesen<span class=\"screen-reader-text\"> &#8220;Systemy z\u0142o\u017cone&#8221;<\/span><\/a><\/p>\n","protected":false},"author":2,"featured_media":0,"parent":4222,"menu_order":0,"comment_status":"closed","ping_status":"closed","template":"","meta":{"footnotes":""},"class_list":["post-4224","page","type-page","status-publish","hentry"],"yoast_head":"<!-- This site is optimized with the Yoast SEO plugin v27.4 - https:\/\/yoast.com\/product\/yoast-seo-wordpress\/ -->\n<title>Systemy z\u0142o\u017cone - Pneumatische F\u00f6rdertechnik - OEKERMANN Abwassertechnik<\/title>\n<meta name=\"robots\" content=\"index, follow, max-snippet:-1, max-image-preview:large, max-video-preview:-1\" \/>\n<link rel=\"canonical\" href=\"https:\/\/2025.oekermann.de\/pl\/zalety\/systemy-zlozone\/\" \/>\n<meta property=\"og:locale\" content=\"pl_PL\" \/>\n<meta property=\"og:type\" content=\"article\" \/>\n<meta property=\"og:title\" content=\"Systemy z\u0142o\u017cone - Pneumatische F\u00f6rdertechnik - OEKERMANN Abwassertechnik\" \/>\n<meta property=\"og:description\" content=\"Zintegrowanie kilku pojedy\u0144czych pneumatycznych stacji przepompowywania \u015bciek\u00f3w Zintegrowane systemy kilku przepompowni mo\u017cna \u0142atwo wdro\u017cy\u0107 przy u\u017cyciu system\u00f3w OEKERMANN, dzi\u0119ki temu \u017ce spr\u0119\u017carki umo\u017cliwiaj\u0105 prace systemu przy r\u00f3\u017cnych ci\u015bnieniach. W zale\u017cno\u015bci od tego, czy i ile spr\u0119\u017carek w systemie pracuje przy cz\u0119\u015bciowym, czy pe\u0142nym obci\u0105\u017ceniu mog\u0105 si\u0119 pojawi\u0107 r\u00f3\u017cne warto\u015bci ci\u015bnienia na indywidualnych stacjach. Dzieje si\u0119Weiterlesen &quot;Systemy z\u0142o\u017cone&quot;\" \/>\n<meta property=\"og:url\" content=\"https:\/\/2025.oekermann.de\/pl\/zalety\/systemy-zlozone\/\" \/>\n<meta property=\"og:site_name\" content=\"Pneumatische F\u00f6rdertechnik - OEKERMANN Abwassertechnik\" \/>\n<meta property=\"article:publisher\" content=\"https:\/\/www.facebook.com\/pages\/Oekermann-Abwassertechnik\/1007781205906685\" \/>\n<meta property=\"article:modified_time\" content=\"2023-09-15T11:15:37+00:00\" \/>\n<meta name=\"twitter:card\" content=\"summary_large_image\" \/>\n<meta name=\"twitter:site\" content=\"@Oekermann\" \/>\n<meta name=\"twitter:label1\" content=\"Szacowany czas czytania\" \/>\n\t<meta name=\"twitter:data1\" content=\"1 minuta\" \/>\n<script type=\"application\/ld+json\" class=\"yoast-schema-graph\">{\"@context\":\"https:\\\/\\\/schema.org\",\"@graph\":[{\"@type\":\"WebPage\",\"@id\":\"https:\\\/\\\/2025.oekermann.de\\\/pl\\\/zalety\\\/systemy-zlozone\\\/\",\"url\":\"https:\\\/\\\/2025.oekermann.de\\\/pl\\\/zalety\\\/systemy-zlozone\\\/\",\"name\":\"Systemy z\u0142o\u017cone - Pneumatische F\u00f6rdertechnik - OEKERMANN Abwassertechnik\",\"isPartOf\":{\"@id\":\"https:\\\/\\\/2025.oekermann.de\\\/#website\"},\"datePublished\":\"2017-02-05T18:50:46+00:00\",\"dateModified\":\"2023-09-15T11:15:37+00:00\",\"breadcrumb\":{\"@id\":\"https:\\\/\\\/2025.oekermann.de\\\/pl\\\/zalety\\\/systemy-zlozone\\\/#breadcrumb\"},\"inLanguage\":\"pl-PL\",\"potentialAction\":[{\"@type\":\"ReadAction\",\"target\":[\"https:\\\/\\\/2025.oekermann.de\\\/pl\\\/zalety\\\/systemy-zlozone\\\/\"]}]},{\"@type\":\"BreadcrumbList\",\"@id\":\"https:\\\/\\\/2025.oekermann.de\\\/pl\\\/zalety\\\/systemy-zlozone\\\/#breadcrumb\",\"itemListElement\":[{\"@type\":\"ListItem\",\"position\":1,\"name\":\"Startseite\",\"item\":\"https:\\\/\\\/2025.oekermann.de\\\/pl\\\/\"},{\"@type\":\"ListItem\",\"position\":2,\"name\":\"Zalety\",\"item\":\"https:\\\/\\\/2025.oekermann.de\\\/pl\\\/zalety\\\/\"},{\"@type\":\"ListItem\",\"position\":3,\"name\":\"Systemy z\u0142o\u017cone\"}]},{\"@type\":\"WebSite\",\"@id\":\"https:\\\/\\\/2025.oekermann.de\\\/#website\",\"url\":\"https:\\\/\\\/2025.oekermann.de\\\/\",\"name\":\"Pneumatische F\u00f6rdertechnik - OEKERMANN Abwassertechnik\",\"description\":\"\",\"potentialAction\":[{\"@type\":\"SearchAction\",\"target\":{\"@type\":\"EntryPoint\",\"urlTemplate\":\"https:\\\/\\\/2025.oekermann.de\\\/?s={search_term_string}\"},\"query-input\":{\"@type\":\"PropertyValueSpecification\",\"valueRequired\":true,\"valueName\":\"search_term_string\"}}],\"inLanguage\":\"pl-PL\"}]}<\/script>\n<!-- \/ Yoast SEO plugin. -->","yoast_head_json":{"title":"Systemy z\u0142o\u017cone - Pneumatische F\u00f6rdertechnik - OEKERMANN Abwassertechnik","robots":{"index":"index","follow":"follow","max-snippet":"max-snippet:-1","max-image-preview":"max-image-preview:large","max-video-preview":"max-video-preview:-1"},"canonical":"https:\/\/2025.oekermann.de\/pl\/zalety\/systemy-zlozone\/","og_locale":"pl_PL","og_type":"article","og_title":"Systemy z\u0142o\u017cone - Pneumatische F\u00f6rdertechnik - OEKERMANN Abwassertechnik","og_description":"Zintegrowanie kilku pojedy\u0144czych pneumatycznych stacji przepompowywania \u015bciek\u00f3w Zintegrowane systemy kilku przepompowni mo\u017cna \u0142atwo wdro\u017cy\u0107 przy u\u017cyciu system\u00f3w OEKERMANN, dzi\u0119ki temu \u017ce spr\u0119\u017carki umo\u017cliwiaj\u0105 prace systemu przy r\u00f3\u017cnych ci\u015bnieniach. W zale\u017cno\u015bci od tego, czy i ile spr\u0119\u017carek w systemie pracuje przy cz\u0119\u015bciowym, czy pe\u0142nym obci\u0105\u017ceniu mog\u0105 si\u0119 pojawi\u0107 r\u00f3\u017cne warto\u015bci ci\u015bnienia na indywidualnych stacjach. Dzieje si\u0119Weiterlesen \"Systemy z\u0142o\u017cone\"","og_url":"https:\/\/2025.oekermann.de\/pl\/zalety\/systemy-zlozone\/","og_site_name":"Pneumatische F\u00f6rdertechnik - OEKERMANN Abwassertechnik","article_publisher":"https:\/\/www.facebook.com\/pages\/Oekermann-Abwassertechnik\/1007781205906685","article_modified_time":"2023-09-15T11:15:37+00:00","twitter_card":"summary_large_image","twitter_site":"@Oekermann","twitter_misc":{"Szacowany czas czytania":"1 minuta"},"schema":{"@context":"https:\/\/schema.org","@graph":[{"@type":"WebPage","@id":"https:\/\/2025.oekermann.de\/pl\/zalety\/systemy-zlozone\/","url":"https:\/\/2025.oekermann.de\/pl\/zalety\/systemy-zlozone\/","name":"Systemy z\u0142o\u017cone - Pneumatische F\u00f6rdertechnik - OEKERMANN Abwassertechnik","isPartOf":{"@id":"https:\/\/2025.oekermann.de\/#website"},"datePublished":"2017-02-05T18:50:46+00:00","dateModified":"2023-09-15T11:15:37+00:00","breadcrumb":{"@id":"https:\/\/2025.oekermann.de\/pl\/zalety\/systemy-zlozone\/#breadcrumb"},"inLanguage":"pl-PL","potentialAction":[{"@type":"ReadAction","target":["https:\/\/2025.oekermann.de\/pl\/zalety\/systemy-zlozone\/"]}]},{"@type":"BreadcrumbList","@id":"https:\/\/2025.oekermann.de\/pl\/zalety\/systemy-zlozone\/#breadcrumb","itemListElement":[{"@type":"ListItem","position":1,"name":"Startseite","item":"https:\/\/2025.oekermann.de\/pl\/"},{"@type":"ListItem","position":2,"name":"Zalety","item":"https:\/\/2025.oekermann.de\/pl\/zalety\/"},{"@type":"ListItem","position":3,"name":"Systemy z\u0142o\u017cone"}]},{"@type":"WebSite","@id":"https:\/\/2025.oekermann.de\/#website","url":"https:\/\/2025.oekermann.de\/","name":"Pneumatische F\u00f6rdertechnik - OEKERMANN Abwassertechnik","description":"","potentialAction":[{"@type":"SearchAction","target":{"@type":"EntryPoint","urlTemplate":"https:\/\/2025.oekermann.de\/?s={search_term_string}"},"query-input":{"@type":"PropertyValueSpecification","valueRequired":true,"valueName":"search_term_string"}}],"inLanguage":"pl-PL"}]}},"_links":{"self":[{"href":"https:\/\/2025.oekermann.de\/pl\/wp-json\/wp\/v2\/pages\/4224","targetHints":{"allow":["GET"]}}],"collection":[{"href":"https:\/\/2025.oekermann.de\/pl\/wp-json\/wp\/v2\/pages"}],"about":[{"href":"https:\/\/2025.oekermann.de\/pl\/wp-json\/wp\/v2\/types\/page"}],"author":[{"embeddable":true,"href":"https:\/\/2025.oekermann.de\/pl\/wp-json\/wp\/v2\/users\/2"}],"replies":[{"embeddable":true,"href":"https:\/\/2025.oekermann.de\/pl\/wp-json\/wp\/v2\/comments?post=4224"}],"version-history":[{"count":0,"href":"https:\/\/2025.oekermann.de\/pl\/wp-json\/wp\/v2\/pages\/4224\/revisions"}],"up":[{"embeddable":true,"href":"https:\/\/2025.oekermann.de\/pl\/wp-json\/wp\/v2\/pages\/4222"}],"wp:attachment":[{"href":"https:\/\/2025.oekermann.de\/pl\/wp-json\/wp\/v2\/media?parent=4224"}],"curies":[{"name":"wp","href":"https:\/\/api.w.org\/{rel}","templated":true}]}}