{"id":4225,"date":"2017-02-05T19:00:25","date_gmt":"2017-02-05T18:00:25","guid":{"rendered":"https:\/\/2025.oekermann.de\/pneumatyczne-pompowanie-sciekow\/"},"modified":"2025-06-11T12:22:35","modified_gmt":"2025-06-11T10:22:35","slug":"pneumatyczne-pompowanie-sciekow","status":"publish","type":"page","link":"https:\/\/2025.oekermann.de\/pl\/","title":{"rendered":"Pneumatyczne pompowanie \u015bciek\u00f3w"},"content":{"rendered":"<div class=\"mysection inner-wrap\">\n<div class=\"row\">\n<div class=\"col-md-12 mysubheader\">\n<h2><a href=\"https:\/\/2025.oekermann.de\/vorteile\/\">Zalety<\/a><\/h2>\n<\/div>\n<div class=\"col-md-4 mytext\">\n<p>Planujesz oczyszczalnie \u015bciek\u00f3w, w kt\u00f3rej panuj\u0105 trudne warunki? U\u017cyj jednego z systemu OEKERMANN i zajmij si\u0119 swoim kolejnym projektem:<\/p>\n<ul style=\"margin-left: 15px;\">\n<li><a href=\"https:\/\/2025.oekermann.de\/vorteile\/foerderung-geringer-wassermengen\/\">\u017badnych nieprzyjemnych zapach\u00f3w, \u017cadnej korozji<\/a><\/li>\n<li><a href=\"https:\/\/2025.oekermann.de\/vorteile\/hoehenueberwindung\/\">Pokonywanie r\u00f3\u017cnic wysoko\u015bci<\/a><\/li>\n<li><a href=\"https:\/\/2025.oekermann.de\/vorteile\/druckleitungen\/\">Pokonywanie du\u017cych odleg\u0142o\u015bci<\/a><\/li>\n<li><a href=\"https:\/\/2025.oekermann.de\/vorteile\/keine-verstopfung\/\">\u017badnych zator\u00f3w i osad\u00f3w<\/a><\/li>\n<li><a href=\"?page_id=963\">Wszechstronne zastosowania<\/a><\/li>\n<li><a href=\"https:\/\/2025.oekermann.de\/vorteile\/wirtschaftlichkeit\/\">Wysoka op\u0142acalno\u015b\u0107 i niezawodno\u015b\u0107 dzia\u0142ania<\/a><\/li>\n<li><a href=\"https:\/\/2025.oekermann.de\/vorteile\/verbundsysteme\/\">Prosta konstrukcja po\u0142\u0105czonych ze sob\u0105 system\u00f3w<\/a><\/li>\n<li><a href=\"https:\/\/2025.oekermann.de\/wartung\/\">Kompetentna i szybka obs\u0142uga<\/a><\/li>\n<\/ul>\n<\/div>\n<div class=\"col-md-4 myimg\"><img decoding=\"async\" class=\"img-1\" src=\"\/wp-content\/uploads\/2019\/07\/IMG-20181217-WA0009-43.jpg-bearbeitet.jpg\" alt=\"\" \/><\/div>\n<div class=\"col-md-4 myimg\"><img decoding=\"async\" class=\"img-1\" src=\"\/wp-content\/uploads\/2018\/03\/OEKERMANN-Pneumatische-Abwasserfoerderung-Kompaktanlagen-OKA-und-1-Kessel-Doppelanlagen-1.jpg\" alt=\"\" \/><\/div>\n<\/div>\n<\/div>\n<section id=\"tec-comparison\" class=\"grey-bg\">\n<div class=\"inner-wrap\">\n<p class=\"neu-label\"><strong>Nasza aktualna broszura wizerunkowa<\/strong><br \/>\nW naszym <a href=\"\/wp-content\/uploads\/2022\/07\/Oekermann-Pneumatische-Abwassertechnik-Image-Prospekt-Deutsch.pdf\" target=\"_blank\" rel=\"noopener\">Obraz-Prospekt<\/a> w wygodny spos\u00f3b przegl\u0105d naszej historii, produkt\u00f3w i wielu cech szczeg\u00f3lnych pneumatycznej technologii oczyszczania \u015bciek\u00f3w w por\u0119cznym formacie PDF.<\/p>\n<\/div>\n<\/section>\n<div class=\"mysection inner-wrap\">\n<div class=\"row\">\n<div class=\"col-md-12 mysubheader\">\n<h2><a href=\"https:\/\/2025.oekermann.de\/anwendungsfaelle\/\">Obszary zastosowa\u0144<\/a><\/h2>\n<\/div>\n<div class=\"col-md-4 mytext\">\n<p>Systemy OEKERMANN mo\u017cna \u015bmia\u0142o stosowa\u0107 do r\u00f3\u017cnych obiekt\u00f3w:<\/p>\n<ul style=\"margin-left: 15px;\">\n<li><a href=\"https:\/\/2025.oekermann.de\/produktgruppen\/doppelanlagen\/\">ma\u0142e miasteczka, dzielnice<\/a><\/li>\n<li><a href=\"https:\/\/2025.oekermann.de\/anwendungsfaelle\/abwasserentsorgung-von-autobahn-rastplaetzen\/\">parkingi przy autostradzie; przystanki na odpoczynek<\/a><\/li>\n<li><a href=\"https:\/\/2025.oekermann.de\/anwendungsfaelle\/campingplaetze\/\">zaplecze rekreacyjne<\/a><\/li>\n<li><a href=\"https:\/\/2025.oekermann.de\/anwendungsfaelle\/pneumatische-pumpwerke-fuer-den-bereich-energieversorgung\/\">obszar dostaw energii<\/a><\/li>\n<li><a href=\"https:\/\/2025.oekermann.de\/fachbegriffe\/sickerwasserableitung\/\">odcieki ze sk\u0142adowisk<\/a><\/li>\n<li><a href=\"https:\/\/2025.oekermann.de\/anwendungsfaelle\/abwasserentsorgung-von-golfclubs\/\">pola golfowe<\/a><\/li>\n<\/ul>\n<\/div>\n<div class=\"col-md-4 myimg\"><img decoding=\"async\" class=\"img-1\" src=\"\/wp-content\/uploads\/2017\/04\/Bayern_Oekermann_1.jpg\" alt=\"\" \/><\/div>\n<div class=\"col-md-4 myimg\"><img decoding=\"async\" class=\"img-1\" src=\"\/wp-content\/uploads\/2017\/05\/\u00d6sterreich_Oekermann_2.jpg\" alt=\"\" \/><\/div>\n<\/div>\n<\/div>\n<section id=\"its-owl-te3aser\" class=\"grey-bg\">\n<div class=\"inner-wrap\">\n<div class=\"row\">\n<div class=\"col-md-6\">\n<p><img decoding=\"async\" id=\"its-logo\" style=\"display: inline-block;\" src=\"\/wp-content\/uploads\/2020\/03\/its-OWL-Logo-e1583086906249.png\" alt=\"it\u2019s OWL - Logo\" \/><\/p>\n<h2 style=\"margin-top: 10px;\">wsp\u00f3\u0142praca z OWL<\/h2>\n<h3 style=\"font-size: 1rem !important;\">W sieci technologicznej (OWL) &#8211; czyli inteligentne systemy techniczne (Ostwestfalen-Lippe), w kt\u00f3rym ponad 200 firm, instytucji badawczych i organizacji opracowuje rozwi\u0105zania dla inteligentnych produkt\u00f3w i proces\u00f3w produkcyjnych.<\/h3>\n<\/div>\n<div class=\"col-md-6\">\n<p><img decoding=\"async\" class=\"img-1\" style=\"height: 80px; background: #fff; border: 5px solid #fff;\" src=\"\/wp-content\/uploads\/2023\/07\/Logo_DWA_RGB_Mitglied.jpg\" alt=\"\" \/><\/p>\n<h2 style=\"margin-top: 10px;\">Cz\u0142onek DWA<\/h2>\n<h3 style=\"font-size: 1rem !important;\">Jako stowarzyszenie niezale\u017cne politycznie i ekonomicznie, DWA anga\u017cuj\u0119 si\u0119 w zr\u00f3wnowa\u017con\u0105 gospodark\u0119 wodn\u0105 oraz promocj\u0119 bada\u0144 i rozwoju. DWA stanowi forum idei i wymiany opinii, a tak\u017ce pe\u0142ni rol\u0119 konsultanckie<\/h3>\n<\/div>\n<\/div>\n<\/div>\n<\/section>\n<div class=\"mysection inner-wrap clearfix\">\n<div class=\"row\">\n<div class=\"col-md-12 mysubheader\">\n<h2><a href=\"https:\/\/2025.oekermann.de\/produktgruppen\/\">Produkty<\/a><\/h2>\n<h3 style=\"font-size: 1rem !important;\">Szukasz kluczowych kompetencji? Od ponad 45 lat dostarczamy pneumatyczne systemy transportu \u015bciek\u00f3w w ca\u0142ym zakresie us\u0142ug:<\/h3>\n<\/div>\n<\/div>\n<div class=\"om-featured-wrap clearfix\">\n<article class=\"om-featured clickable-pane col-md-4 col-sm-12\">\n<div class=\"om-feature-inner\">\n<h3><a href=\"https:\/\/2025.oekermann.de\/produktgruppen\/kleine-anlagen-2\/\">Ma\u0142e systemy<\/a><\/h3>\n<div class=\"om-feature-body\">Firma OEKERMANN oferuje kompaktowe systemy przy\u0142\u0105czania pojedy\u0144czych dom\u00f3w lub ma\u0142ych osiedli do publicznej sieci kanalizacyjnej. Maj\u0105 te same zalety, co du\u017ce systemy podw\u00f3jne i wielokrotne.<\/p>\n<div class=\"feature-link\"><a href=\"https:\/\/2025.oekermann.de\/produktgruppen\/kleine-anlagen-2\/\">Detale<\/a>\u00a0<i class=\"fa fa-arrow-circle-right\"><\/i><\/div>\n<\/div>\n<\/div>\n<\/article>\n<article class=\"om-featured clickable-pane col-md-4 col-sm-12\">\n<div class=\"om-feature-inner\">\n<h3><a href=\"https:\/\/2025.oekermann.de\/produktgruppen\/1-kessel-doppelanlagen\/\">1 &#8211; kot\u0142owe systemy podw\u00f3jne<\/a><\/h3>\n<div class=\"om-feature-body\">\n<p>Systemy podw\u00f3jne 1 &#8211; kot\u0142owe s\u0105 seri\u0105, kt\u00f3ra wielko\u015bciowo znajduj\u0105 si\u0119 pomi\u0119dzy najmniejszym systemami (seria OKA), a systemami podw\u00f3jnymi.<\/p>\n<div class=\"feature-link\"><a href=\"https:\/\/2025.oekermann.de\/produktgruppen\/1-kessel-doppelanlagen\/\">Details<\/a>\u00a0<i class=\"fa fa-arrow-circle-right\"><\/i><\/div>\n<\/div>\n<\/div>\n<\/article>\n<article class=\"om-featured clickable-pane col-md-4 col-sm-12\">\n<div class=\"om-feature-inner\">\n<h3><a href=\"https:\/\/2025.oekermann.de\/produktgruppen\/doppelanlagen\/\">Systemy podw\u00f3jne<\/a><\/h3>\n<div class=\"om-feature-body\">\n<p>Dla ma\u0142ych i \u015brednich warto\u015bci ci\u015bnienia, czyli np. do przepompowni ma\u0142ych miast zwykle stosuje si\u0119 systemy z dwoma kot\u0142ami (zbiornikami roboczymi) i dwoma spr\u0119\u017carkami.<\/p>\n<div class=\"feature-link\"><a href=\"https:\/\/2025.oekermann.de\/produktgruppen\/doppelanlagen\/\">Detale<\/a>\u00a0<i class=\"fa fa-arrow-circle-right\"><\/i><\/div>\n<\/div>\n<\/div>\n<\/article>\n<article class=\"om-featured clickable-pane col-md-4 col-sm-12\">\n<div class=\"om-feature-inner\">\n<h3><a href=\"https:\/\/2025.oekermann.de\/produktgruppen\/drei-und-vierfachanlagen\/\">Systemy potr\u00f3jne i poczw\u00f3rne<\/a><\/h3>\n<div class=\"om-feature-body\">\n<p>Systemy potr\u00f3jne i poczw\u00f3rne zwykle stosuje si\u0119 do kilku przepompowni, przy wi\u0119kszych miastach i centrach przemys\u0142owych. Ich op\u0142acalno\u015b\u0107 ekonomiczna przy du\u017cym przep\u0142ywie \u015bciek\u00f3w, poniewa\u017c system mo\u017ce si\u0119 adaptowa\u0107 w bardziej elastyczny spos\u00f3b do bie\u017c\u0105cego przep\u0142ywu.<\/p>\n<div class=\"feature-link\"><a href=\"https:\/\/2025.oekermann.de\/produktgruppen\/drei-und-vierfachanlagen\/\">Detale<\/a>\u00a0<i class=\"fa fa-arrow-circle-right\"><\/i><\/div>\n<\/div>\n<\/div>\n<\/article>\n<article class=\"om-featured clickable-pane col-md-4 col-sm-12\">\n<div class=\"om-feature-inner\">\n<h3><a href=\"https:\/\/2025.oekermann.de\/produktgruppen\/kombination-pneumatik-pumpe\/\">Systemy hybrydowe (po\u0142\u0105czenie pneumatyki i pompy hydraulicznej)<\/a><\/h3>\n<div class=\"om-feature-body\">\n<p>Systemach te stosowane s\u0105 w miejscach gdzie wyst\u0119puj\u0105 du\u017ce ilo\u015bci opad\u00f3w i co za tym idzie jest dost\u0119pna du\u017ca ilo\u015b\u0107 deszcz\u00f3wki.<\/p>\n<div class=\"feature-link\"><a href=\"https:\/\/2025.oekermann.de\/produktgruppen\/kombination-pneumatik-pumpe\/\">Detale<\/a>\u00a0<i class=\"fa fa-arrow-circle-right\"><\/i><\/div>\n<\/div>\n<\/div>\n<\/article>\n<\/div>\n<\/div>\n<section id=\"tec-comparison\" class=\"grey-bg\">\n<div class=\"inner-wrap\">\n<p class=\"neu-label\"><strong>Nasz najnowszy system sterowania elektronicznego &#8211; CPU 10!<\/strong><br \/>\n<a href=\"https:\/\/2025.oekermann.de\/vorteile\/elektronische-steuerung\/\">do artyku\u0142u<\/a>\u00a0<i class=\"fa fa-arrow-circle-right\"><\/i><\/p>\n<\/div>\n<\/section>\n<div class=\"mysection inner-wrap\">\n<div class=\"row\">\n<div class=\"col-md-12 mysubheader\">\n<h2><a href=\"https:\/\/2025.oekermann.de\/wartung\/\">Serwis<\/a><\/h2>\n<\/div>\n<div class=\"col-md-4 mytext\">Zaplanuj przepompownie \u015bciek\u00f3w od producenta, kt\u00f3ry zajmie si\u0119 nimi r\u00f3wnie\u017c po dostawie. Nasza ob\u0142uga w trakcie bie\u017c\u0105cej dzia\u0142alno\u015bci jest na najwy\u017cszym poziomie:<\/p>\n<ul style=\"margin-left: 15px;\">\n<li><a href=\"https:\/\/2025.oekermann.de\/wartung\/\">umowy serwisowe<\/a><\/li>\n<li><a href=\"https:\/\/2025.oekermann.de\/wartung\/ersatzteile\/\">szybka dostawa cz\u0119\u015bci zamiennych<\/a><\/li>\n<li><a href=\"https:\/\/2025.oekermann.de\/ueber-uns\/meilensteine\/\">firma rodzinna, wi\u0119c bli\u017cej nam do klienta<\/a><\/li>\n<\/ul>\n<\/div>\n<div class=\"col-md-4 myimg\"><img decoding=\"async\" class=\"img-1\" src=\"\/wp-content\/uploads\/2021\/05\/Oekermann_Team_1b.jpg\" alt=\"\" \/><\/div>\n<div class=\"col-md-4 myimg\"><img decoding=\"async\" class=\"img-1\" src=\"\/wp-content\/uploads\/2017\/04\/Oekermann_Servicewagen2.jpg\" alt=\"\" \/><\/div>\n<\/div>\n<\/div>\n<section id=\"tec-comparison\" class=\"grey-bg\">\n<div class=\"inner-wrap\">\n<p class=\"knowledge-label\"><strong>Por\u00f3wnanie pneumatycznego pompowania \u015bciek\u00f3w z konwencjonaln\u0105 technologi\u0105 pomp<\/strong><br \/>\n<a href=\"https:\/\/2025.oekermann.de\/pneumatische-abwasserfoerderung-vs-konventionelle-pumpentechnik\/\">do artyku\u0142u<\/a>\u00a0<i class=\"fa fa-arrow-circle-right\"><\/i><\/p>\n<\/div>\n<\/section>\n<div class=\"mysection inner-wrap\">\n<div class=\"row\">\n<div class=\"col-md-12 mysubheader\">\n<h2><a href=\"https:\/\/2025.oekermann.de\/ueber-uns\/\">Firma<\/a><\/h2>\n<\/div>\n<div class=\"col-md-4 mytext\">\n<p>Od 1977 roku jeste\u015bmy \u015bredniej wielko\u015bci firm\u0105 rodzinn\u0105:<\/p>\n<ul style=\"margin-left: 15px;\">\n<li>nasze produkty stosowane s\u0105 na terenie ca\u0142ych Niemiec i kraj\u00f3w s\u0105siednich<\/li>\n<li>zapewniamy kompleksowe wsparcie biur in\u017cynierskich w planowaniu<\/li>\n<li>zapewniamy dostaw\u0119 i monta\u017c wysokiej jako\u015bci i trwa\u0142ych system\u00f3w<\/li>\n<\/ul>\n<\/div>\n<div class=\"col-md-4 myimg\"><img decoding=\"async\" class=\"img-1\" src=\"\/wp-content\/uploads\/2017\/05\/Oekermann_Blog_PWC-Anlagen.jpg\" alt=\"\" \/><\/div>\n<div class=\"col-md-4 myimg\"><img decoding=\"async\" class=\"img-1\" src=\"\/wp-content\/uploads\/2017\/02\/Pneumatische-Abwasser-Foerderung-Druckluftpumpwerk-fuer-Freizeiteinrichtungen.jpg\" alt=\"\" \/><\/div>\n<\/div>\n<\/div>\n","protected":false},"excerpt":{"rendered":"<p>Zalety Planujesz oczyszczalnie \u015bciek\u00f3w, w kt\u00f3rej panuj\u0105 trudne warunki? U\u017cyj jednego z systemu OEKERMANN i zajmij si\u0119 swoim kolejnym projektem: \u017badnych nieprzyjemnych zapach\u00f3w, \u017cadnej korozji Pokonywanie r\u00f3\u017cnic wysoko\u015bci Pokonywanie du\u017cych odleg\u0142o\u015bci \u017badnych zator\u00f3w i osad\u00f3w Wszechstronne zastosowania Wysoka op\u0142acalno\u015b\u0107 i niezawodno\u015b\u0107 dzia\u0142ania Prosta konstrukcja po\u0142\u0105czonych ze sob\u0105 system\u00f3w Kompetentna i szybka obs\u0142uga Nasza aktualna broszura<\/p>\n<p class=\"link-more\"><a href=\"https:\/\/2025.oekermann.de\/pl\/\" class=\"envor-btn\">Weiterlesen<span class=\"screen-reader-text\"> &#8220;Pneumatyczne pompowanie \u015bciek\u00f3w&#8221;<\/span><\/a><\/p>\n","protected":false},"author":2,"featured_media":0,"parent":0,"menu_order":0,"comment_status":"closed","ping_status":"closed","template":"","meta":{"footnotes":""},"class_list":["post-4225","page","type-page","status-publish","hentry"],"yoast_head":"<!-- This site is optimized with the Yoast SEO plugin v27.4 - https:\/\/yoast.com\/product\/yoast-seo-wordpress\/ -->\n<title>Pneumatyczne pompowanie \u015bciek\u00f3w - Pneumatische F\u00f6rdertechnik - OEKERMANN Abwassertechnik<\/title>\n<meta name=\"robots\" content=\"index, follow, max-snippet:-1, max-image-preview:large, max-video-preview:-1\" \/>\n<link rel=\"canonical\" href=\"https:\/\/2025.oekermann.de\/pl\/\" \/>\n<meta property=\"og:locale\" content=\"pl_PL\" \/>\n<meta property=\"og:type\" content=\"article\" \/>\n<meta property=\"og:title\" content=\"Pneumatyczne pompowanie \u015bciek\u00f3w - Pneumatische F\u00f6rdertechnik - OEKERMANN Abwassertechnik\" \/>\n<meta property=\"og:description\" content=\"Zalety Planujesz oczyszczalnie \u015bciek\u00f3w, w kt\u00f3rej panuj\u0105 trudne warunki? U\u017cyj jednego z systemu OEKERMANN i zajmij si\u0119 swoim kolejnym projektem: \u017badnych nieprzyjemnych zapach\u00f3w, \u017cadnej korozji Pokonywanie r\u00f3\u017cnic wysoko\u015bci Pokonywanie du\u017cych odleg\u0142o\u015bci \u017badnych zator\u00f3w i osad\u00f3w Wszechstronne zastosowania Wysoka op\u0142acalno\u015b\u0107 i niezawodno\u015b\u0107 dzia\u0142ania Prosta konstrukcja po\u0142\u0105czonych ze sob\u0105 system\u00f3w Kompetentna i szybka obs\u0142uga Nasza aktualna broszuraWeiterlesen &quot;Pneumatyczne pompowanie \u015bciek\u00f3w&quot;\" \/>\n<meta property=\"og:url\" content=\"https:\/\/2025.oekermann.de\/pl\/\" \/>\n<meta property=\"og:site_name\" content=\"Pneumatische F\u00f6rdertechnik - OEKERMANN Abwassertechnik\" \/>\n<meta property=\"article:publisher\" content=\"https:\/\/www.facebook.com\/pages\/Oekermann-Abwassertechnik\/1007781205906685\" \/>\n<meta property=\"article:modified_time\" content=\"2025-06-11T10:22:35+00:00\" \/>\n<meta name=\"twitter:card\" content=\"summary_large_image\" \/>\n<meta name=\"twitter:site\" content=\"@Oekermann\" \/>\n<meta name=\"twitter:label1\" content=\"Szacowany czas czytania\" \/>\n\t<meta name=\"twitter:data1\" content=\"5 minut\" \/>\n<script type=\"application\/ld+json\" class=\"yoast-schema-graph\">{\"@context\":\"https:\\\/\\\/schema.org\",\"@graph\":[{\"@type\":\"WebPage\",\"@id\":\"https:\\\/\\\/2025.oekermann.de\\\/pl\\\/\",\"url\":\"https:\\\/\\\/2025.oekermann.de\\\/pl\\\/\",\"name\":\"Pneumatyczne pompowanie \u015bciek\u00f3w - Pneumatische F\u00f6rdertechnik - OEKERMANN Abwassertechnik\",\"isPartOf\":{\"@id\":\"https:\\\/\\\/2025.oekermann.de\\\/#website\"},\"datePublished\":\"2017-02-05T18:00:25+00:00\",\"dateModified\":\"2025-06-11T10:22:35+00:00\",\"breadcrumb\":{\"@id\":\"https:\\\/\\\/2025.oekermann.de\\\/pl\\\/#breadcrumb\"},\"inLanguage\":\"pl-PL\",\"potentialAction\":[{\"@type\":\"ReadAction\",\"target\":[\"https:\\\/\\\/2025.oekermann.de\\\/pl\\\/\"]}]},{\"@type\":\"BreadcrumbList\",\"@id\":\"https:\\\/\\\/2025.oekermann.de\\\/pl\\\/#breadcrumb\",\"itemListElement\":[{\"@type\":\"ListItem\",\"position\":1,\"name\":\"Startseite\",\"item\":\"https:\\\/\\\/2025.oekermann.de\\\/pl\\\/\"},{\"@type\":\"ListItem\",\"position\":2,\"name\":\"Pneumatyczne pompowanie \u015bciek\u00f3w\"}]},{\"@type\":\"WebSite\",\"@id\":\"https:\\\/\\\/2025.oekermann.de\\\/#website\",\"url\":\"https:\\\/\\\/2025.oekermann.de\\\/\",\"name\":\"Pneumatische F\u00f6rdertechnik - OEKERMANN Abwassertechnik\",\"description\":\"\",\"potentialAction\":[{\"@type\":\"SearchAction\",\"target\":{\"@type\":\"EntryPoint\",\"urlTemplate\":\"https:\\\/\\\/2025.oekermann.de\\\/?s={search_term_string}\"},\"query-input\":{\"@type\":\"PropertyValueSpecification\",\"valueRequired\":true,\"valueName\":\"search_term_string\"}}],\"inLanguage\":\"pl-PL\"}]}<\/script>\n<!-- \/ Yoast SEO plugin. -->","yoast_head_json":{"title":"Pneumatyczne pompowanie \u015bciek\u00f3w - Pneumatische F\u00f6rdertechnik - OEKERMANN Abwassertechnik","robots":{"index":"index","follow":"follow","max-snippet":"max-snippet:-1","max-image-preview":"max-image-preview:large","max-video-preview":"max-video-preview:-1"},"canonical":"https:\/\/2025.oekermann.de\/pl\/","og_locale":"pl_PL","og_type":"article","og_title":"Pneumatyczne pompowanie \u015bciek\u00f3w - Pneumatische F\u00f6rdertechnik - OEKERMANN Abwassertechnik","og_description":"Zalety Planujesz oczyszczalnie \u015bciek\u00f3w, w kt\u00f3rej panuj\u0105 trudne warunki? U\u017cyj jednego z systemu OEKERMANN i zajmij si\u0119 swoim kolejnym projektem: \u017badnych nieprzyjemnych zapach\u00f3w, \u017cadnej korozji Pokonywanie r\u00f3\u017cnic wysoko\u015bci Pokonywanie du\u017cych odleg\u0142o\u015bci \u017badnych zator\u00f3w i osad\u00f3w Wszechstronne zastosowania Wysoka op\u0142acalno\u015b\u0107 i niezawodno\u015b\u0107 dzia\u0142ania Prosta konstrukcja po\u0142\u0105czonych ze sob\u0105 system\u00f3w Kompetentna i szybka obs\u0142uga Nasza aktualna broszuraWeiterlesen \"Pneumatyczne pompowanie \u015bciek\u00f3w\"","og_url":"https:\/\/2025.oekermann.de\/pl\/","og_site_name":"Pneumatische F\u00f6rdertechnik - OEKERMANN Abwassertechnik","article_publisher":"https:\/\/www.facebook.com\/pages\/Oekermann-Abwassertechnik\/1007781205906685","article_modified_time":"2025-06-11T10:22:35+00:00","twitter_card":"summary_large_image","twitter_site":"@Oekermann","twitter_misc":{"Szacowany czas czytania":"5 minut"},"schema":{"@context":"https:\/\/schema.org","@graph":[{"@type":"WebPage","@id":"https:\/\/2025.oekermann.de\/pl\/","url":"https:\/\/2025.oekermann.de\/pl\/","name":"Pneumatyczne pompowanie \u015bciek\u00f3w - Pneumatische F\u00f6rdertechnik - OEKERMANN Abwassertechnik","isPartOf":{"@id":"https:\/\/2025.oekermann.de\/#website"},"datePublished":"2017-02-05T18:00:25+00:00","dateModified":"2025-06-11T10:22:35+00:00","breadcrumb":{"@id":"https:\/\/2025.oekermann.de\/pl\/#breadcrumb"},"inLanguage":"pl-PL","potentialAction":[{"@type":"ReadAction","target":["https:\/\/2025.oekermann.de\/pl\/"]}]},{"@type":"BreadcrumbList","@id":"https:\/\/2025.oekermann.de\/pl\/#breadcrumb","itemListElement":[{"@type":"ListItem","position":1,"name":"Startseite","item":"https:\/\/2025.oekermann.de\/pl\/"},{"@type":"ListItem","position":2,"name":"Pneumatyczne pompowanie \u015bciek\u00f3w"}]},{"@type":"WebSite","@id":"https:\/\/2025.oekermann.de\/#website","url":"https:\/\/2025.oekermann.de\/","name":"Pneumatische F\u00f6rdertechnik - OEKERMANN Abwassertechnik","description":"","potentialAction":[{"@type":"SearchAction","target":{"@type":"EntryPoint","urlTemplate":"https:\/\/2025.oekermann.de\/?s={search_term_string}"},"query-input":{"@type":"PropertyValueSpecification","valueRequired":true,"valueName":"search_term_string"}}],"inLanguage":"pl-PL"}]}},"_links":{"self":[{"href":"https:\/\/2025.oekermann.de\/pl\/wp-json\/wp\/v2\/pages\/4225","targetHints":{"allow":["GET"]}}],"collection":[{"href":"https:\/\/2025.oekermann.de\/pl\/wp-json\/wp\/v2\/pages"}],"about":[{"href":"https:\/\/2025.oekermann.de\/pl\/wp-json\/wp\/v2\/types\/page"}],"author":[{"embeddable":true,"href":"https:\/\/2025.oekermann.de\/pl\/wp-json\/wp\/v2\/users\/2"}],"replies":[{"embeddable":true,"href":"https:\/\/2025.oekermann.de\/pl\/wp-json\/wp\/v2\/comments?post=4225"}],"version-history":[{"count":9,"href":"https:\/\/2025.oekermann.de\/pl\/wp-json\/wp\/v2\/pages\/4225\/revisions"}],"predecessor-version":[{"id":5118,"href":"https:\/\/2025.oekermann.de\/pl\/wp-json\/wp\/v2\/pages\/4225\/revisions\/5118"}],"wp:attachment":[{"href":"https:\/\/2025.oekermann.de\/pl\/wp-json\/wp\/v2\/media?parent=4225"}],"curies":[{"name":"wp","href":"https:\/\/api.w.org\/{rel}","templated":true}]}}