{"id":4230,"date":"2019-06-11T11:18:04","date_gmt":"2019-06-11T09:18:04","guid":{"rendered":"https:\/\/2025.oekermann.de\/o-nas\/"},"modified":"2023-09-21T08:09:57","modified_gmt":"2023-09-21T06:09:57","slug":"o-nas","status":"publish","type":"page","link":"https:\/\/2025.oekermann.de\/pl\/o-nas\/","title":{"rendered":"O nas"},"content":{"rendered":"<ul class=\"themen-index-links\">\n<li>\n<h2><a href=\"https:\/\/2025.oekermann.de\/ueber-uns\/die-idee\/\">Pomys\u0142<\/a><\/h2>\n<p>Jak w\u0142a\u015bciwie dosz\u0142o do pneumatycznego przepompowywanie \u015bciek\u00f3w?<br \/>\n<a class=\"d-btn d-btn-primary d-btn-normal\" href=\"https:\/\/2025.oekermann.de\/ueber-uns\/die-idee\/\"><b>tutaj mo\u017cesz si\u0119 dowiedzie\u0107 \u203a<\/b><\/a><\/li>\n<li>\n<h2><a href=\"https:\/\/2025.oekermann.de\/ueber-uns\/philosophie\/\">Filozofia<\/a><\/h2>\n<p>Od samego pocz\u0105tku firma OEKERMANN stawia\u0142a na produkcj\u0119 trwa\u0142ych przepompowni \u015bciek\u00f3w, kt\u00f3re s\u0105 przyjazne u\u017cytkownikowi.<br \/>\n<a class=\"d-btn d-btn-primary d-btn-normal\" href=\"https:\/\/2025.oekermann.de\/ueber-uns\/philosophie\/\"><b>wi\u0119cej o filozofii naszej firmy \u203a<\/b><\/a><\/li>\n<li>\n<h2><a href=\"https:\/\/2025.oekermann.de\/ueber-uns\/meilensteine\/\">Kroki milowe<\/a><\/h2>\n<p>Jakie by\u0142y kroki milowe w rozwoju pneumatycznych przepompowniach \u015bciek\u00f3w?<br \/>\n      <a class=\"d-btn d-btn-primary d-btn-normal\" href=\"https:\/\/2025.oekermann.de\/ueber-uns\/meilensteine\/\"><b>tutaj mo\u017cesz si\u0119 dowiedzie\u0107  \u203a<\/b><\/a><\/li>\n<li>\n<h2><a href=\"https:\/\/2025.oekermann.de\/ueber-uns\/reisemonteure\/\">Podr\u00f3\u017cuj\u0105cy monterzy<\/a><\/h2>\n<p>Nasze przepompownie \u015bciek\u00f3w s\u0105 zlokalizowane w ma\u0142ych wioskach w ca\u0142ych Niemczech, wi\u0119c praca naszego technika jest bardzo zr\u00f3\u017cnicowana.<br \/>\n      <a class=\"d-btn d-btn-primary d-btn-normal\" href=\"https:\/\/2025.oekermann.de\/ueber-uns\/reisemonteure\/\"><b>wi\u0119cej o naszych monterach\u203a<\/b><\/a><\/li>\n<li>\n<h2><a href=\"https:\/\/2025.oekermann.de\/ueber-uns\/karriere-bei-oekermann\/\">kariera w OEKERMANN<\/a><\/h2>\n<p>Dzia\u0142alno\u015b\u0107 naszych pracownik\u00f3w postrzegamy jako co\u015b wi\u0119cej ni\u017c tylko prac\u0119. Od wielu lat wsp\u00f3\u0142pracuje z nami wielu wykwalfikowanych i do\u015bwiadczonych koleg\u00f3w.<br \/>\n      <a class=\"d-btn d-btn-primary d-btn-normal\" href=\"https:\/\/2025.oekermann.de\/ueber-uns\/karriere-bei-oekermann\/\"><b>wi\u0119cej informacji \u203a<\/b><\/a><\/li>\n<\/ul>\n","protected":false},"excerpt":{"rendered":"<p>Pomys\u0142 Jak w\u0142a\u015bciwie dosz\u0142o do pneumatycznego przepompowywanie \u015bciek\u00f3w? tutaj mo\u017cesz si\u0119 dowiedzie\u0107 \u203a Filozofia Od samego pocz\u0105tku firma OEKERMANN stawia\u0142a na produkcj\u0119 trwa\u0142ych przepompowni \u015bciek\u00f3w, kt\u00f3re s\u0105 przyjazne u\u017cytkownikowi. wi\u0119cej o filozofii naszej firmy \u203a Kroki milowe Jakie by\u0142y kroki milowe w rozwoju pneumatycznych przepompowniach \u015bciek\u00f3w? tutaj mo\u017cesz si\u0119 dowiedzie\u0107 \u203a Podr\u00f3\u017cuj\u0105cy monterzy Nasze przepompownie<\/p>\n<p class=\"link-more\"><a href=\"https:\/\/2025.oekermann.de\/pl\/o-nas\/\" class=\"envor-btn\">Weiterlesen<span class=\"screen-reader-text\"> &#8220;O nas&#8221;<\/span><\/a><\/p>\n","protected":false},"author":1,"featured_media":0,"parent":0,"menu_order":0,"comment_status":"closed","ping_status":"closed","template":"","meta":{"footnotes":""},"class_list":["post-4230","page","type-page","status-publish","hentry"],"yoast_head":"<!-- This site is optimized with the Yoast SEO plugin v27.4 - https:\/\/yoast.com\/product\/yoast-seo-wordpress\/ -->\n<title>O nas - Pneumatische F\u00f6rdertechnik - OEKERMANN Abwassertechnik<\/title>\n<meta name=\"robots\" content=\"index, follow, max-snippet:-1, max-image-preview:large, max-video-preview:-1\" \/>\n<link rel=\"canonical\" href=\"https:\/\/2025.oekermann.de\/pl\/o-nas\/\" \/>\n<meta property=\"og:locale\" content=\"pl_PL\" \/>\n<meta property=\"og:type\" content=\"article\" \/>\n<meta property=\"og:title\" content=\"O nas - Pneumatische F\u00f6rdertechnik - OEKERMANN Abwassertechnik\" \/>\n<meta property=\"og:description\" content=\"Pomys\u0142 Jak w\u0142a\u015bciwie dosz\u0142o do pneumatycznego przepompowywanie \u015bciek\u00f3w? tutaj mo\u017cesz si\u0119 dowiedzie\u0107 \u203a Filozofia Od samego pocz\u0105tku firma OEKERMANN stawia\u0142a na produkcj\u0119 trwa\u0142ych przepompowni \u015bciek\u00f3w, kt\u00f3re s\u0105 przyjazne u\u017cytkownikowi. wi\u0119cej o filozofii naszej firmy \u203a Kroki milowe Jakie by\u0142y kroki milowe w rozwoju pneumatycznych przepompowniach \u015bciek\u00f3w? tutaj mo\u017cesz si\u0119 dowiedzie\u0107 \u203a Podr\u00f3\u017cuj\u0105cy monterzy Nasze przepompownieWeiterlesen &quot;O nas&quot;\" \/>\n<meta property=\"og:url\" content=\"https:\/\/2025.oekermann.de\/pl\/o-nas\/\" \/>\n<meta property=\"og:site_name\" content=\"Pneumatische F\u00f6rdertechnik - OEKERMANN Abwassertechnik\" \/>\n<meta property=\"article:publisher\" content=\"https:\/\/www.facebook.com\/pages\/Oekermann-Abwassertechnik\/1007781205906685\" \/>\n<meta property=\"article:modified_time\" content=\"2023-09-21T06:09:57+00:00\" \/>\n<meta name=\"twitter:card\" content=\"summary_large_image\" \/>\n<meta name=\"twitter:site\" content=\"@Oekermann\" \/>\n<meta name=\"twitter:label1\" content=\"Szacowany czas czytania\" \/>\n\t<meta name=\"twitter:data1\" content=\"1 minuta\" \/>\n<script type=\"application\/ld+json\" class=\"yoast-schema-graph\">{\"@context\":\"https:\\\/\\\/schema.org\",\"@graph\":[{\"@type\":\"WebPage\",\"@id\":\"https:\\\/\\\/2025.oekermann.de\\\/pl\\\/o-nas\\\/\",\"url\":\"https:\\\/\\\/2025.oekermann.de\\\/pl\\\/o-nas\\\/\",\"name\":\"O nas - Pneumatische F\u00f6rdertechnik - OEKERMANN Abwassertechnik\",\"isPartOf\":{\"@id\":\"https:\\\/\\\/2025.oekermann.de\\\/#website\"},\"datePublished\":\"2019-06-11T09:18:04+00:00\",\"dateModified\":\"2023-09-21T06:09:57+00:00\",\"breadcrumb\":{\"@id\":\"https:\\\/\\\/2025.oekermann.de\\\/pl\\\/o-nas\\\/#breadcrumb\"},\"inLanguage\":\"pl-PL\",\"potentialAction\":[{\"@type\":\"ReadAction\",\"target\":[\"https:\\\/\\\/2025.oekermann.de\\\/pl\\\/o-nas\\\/\"]}]},{\"@type\":\"BreadcrumbList\",\"@id\":\"https:\\\/\\\/2025.oekermann.de\\\/pl\\\/o-nas\\\/#breadcrumb\",\"itemListElement\":[{\"@type\":\"ListItem\",\"position\":1,\"name\":\"Startseite\",\"item\":\"https:\\\/\\\/2025.oekermann.de\\\/pl\\\/\"},{\"@type\":\"ListItem\",\"position\":2,\"name\":\"O nas\"}]},{\"@type\":\"WebSite\",\"@id\":\"https:\\\/\\\/2025.oekermann.de\\\/#website\",\"url\":\"https:\\\/\\\/2025.oekermann.de\\\/\",\"name\":\"Pneumatische F\u00f6rdertechnik - OEKERMANN Abwassertechnik\",\"description\":\"\",\"potentialAction\":[{\"@type\":\"SearchAction\",\"target\":{\"@type\":\"EntryPoint\",\"urlTemplate\":\"https:\\\/\\\/2025.oekermann.de\\\/?s={search_term_string}\"},\"query-input\":{\"@type\":\"PropertyValueSpecification\",\"valueRequired\":true,\"valueName\":\"search_term_string\"}}],\"inLanguage\":\"pl-PL\"}]}<\/script>\n<!-- \/ Yoast SEO plugin. -->","yoast_head_json":{"title":"O nas - Pneumatische F\u00f6rdertechnik - OEKERMANN Abwassertechnik","robots":{"index":"index","follow":"follow","max-snippet":"max-snippet:-1","max-image-preview":"max-image-preview:large","max-video-preview":"max-video-preview:-1"},"canonical":"https:\/\/2025.oekermann.de\/pl\/o-nas\/","og_locale":"pl_PL","og_type":"article","og_title":"O nas - Pneumatische F\u00f6rdertechnik - OEKERMANN Abwassertechnik","og_description":"Pomys\u0142 Jak w\u0142a\u015bciwie dosz\u0142o do pneumatycznego przepompowywanie \u015bciek\u00f3w? tutaj mo\u017cesz si\u0119 dowiedzie\u0107 \u203a Filozofia Od samego pocz\u0105tku firma OEKERMANN stawia\u0142a na produkcj\u0119 trwa\u0142ych przepompowni \u015bciek\u00f3w, kt\u00f3re s\u0105 przyjazne u\u017cytkownikowi. wi\u0119cej o filozofii naszej firmy \u203a Kroki milowe Jakie by\u0142y kroki milowe w rozwoju pneumatycznych przepompowniach \u015bciek\u00f3w? tutaj mo\u017cesz si\u0119 dowiedzie\u0107 \u203a Podr\u00f3\u017cuj\u0105cy monterzy Nasze przepompownieWeiterlesen \"O nas\"","og_url":"https:\/\/2025.oekermann.de\/pl\/o-nas\/","og_site_name":"Pneumatische F\u00f6rdertechnik - OEKERMANN Abwassertechnik","article_publisher":"https:\/\/www.facebook.com\/pages\/Oekermann-Abwassertechnik\/1007781205906685","article_modified_time":"2023-09-21T06:09:57+00:00","twitter_card":"summary_large_image","twitter_site":"@Oekermann","twitter_misc":{"Szacowany czas czytania":"1 minuta"},"schema":{"@context":"https:\/\/schema.org","@graph":[{"@type":"WebPage","@id":"https:\/\/2025.oekermann.de\/pl\/o-nas\/","url":"https:\/\/2025.oekermann.de\/pl\/o-nas\/","name":"O nas - Pneumatische F\u00f6rdertechnik - OEKERMANN Abwassertechnik","isPartOf":{"@id":"https:\/\/2025.oekermann.de\/#website"},"datePublished":"2019-06-11T09:18:04+00:00","dateModified":"2023-09-21T06:09:57+00:00","breadcrumb":{"@id":"https:\/\/2025.oekermann.de\/pl\/o-nas\/#breadcrumb"},"inLanguage":"pl-PL","potentialAction":[{"@type":"ReadAction","target":["https:\/\/2025.oekermann.de\/pl\/o-nas\/"]}]},{"@type":"BreadcrumbList","@id":"https:\/\/2025.oekermann.de\/pl\/o-nas\/#breadcrumb","itemListElement":[{"@type":"ListItem","position":1,"name":"Startseite","item":"https:\/\/2025.oekermann.de\/pl\/"},{"@type":"ListItem","position":2,"name":"O nas"}]},{"@type":"WebSite","@id":"https:\/\/2025.oekermann.de\/#website","url":"https:\/\/2025.oekermann.de\/","name":"Pneumatische F\u00f6rdertechnik - OEKERMANN Abwassertechnik","description":"","potentialAction":[{"@type":"SearchAction","target":{"@type":"EntryPoint","urlTemplate":"https:\/\/2025.oekermann.de\/?s={search_term_string}"},"query-input":{"@type":"PropertyValueSpecification","valueRequired":true,"valueName":"search_term_string"}}],"inLanguage":"pl-PL"}]}},"_links":{"self":[{"href":"https:\/\/2025.oekermann.de\/pl\/wp-json\/wp\/v2\/pages\/4230","targetHints":{"allow":["GET"]}}],"collection":[{"href":"https:\/\/2025.oekermann.de\/pl\/wp-json\/wp\/v2\/pages"}],"about":[{"href":"https:\/\/2025.oekermann.de\/pl\/wp-json\/wp\/v2\/types\/page"}],"author":[{"embeddable":true,"href":"https:\/\/2025.oekermann.de\/pl\/wp-json\/wp\/v2\/users\/1"}],"replies":[{"embeddable":true,"href":"https:\/\/2025.oekermann.de\/pl\/wp-json\/wp\/v2\/comments?post=4230"}],"version-history":[{"count":1,"href":"https:\/\/2025.oekermann.de\/pl\/wp-json\/wp\/v2\/pages\/4230\/revisions"}],"predecessor-version":[{"id":4231,"href":"https:\/\/2025.oekermann.de\/pl\/wp-json\/wp\/v2\/pages\/4230\/revisions\/4231"}],"wp:attachment":[{"href":"https:\/\/2025.oekermann.de\/pl\/wp-json\/wp\/v2\/media?parent=4230"}],"curies":[{"name":"wp","href":"https:\/\/api.w.org\/{rel}","templated":true}]}}