{"id":4232,"date":"2018-02-11T16:29:41","date_gmt":"2018-02-11T15:29:41","guid":{"rendered":"https:\/\/2025.oekermann.de\/zalety\/zadnych-zatorow\/"},"modified":"2023-09-22T12:55:28","modified_gmt":"2023-09-22T10:55:28","slug":"zadnych-zatorow","status":"publish","type":"page","link":"https:\/\/2025.oekermann.de\/pl\/zalety\/zadnych-zatorow\/","title":{"rendered":"\u017badnych zator\u00f3w"},"content":{"rendered":"<section>\n<h2>Niezawodna i korzystna konstrukcja<\/h2>\n<p>Pneumatyczne systemy <a href=\"https:\/\/2025.oekermann.de\/ueber-uns\/die-idee\/\">OEKERMANN<\/a> wyr\u00f3\u017cniaj\u0105 si\u0119 niewra\u017cliwo\u015bci\u0105 na cia\u0142a sta\u0142e znajduj\u0105ce si\u0119 w \u015bciekach, takie jak tekstylia, sztu\u0107ce, puszki oraz przede wszytkim artyku\u0142y higieniczne, takie jak wilgotne chusteczki. Kulowe zawory zwrotne po stronie t\u0142ocznej gwarantuj\u0105 wysoki poziom bezpiecze\u0144stwa pracy, poniewa\u017c materia\u0142y w\u0142\u00f3kniste nie mog\u0105 si\u0119 zakleszczy\u0107. Powszechne r\u00f3wnie\u017c w <a href=\"https:\/\/2025.oekermann.de\/fachbegriffe\/abwasser\/\">\u015bciekach<\/a> grube cia\u0142a sta\u0142e przechodz\u0105 przez systemy bez \u017cadnych problem\u00f3w.<\/p>\n<p>Ze wzgl\u0119du na stale such\u0105, <a href=\"https:\/\/2025.oekermann.de\/themen\/hygiene-und-gesundheit\/\">\u0142atw\u0105 w utrzymaniu instalacj\u0119<\/a> i zamkni\u0119ty system, osi\u0105ga si\u0119 wysoki poziom przyjazno\u015bci dla u\u017cytkownika dla lokalnego personelu ob\u0142suguj\u0105cego. System mo\u017ce zainstalowa\u0107 ca\u0142kowicie pod ziemi\u0105 lub z nadbud\u00f3wk\u0105.<\/p>\n<p>Wszystkie cz\u0119\u015bci systemu s\u0105 ustawione w przejrzysty spos\u00f3b. Ponadprzeci\u0119tn\u0105 \u017cywotno\u015b\u0107 i niskie zu\u017cycie zosta\u0142y osi\u0105gni\u0119te dzi\u0119ki konsekwentnemu stosowaniu wytrzyma\u0142ych komponent\u00f3w przemys\u0142owych.<\/p>\n<p><style type=\"text\/css\">\n#foogallery-gallery-1029 .fg-image { width: 510px; }\n#foogallery-gallery-1029 { --fg-gutter: 10px; }<\/style>\n\t\t\t<div class=\"foogallery foogallery-container foogallery-default foogallery-lightbox-foobox fg-left fg-default fg-ready fg-light fg-border-thin fg-shadow-small fg-loading-default fg-loaded-fade-in fg-hover-fade fg-hover-zoom\" id=\"foogallery-gallery-1029\" data-foogallery=\"{&quot;item&quot;:{&quot;showCaptionTitle&quot;:true,&quot;showCaptionDescription&quot;:false},&quot;lazy&quot;:true}\" style=\"--fg-title-line-clamp: 0; --fg-description-line-clamp: 0;\" >\n\t<div class=\"fg-item fg-type-image fg-idle\"><figure class=\"fg-item-inner\"><a href=\"https:\/\/2025.oekermann.de\/wp-content\/uploads\/2018\/02\/Keine-Verstopfungen.jpg\" data-attachment-id=\"1645\" data-type=\"image\" class=\"fg-thumb\"><span class=\"fg-image-wrap\"><img fetchpriority=\"high\" decoding=\"async\" width=\"510\" height=\"298\" class=\"skip-lazy fg-image\" data-src-fg=\"https:\/\/2025.oekermann.de\/wp-content\/uploads\/cache\/2018\/02\/Keine-Verstopfungen\/272995369.jpg\" src=\"data:image\/svg+xml,%3Csvg%20xmlns%3D%22http%3A%2F%2Fwww.w3.org%2F2000%2Fsvg%22%20width%3D%22510%22%20height%3D%22298%22%20viewBox%3D%220%200%20510%20298%22%3E%3C%2Fsvg%3E\" loading=\"eager\"><\/span><span class=\"fg-image-overlay\"><\/span><\/a><\/figure><div class=\"fg-loader\"><\/div><\/div><div class=\"fg-item fg-type-image fg-idle\"><figure class=\"fg-item-inner\"><a href=\"https:\/\/2025.oekermann.de\/wp-content\/uploads\/2018\/02\/DSC_01882.jpg\" data-attachment-id=\"4452\" data-type=\"image\" class=\"fg-thumb\"><span class=\"fg-image-wrap\"><img decoding=\"async\" width=\"510\" height=\"298\" class=\"skip-lazy fg-image\" data-src-fg=\"https:\/\/2025.oekermann.de\/wp-content\/uploads\/cache\/2018\/02\/DSC_01882\/3086172279.jpg\" src=\"data:image\/svg+xml,%3Csvg%20xmlns%3D%22http%3A%2F%2Fwww.w3.org%2F2000%2Fsvg%22%20width%3D%22510%22%20height%3D%22298%22%20viewBox%3D%220%200%20510%20298%22%3E%3C%2Fsvg%3E\" loading=\"eager\"><\/span><span class=\"fg-image-overlay\"><\/span><\/a><\/figure><div class=\"fg-loader\"><\/div><\/div><\/div>\n<br \/>\n<\/section>\n<section class=\"downloads\">\n<div class=\"animate-in\" data-anim-type=\"fade-in-right-big\" data-anim-delay=\"\">\n<div class=\"dl-wrapper\">\n<h2>Dowiedz si\u0119 wi\u0119cej:<\/h2>\n<ul class=\"dl-files\">\n<li class=\"pdf-file-1\"><a href=\"\/res\/pdf\/sonderdruckschriften\/OEKERMANN-Info-02-Die-wichtigsten-Einsatzgruende-fuer-unsere-pneumatischen-Abwasser-Foerderanlagen.pdf\" target=\"_blank\" rel=\"noopener noreferrer\">Najwa\u017cniejsze powody korzystania z pneumatycznych system\u00f3w odprowadzania \u015bciek\u00f3w<\/a><\/li>\n<\/ul>\n<div class=\"dl-all\"><a title=\"Kostenlose Downloads zur Pneumatischen Abwassertechnik\" href=\"https:\/\/2025.oekermann.de\/downloads\/\">Bezp\u0142atne informacje dotycz\u0105ce pneumatycznej technologii oczyszczania \u015bciek\u00f3w<\/a><\/div>\n<\/div>\n<\/div>\n<\/section>\n<section class=\"page-nav\">\n<div class=\" animate-in\" data-anim-type=\"fade-in-right-big\" data-anim-delay=\"\"><a class=\"envor-btn envor-btn-primary envor-btn-normal next\" href=\"https:\/\/2025.oekermann.de\/vorteile\/wirtschaftlichkeit\/\"> Ekonomiczno\u015b\u0107<i class=\"fa fa-chevron-right\"><\/i><\/a><a class=\"envor-btn envor-btn-primary envor-btn-normal prev\" href=\"https:\/\/2025.oekermann.de\/vorteile\/druckleitungen\/\"><i class=\"fa fa-chevron-left\"><\/i> Pokonywanie d\u0142u\u017cszych dystans\u00f3w <\/a><\/div>\n<\/section>\n","protected":false},"excerpt":{"rendered":"<p>Niezawodna i korzystna konstrukcja Pneumatyczne systemy OEKERMANN wyr\u00f3\u017cniaj\u0105 si\u0119 niewra\u017cliwo\u015bci\u0105 na cia\u0142a sta\u0142e znajduj\u0105ce si\u0119 w \u015bciekach, takie jak tekstylia, sztu\u0107ce, puszki oraz przede wszytkim artyku\u0142y higieniczne, takie jak wilgotne chusteczki. Kulowe zawory zwrotne po stronie t\u0142ocznej gwarantuj\u0105 wysoki poziom bezpiecze\u0144stwa pracy, poniewa\u017c materia\u0142y w\u0142\u00f3kniste nie mog\u0105 si\u0119 zakleszczy\u0107. Powszechne r\u00f3wnie\u017c w \u015bciekach grube cia\u0142a<\/p>\n<p class=\"link-more\"><a href=\"https:\/\/2025.oekermann.de\/pl\/zalety\/zadnych-zatorow\/\" class=\"envor-btn\">Weiterlesen<span class=\"screen-reader-text\"> &#8220;\u017badnych zator\u00f3w&#8221;<\/span><\/a><\/p>\n","protected":false},"author":2,"featured_media":0,"parent":4222,"menu_order":0,"comment_status":"closed","ping_status":"closed","template":"","meta":{"footnotes":""},"class_list":["post-4232","page","type-page","status-publish","hentry"],"yoast_head":"<!-- This site is optimized with the Yoast SEO plugin v27.4 - https:\/\/yoast.com\/product\/yoast-seo-wordpress\/ -->\n<title>\u017badnych zator\u00f3w - Pneumatische F\u00f6rdertechnik - OEKERMANN Abwassertechnik<\/title>\n<meta name=\"robots\" content=\"index, follow, max-snippet:-1, max-image-preview:large, max-video-preview:-1\" \/>\n<link rel=\"canonical\" href=\"https:\/\/2025.oekermann.de\/pl\/zalety\/zadnych-zatorow\/\" \/>\n<meta property=\"og:locale\" content=\"pl_PL\" \/>\n<meta property=\"og:type\" content=\"article\" \/>\n<meta property=\"og:title\" content=\"\u017badnych zator\u00f3w - Pneumatische F\u00f6rdertechnik - OEKERMANN Abwassertechnik\" \/>\n<meta property=\"og:description\" content=\"Niezawodna i korzystna konstrukcja Pneumatyczne systemy OEKERMANN wyr\u00f3\u017cniaj\u0105 si\u0119 niewra\u017cliwo\u015bci\u0105 na cia\u0142a sta\u0142e znajduj\u0105ce si\u0119 w \u015bciekach, takie jak tekstylia, sztu\u0107ce, puszki oraz przede wszytkim artyku\u0142y higieniczne, takie jak wilgotne chusteczki. Kulowe zawory zwrotne po stronie t\u0142ocznej gwarantuj\u0105 wysoki poziom bezpiecze\u0144stwa pracy, poniewa\u017c materia\u0142y w\u0142\u00f3kniste nie mog\u0105 si\u0119 zakleszczy\u0107. Powszechne r\u00f3wnie\u017c w \u015bciekach grube cia\u0142aWeiterlesen &quot;\u017badnych zator\u00f3w&quot;\" \/>\n<meta property=\"og:url\" content=\"https:\/\/2025.oekermann.de\/pl\/zalety\/zadnych-zatorow\/\" \/>\n<meta property=\"og:site_name\" content=\"Pneumatische F\u00f6rdertechnik - OEKERMANN Abwassertechnik\" \/>\n<meta property=\"article:publisher\" content=\"https:\/\/www.facebook.com\/pages\/Oekermann-Abwassertechnik\/1007781205906685\" \/>\n<meta property=\"article:modified_time\" content=\"2023-09-22T10:55:28+00:00\" \/>\n<meta name=\"twitter:card\" content=\"summary_large_image\" \/>\n<meta name=\"twitter:site\" content=\"@Oekermann\" \/>\n<meta name=\"twitter:label1\" content=\"Szacowany czas czytania\" \/>\n\t<meta name=\"twitter:data1\" content=\"1 minuta\" \/>\n<script type=\"application\/ld+json\" class=\"yoast-schema-graph\">{\"@context\":\"https:\\\/\\\/schema.org\",\"@graph\":[{\"@type\":\"WebPage\",\"@id\":\"https:\\\/\\\/2025.oekermann.de\\\/pl\\\/zalety\\\/zadnych-zatorow\\\/\",\"url\":\"https:\\\/\\\/2025.oekermann.de\\\/pl\\\/zalety\\\/zadnych-zatorow\\\/\",\"name\":\"\u017badnych zator\u00f3w - Pneumatische F\u00f6rdertechnik - OEKERMANN Abwassertechnik\",\"isPartOf\":{\"@id\":\"https:\\\/\\\/2025.oekermann.de\\\/#website\"},\"datePublished\":\"2018-02-11T15:29:41+00:00\",\"dateModified\":\"2023-09-22T10:55:28+00:00\",\"breadcrumb\":{\"@id\":\"https:\\\/\\\/2025.oekermann.de\\\/pl\\\/zalety\\\/zadnych-zatorow\\\/#breadcrumb\"},\"inLanguage\":\"pl-PL\",\"potentialAction\":[{\"@type\":\"ReadAction\",\"target\":[\"https:\\\/\\\/2025.oekermann.de\\\/pl\\\/zalety\\\/zadnych-zatorow\\\/\"]}]},{\"@type\":\"BreadcrumbList\",\"@id\":\"https:\\\/\\\/2025.oekermann.de\\\/pl\\\/zalety\\\/zadnych-zatorow\\\/#breadcrumb\",\"itemListElement\":[{\"@type\":\"ListItem\",\"position\":1,\"name\":\"Startseite\",\"item\":\"https:\\\/\\\/2025.oekermann.de\\\/pl\\\/\"},{\"@type\":\"ListItem\",\"position\":2,\"name\":\"Zalety\",\"item\":\"https:\\\/\\\/2025.oekermann.de\\\/pl\\\/zalety\\\/\"},{\"@type\":\"ListItem\",\"position\":3,\"name\":\"\u017badnych zator\u00f3w\"}]},{\"@type\":\"WebSite\",\"@id\":\"https:\\\/\\\/2025.oekermann.de\\\/#website\",\"url\":\"https:\\\/\\\/2025.oekermann.de\\\/\",\"name\":\"Pneumatische F\u00f6rdertechnik - OEKERMANN Abwassertechnik\",\"description\":\"\",\"potentialAction\":[{\"@type\":\"SearchAction\",\"target\":{\"@type\":\"EntryPoint\",\"urlTemplate\":\"https:\\\/\\\/2025.oekermann.de\\\/?s={search_term_string}\"},\"query-input\":{\"@type\":\"PropertyValueSpecification\",\"valueRequired\":true,\"valueName\":\"search_term_string\"}}],\"inLanguage\":\"pl-PL\"}]}<\/script>\n<!-- \/ Yoast SEO plugin. -->","yoast_head_json":{"title":"\u017badnych zator\u00f3w - Pneumatische F\u00f6rdertechnik - OEKERMANN Abwassertechnik","robots":{"index":"index","follow":"follow","max-snippet":"max-snippet:-1","max-image-preview":"max-image-preview:large","max-video-preview":"max-video-preview:-1"},"canonical":"https:\/\/2025.oekermann.de\/pl\/zalety\/zadnych-zatorow\/","og_locale":"pl_PL","og_type":"article","og_title":"\u017badnych zator\u00f3w - Pneumatische F\u00f6rdertechnik - OEKERMANN Abwassertechnik","og_description":"Niezawodna i korzystna konstrukcja Pneumatyczne systemy OEKERMANN wyr\u00f3\u017cniaj\u0105 si\u0119 niewra\u017cliwo\u015bci\u0105 na cia\u0142a sta\u0142e znajduj\u0105ce si\u0119 w \u015bciekach, takie jak tekstylia, sztu\u0107ce, puszki oraz przede wszytkim artyku\u0142y higieniczne, takie jak wilgotne chusteczki. Kulowe zawory zwrotne po stronie t\u0142ocznej gwarantuj\u0105 wysoki poziom bezpiecze\u0144stwa pracy, poniewa\u017c materia\u0142y w\u0142\u00f3kniste nie mog\u0105 si\u0119 zakleszczy\u0107. Powszechne r\u00f3wnie\u017c w \u015bciekach grube cia\u0142aWeiterlesen \"\u017badnych zator\u00f3w\"","og_url":"https:\/\/2025.oekermann.de\/pl\/zalety\/zadnych-zatorow\/","og_site_name":"Pneumatische F\u00f6rdertechnik - OEKERMANN Abwassertechnik","article_publisher":"https:\/\/www.facebook.com\/pages\/Oekermann-Abwassertechnik\/1007781205906685","article_modified_time":"2023-09-22T10:55:28+00:00","twitter_card":"summary_large_image","twitter_site":"@Oekermann","twitter_misc":{"Szacowany czas czytania":"1 minuta"},"schema":{"@context":"https:\/\/schema.org","@graph":[{"@type":"WebPage","@id":"https:\/\/2025.oekermann.de\/pl\/zalety\/zadnych-zatorow\/","url":"https:\/\/2025.oekermann.de\/pl\/zalety\/zadnych-zatorow\/","name":"\u017badnych zator\u00f3w - Pneumatische F\u00f6rdertechnik - OEKERMANN Abwassertechnik","isPartOf":{"@id":"https:\/\/2025.oekermann.de\/#website"},"datePublished":"2018-02-11T15:29:41+00:00","dateModified":"2023-09-22T10:55:28+00:00","breadcrumb":{"@id":"https:\/\/2025.oekermann.de\/pl\/zalety\/zadnych-zatorow\/#breadcrumb"},"inLanguage":"pl-PL","potentialAction":[{"@type":"ReadAction","target":["https:\/\/2025.oekermann.de\/pl\/zalety\/zadnych-zatorow\/"]}]},{"@type":"BreadcrumbList","@id":"https:\/\/2025.oekermann.de\/pl\/zalety\/zadnych-zatorow\/#breadcrumb","itemListElement":[{"@type":"ListItem","position":1,"name":"Startseite","item":"https:\/\/2025.oekermann.de\/pl\/"},{"@type":"ListItem","position":2,"name":"Zalety","item":"https:\/\/2025.oekermann.de\/pl\/zalety\/"},{"@type":"ListItem","position":3,"name":"\u017badnych zator\u00f3w"}]},{"@type":"WebSite","@id":"https:\/\/2025.oekermann.de\/#website","url":"https:\/\/2025.oekermann.de\/","name":"Pneumatische F\u00f6rdertechnik - OEKERMANN Abwassertechnik","description":"","potentialAction":[{"@type":"SearchAction","target":{"@type":"EntryPoint","urlTemplate":"https:\/\/2025.oekermann.de\/?s={search_term_string}"},"query-input":{"@type":"PropertyValueSpecification","valueRequired":true,"valueName":"search_term_string"}}],"inLanguage":"pl-PL"}]}},"_links":{"self":[{"href":"https:\/\/2025.oekermann.de\/pl\/wp-json\/wp\/v2\/pages\/4232","targetHints":{"allow":["GET"]}}],"collection":[{"href":"https:\/\/2025.oekermann.de\/pl\/wp-json\/wp\/v2\/pages"}],"about":[{"href":"https:\/\/2025.oekermann.de\/pl\/wp-json\/wp\/v2\/types\/page"}],"author":[{"embeddable":true,"href":"https:\/\/2025.oekermann.de\/pl\/wp-json\/wp\/v2\/users\/2"}],"replies":[{"embeddable":true,"href":"https:\/\/2025.oekermann.de\/pl\/wp-json\/wp\/v2\/comments?post=4232"}],"version-history":[{"count":4,"href":"https:\/\/2025.oekermann.de\/pl\/wp-json\/wp\/v2\/pages\/4232\/revisions"}],"predecessor-version":[{"id":4297,"href":"https:\/\/2025.oekermann.de\/pl\/wp-json\/wp\/v2\/pages\/4232\/revisions\/4297"}],"up":[{"embeddable":true,"href":"https:\/\/2025.oekermann.de\/pl\/wp-json\/wp\/v2\/pages\/4222"}],"wp:attachment":[{"href":"https:\/\/2025.oekermann.de\/pl\/wp-json\/wp\/v2\/media?parent=4232"}],"curies":[{"name":"wp","href":"https:\/\/api.w.org\/{rel}","templated":true}]}}