{"id":4243,"date":"2017-02-05T19:33:34","date_gmt":"2017-02-05T18:33:34","guid":{"rendered":"https:\/\/2025.oekermann.de\/zalety\/ekonomicznosc\/"},"modified":"2025-06-23T14:38:11","modified_gmt":"2025-06-23T12:38:11","slug":"ekonomicznosc","status":"publish","type":"page","link":"https:\/\/2025.oekermann.de\/pl\/zalety\/ekonomicznosc\/","title":{"rendered":"Ekonomiczno\u015b\u0107"},"content":{"rendered":"<section>\n<h2>Og\u00f3lny widok<\/h2>\n<p>Oczywi\u015bcie zawsze niezwykle wa\u017cne jest uwzgl\u0119dnienie aspekt\u00f3w ekonomicznych obiektu, zw\u0142aszcza przepompowni.<\/p>\n<p>Coraz bardziej zauwa\u017calne jest, \u017ce efektywno\u015b\u0107 ekonomiczn\u0105 cz\u0119sto uto\u017csamia si\u0119 wy\u0142\u0105cznie ze zu\u017cyciem energii (do pompowania \u015bciek\u00f3w), co jest oczywi\u015bcie b\u0142\u0119dne, jak sugeruje samo nazewnictwo.<\/p>\n<p>Zu\u017cycie energii jest r\u00f3wnie\u017c cz\u0119\u015bci\u0105 oceny efektywno\u015bci ekonomicznej, ale to nie wszystko:<\/p>\n<ul class=\"list-1\">\n<li><i class=\"fa fa-arrow-circle-o-right\"><\/i>Wa\u017cn\u0105 rol\u0119 odgrywaj\u0105 koszty inwestycji w system, w tym konstrukcja wymagana dla stacji. Nawet je\u015bli inwestycja je\u015bli inwestycja jest cz\u0119\u015bciowo dofinansowana i pochodzi z innego bud\u017cetu to i tak trzeba uwzgl\u0119dni\u0107, cho\u0107 cz\u0119\u015b\u0107 trzeba uwzgl\u0119dni\u0107.<\/li>\n<li><i class=\"fa fa-arrow-circle-o-right\"><\/i>Obejmuje to r\u00f3wnie\u017c koszty produkcji ruroci\u0105gu ci\u015bnieniowego, kt\u00f3re s\u0105 stosunkowo niedrogie w przypadku system\u00f3w pneumatycznych firmy OEKERMANN. <a href=\"https:\/\/2025.oekermann.de\/vorteile\/druckleitungen\/\">Linie ci\u015bnieniowe<\/a> mog\u0105 le\u017ce\u0107 r\u00f3wnolegle do powierzchni terenu z os\u0142on\u0105 niezamarzaj\u0105c\u0105.<\/li>\n<li><i class=\"fa fa-arrow-circle-o-right\"><\/i> Unika si\u0119 nadmiernych g\u0142\u0119boko\u015bci <a href=\"https:\/\/2025.oekermann.de\/vorteile\/hoehenueberwindung\/\">wysokie punkty nie s\u0105 wentylowane<\/a>,dolne szyby drena\u017cowe nie s\u0105 wymagane<\/li>\n<\/ul>\n<p>Opr\u00f3cz koszt\u00f3w inwestycji ogromne znaczenie ma \u017cywotno\u015b\u0107 i okres amortyzacji. Chocia\u017c og\u00f3lnie oczekuje si\u0119, \u017ce okres u\u017cytkowania pomp b\u0119dzie kr\u00f3tszy ni\u017c 10 lat, sam okres amortyzacji wynosi co najmniej 15 lat, zgodnie z tabelami amortyzacjami maj\u0105cymi zastosowania do system\u00f3w przemys\u0142owych. Niekt\u00f3re z pneumatycznych przepompowni \u015bciek\u00f3w firmy OEKERMANN dzia\u0142aj\u0105 od ponad 35 lat.<\/p>\n<p>Jeszcze wa\u017cniejsze s\u0105 koszty konserwacjii konieczo\u015b\u0107 napraw, jak ju\u017c wyja\u015bniono powy\u017cej, \u015bcieki w systemach OEKERMANN nie maj\u0105 kontaktu z ruchomymi elementami mechanicznymi. Elementem nap\u0119dowym jest spr\u0119\u017cone powietrze, co zu\u017cycie \u015bcierne spowodowane \u015bciekami praktycznie nie wyst\u0119puje.<\/p>\n<p>Ze \u015bciekami stykaj\u0105 si\u0119 jedynie p\u0142ytki \u015blizgowe spr\u0119\u017cone powietrza po stronie wlotowej (wykonane ze stali nierdzewnej) i gumowe kulki zawor\u00f3w zwrotnych po stronie t\u0142ocznej. Wszystkie pozosta\u0142e cz\u0119\u015bci, takie jak zawory pneumatyczne lub elektromagnetyczne <a href=\"https:\/\/2025.oekermann.de\/vorteile\/elektronische-steuerung\/\">sterowanej<\/a> spr\u0119\u017carki, dzia\u0142aj\u0105 jak w dowolnej stacji spr\u0119\u017conego powietrza w prz\u0119dsiebiorstwie przemys\u0142owym. Wybieraj\u0105c te produkty nasza firma zawsze kieruje si\u0119 wy\u0142\u0105cznie aktualnymi standardami bran\u017cowymi.<\/p>\n<p>W \u017cadnym systemie OEKERMANN nie mo\u017cna znale\u017a\u0107 kompresor\u00f3w rzemie\u015blniczych lub wykonanych przez majsterkowicz\u00f3w. W ko\u0144cu musz\u0105 by\u0107 to systemy, kt\u00f3re pracuj\u0105 bez nadzoru przez d\u0142ugi czas i bez codziennego smarowania. Musz\u0105 r\u00f3wnie\u017c wytrzymywa\u0107 prac\u0119 ci\u0105g\u0142\u0105.<\/p>\n<p>Opr\u00f3cz zwyk\u0142ych waha\u0144 czasu pracy spowodowanych zmieniaj\u0105c\u0105 si\u0119 ilo\u015bci\u0105 \u015bciek\u00f3w nale\u017cy r\u00f3wnie\u017c uwzgl\u0119dni\u0107 sezonowe wahania temperatury i inne czynniki zewn\u0119trzne (np. znajduj\u0105ce si\u0119 ko\u0142o przepompowni pole rzepaku, nale\u017cy bra\u0107 pod uwag\u0119 py\u0142).<\/p>\n<p>Inaczej m\u00f3wi\u0105c i podsumowuj\u0105c: po co niski pob\u00f3r pr\u0105du, skoro konieczno\u015b\u0107 naprawy po\u017cera oszcz\u0119dno\u015bci zwi\u0105zane z kosztami energii elektrycznej?<\/p>\n<\/section>\n<section class=\"downloads\">\n<div class=\"animate-in\" data-anim-type=\"fade-in-right-big\" data-anim-delay=\"\">\n<div class=\"dl-wrapper\">\n<h2>Dowiedz si\u0119 wi\u0119cej:<\/h2>\n<ul class=\"dl-files\">\n<li class=\"pdf-file-1\"><a href=\"\/res\/pdf\/sonderdruckschriften\/OEKERMANN-Info-02-Die-wichtigsten-Einsatzgruende-fuer-unsere-pneumatischen-Abwasser-Foerderanlagen.pdf\" target=\"_blank\" data-mce-onclick=\"_gaq.push(['_trackPageview', '\/res\/pdf\/sonderdruckschriften\/OEKERMANN-Info-02-Die-wichtigsten-Einsatzgruende-fuer-unsere-pneumatischen-Abwasser-Foerderanlagen.pdf']);\" rel=\"noopener noreferrer\"> Najwa\u017cniejsze powody korzystania z pneumatycznych system\u00f3w odprowadzania \u015bciek\u00f3w\n<\/ul>\n<div class=\"dl-all\"><a title=\"Kostenlose Downloads zur Pneumatischen Abwassertechnik\" href=\"https:\/\/2025.oekermann.de\/downloads\/\">Bezp\u0142atne informacje dotycz\u0105ce pneumatycznej technologii oczyszczania \u015bciek\u00f3w<\/a><\/div>\n<\/div>\n<\/div>\n<\/section>\n<section class=\"page-nav\">\n<div class=\"animate-in\" data-anim-type=\"fade-in-right-big\" data-anim-delay=\"\"><a class=\"envor-btn envor-btn-primary envor-btn-normal next\" href=\"https:\/\/2025.oekermann.de\/vorteile\/verbundsysteme\/\"> <span>systemy z\u0142o\u017cone<\/span> <i class=\"fa fa-chevron-right\"><\/i> <\/a><a class=\"envor-btn envor-btn-primary envor-btn-normal prev\" href=\"https:\/\/2025.oekermann.de\/vorteile\/keine-verstopfung\/\"><i class=\"fa fa-chevron-left\"><\/i> <span>\u017cadnych zator\u00f3w<\/span> <\/a><\/div>\n<\/section>\n","protected":false},"excerpt":{"rendered":"<p>Og\u00f3lny widok Oczywi\u015bcie zawsze niezwykle wa\u017cne jest uwzgl\u0119dnienie aspekt\u00f3w ekonomicznych obiektu, zw\u0142aszcza przepompowni. Coraz bardziej zauwa\u017calne jest, \u017ce efektywno\u015b\u0107 ekonomiczn\u0105 cz\u0119sto uto\u017csamia si\u0119 wy\u0142\u0105cznie ze zu\u017cyciem energii (do pompowania \u015bciek\u00f3w), co jest oczywi\u015bcie b\u0142\u0119dne, jak sugeruje samo nazewnictwo. Zu\u017cycie energii jest r\u00f3wnie\u017c cz\u0119\u015bci\u0105 oceny efektywno\u015bci ekonomicznej, ale to nie wszystko: Wa\u017cn\u0105 rol\u0119 odgrywaj\u0105 koszty inwestycji<\/p>\n<p class=\"link-more\"><a href=\"https:\/\/2025.oekermann.de\/pl\/zalety\/ekonomicznosc\/\" class=\"envor-btn\">Weiterlesen<span class=\"screen-reader-text\"> &#8220;Ekonomiczno\u015b\u0107&#8221;<\/span><\/a><\/p>\n","protected":false},"author":2,"featured_media":0,"parent":4222,"menu_order":0,"comment_status":"closed","ping_status":"closed","template":"","meta":{"footnotes":""},"class_list":["post-4243","page","type-page","status-publish","hentry"],"yoast_head":"<!-- This site is optimized with the Yoast SEO plugin v27.4 - https:\/\/yoast.com\/product\/yoast-seo-wordpress\/ -->\n<title>Ekonomiczno\u015b\u0107 - Pneumatische F\u00f6rdertechnik - OEKERMANN Abwassertechnik<\/title>\n<meta name=\"robots\" content=\"index, follow, max-snippet:-1, max-image-preview:large, max-video-preview:-1\" \/>\n<link rel=\"canonical\" href=\"https:\/\/2025.oekermann.de\/pl\/zalety\/ekonomicznosc\/\" \/>\n<meta property=\"og:locale\" content=\"pl_PL\" \/>\n<meta property=\"og:type\" content=\"article\" \/>\n<meta property=\"og:title\" content=\"Ekonomiczno\u015b\u0107 - Pneumatische F\u00f6rdertechnik - OEKERMANN Abwassertechnik\" \/>\n<meta property=\"og:description\" content=\"Og\u00f3lny widok Oczywi\u015bcie zawsze niezwykle wa\u017cne jest uwzgl\u0119dnienie aspekt\u00f3w ekonomicznych obiektu, zw\u0142aszcza przepompowni. Coraz bardziej zauwa\u017calne jest, \u017ce efektywno\u015b\u0107 ekonomiczn\u0105 cz\u0119sto uto\u017csamia si\u0119 wy\u0142\u0105cznie ze zu\u017cyciem energii (do pompowania \u015bciek\u00f3w), co jest oczywi\u015bcie b\u0142\u0119dne, jak sugeruje samo nazewnictwo. Zu\u017cycie energii jest r\u00f3wnie\u017c cz\u0119\u015bci\u0105 oceny efektywno\u015bci ekonomicznej, ale to nie wszystko: Wa\u017cn\u0105 rol\u0119 odgrywaj\u0105 koszty inwestycjiWeiterlesen &quot;Ekonomiczno\u015b\u0107&quot;\" \/>\n<meta property=\"og:url\" content=\"https:\/\/2025.oekermann.de\/pl\/zalety\/ekonomicznosc\/\" \/>\n<meta property=\"og:site_name\" content=\"Pneumatische F\u00f6rdertechnik - OEKERMANN Abwassertechnik\" \/>\n<meta property=\"article:publisher\" content=\"https:\/\/www.facebook.com\/pages\/Oekermann-Abwassertechnik\/1007781205906685\" \/>\n<meta property=\"article:modified_time\" content=\"2025-06-23T12:38:11+00:00\" \/>\n<meta name=\"twitter:card\" content=\"summary_large_image\" \/>\n<meta name=\"twitter:site\" content=\"@Oekermann\" \/>\n<meta name=\"twitter:label1\" content=\"Szacowany czas czytania\" \/>\n\t<meta name=\"twitter:data1\" content=\"2 minuty\" \/>\n<script type=\"application\/ld+json\" class=\"yoast-schema-graph\">{\"@context\":\"https:\\\/\\\/schema.org\",\"@graph\":[{\"@type\":\"WebPage\",\"@id\":\"https:\\\/\\\/2025.oekermann.de\\\/pl\\\/zalety\\\/ekonomicznosc\\\/\",\"url\":\"https:\\\/\\\/2025.oekermann.de\\\/pl\\\/zalety\\\/ekonomicznosc\\\/\",\"name\":\"Ekonomiczno\u015b\u0107 - Pneumatische F\u00f6rdertechnik - OEKERMANN Abwassertechnik\",\"isPartOf\":{\"@id\":\"https:\\\/\\\/2025.oekermann.de\\\/#website\"},\"datePublished\":\"2017-02-05T18:33:34+00:00\",\"dateModified\":\"2025-06-23T12:38:11+00:00\",\"breadcrumb\":{\"@id\":\"https:\\\/\\\/2025.oekermann.de\\\/pl\\\/zalety\\\/ekonomicznosc\\\/#breadcrumb\"},\"inLanguage\":\"pl-PL\",\"potentialAction\":[{\"@type\":\"ReadAction\",\"target\":[\"https:\\\/\\\/2025.oekermann.de\\\/pl\\\/zalety\\\/ekonomicznosc\\\/\"]}]},{\"@type\":\"BreadcrumbList\",\"@id\":\"https:\\\/\\\/2025.oekermann.de\\\/pl\\\/zalety\\\/ekonomicznosc\\\/#breadcrumb\",\"itemListElement\":[{\"@type\":\"ListItem\",\"position\":1,\"name\":\"Startseite\",\"item\":\"https:\\\/\\\/2025.oekermann.de\\\/pl\\\/\"},{\"@type\":\"ListItem\",\"position\":2,\"name\":\"Zalety\",\"item\":\"https:\\\/\\\/2025.oekermann.de\\\/pl\\\/zalety\\\/\"},{\"@type\":\"ListItem\",\"position\":3,\"name\":\"Ekonomiczno\u015b\u0107\"}]},{\"@type\":\"WebSite\",\"@id\":\"https:\\\/\\\/2025.oekermann.de\\\/#website\",\"url\":\"https:\\\/\\\/2025.oekermann.de\\\/\",\"name\":\"Pneumatische F\u00f6rdertechnik - OEKERMANN Abwassertechnik\",\"description\":\"\",\"potentialAction\":[{\"@type\":\"SearchAction\",\"target\":{\"@type\":\"EntryPoint\",\"urlTemplate\":\"https:\\\/\\\/2025.oekermann.de\\\/?s={search_term_string}\"},\"query-input\":{\"@type\":\"PropertyValueSpecification\",\"valueRequired\":true,\"valueName\":\"search_term_string\"}}],\"inLanguage\":\"pl-PL\"}]}<\/script>\n<!-- \/ Yoast SEO plugin. -->","yoast_head_json":{"title":"Ekonomiczno\u015b\u0107 - Pneumatische F\u00f6rdertechnik - OEKERMANN Abwassertechnik","robots":{"index":"index","follow":"follow","max-snippet":"max-snippet:-1","max-image-preview":"max-image-preview:large","max-video-preview":"max-video-preview:-1"},"canonical":"https:\/\/2025.oekermann.de\/pl\/zalety\/ekonomicznosc\/","og_locale":"pl_PL","og_type":"article","og_title":"Ekonomiczno\u015b\u0107 - Pneumatische F\u00f6rdertechnik - OEKERMANN Abwassertechnik","og_description":"Og\u00f3lny widok Oczywi\u015bcie zawsze niezwykle wa\u017cne jest uwzgl\u0119dnienie aspekt\u00f3w ekonomicznych obiektu, zw\u0142aszcza przepompowni. Coraz bardziej zauwa\u017calne jest, \u017ce efektywno\u015b\u0107 ekonomiczn\u0105 cz\u0119sto uto\u017csamia si\u0119 wy\u0142\u0105cznie ze zu\u017cyciem energii (do pompowania \u015bciek\u00f3w), co jest oczywi\u015bcie b\u0142\u0119dne, jak sugeruje samo nazewnictwo. Zu\u017cycie energii jest r\u00f3wnie\u017c cz\u0119\u015bci\u0105 oceny efektywno\u015bci ekonomicznej, ale to nie wszystko: Wa\u017cn\u0105 rol\u0119 odgrywaj\u0105 koszty inwestycjiWeiterlesen \"Ekonomiczno\u015b\u0107\"","og_url":"https:\/\/2025.oekermann.de\/pl\/zalety\/ekonomicznosc\/","og_site_name":"Pneumatische F\u00f6rdertechnik - OEKERMANN Abwassertechnik","article_publisher":"https:\/\/www.facebook.com\/pages\/Oekermann-Abwassertechnik\/1007781205906685","article_modified_time":"2025-06-23T12:38:11+00:00","twitter_card":"summary_large_image","twitter_site":"@Oekermann","twitter_misc":{"Szacowany czas czytania":"2 minuty"},"schema":{"@context":"https:\/\/schema.org","@graph":[{"@type":"WebPage","@id":"https:\/\/2025.oekermann.de\/pl\/zalety\/ekonomicznosc\/","url":"https:\/\/2025.oekermann.de\/pl\/zalety\/ekonomicznosc\/","name":"Ekonomiczno\u015b\u0107 - Pneumatische F\u00f6rdertechnik - OEKERMANN Abwassertechnik","isPartOf":{"@id":"https:\/\/2025.oekermann.de\/#website"},"datePublished":"2017-02-05T18:33:34+00:00","dateModified":"2025-06-23T12:38:11+00:00","breadcrumb":{"@id":"https:\/\/2025.oekermann.de\/pl\/zalety\/ekonomicznosc\/#breadcrumb"},"inLanguage":"pl-PL","potentialAction":[{"@type":"ReadAction","target":["https:\/\/2025.oekermann.de\/pl\/zalety\/ekonomicznosc\/"]}]},{"@type":"BreadcrumbList","@id":"https:\/\/2025.oekermann.de\/pl\/zalety\/ekonomicznosc\/#breadcrumb","itemListElement":[{"@type":"ListItem","position":1,"name":"Startseite","item":"https:\/\/2025.oekermann.de\/pl\/"},{"@type":"ListItem","position":2,"name":"Zalety","item":"https:\/\/2025.oekermann.de\/pl\/zalety\/"},{"@type":"ListItem","position":3,"name":"Ekonomiczno\u015b\u0107"}]},{"@type":"WebSite","@id":"https:\/\/2025.oekermann.de\/#website","url":"https:\/\/2025.oekermann.de\/","name":"Pneumatische F\u00f6rdertechnik - OEKERMANN Abwassertechnik","description":"","potentialAction":[{"@type":"SearchAction","target":{"@type":"EntryPoint","urlTemplate":"https:\/\/2025.oekermann.de\/?s={search_term_string}"},"query-input":{"@type":"PropertyValueSpecification","valueRequired":true,"valueName":"search_term_string"}}],"inLanguage":"pl-PL"}]}},"_links":{"self":[{"href":"https:\/\/2025.oekermann.de\/pl\/wp-json\/wp\/v2\/pages\/4243","targetHints":{"allow":["GET"]}}],"collection":[{"href":"https:\/\/2025.oekermann.de\/pl\/wp-json\/wp\/v2\/pages"}],"about":[{"href":"https:\/\/2025.oekermann.de\/pl\/wp-json\/wp\/v2\/types\/page"}],"author":[{"embeddable":true,"href":"https:\/\/2025.oekermann.de\/pl\/wp-json\/wp\/v2\/users\/2"}],"replies":[{"embeddable":true,"href":"https:\/\/2025.oekermann.de\/pl\/wp-json\/wp\/v2\/comments?post=4243"}],"version-history":[{"count":1,"href":"https:\/\/2025.oekermann.de\/pl\/wp-json\/wp\/v2\/pages\/4243\/revisions"}],"predecessor-version":[{"id":5253,"href":"https:\/\/2025.oekermann.de\/pl\/wp-json\/wp\/v2\/pages\/4243\/revisions\/5253"}],"up":[{"embeddable":true,"href":"https:\/\/2025.oekermann.de\/pl\/wp-json\/wp\/v2\/pages\/4222"}],"wp:attachment":[{"href":"https:\/\/2025.oekermann.de\/pl\/wp-json\/wp\/v2\/media?parent=4243"}],"curies":[{"name":"wp","href":"https:\/\/api.w.org\/{rel}","templated":true}]}}