{"id":4244,"date":"2017-02-05T22:07:05","date_gmt":"2017-02-05T21:07:05","guid":{"rendered":"https:\/\/2025.oekermann.de\/zalety\/brak-tworzenia-sie-zgnilizny-i-osadow\/"},"modified":"2023-09-22T12:57:13","modified_gmt":"2023-09-22T10:57:13","slug":"brak-tworzenia-sie-zgnilizny-i-osadow","status":"publish","type":"page","link":"https:\/\/2025.oekermann.de\/pl\/zalety\/brak-tworzenia-sie-zgnilizny-i-osadow\/","title":{"rendered":"Brak tworzenia si\u0119 zgnilizny i osad\u00f3w"},"content":{"rendered":"<section>\n<h2>Transport &#8220;\u015bwie\u017cych&#8221; \u015bciek\u00f3w<\/h2>\n<p>\u015acieki do oczyszczalni dostarczane s\u0105 zawsze w stanie &#8220;\u015bwie\u017cym&#8221; za pomoc\u0105 pneumatycznej przepompowni \u015bciek\u00f3w firmy OEKERMANN.  <\/p>\n<p>Nawet w obszarze pompowni precyzyjnie dostrojone komponenty systemu zapewniaj\u0105 kr\u00f3tkie czasy przebywania. Proces pompowania rozpoczyna si\u0119, a \u015bcieki s\u0105 wypompowywane w odpowiednim czasie zanim rozpocznie si\u0119 <a href=\"https:\/\/2025.oekermann.de\/vorteile\/foerderung-geringer-wassermengen\/\">proces gnilny<\/a> mo\u017ce osadza\u0107 si\u0119, lub utworz\u0105 si\u0119 osady.<\/p>\n<p>Szyb zbieraj\u0105cy \u015bcieki poddawany jest intensywnemu przedmuchiwaniu spr\u0119\u017conym powietrzem lub mieszanin\u0105 powietrza i tlenu podczas ka\u017cdego procesu pompowania. Na koniec ka\u017cdej fazy transportu wa\u0142 jest ca\u0142kowicie opr\u00f3\u017cniany, nie ma w nim \u017cadnych resztek, kt\u00f3re mog\u0142yby pozosta\u0107 do nast\u0119pnego procesu opr\u00f3\u017cniania ani substancji p\u0142ywaj\u0105cych, kt\u00f3re nie s\u0105 transportowane. <\/p>\n<p>Dlatego systemy OEKERMANN s\u0105 szczeg\u00f3lnie odpowiednie w przypadkach, gdy <a href=\"https:\/\/2025.oekermann.de\/themen\/ruecklaeufiger-wasserverbrauch\/\">przep\u0142y \u015bciek\u00f3w jest niski lub zmienny.<\/a> <\/p>\n<h2>\u017badnych nieprzyjemnych zapach\u00f3w<\/h2>\n<p>   Ponadto podczas pompowania \u015bcieki s\u0105 stale mieszane z powietrzem. Zabobiega si\u0119 tworzeniu zgnilizny w <a href=\"https:\/\/2025.oekermann.de\/vorteile\/druckleitungen\/\">rurach ci\u015bnieniowych<\/a>, a tak\u017ce powstawaniu nieprzyjemnego zapachu na wylocie lub pogorszeniu klarowno\u015bci \u015bciek\u00f3w oraz korozji siarkowodor\u00f3w na konstrukcjach betonowych i \u017celazno &#8211; stalowych.<\/p>\n<p>Oznacza to, \u017ce zalety pneumatycznego pompowania \u015bciek\u00f3w s\u0105 zawsze w pe\u0142nie efektywne, nawet gdy ilo\u015b\u0107 \u015bciek\u00f3w ulega znacznym wahaniom w zale\u017cno\u015bci od pory dnia i roku.<\/p>\n<p>System rozpoznaje okresy o niskiej produkcji \u015bciek\u00f3w i d\u0142u\u017csze okresy suche, w zale\u017cno\u015bci od dnia lub pory roku i nast\u0119pnie dostosowywuje swoje dzia\u0142anie. Zasilane s\u0105 <a href=\"https:\/\/2025.oekermann.de\/vorteile\/druckleitungen\/\">spr\u0119\u017conym powietrzem<\/a> okresowo, zazwyczaj w godzinach niskiego szczytu w nocy ale tak\u017ce to zale\u017cy od czasu pracy(<a href=\"https:\/\/2025.oekermann.de\/fachbegriffe\/nachblasautomatik\/\">&#8220;nast\u0119puje ponowny przedmuch&#8221;<\/a>), kt\u00f3ry zapewnia, \u017ce rury ci\u015bnieniowe nie zatykaj\u0105 si\u0119 i nie tworzy si\u0119 na nich osad. <\/p>\n<p><a href=\"https:\/\/2025.oekermann.de\/themen\/hygiene-und-gesundheit\/\">Geruchsbel\u00e4stigungen<\/a> Mieszka\u0144cy i personel ob\u0142suguj\u0105cy nie ponosz\u0105 \u017cadnych koszt\u00f3w.   <\/p>\n<p><a href=\"https:\/\/2025.oekermann.de\/vorteile\/druckleitungen\/\">Rury ci\u015bnieniowe<\/a> uk\u0142adane s\u0105 na g\u0142\u0119boko\u015bci niezamarzaj\u0105cej, zwykle r\u00f3wnolegle do powierzchni ziemii i w obszarach o najwy\u017cszych i najni\u017cszych punktach. Te<a href=\"https:\/\/2025.oekermann.de\/vorteile\/hoehenueberwindung\/\">najwy\u017csze i najni\u017csze punkry<\/a> wspieraj\u0105 og\u00f3lny efekt systemu w zapobieganiu gniciu i osadom.<\/p>\n<p><style type=\"text\/css\">\n#foogallery-gallery-1016 .fg-image { width: 510px; }\n#foogallery-gallery-1016 { --fg-gutter: 10px; }<\/style>\n\t\t\t<div class=\"foogallery foogallery-container foogallery-default foogallery-lightbox-foobox fg-left fg-default fg-ready fg-light fg-border-thin fg-shadow-small fg-loading-default fg-loaded-fade-in fg-hover-fade fg-hover-zoom\" id=\"foogallery-gallery-1016\" data-foogallery=\"{&quot;item&quot;:{&quot;showCaptionTitle&quot;:true,&quot;showCaptionDescription&quot;:false},&quot;lazy&quot;:true}\" style=\"--fg-title-line-clamp: 0; --fg-description-line-clamp: 0;\" >\n\t<div class=\"fg-item fg-type-image fg-idle\"><figure class=\"fg-item-inner\"><a href=\"https:\/\/2025.oekermann.de\/wp-content\/uploads\/2017\/02\/Intensive-Turbulenzen-im-Vorschacht.jpg\" data-attachment-id=\"1613\" data-type=\"image\" class=\"fg-thumb\"><span class=\"fg-image-wrap\"><img fetchpriority=\"high\" decoding=\"async\" alt=\"Intensywne turbulencje w szybie wst\u0119pnym - OEKERMANN Wastewater Technology\" width=\"510\" height=\"298\" class=\"skip-lazy fg-image\" data-src-fg=\"https:\/\/2025.oekermann.de\/wp-content\/uploads\/cache\/2017\/02\/Intensive-Turbulenzen-im-Vorschacht\/1509253527.jpg\" src=\"data:image\/svg+xml,%3Csvg%20xmlns%3D%22http%3A%2F%2Fwww.w3.org%2F2000%2Fsvg%22%20width%3D%22510%22%20height%3D%22298%22%20viewBox%3D%220%200%20510%20298%22%3E%3C%2Fsvg%3E\" loading=\"eager\"><\/span><span class=\"fg-image-overlay\"><\/span><\/a><\/figure><div class=\"fg-loader\"><\/div><\/div><div class=\"fg-item fg-type-image fg-idle\"><figure class=\"fg-item-inner\"><a href=\"https:\/\/2025.oekermann.de\/wp-content\/uploads\/2018\/02\/OEKERMANN-Abwassertechnik-Uebergabeschacht-Inbetriebnahme-13-07-2012.jpg\" data-attachment-id=\"4548\" data-type=\"image\" class=\"fg-thumb\"><span class=\"fg-image-wrap\"><img decoding=\"async\" width=\"510\" height=\"298\" class=\"skip-lazy fg-image\" data-src-fg=\"https:\/\/2025.oekermann.de\/wp-content\/uploads\/cache\/2018\/02\/OEKERMANN-Abwassertechnik-Uebergabeschacht-Inbetriebnahme-13-07-2012\/3806279380.jpg\" src=\"data:image\/svg+xml,%3Csvg%20xmlns%3D%22http%3A%2F%2Fwww.w3.org%2F2000%2Fsvg%22%20width%3D%22510%22%20height%3D%22298%22%20viewBox%3D%220%200%20510%20298%22%3E%3C%2Fsvg%3E\" loading=\"eager\"><\/span><span class=\"fg-image-overlay\"><\/span><\/a><\/figure><div class=\"fg-loader\"><\/div><\/div><\/div>\n<br \/>\n<\/section>\n<section class=\"downloads\">\n<div class=\"animate-in\" data-anim-type=\"fade-in-right-big\" data-anim-delay=\"\">\n<div class=\"dl-wrapper\">\n<h2>Dowiedz si\u0119 wi\u0119cej:<\/h2>\n<ul class=\"dl-files\">\n<li class=\"pdf-file-1\"><a href=\"\/res\/pdf\/sonderdruckschriften\/OEKERMANN-Info-09-Verhinderung-von-Ablagerungs-und-Sulfidproblemen-durch-pneumatische-Abwasserfoerderung.pdf\" target=\"_blank\" rel=\"noopener noreferrer\"> <span>Zapobieganie problemom z kamieniem i siarczkami poprzez pneumatyczne pompowanie \u015bciek\u00f3w<\/span> <\/a><\/li>\n<li class=\"pdf-file-1\"><a href=\"\/res\/pdf\/sonderdruckschriften\/OEKERMANN-Info-02-Die-wichtigsten-Einsatzgruende-fuer-unsere-pneumatischen-Abwasser-Foerderanlagen.pdf\" target=\"_blank\" rel=\"noopener noreferrer\"> <span> Najwa\u017cniejsze powody korzystania z pneumatycznych system\u00f3w odprowadzania \u015bciek\u00f3w<\/span> <\/a><\/li>\n<\/ul>\n<div class=\"dl-all\"><a title=\"Bezp\u0142atne informacje dotycz\u0105ce pneumatycznej technologii oczyszczania \u015bciek\u00f3w\" href=\"\/?page_id=331\" data-mce-href=\"https:\/\/2025.oekermann.de\/downloads\/\">Bezp\u0142atne informacje dotycz\u0105ce pneumatycznej technologii oczyszczania \u015bciek\u00f3w<\/a><\/div>\n<\/div>\n<\/div>\n<\/section>\n<section class=\"page-nav\">\n<div class=\" animate-in\" data-anim-type=\"fade-in-right-big\" data-anim-delay=\"\"><a class=\"envor-btn envor-btn-primary envor-btn-normal next\" href=\"https:\/\/2025.oekermann.de\/vorteile\/hoehenueberwindung\/\"> <span>elastyczne prowadzenie przewod\u00f3w ci\u015bnieniowych<\/span> <i class=\"fa fa-chevron-right\"><\/i><\/a><a class=\"envor-btn envor-btn-primary envor-btn-normal prev\" href=\"https:\/\/2025.oekermann.de\/pl\/?page_id=4218\"><i class=\"fa fa-chevron-left\"><\/i> <span>konserwacja<\/span> <\/a><\/div>\n<\/section>\n","protected":false},"excerpt":{"rendered":"<p>Transport &#8220;\u015bwie\u017cych&#8221; \u015bciek\u00f3w \u015acieki do oczyszczalni dostarczane s\u0105 zawsze w stanie &#8220;\u015bwie\u017cym&#8221; za pomoc\u0105 pneumatycznej przepompowni \u015bciek\u00f3w firmy OEKERMANN. Nawet w obszarze pompowni precyzyjnie dostrojone komponenty systemu zapewniaj\u0105 kr\u00f3tkie czasy przebywania. Proces pompowania rozpoczyna si\u0119, a \u015bcieki s\u0105 wypompowywane w odpowiednim czasie zanim rozpocznie si\u0119 proces gnilny mo\u017ce osadza\u0107 si\u0119, lub utworz\u0105 si\u0119 osady. Szyb<\/p>\n<p class=\"link-more\"><a href=\"https:\/\/2025.oekermann.de\/pl\/zalety\/brak-tworzenia-sie-zgnilizny-i-osadow\/\" class=\"envor-btn\">Weiterlesen<span class=\"screen-reader-text\"> &#8220;Brak tworzenia si\u0119 zgnilizny i osad\u00f3w&#8221;<\/span><\/a><\/p>\n","protected":false},"author":2,"featured_media":0,"parent":4222,"menu_order":0,"comment_status":"closed","ping_status":"closed","template":"","meta":{"footnotes":""},"class_list":["post-4244","page","type-page","status-publish","hentry"],"yoast_head":"<!-- This site is optimized with the Yoast SEO plugin v27.4 - https:\/\/yoast.com\/product\/yoast-seo-wordpress\/ -->\n<title>Brak tworzenia si\u0119 zgnilizny i osad\u00f3w - Pneumatische F\u00f6rdertechnik - OEKERMANN Abwassertechnik<\/title>\n<meta name=\"robots\" content=\"index, follow, max-snippet:-1, max-image-preview:large, max-video-preview:-1\" \/>\n<link rel=\"canonical\" href=\"https:\/\/2025.oekermann.de\/pl\/zalety\/brak-tworzenia-sie-zgnilizny-i-osadow\/\" \/>\n<meta property=\"og:locale\" content=\"pl_PL\" \/>\n<meta property=\"og:type\" content=\"article\" \/>\n<meta property=\"og:title\" content=\"Brak tworzenia si\u0119 zgnilizny i osad\u00f3w - Pneumatische F\u00f6rdertechnik - OEKERMANN Abwassertechnik\" \/>\n<meta property=\"og:description\" content=\"Transport &#8220;\u015bwie\u017cych&#8221; \u015bciek\u00f3w \u015acieki do oczyszczalni dostarczane s\u0105 zawsze w stanie &#8220;\u015bwie\u017cym&#8221; za pomoc\u0105 pneumatycznej przepompowni \u015bciek\u00f3w firmy OEKERMANN. Nawet w obszarze pompowni precyzyjnie dostrojone komponenty systemu zapewniaj\u0105 kr\u00f3tkie czasy przebywania. Proces pompowania rozpoczyna si\u0119, a \u015bcieki s\u0105 wypompowywane w odpowiednim czasie zanim rozpocznie si\u0119 proces gnilny mo\u017ce osadza\u0107 si\u0119, lub utworz\u0105 si\u0119 osady. SzybWeiterlesen &quot;Brak tworzenia si\u0119 zgnilizny i osad\u00f3w&quot;\" \/>\n<meta property=\"og:url\" content=\"https:\/\/2025.oekermann.de\/pl\/zalety\/brak-tworzenia-sie-zgnilizny-i-osadow\/\" \/>\n<meta property=\"og:site_name\" content=\"Pneumatische F\u00f6rdertechnik - OEKERMANN Abwassertechnik\" \/>\n<meta property=\"article:publisher\" content=\"https:\/\/www.facebook.com\/pages\/Oekermann-Abwassertechnik\/1007781205906685\" \/>\n<meta property=\"article:modified_time\" content=\"2023-09-22T10:57:13+00:00\" \/>\n<meta name=\"twitter:card\" content=\"summary_large_image\" \/>\n<meta name=\"twitter:site\" content=\"@Oekermann\" \/>\n<meta name=\"twitter:label1\" content=\"Szacowany czas czytania\" \/>\n\t<meta name=\"twitter:data1\" content=\"2 minuty\" \/>\n<script type=\"application\/ld+json\" class=\"yoast-schema-graph\">{\"@context\":\"https:\\\/\\\/schema.org\",\"@graph\":[{\"@type\":\"WebPage\",\"@id\":\"https:\\\/\\\/2025.oekermann.de\\\/pl\\\/zalety\\\/brak-tworzenia-sie-zgnilizny-i-osadow\\\/\",\"url\":\"https:\\\/\\\/2025.oekermann.de\\\/pl\\\/zalety\\\/brak-tworzenia-sie-zgnilizny-i-osadow\\\/\",\"name\":\"Brak tworzenia si\u0119 zgnilizny i osad\u00f3w - Pneumatische F\u00f6rdertechnik - OEKERMANN Abwassertechnik\",\"isPartOf\":{\"@id\":\"https:\\\/\\\/2025.oekermann.de\\\/#website\"},\"datePublished\":\"2017-02-05T21:07:05+00:00\",\"dateModified\":\"2023-09-22T10:57:13+00:00\",\"breadcrumb\":{\"@id\":\"https:\\\/\\\/2025.oekermann.de\\\/pl\\\/zalety\\\/brak-tworzenia-sie-zgnilizny-i-osadow\\\/#breadcrumb\"},\"inLanguage\":\"pl-PL\",\"potentialAction\":[{\"@type\":\"ReadAction\",\"target\":[\"https:\\\/\\\/2025.oekermann.de\\\/pl\\\/zalety\\\/brak-tworzenia-sie-zgnilizny-i-osadow\\\/\"]}]},{\"@type\":\"BreadcrumbList\",\"@id\":\"https:\\\/\\\/2025.oekermann.de\\\/pl\\\/zalety\\\/brak-tworzenia-sie-zgnilizny-i-osadow\\\/#breadcrumb\",\"itemListElement\":[{\"@type\":\"ListItem\",\"position\":1,\"name\":\"Startseite\",\"item\":\"https:\\\/\\\/2025.oekermann.de\\\/pl\\\/\"},{\"@type\":\"ListItem\",\"position\":2,\"name\":\"Zalety\",\"item\":\"https:\\\/\\\/2025.oekermann.de\\\/pl\\\/zalety\\\/\"},{\"@type\":\"ListItem\",\"position\":3,\"name\":\"Brak tworzenia si\u0119 zgnilizny i osad\u00f3w\"}]},{\"@type\":\"WebSite\",\"@id\":\"https:\\\/\\\/2025.oekermann.de\\\/#website\",\"url\":\"https:\\\/\\\/2025.oekermann.de\\\/\",\"name\":\"Pneumatische F\u00f6rdertechnik - OEKERMANN Abwassertechnik\",\"description\":\"\",\"potentialAction\":[{\"@type\":\"SearchAction\",\"target\":{\"@type\":\"EntryPoint\",\"urlTemplate\":\"https:\\\/\\\/2025.oekermann.de\\\/?s={search_term_string}\"},\"query-input\":{\"@type\":\"PropertyValueSpecification\",\"valueRequired\":true,\"valueName\":\"search_term_string\"}}],\"inLanguage\":\"pl-PL\"}]}<\/script>\n<!-- \/ Yoast SEO plugin. -->","yoast_head_json":{"title":"Brak tworzenia si\u0119 zgnilizny i osad\u00f3w - Pneumatische F\u00f6rdertechnik - OEKERMANN Abwassertechnik","robots":{"index":"index","follow":"follow","max-snippet":"max-snippet:-1","max-image-preview":"max-image-preview:large","max-video-preview":"max-video-preview:-1"},"canonical":"https:\/\/2025.oekermann.de\/pl\/zalety\/brak-tworzenia-sie-zgnilizny-i-osadow\/","og_locale":"pl_PL","og_type":"article","og_title":"Brak tworzenia si\u0119 zgnilizny i osad\u00f3w - Pneumatische F\u00f6rdertechnik - OEKERMANN Abwassertechnik","og_description":"Transport &#8220;\u015bwie\u017cych&#8221; \u015bciek\u00f3w \u015acieki do oczyszczalni dostarczane s\u0105 zawsze w stanie &#8220;\u015bwie\u017cym&#8221; za pomoc\u0105 pneumatycznej przepompowni \u015bciek\u00f3w firmy OEKERMANN. Nawet w obszarze pompowni precyzyjnie dostrojone komponenty systemu zapewniaj\u0105 kr\u00f3tkie czasy przebywania. Proces pompowania rozpoczyna si\u0119, a \u015bcieki s\u0105 wypompowywane w odpowiednim czasie zanim rozpocznie si\u0119 proces gnilny mo\u017ce osadza\u0107 si\u0119, lub utworz\u0105 si\u0119 osady. SzybWeiterlesen \"Brak tworzenia si\u0119 zgnilizny i osad\u00f3w\"","og_url":"https:\/\/2025.oekermann.de\/pl\/zalety\/brak-tworzenia-sie-zgnilizny-i-osadow\/","og_site_name":"Pneumatische F\u00f6rdertechnik - OEKERMANN Abwassertechnik","article_publisher":"https:\/\/www.facebook.com\/pages\/Oekermann-Abwassertechnik\/1007781205906685","article_modified_time":"2023-09-22T10:57:13+00:00","twitter_card":"summary_large_image","twitter_site":"@Oekermann","twitter_misc":{"Szacowany czas czytania":"2 minuty"},"schema":{"@context":"https:\/\/schema.org","@graph":[{"@type":"WebPage","@id":"https:\/\/2025.oekermann.de\/pl\/zalety\/brak-tworzenia-sie-zgnilizny-i-osadow\/","url":"https:\/\/2025.oekermann.de\/pl\/zalety\/brak-tworzenia-sie-zgnilizny-i-osadow\/","name":"Brak tworzenia si\u0119 zgnilizny i osad\u00f3w - Pneumatische F\u00f6rdertechnik - OEKERMANN Abwassertechnik","isPartOf":{"@id":"https:\/\/2025.oekermann.de\/#website"},"datePublished":"2017-02-05T21:07:05+00:00","dateModified":"2023-09-22T10:57:13+00:00","breadcrumb":{"@id":"https:\/\/2025.oekermann.de\/pl\/zalety\/brak-tworzenia-sie-zgnilizny-i-osadow\/#breadcrumb"},"inLanguage":"pl-PL","potentialAction":[{"@type":"ReadAction","target":["https:\/\/2025.oekermann.de\/pl\/zalety\/brak-tworzenia-sie-zgnilizny-i-osadow\/"]}]},{"@type":"BreadcrumbList","@id":"https:\/\/2025.oekermann.de\/pl\/zalety\/brak-tworzenia-sie-zgnilizny-i-osadow\/#breadcrumb","itemListElement":[{"@type":"ListItem","position":1,"name":"Startseite","item":"https:\/\/2025.oekermann.de\/pl\/"},{"@type":"ListItem","position":2,"name":"Zalety","item":"https:\/\/2025.oekermann.de\/pl\/zalety\/"},{"@type":"ListItem","position":3,"name":"Brak tworzenia si\u0119 zgnilizny i osad\u00f3w"}]},{"@type":"WebSite","@id":"https:\/\/2025.oekermann.de\/#website","url":"https:\/\/2025.oekermann.de\/","name":"Pneumatische F\u00f6rdertechnik - OEKERMANN Abwassertechnik","description":"","potentialAction":[{"@type":"SearchAction","target":{"@type":"EntryPoint","urlTemplate":"https:\/\/2025.oekermann.de\/?s={search_term_string}"},"query-input":{"@type":"PropertyValueSpecification","valueRequired":true,"valueName":"search_term_string"}}],"inLanguage":"pl-PL"}]}},"_links":{"self":[{"href":"https:\/\/2025.oekermann.de\/pl\/wp-json\/wp\/v2\/pages\/4244","targetHints":{"allow":["GET"]}}],"collection":[{"href":"https:\/\/2025.oekermann.de\/pl\/wp-json\/wp\/v2\/pages"}],"about":[{"href":"https:\/\/2025.oekermann.de\/pl\/wp-json\/wp\/v2\/types\/page"}],"author":[{"embeddable":true,"href":"https:\/\/2025.oekermann.de\/pl\/wp-json\/wp\/v2\/users\/2"}],"replies":[{"embeddable":true,"href":"https:\/\/2025.oekermann.de\/pl\/wp-json\/wp\/v2\/comments?post=4244"}],"version-history":[{"count":2,"href":"https:\/\/2025.oekermann.de\/pl\/wp-json\/wp\/v2\/pages\/4244\/revisions"}],"predecessor-version":[{"id":4298,"href":"https:\/\/2025.oekermann.de\/pl\/wp-json\/wp\/v2\/pages\/4244\/revisions\/4298"}],"up":[{"embeddable":true,"href":"https:\/\/2025.oekermann.de\/pl\/wp-json\/wp\/v2\/pages\/4222"}],"wp:attachment":[{"href":"https:\/\/2025.oekermann.de\/pl\/wp-json\/wp\/v2\/media?parent=4244"}],"curies":[{"name":"wp","href":"https:\/\/api.w.org\/{rel}","templated":true}]}}