{"id":4248,"date":"2019-05-21T14:57:47","date_gmt":"2019-05-21T12:57:47","guid":{"rendered":"https:\/\/2025.oekermann.de\/o-nas\/kamienie-milowe\/"},"modified":"2025-12-14T15:32:25","modified_gmt":"2025-12-14T14:32:25","slug":"kamienie-milowe","status":"publish","type":"page","link":"https:\/\/2025.oekermann.de\/pl\/o-nas\/kamienie-milowe\/","title":{"rendered":"Kamienie milowe"},"content":{"rendered":"<section>\n\t\t\t<!-- Cool Timeline PRO V4.8.10 -->\r\n\t\t\t<div class=\"ctl-wrapper\" role=\"region\" aria-label=\"Timeline\">\r\n\t\t\t\t\t\t\t\t<div id=\"cool_timeline_1\" class=\"cool-timeline-wrapper ctl-both-sided ctl-vertical-wrapper ctl-design-3 light-skin\" data-nav=\"hide\" data-line-filling=\"false\" data-nav-pos=\"right\">\r\n\t\t\t\t\t<div class=\"ctl-start\"><\/div>\r\n\t\t\t\t\t<!-- Timeline Container -->\r\n\t\t\t\t\t<div class=\"ctl-timeline ctl-timeline-container\" data-animation=\"fade-in\" aria-live=\"polite\">\r\n\t\t\t\t\t\t<!-- Center Line -->\r\n\t\t\t\t\t\t<div class=\"ctl-inner-line\" role=\"presentation\"><\/div>\r\n\t\t\t\t\t\t<!-- Timeline Content --><div id=\"ctl-story-5338\" class=\"ctl-story ctl-story-dot-icon odd ctl-story-right ctl-no-media\" data-story-index=\"1\" role=\"article\"><!-- Story Labels --><div class=\"ctl-labels\"><div class=\"ctl-label-big\">2021<\/div><div class=\"ctl-label-small\"><\/div><\/div><!-- Story IconDot --><div class=\"ctl-icondot\"><\/div> <!-- Story Arrow --><div class=\"ctl-arrow\"><\/div>\r\n\t\t\t<!-- Story Content --><div class=\"ctl-content\"><!-- Story Title --><div class=\"ctl-title story-5338\" aria-label=\"2021 (PL)\">2021 (PL)<\/div><!-- Story Description --><div class=\"ctl-description\"><p>Wprowadzenie nowego elektronicznego sterownika model CPU&nbsp;10&nbsp;Touch<\/p>\n<\/div><\/div><\/div><!-- Timeline Content --><div id=\"ctl-story-5337\" class=\"ctl-story ctl-story-dot-icon even ctl-story-left ctl-no-media\" data-story-index=\"2\" role=\"article\"><!-- Story Labels --><div class=\"ctl-labels\"><div class=\"ctl-label-big\">2019<\/div><div class=\"ctl-label-small\"><\/div><\/div><!-- Story IconDot --><div class=\"ctl-icondot\"><\/div> <!-- Story Arrow --><div class=\"ctl-arrow\"><\/div>\r\n\t\t\t<!-- Story Content --><div class=\"ctl-content\"><!-- Story Title --><div class=\"ctl-title story-5337\" aria-label=\"2019 (PL)\">2019 (PL)<\/div><!-- Story Description --><div class=\"ctl-description\"><p>Wsp\u00f3\u0142praca z austriack\u0105 firm\u0105 WET Wassertechnik, Klagenfurt<\/p>\n<\/div><\/div><\/div><!-- Timeline Content --><div id=\"ctl-story-5336\" class=\"ctl-story ctl-story-dot-icon odd ctl-story-right ctl-no-media\" data-story-index=\"3\" role=\"article\"><!-- Story Labels --><div class=\"ctl-labels\"><div class=\"ctl-label-big\">2018<\/div><div class=\"ctl-label-small\"><\/div><\/div><!-- Story IconDot --><div class=\"ctl-icondot\"><\/div> <!-- Story Arrow --><div class=\"ctl-arrow\"><\/div>\r\n\t\t\t<!-- Story Content --><div class=\"ctl-content\"><!-- Story Title --><div class=\"ctl-title story-5336\" aria-label=\"2018 (PL)\">2018 (PL)<\/div><!-- Story Description --><div class=\"ctl-description\"><p>Wsp\u00f3\u0142praca z polsk\u0105 firm\u0105 Green3, Bydgoszcz; dostawa pierwszych instalacji do Polski<\/p>\n<\/div><\/div><\/div><!-- Timeline Content --><div id=\"ctl-story-5335\" class=\"ctl-story ctl-story-dot-icon even ctl-story-left ctl-no-media\" data-story-index=\"4\" role=\"article\"><!-- Story Labels --><div class=\"ctl-labels\"><div class=\"ctl-label-big\">2018<\/div><div class=\"ctl-label-small\"><\/div><\/div><!-- Story IconDot --><div class=\"ctl-icondot\"><\/div> <!-- Story Arrow --><div class=\"ctl-arrow\"><\/div>\r\n\t\t\t<!-- Story Content --><div class=\"ctl-content\"><!-- Story Title --><div class=\"ctl-title story-5335\" aria-label=\"2018 (PL)\">2018 (PL)<\/div><!-- Story Description --><div class=\"ctl-description\"><p>Modernizacja istniej\u0105cych pneumatycznych instalacji transportu \u015bciek\u00f3w; wyposa\u017cenie w pomp\u0119 membranowo-t\u0142okow\u0105 oraz pompy \u015blimakowe do pracy w warunkach deszczowych<\/p>\n<\/div><\/div><\/div><!-- Timeline Content --><div id=\"ctl-story-5334\" class=\"ctl-story ctl-story-dot-icon odd ctl-story-right ctl-no-media\" data-story-index=\"5\" role=\"article\"><!-- Story Labels --><div class=\"ctl-labels\"><div class=\"ctl-label-big\">2018<\/div><div class=\"ctl-label-small\"><\/div><\/div><!-- Story IconDot --><div class=\"ctl-icondot\"><\/div> <!-- Story Arrow --><div class=\"ctl-arrow\"><\/div>\r\n\t\t\t<!-- Story Content --><div class=\"ctl-content\"><!-- Story Title --><div class=\"ctl-title story-5334\" aria-label=\"2018 (PL)\">2018 (PL)<\/div><!-- Story Description --><div class=\"ctl-description\"><p>15. udzia\u0142 w targach IFAT w Monachium<\/p>\n<\/div><\/div><\/div><!-- Timeline Content --><div id=\"ctl-story-5333\" class=\"ctl-story ctl-story-dot-icon even ctl-story-left ctl-no-media\" data-story-index=\"6\" role=\"article\"><!-- Story Labels --><div class=\"ctl-labels\"><div class=\"ctl-label-big\">2006<\/div><div class=\"ctl-label-small\"><\/div><\/div><!-- Story IconDot --><div class=\"ctl-icondot\"><\/div> <!-- Story Arrow --><div class=\"ctl-arrow\"><\/div>\r\n\t\t\t<!-- Story Content --><div class=\"ctl-content\"><!-- Story Title --><div class=\"ctl-title story-5333\" aria-label=\"2006 (PL)\">2006 (PL)<\/div><!-- Story Description --><div class=\"ctl-description\"><p>Kompleksowa modernizacja jednej z pierwszych instalacji po 28 latach udanej eksploatacji<\/p>\n<\/div><\/div><\/div><!-- Timeline Content --><div id=\"ctl-story-5332\" class=\"ctl-story ctl-story-dot-icon odd ctl-story-right ctl-no-media\" data-story-index=\"7\" role=\"article\"><!-- Story Labels --><div class=\"ctl-labels\"><div class=\"ctl-label-big\">2005<\/div><div class=\"ctl-label-small\"><\/div><\/div><!-- Story IconDot --><div class=\"ctl-icondot\"><\/div> <!-- Story Arrow --><div class=\"ctl-arrow\"><\/div>\r\n\t\t\t<!-- Story Content --><div class=\"ctl-content\"><!-- Story Title --><div class=\"ctl-title story-5332\" aria-label=\"2005 (PL)\">2005 (PL)<\/div><!-- Story Description --><div class=\"ctl-description\"><p>Nowa nazwa firmy: Oekermann GmbH &amp; Co. KG, technologia \u015bciekowa<\/p>\n<\/div><\/div><\/div><!-- Timeline Content --><div id=\"ctl-story-5331\" class=\"ctl-story ctl-story-dot-icon even ctl-story-left ctl-no-media\" data-story-index=\"8\" role=\"article\"><!-- Story Labels --><div class=\"ctl-labels\"><div class=\"ctl-label-big\">2002<\/div><div class=\"ctl-label-small\"><\/div><\/div><!-- Story IconDot --><div class=\"ctl-icondot\"><\/div> <!-- Story Arrow --><div class=\"ctl-arrow\"><\/div>\r\n\t\t\t<!-- Story Content --><div class=\"ctl-content\"><!-- Story Title --><div class=\"ctl-title story-5331\" aria-label=\"2002 (PL)\">2002 (PL)<\/div><!-- Story Description --><div class=\"ctl-description\"><p>Budowa pierwszej instalacji w Austrii<\/p>\n<\/div><\/div><\/div><!-- Timeline Content --><div id=\"ctl-story-5330\" class=\"ctl-story ctl-story-dot-icon odd ctl-story-right ctl-no-media\" data-story-index=\"9\" role=\"article\"><!-- Story Labels --><div class=\"ctl-labels\"><div class=\"ctl-label-big\">1998<\/div><div class=\"ctl-label-small\"><\/div><\/div><!-- Story IconDot --><div class=\"ctl-icondot\"><\/div> <!-- Story Arrow --><div class=\"ctl-arrow\"><\/div>\r\n\t\t\t<!-- Story Content --><div class=\"ctl-content\"><!-- Story Title --><div class=\"ctl-title story-5330\" aria-label=\"1998 (PL)\">1998 (PL)<\/div><!-- Story Description --><div class=\"ctl-description\"><p>Elektroniczny sterownik czwartej generacji; kompaktowa konstrukcja<\/p>\n<\/div><\/div><\/div><!-- Timeline Content --><div id=\"ctl-story-5329\" class=\"ctl-story ctl-story-dot-icon even ctl-story-left ctl-no-media\" data-story-index=\"10\" role=\"article\"><!-- Story Labels --><div class=\"ctl-labels\"><div class=\"ctl-label-big\">1993<\/div><div class=\"ctl-label-small\"><\/div><\/div><!-- Story IconDot --><div class=\"ctl-icondot\"><\/div> <!-- Story Arrow --><div class=\"ctl-arrow\"><\/div>\r\n\t\t\t<!-- Story Content --><div class=\"ctl-content\"><!-- Story Title --><div class=\"ctl-title story-5329\" aria-label=\"1993 (PL)\">1993 (PL)<\/div><!-- Story Description --><div class=\"ctl-description\"><p>Przeniesienie z wynajmowanych pomieszcze\u0144 do w\u0142asnego budynku firmowego w Bielefeld-Altenhagen<\/p>\n<\/div><\/div><\/div><!-- Timeline Content --><div id=\"ctl-story-5328\" class=\"ctl-story ctl-story-dot-icon odd ctl-story-right ctl-no-media\" data-story-index=\"11\" role=\"article\"><!-- Story Labels --><div class=\"ctl-labels\"><div class=\"ctl-label-big\">1992<\/div><div class=\"ctl-label-small\"><\/div><\/div><!-- Story IconDot --><div class=\"ctl-icondot\"><\/div> <!-- Story Arrow --><div class=\"ctl-arrow\"><\/div>\r\n\t\t\t<!-- Story Content --><div class=\"ctl-content\"><!-- Story Title --><div class=\"ctl-title story-5328\" aria-label=\"1992 (PL)\">1992 (PL)<\/div><!-- Story Description --><div class=\"ctl-description\"><p>Budowa pierwszej przepompowni w nowych landach (w Saksonii)<\/p>\n<\/div><\/div><\/div><!-- Timeline Content --><div id=\"ctl-story-5327\" class=\"ctl-story ctl-story-dot-icon even ctl-story-left ctl-no-media\" data-story-index=\"12\" role=\"article\"><!-- Story Labels --><div class=\"ctl-labels\"><div class=\"ctl-label-big\">1989<\/div><div class=\"ctl-label-small\"><\/div><\/div><!-- Story IconDot --><div class=\"ctl-icondot\"><\/div> <!-- Story Arrow --><div class=\"ctl-arrow\"><\/div>\r\n\t\t\t<!-- Story Content --><div class=\"ctl-content\"><!-- Story Title --><div class=\"ctl-title story-5327\" aria-label=\"1989 (PL)\">1989 (PL)<\/div><!-- Story Description --><div class=\"ctl-description\"><p>Pierwsza elektronika sterowana mikroprocesorem<\/p>\n<\/div><\/div><\/div><!-- Timeline Content --><div id=\"ctl-story-5326\" class=\"ctl-story ctl-story-dot-icon odd ctl-story-right ctl-no-media\" data-story-index=\"13\" role=\"article\"><!-- Story Labels --><div class=\"ctl-labels\"><div class=\"ctl-label-big\">1986<\/div><div class=\"ctl-label-small\"><\/div><\/div><!-- Story IconDot --><div class=\"ctl-icondot\"><\/div> <!-- Story Arrow --><div class=\"ctl-arrow\"><\/div>\r\n\t\t\t<!-- Story Content --><div class=\"ctl-content\"><!-- Story Title --><div class=\"ctl-title story-5326\" aria-label=\"1986 (PL)\">1986 (PL)<\/div><!-- Story Description --><div class=\"ctl-description\"><p>Budowa pierwszej instalacji z czterema spr\u0119\u017carkami powietrza roboczego (w&nbsp;NRW)<\/p>\n<\/div><\/div><\/div><!-- Timeline Content --><div id=\"ctl-story-5325\" class=\"ctl-story ctl-story-dot-icon even ctl-story-left ctl-no-media\" data-story-index=\"14\" role=\"article\"><!-- Story Labels --><div class=\"ctl-labels\"><div class=\"ctl-label-big\">1986<\/div><div class=\"ctl-label-small\"><\/div><\/div><!-- Story IconDot --><div class=\"ctl-icondot\"><\/div> <!-- Story Arrow --><div class=\"ctl-arrow\"><\/div>\r\n\t\t\t<!-- Story Content --><div class=\"ctl-content\"><!-- Story Title --><div class=\"ctl-title story-5325\" aria-label=\"1986 (PL)\">1986 (PL)<\/div><!-- Story Description --><div class=\"ctl-description\"><p>Opracowanie drugiej generacji elektronicznego sterowania dla pneumatycznych przepompowni \u015bciek\u00f3w<\/p>\n<\/div><\/div><\/div><!-- Timeline Content --><div id=\"ctl-story-5324\" class=\"ctl-story ctl-story-dot-icon odd ctl-story-right ctl-no-media\" data-story-index=\"15\" role=\"article\"><!-- Story Labels --><div class=\"ctl-labels\"><div class=\"ctl-label-big\">1985<\/div><div class=\"ctl-label-small\"><\/div><\/div><!-- Story IconDot --><div class=\"ctl-icondot\"><\/div> <!-- Story Arrow --><div class=\"ctl-arrow\"><\/div>\r\n\t\t\t<!-- Story Content --><div class=\"ctl-content\"><!-- Story Title --><div class=\"ctl-title story-5324\" aria-label=\"1985 (PL)\">1985 (PL)<\/div><!-- Story Description --><div class=\"ctl-description\"><p>Za\u0142o\u017cenie firmy Oekermann KG; istotne ulepszenia w konstrukcji instalacji<\/p>\n<\/div><\/div><\/div><!-- Timeline Content --><div id=\"ctl-story-5323\" class=\"ctl-story ctl-story-dot-icon even ctl-story-left ctl-no-media\" data-story-index=\"16\" role=\"article\"><!-- Story Labels --><div class=\"ctl-labels\"><div class=\"ctl-label-big\">1981<\/div><div class=\"ctl-label-small\"><\/div><\/div><!-- Story IconDot --><div class=\"ctl-icondot\"><\/div> <!-- Story Arrow --><div class=\"ctl-arrow\"><\/div>\r\n\t\t\t<!-- Story Content --><div class=\"ctl-content\"><!-- Story Title --><div class=\"ctl-title story-5323\" aria-label=\"1981 (PL)\">1981 (PL)<\/div><!-- Story Description --><div class=\"ctl-description\"><p>Pierwszy udzia\u0142 w targach IFAT w Monachium<\/p>\n<\/div><\/div><\/div><!-- Timeline Content --><div id=\"ctl-story-5322\" class=\"ctl-story ctl-story-dot-icon odd ctl-story-right ctl-no-media\" data-story-index=\"17\" role=\"article\"><!-- Story Labels --><div class=\"ctl-labels\"><div class=\"ctl-label-big\">1981<\/div><div class=\"ctl-label-small\"><\/div><\/div><!-- Story IconDot --><div class=\"ctl-icondot\"><\/div> <!-- Story Arrow --><div class=\"ctl-arrow\"><\/div>\r\n\t\t\t<!-- Story Content --><div class=\"ctl-content\"><!-- Story Title --><div class=\"ctl-title story-5322\" aria-label=\"1981 (PL)\">1981 (PL)<\/div><!-- Story Description --><div class=\"ctl-description\"><p>Przeprowadzka z piwnicy, gara\u017cu i domu do wynaj\u0119tych pomieszcze\u0144 firmowych w Bielefeld<\/p>\n<\/div><\/div><\/div><!-- Timeline Content --><div id=\"ctl-story-5321\" class=\"ctl-story ctl-story-dot-icon even ctl-story-left ctl-no-media\" data-story-index=\"18\" role=\"article\"><!-- Story Labels --><div class=\"ctl-labels\"><div class=\"ctl-label-big\">1978<\/div><div class=\"ctl-label-small\"><\/div><\/div><!-- Story IconDot --><div class=\"ctl-icondot\"><\/div> <!-- Story Arrow --><div class=\"ctl-arrow\"><\/div>\r\n\t\t\t<!-- Story Content --><div class=\"ctl-content\"><!-- Story Title --><div class=\"ctl-title story-5321\" aria-label=\"1980 (PL)\">1980 (PL)<\/div><!-- Story Description --><div class=\"ctl-description\"><p>Dostawa pierwszej instalacji do Bawarii<\/p>\n<\/div><\/div><\/div><!-- Timeline Content --><div id=\"ctl-story-5320\" class=\"ctl-story ctl-story-dot-icon odd ctl-story-right ctl-no-media\" data-story-index=\"19\" role=\"article\"><!-- Story Labels --><div class=\"ctl-labels\"><div class=\"ctl-label-big\">1978<\/div><div class=\"ctl-label-small\"><\/div><\/div><!-- Story IconDot --><div class=\"ctl-icondot\"><\/div> <!-- Story Arrow --><div class=\"ctl-arrow\"><\/div>\r\n\t\t\t<!-- Story Content --><div class=\"ctl-content\"><!-- Story Title --><div class=\"ctl-title story-5320\" aria-label=\"1978 (PL)\">1978 (PL)<\/div><!-- Story Description --><div class=\"ctl-description\"><p>Dostawa instalacji do Szwajcarii<\/p>\n<\/div><\/div><\/div><!-- Timeline Content --><div id=\"ctl-story-5319\" class=\"ctl-story ctl-story-dot-icon even ctl-story-left ctl-no-media\" data-story-index=\"20\" role=\"article\"><!-- Story Labels --><div class=\"ctl-labels\"><div class=\"ctl-label-big\">1978<\/div><div class=\"ctl-label-small\"><\/div><\/div><!-- Story IconDot --><div class=\"ctl-icondot\"><\/div> <!-- Story Arrow --><div class=\"ctl-arrow\"><\/div>\r\n\t\t\t<!-- Story Content --><div class=\"ctl-content\"><!-- Story Title --><div class=\"ctl-title story-5319\" aria-label=\"1978 (PL)\">1978 (PL)<\/div><!-- Story Description --><div class=\"ctl-description\"><p>Budowa pierwszej stacji dopowietrzania (w Badenii-Wirtembergii)<\/p>\n<\/div><\/div><\/div>\t\t\t\t\t<\/div>\r\n\t\t\t\t\t<div class=\"ctl-end\"><\/div>\r\n\t\t\t\t\t\t\t\t\t\t<!-- Each Timeline Style -->\r\n\t\t\t\t\t<style id=\"cool_timeline_1-styles\" type=\"text\/css\">\r\n\t\t\t\t\t\t.ctl-wrapper .cool-timeline-wrapper.ctl-vertical-wrapper.ctl-design-3 {--ctw-cbx-title-color: #666666;}\t\t\t\t\t\t\/* Specific Story Style Start *\/\/* Specific Story Style End *\/\t\t\t\t\t<\/style>\r\n\t\t\t\t\t\t\t\t\t\t<\/div>\r\n\t\t\t<\/div>\r\n\t\t\t<br \/>\n<style type=\"text\/css\">\n#foogallery-gallery-3058 .fg-image { width: 1020px; }\n#foogallery-gallery-3058 { --fg-gutter: 10px; }<\/style>\n\t\t\t<div class=\"foogallery foogallery-container foogallery-default foogallery-lightbox-foobox fg-center fg-default fg-ready fg-light fg-border-thin fg-shadow-outline fg-loading-default fg-loaded-fade-in fg-caption-hover fg-hover-fade fg-hover-zoom\" id=\"foogallery-gallery-3058\" data-foogallery=\"{&quot;item&quot;:{&quot;showCaptionTitle&quot;:true,&quot;showCaptionDescription&quot;:true},&quot;lazy&quot;:true}\" style=\"--fg-title-line-clamp: 0; --fg-description-line-clamp: 0;\" >\n\t<div class=\"fg-item fg-type-image fg-idle\"><figure class=\"fg-item-inner\"><a href=\"https:\/\/2025.oekermann.de\/wp-content\/uploads\/2019\/07\/OEKERMANN-Pneumatische-Abwasserfoerderung-Firmengebaeude-in-Bielefeld.jpg\" data-attachment-id=\"4538\" data-type=\"image\" class=\"fg-thumb\"><span class=\"fg-image-wrap\"><img fetchpriority=\"high\" decoding=\"async\" width=\"1020\" height=\"596\" class=\"skip-lazy fg-image\" data-src-fg=\"https:\/\/2025.oekermann.de\/wp-content\/uploads\/cache\/2019\/07\/OEKERMANN-Pneumatische-Abwasserfoerderung-Firmengebaeude-in-Bielefeld\/4263094198.jpg\" src=\"data:image\/svg+xml,%3Csvg%20xmlns%3D%22http%3A%2F%2Fwww.w3.org%2F2000%2Fsvg%22%20width%3D%221020%22%20height%3D%22596%22%20viewBox%3D%220%200%201020%20596%22%3E%3C%2Fsvg%3E\" loading=\"eager\"><\/span><span class=\"fg-image-overlay\"><\/span><\/a><\/figure><div class=\"fg-loader\"><\/div><\/div><\/div>\n<br \/>\n<\/section>\n","protected":false},"excerpt":{"rendered":"","protected":false},"author":2,"featured_media":0,"parent":4230,"menu_order":0,"comment_status":"closed","ping_status":"closed","template":"","meta":{"footnotes":""},"class_list":["post-4248","page","type-page","status-publish","hentry"],"yoast_head":"<!-- This site is optimized with the Yoast SEO plugin v27.4 - https:\/\/yoast.com\/product\/yoast-seo-wordpress\/ -->\n<title>Kamienie milowe - Pneumatische F\u00f6rdertechnik - OEKERMANN Abwassertechnik<\/title>\n<meta name=\"robots\" content=\"index, follow, max-snippet:-1, max-image-preview:large, max-video-preview:-1\" \/>\n<link rel=\"canonical\" href=\"https:\/\/2025.oekermann.de\/pl\/o-nas\/kamienie-milowe\/\" \/>\n<meta property=\"og:locale\" content=\"pl_PL\" \/>\n<meta property=\"og:type\" content=\"article\" \/>\n<meta property=\"og:title\" content=\"Kamienie milowe - Pneumatische F\u00f6rdertechnik - OEKERMANN Abwassertechnik\" \/>\n<meta property=\"og:url\" content=\"https:\/\/2025.oekermann.de\/pl\/o-nas\/kamienie-milowe\/\" \/>\n<meta property=\"og:site_name\" content=\"Pneumatische F\u00f6rdertechnik - OEKERMANN Abwassertechnik\" \/>\n<meta property=\"article:publisher\" content=\"https:\/\/www.facebook.com\/pages\/Oekermann-Abwassertechnik\/1007781205906685\" \/>\n<meta property=\"article:modified_time\" content=\"2025-12-14T14:32:25+00:00\" \/>\n<meta name=\"twitter:card\" content=\"summary_large_image\" \/>\n<meta name=\"twitter:site\" content=\"@Oekermann\" \/>\n<meta name=\"twitter:label1\" content=\"Szacowany czas czytania\" \/>\n\t<meta name=\"twitter:data1\" content=\"1 minuta\" \/>\n<script type=\"application\/ld+json\" class=\"yoast-schema-graph\">{\"@context\":\"https:\\\/\\\/schema.org\",\"@graph\":[{\"@type\":\"WebPage\",\"@id\":\"https:\\\/\\\/2025.oekermann.de\\\/pl\\\/o-nas\\\/kamienie-milowe\\\/\",\"url\":\"https:\\\/\\\/2025.oekermann.de\\\/pl\\\/o-nas\\\/kamienie-milowe\\\/\",\"name\":\"Kamienie milowe - Pneumatische F\u00f6rdertechnik - OEKERMANN Abwassertechnik\",\"isPartOf\":{\"@id\":\"https:\\\/\\\/2025.oekermann.de\\\/#website\"},\"datePublished\":\"2019-05-21T12:57:47+00:00\",\"dateModified\":\"2025-12-14T14:32:25+00:00\",\"breadcrumb\":{\"@id\":\"https:\\\/\\\/2025.oekermann.de\\\/pl\\\/o-nas\\\/kamienie-milowe\\\/#breadcrumb\"},\"inLanguage\":\"pl-PL\",\"potentialAction\":[{\"@type\":\"ReadAction\",\"target\":[\"https:\\\/\\\/2025.oekermann.de\\\/pl\\\/o-nas\\\/kamienie-milowe\\\/\"]}]},{\"@type\":\"BreadcrumbList\",\"@id\":\"https:\\\/\\\/2025.oekermann.de\\\/pl\\\/o-nas\\\/kamienie-milowe\\\/#breadcrumb\",\"itemListElement\":[{\"@type\":\"ListItem\",\"position\":1,\"name\":\"Startseite\",\"item\":\"https:\\\/\\\/2025.oekermann.de\\\/pl\\\/\"},{\"@type\":\"ListItem\",\"position\":2,\"name\":\"O nas\",\"item\":\"https:\\\/\\\/2025.oekermann.de\\\/pl\\\/o-nas\\\/\"},{\"@type\":\"ListItem\",\"position\":3,\"name\":\"Kamienie milowe\"}]},{\"@type\":\"WebSite\",\"@id\":\"https:\\\/\\\/2025.oekermann.de\\\/#website\",\"url\":\"https:\\\/\\\/2025.oekermann.de\\\/\",\"name\":\"Pneumatische F\u00f6rdertechnik - OEKERMANN Abwassertechnik\",\"description\":\"\",\"potentialAction\":[{\"@type\":\"SearchAction\",\"target\":{\"@type\":\"EntryPoint\",\"urlTemplate\":\"https:\\\/\\\/2025.oekermann.de\\\/?s={search_term_string}\"},\"query-input\":{\"@type\":\"PropertyValueSpecification\",\"valueRequired\":true,\"valueName\":\"search_term_string\"}}],\"inLanguage\":\"pl-PL\"}]}<\/script>\n<!-- \/ Yoast SEO plugin. -->","yoast_head_json":{"title":"Kamienie milowe - Pneumatische F\u00f6rdertechnik - OEKERMANN Abwassertechnik","robots":{"index":"index","follow":"follow","max-snippet":"max-snippet:-1","max-image-preview":"max-image-preview:large","max-video-preview":"max-video-preview:-1"},"canonical":"https:\/\/2025.oekermann.de\/pl\/o-nas\/kamienie-milowe\/","og_locale":"pl_PL","og_type":"article","og_title":"Kamienie milowe - Pneumatische F\u00f6rdertechnik - OEKERMANN Abwassertechnik","og_url":"https:\/\/2025.oekermann.de\/pl\/o-nas\/kamienie-milowe\/","og_site_name":"Pneumatische F\u00f6rdertechnik - OEKERMANN Abwassertechnik","article_publisher":"https:\/\/www.facebook.com\/pages\/Oekermann-Abwassertechnik\/1007781205906685","article_modified_time":"2025-12-14T14:32:25+00:00","twitter_card":"summary_large_image","twitter_site":"@Oekermann","twitter_misc":{"Szacowany czas czytania":"1 minuta"},"schema":{"@context":"https:\/\/schema.org","@graph":[{"@type":"WebPage","@id":"https:\/\/2025.oekermann.de\/pl\/o-nas\/kamienie-milowe\/","url":"https:\/\/2025.oekermann.de\/pl\/o-nas\/kamienie-milowe\/","name":"Kamienie milowe - Pneumatische F\u00f6rdertechnik - OEKERMANN Abwassertechnik","isPartOf":{"@id":"https:\/\/2025.oekermann.de\/#website"},"datePublished":"2019-05-21T12:57:47+00:00","dateModified":"2025-12-14T14:32:25+00:00","breadcrumb":{"@id":"https:\/\/2025.oekermann.de\/pl\/o-nas\/kamienie-milowe\/#breadcrumb"},"inLanguage":"pl-PL","potentialAction":[{"@type":"ReadAction","target":["https:\/\/2025.oekermann.de\/pl\/o-nas\/kamienie-milowe\/"]}]},{"@type":"BreadcrumbList","@id":"https:\/\/2025.oekermann.de\/pl\/o-nas\/kamienie-milowe\/#breadcrumb","itemListElement":[{"@type":"ListItem","position":1,"name":"Startseite","item":"https:\/\/2025.oekermann.de\/pl\/"},{"@type":"ListItem","position":2,"name":"O nas","item":"https:\/\/2025.oekermann.de\/pl\/o-nas\/"},{"@type":"ListItem","position":3,"name":"Kamienie milowe"}]},{"@type":"WebSite","@id":"https:\/\/2025.oekermann.de\/#website","url":"https:\/\/2025.oekermann.de\/","name":"Pneumatische F\u00f6rdertechnik - OEKERMANN Abwassertechnik","description":"","potentialAction":[{"@type":"SearchAction","target":{"@type":"EntryPoint","urlTemplate":"https:\/\/2025.oekermann.de\/?s={search_term_string}"},"query-input":{"@type":"PropertyValueSpecification","valueRequired":true,"valueName":"search_term_string"}}],"inLanguage":"pl-PL"}]}},"_links":{"self":[{"href":"https:\/\/2025.oekermann.de\/pl\/wp-json\/wp\/v2\/pages\/4248","targetHints":{"allow":["GET"]}}],"collection":[{"href":"https:\/\/2025.oekermann.de\/pl\/wp-json\/wp\/v2\/pages"}],"about":[{"href":"https:\/\/2025.oekermann.de\/pl\/wp-json\/wp\/v2\/types\/page"}],"author":[{"embeddable":true,"href":"https:\/\/2025.oekermann.de\/pl\/wp-json\/wp\/v2\/users\/2"}],"replies":[{"embeddable":true,"href":"https:\/\/2025.oekermann.de\/pl\/wp-json\/wp\/v2\/comments?post=4248"}],"version-history":[{"count":2,"href":"https:\/\/2025.oekermann.de\/pl\/wp-json\/wp\/v2\/pages\/4248\/revisions"}],"predecessor-version":[{"id":5389,"href":"https:\/\/2025.oekermann.de\/pl\/wp-json\/wp\/v2\/pages\/4248\/revisions\/5389"}],"up":[{"embeddable":true,"href":"https:\/\/2025.oekermann.de\/pl\/wp-json\/wp\/v2\/pages\/4230"}],"wp:attachment":[{"href":"https:\/\/2025.oekermann.de\/pl\/wp-json\/wp\/v2\/media?parent=4248"}],"curies":[{"name":"wp","href":"https:\/\/api.w.org\/{rel}","templated":true}]}}