{"id":4251,"date":"2022-06-24T00:51:22","date_gmt":"2022-06-23T22:51:22","guid":{"rendered":"https:\/\/2025.oekermann.de\/konserwacja-2\/czesci-zamienne\/"},"modified":"2023-09-21T14:42:21","modified_gmt":"2023-09-21T12:42:21","slug":"czesci-zamienne","status":"publish","type":"page","link":"https:\/\/2025.oekermann.de\/pl\/konserwacja\/czesci-zamienne\/","title":{"rendered":"Cz\u0119\u015bci zamienne"},"content":{"rendered":"<p>Czy wiesz, \u017ce OEKERMANN posiada rozbudowany magazyn cz\u0119\u015bci zamiennych? W OEKERMANN mo\u017cesz kupi\u0107 wszystkie aktualne cz\u0119\u015bci zamienne i eksploatacyjne do swoich maszyn. <a href=\"https:\/\/2025.oekermann.de\/2018\/08\/29\/abwasserfoerderung-vergleich-der-technologien\/\">Pneumatyczne systemy transportu \u015bciek\u00f3w<\/a> s\u0105 zwykle dost\u0119pne z magazynu, tak\u017ce spr\u0119\u017carki. W razie potrzeby prosimy o przes\u0142anie pro\u015bby.<\/p>\n<p>W\u015br\u00f3d cz\u0119\u015b\u0107i mo\u017cna wyr\u00f3\u017cni\u0107: filtry powietrza dolotowego, filtry oleju i drobne separatory do spr\u0119\u017carek, smary do spr\u0119\u017carek, wszelkiego rodzaju uszczelki i z\u0142\u0105cza \u015brubowe, zawory pneumatyczne i magnetyczne, r\u0119czne zasuwy powietrza, spray silikonowy, zawory zwrotne i bezpiecze\u0144stwa, zawory ci\u015bnieniowe,prze\u0142\u0105czniki, zbiorniki ci\u015bnieniowe, elementy elektroniczne a\u017c po kompletne <a href=\"https:\/\/2025.oekermann.de\/vorteile\/elektronische-steuerung\/\">zespo\u0142y elektroniczne<\/a>.<\/p>\n<p>OEKERMANN oferuje r\u00f3wnie\u017c akcesoria takie jak: grzejniki \u015bcienne, osuszacze, lampy alarmowe, r\u0119czne reflektory punktowe, a tak\u017ce wentylatory, termostaty, materia\u0142y do izolacji akustycznej i wiele innych.<\/p>\n<p>W razie potrzeby popro\u015b o broszur\u0119 dotycz\u0105c\u0105 akcesori\u00f3w i\/lub ceny<\/p>\n<p>Zam\u00f3wiony towar zazwyczaj opuszcza magazyn tego samego lub nast\u0119pnego dnia. Na \u017cyczenie mo\u017cliwa jest r\u00f3wnie\u017c wysy\u0142ka ekspressowa, lub z opcj\u0105 czasow\u0105.<\/p>\n<p>Oczywi\u015bcie<a href=\"https:\/\/2025.oekermann.de\/vorteile\/wartung\/\">cz\u0119\u015bci zamienne montuj\u0105 technicy serwisowi OEKERMANN<\/a> w ramach wyjazdu. W razie potrzeby wystarczy do nas zadzwoni\u0107 pod numer telefonu <a href=\"tel:00495213293830\">+49 (0)521 329 383 &#8211; 0<\/a> lub wys\u0142a\u0107 e &#8211; mail na adres <a href=\"mailto:info@oekermann.de\">info@oekermann.de<\/a>.<\/p>\n<div style=\"margin:0 0 25px -10px;\">\n<style type=\"text\/css\">\n#foogallery-gallery-3058 .fg-image { width: 1020px; }\n#foogallery-gallery-3058 { --fg-gutter: 10px; }<\/style>\n\t\t\t<div class=\"foogallery foogallery-container foogallery-default foogallery-lightbox-foobox fg-center fg-default fg-ready fg-light fg-border-thin fg-shadow-outline fg-loading-default fg-loaded-fade-in fg-caption-hover fg-hover-fade fg-hover-zoom\" id=\"foogallery-gallery-3058\" data-foogallery=\"{&quot;item&quot;:{&quot;showCaptionTitle&quot;:true,&quot;showCaptionDescription&quot;:true},&quot;lazy&quot;:true}\" style=\"--fg-title-line-clamp: 0; --fg-description-line-clamp: 0;\" >\n\t<div class=\"fg-item fg-type-image fg-idle\"><figure class=\"fg-item-inner\"><a href=\"https:\/\/2025.oekermann.de\/wp-content\/uploads\/2019\/07\/OEKERMANN-Pneumatische-Abwasserfoerderung-Firmengebaeude-in-Bielefeld.jpg\" data-attachment-id=\"4538\" data-type=\"image\" class=\"fg-thumb\"><span class=\"fg-image-wrap\"><img fetchpriority=\"high\" decoding=\"async\" width=\"1020\" height=\"596\" class=\"skip-lazy fg-image\" data-src-fg=\"https:\/\/2025.oekermann.de\/wp-content\/uploads\/cache\/2019\/07\/OEKERMANN-Pneumatische-Abwasserfoerderung-Firmengebaeude-in-Bielefeld\/4263094198.jpg\" src=\"data:image\/svg+xml,%3Csvg%20xmlns%3D%22http%3A%2F%2Fwww.w3.org%2F2000%2Fsvg%22%20width%3D%221020%22%20height%3D%22596%22%20viewBox%3D%220%200%201020%20596%22%3E%3C%2Fsvg%3E\" loading=\"eager\"><\/span><span class=\"fg-image-overlay\"><\/span><\/a><\/figure><div class=\"fg-loader\"><\/div><\/div><\/div>\n\n<\/div>\n","protected":false},"excerpt":{"rendered":"<p>Czy wiesz, \u017ce OEKERMANN posiada rozbudowany magazyn cz\u0119\u015bci zamiennych? W OEKERMANN mo\u017cesz kupi\u0107 wszystkie aktualne cz\u0119\u015bci zamienne i eksploatacyjne do swoich maszyn. Pneumatyczne systemy transportu \u015bciek\u00f3w s\u0105 zwykle dost\u0119pne z magazynu, tak\u017ce spr\u0119\u017carki. W razie potrzeby prosimy o przes\u0142anie pro\u015bby. W\u015br\u00f3d cz\u0119\u015b\u0107i mo\u017cna wyr\u00f3\u017cni\u0107: filtry powietrza dolotowego, filtry oleju i drobne separatory do spr\u0119\u017carek, smary<\/p>\n<p class=\"link-more\"><a href=\"https:\/\/2025.oekermann.de\/pl\/konserwacja\/czesci-zamienne\/\" class=\"envor-btn\">Weiterlesen<span class=\"screen-reader-text\"> &#8220;Cz\u0119\u015bci zamienne&#8221;<\/span><\/a><\/p>\n","protected":false},"author":1,"featured_media":0,"parent":4218,"menu_order":0,"comment_status":"closed","ping_status":"closed","template":"","meta":{"footnotes":""},"class_list":["post-4251","page","type-page","status-publish","hentry"],"yoast_head":"<!-- This site is optimized with the Yoast SEO plugin v27.4 - https:\/\/yoast.com\/product\/yoast-seo-wordpress\/ -->\n<title>Cz\u0119\u015bci zamienne - Pneumatische F\u00f6rdertechnik - OEKERMANN Abwassertechnik<\/title>\n<meta name=\"robots\" content=\"index, follow, max-snippet:-1, max-image-preview:large, max-video-preview:-1\" \/>\n<link rel=\"canonical\" href=\"https:\/\/2025.oekermann.de\/pl\/konserwacja\/czesci-zamienne\/\" \/>\n<meta property=\"og:locale\" content=\"pl_PL\" \/>\n<meta property=\"og:type\" content=\"article\" \/>\n<meta property=\"og:title\" content=\"Cz\u0119\u015bci zamienne - Pneumatische F\u00f6rdertechnik - OEKERMANN Abwassertechnik\" \/>\n<meta property=\"og:description\" content=\"Czy wiesz, \u017ce OEKERMANN posiada rozbudowany magazyn cz\u0119\u015bci zamiennych? W OEKERMANN mo\u017cesz kupi\u0107 wszystkie aktualne cz\u0119\u015bci zamienne i eksploatacyjne do swoich maszyn. Pneumatyczne systemy transportu \u015bciek\u00f3w s\u0105 zwykle dost\u0119pne z magazynu, tak\u017ce spr\u0119\u017carki. W razie potrzeby prosimy o przes\u0142anie pro\u015bby. W\u015br\u00f3d cz\u0119\u015b\u0107i mo\u017cna wyr\u00f3\u017cni\u0107: filtry powietrza dolotowego, filtry oleju i drobne separatory do spr\u0119\u017carek, smaryWeiterlesen &quot;Cz\u0119\u015bci zamienne&quot;\" \/>\n<meta property=\"og:url\" content=\"https:\/\/2025.oekermann.de\/pl\/konserwacja\/czesci-zamienne\/\" \/>\n<meta property=\"og:site_name\" content=\"Pneumatische F\u00f6rdertechnik - OEKERMANN Abwassertechnik\" \/>\n<meta property=\"article:publisher\" content=\"https:\/\/www.facebook.com\/pages\/Oekermann-Abwassertechnik\/1007781205906685\" \/>\n<meta property=\"article:modified_time\" content=\"2023-09-21T12:42:21+00:00\" \/>\n<meta name=\"twitter:card\" content=\"summary_large_image\" \/>\n<meta name=\"twitter:site\" content=\"@Oekermann\" \/>\n<meta name=\"twitter:label1\" content=\"Szacowany czas czytania\" \/>\n\t<meta name=\"twitter:data1\" content=\"1 minuta\" \/>\n<script type=\"application\/ld+json\" class=\"yoast-schema-graph\">{\"@context\":\"https:\\\/\\\/schema.org\",\"@graph\":[{\"@type\":\"WebPage\",\"@id\":\"https:\\\/\\\/2025.oekermann.de\\\/pl\\\/konserwacja\\\/czesci-zamienne\\\/\",\"url\":\"https:\\\/\\\/2025.oekermann.de\\\/pl\\\/konserwacja\\\/czesci-zamienne\\\/\",\"name\":\"Cz\u0119\u015bci zamienne - Pneumatische F\u00f6rdertechnik - OEKERMANN Abwassertechnik\",\"isPartOf\":{\"@id\":\"https:\\\/\\\/2025.oekermann.de\\\/#website\"},\"datePublished\":\"2022-06-23T22:51:22+00:00\",\"dateModified\":\"2023-09-21T12:42:21+00:00\",\"breadcrumb\":{\"@id\":\"https:\\\/\\\/2025.oekermann.de\\\/pl\\\/konserwacja\\\/czesci-zamienne\\\/#breadcrumb\"},\"inLanguage\":\"pl-PL\",\"potentialAction\":[{\"@type\":\"ReadAction\",\"target\":[\"https:\\\/\\\/2025.oekermann.de\\\/pl\\\/konserwacja\\\/czesci-zamienne\\\/\"]}]},{\"@type\":\"BreadcrumbList\",\"@id\":\"https:\\\/\\\/2025.oekermann.de\\\/pl\\\/konserwacja\\\/czesci-zamienne\\\/#breadcrumb\",\"itemListElement\":[{\"@type\":\"ListItem\",\"position\":1,\"name\":\"Startseite\",\"item\":\"https:\\\/\\\/2025.oekermann.de\\\/pl\\\/\"},{\"@type\":\"ListItem\",\"position\":2,\"name\":\"Konserwacja\",\"item\":\"https:\\\/\\\/2025.oekermann.de\\\/pl\\\/konserwacja\\\/\"},{\"@type\":\"ListItem\",\"position\":3,\"name\":\"Cz\u0119\u015bci zamienne\"}]},{\"@type\":\"WebSite\",\"@id\":\"https:\\\/\\\/2025.oekermann.de\\\/#website\",\"url\":\"https:\\\/\\\/2025.oekermann.de\\\/\",\"name\":\"Pneumatische F\u00f6rdertechnik - OEKERMANN Abwassertechnik\",\"description\":\"\",\"potentialAction\":[{\"@type\":\"SearchAction\",\"target\":{\"@type\":\"EntryPoint\",\"urlTemplate\":\"https:\\\/\\\/2025.oekermann.de\\\/?s={search_term_string}\"},\"query-input\":{\"@type\":\"PropertyValueSpecification\",\"valueRequired\":true,\"valueName\":\"search_term_string\"}}],\"inLanguage\":\"pl-PL\"}]}<\/script>\n<!-- \/ Yoast SEO plugin. -->","yoast_head_json":{"title":"Cz\u0119\u015bci zamienne - Pneumatische F\u00f6rdertechnik - OEKERMANN Abwassertechnik","robots":{"index":"index","follow":"follow","max-snippet":"max-snippet:-1","max-image-preview":"max-image-preview:large","max-video-preview":"max-video-preview:-1"},"canonical":"https:\/\/2025.oekermann.de\/pl\/konserwacja\/czesci-zamienne\/","og_locale":"pl_PL","og_type":"article","og_title":"Cz\u0119\u015bci zamienne - Pneumatische F\u00f6rdertechnik - OEKERMANN Abwassertechnik","og_description":"Czy wiesz, \u017ce OEKERMANN posiada rozbudowany magazyn cz\u0119\u015bci zamiennych? W OEKERMANN mo\u017cesz kupi\u0107 wszystkie aktualne cz\u0119\u015bci zamienne i eksploatacyjne do swoich maszyn. Pneumatyczne systemy transportu \u015bciek\u00f3w s\u0105 zwykle dost\u0119pne z magazynu, tak\u017ce spr\u0119\u017carki. W razie potrzeby prosimy o przes\u0142anie pro\u015bby. W\u015br\u00f3d cz\u0119\u015b\u0107i mo\u017cna wyr\u00f3\u017cni\u0107: filtry powietrza dolotowego, filtry oleju i drobne separatory do spr\u0119\u017carek, smaryWeiterlesen \"Cz\u0119\u015bci zamienne\"","og_url":"https:\/\/2025.oekermann.de\/pl\/konserwacja\/czesci-zamienne\/","og_site_name":"Pneumatische F\u00f6rdertechnik - OEKERMANN Abwassertechnik","article_publisher":"https:\/\/www.facebook.com\/pages\/Oekermann-Abwassertechnik\/1007781205906685","article_modified_time":"2023-09-21T12:42:21+00:00","twitter_card":"summary_large_image","twitter_site":"@Oekermann","twitter_misc":{"Szacowany czas czytania":"1 minuta"},"schema":{"@context":"https:\/\/schema.org","@graph":[{"@type":"WebPage","@id":"https:\/\/2025.oekermann.de\/pl\/konserwacja\/czesci-zamienne\/","url":"https:\/\/2025.oekermann.de\/pl\/konserwacja\/czesci-zamienne\/","name":"Cz\u0119\u015bci zamienne - Pneumatische F\u00f6rdertechnik - OEKERMANN Abwassertechnik","isPartOf":{"@id":"https:\/\/2025.oekermann.de\/#website"},"datePublished":"2022-06-23T22:51:22+00:00","dateModified":"2023-09-21T12:42:21+00:00","breadcrumb":{"@id":"https:\/\/2025.oekermann.de\/pl\/konserwacja\/czesci-zamienne\/#breadcrumb"},"inLanguage":"pl-PL","potentialAction":[{"@type":"ReadAction","target":["https:\/\/2025.oekermann.de\/pl\/konserwacja\/czesci-zamienne\/"]}]},{"@type":"BreadcrumbList","@id":"https:\/\/2025.oekermann.de\/pl\/konserwacja\/czesci-zamienne\/#breadcrumb","itemListElement":[{"@type":"ListItem","position":1,"name":"Startseite","item":"https:\/\/2025.oekermann.de\/pl\/"},{"@type":"ListItem","position":2,"name":"Konserwacja","item":"https:\/\/2025.oekermann.de\/pl\/konserwacja\/"},{"@type":"ListItem","position":3,"name":"Cz\u0119\u015bci zamienne"}]},{"@type":"WebSite","@id":"https:\/\/2025.oekermann.de\/#website","url":"https:\/\/2025.oekermann.de\/","name":"Pneumatische F\u00f6rdertechnik - OEKERMANN Abwassertechnik","description":"","potentialAction":[{"@type":"SearchAction","target":{"@type":"EntryPoint","urlTemplate":"https:\/\/2025.oekermann.de\/?s={search_term_string}"},"query-input":{"@type":"PropertyValueSpecification","valueRequired":true,"valueName":"search_term_string"}}],"inLanguage":"pl-PL"}]}},"_links":{"self":[{"href":"https:\/\/2025.oekermann.de\/pl\/wp-json\/wp\/v2\/pages\/4251","targetHints":{"allow":["GET"]}}],"collection":[{"href":"https:\/\/2025.oekermann.de\/pl\/wp-json\/wp\/v2\/pages"}],"about":[{"href":"https:\/\/2025.oekermann.de\/pl\/wp-json\/wp\/v2\/types\/page"}],"author":[{"embeddable":true,"href":"https:\/\/2025.oekermann.de\/pl\/wp-json\/wp\/v2\/users\/1"}],"replies":[{"embeddable":true,"href":"https:\/\/2025.oekermann.de\/pl\/wp-json\/wp\/v2\/comments?post=4251"}],"version-history":[{"count":1,"href":"https:\/\/2025.oekermann.de\/pl\/wp-json\/wp\/v2\/pages\/4251\/revisions"}],"predecessor-version":[{"id":4253,"href":"https:\/\/2025.oekermann.de\/pl\/wp-json\/wp\/v2\/pages\/4251\/revisions\/4253"}],"up":[{"embeddable":true,"href":"https:\/\/2025.oekermann.de\/pl\/wp-json\/wp\/v2\/pages\/4218"}],"wp:attachment":[{"href":"https:\/\/2025.oekermann.de\/pl\/wp-json\/wp\/v2\/media?parent=4251"}],"curies":[{"name":"wp","href":"https:\/\/api.w.org\/{rel}","templated":true}]}}