{"id":4254,"date":"2019-06-11T23:39:36","date_gmt":"2019-06-11T21:39:36","guid":{"rendered":"https:\/\/2025.oekermann.de\/kontakt\/"},"modified":"2023-09-21T14:47:23","modified_gmt":"2023-09-21T12:47:23","slug":"kontakt","status":"publish","type":"page","link":"https:\/\/2025.oekermann.de\/pl\/kontakt\/","title":{"rendered":"Kontakt"},"content":{"rendered":"<ul class=\"themen-index-links\">\n<li>\n<h2><a href=\"https:\/\/2025.oekermann.de\/kontakt\/oeffnungszeiten\/\">godziny otwarcia<\/a><\/h2>\n<p>Godziny otwarcia i nasz numer alarmowy<\/p>\n<p>      <a class=\"d-btn d-btn-primary d-btn-normal\" href=\"https:\/\/2025.oekermann.de\/kontakt\/oeffnungszeiten\/\"><b>kliknij tutaj \u203a<\/b><\/a><\/li>\n<li>\n<h2><a href=\"https:\/\/2025.oekermann.de\/kontakt\/ihre-ansprechpartner\/\">Osoba kontaktowa w Bielefeld<\/a><\/h2>\n<p>Wszystkie dane kontaktowe<\/p>\n<p>      <a class=\"d-btn d-btn-primary d-btn-normal\" href=\"https:\/\/2025.oekermann.de\/kontakt\/ihre-ansprechpartner\/\"><b>kliknij tutaj\u203a<\/b><\/a><\/li>\n<li>\n<h2><a href=\"https:\/\/2025.oekermann.de\/kontakt\/vertriebsbereiche\/\">Obszary sprzeda\u017cy<\/a><\/h2>\n<p>Tutaj znajdziesz regionalne kontakty do sprzeda\u017cy system\u00f3w OEKERMANN w Europie \u015arodkowej.<\/p>\n<p><a class=\"d-btn d-btn-primary d-btn-normal\" href=\"https:\/\/2025.oekermann.de\/kontakt\/vertriebsbereiche\/\"><b>kliknij tutaj\u203a<\/b><\/a><\/li>\n<p>  <!-- \n\n<li>\n       \n\n<h2><a href=\"https:\/\/2025.oekermann.de\/kontakt\/vertriebsbereiche\/\">Stellenangebote<\/a><\/h2>\n\n\n\n\n<p>Wir suchen nach Verst\u00e4rkung! Wenn Sie herausfinden wollen, ob Sie zu uns passen, schauen Sie am besten mal in unsere Stellenausschreibungen.<\/p>\n\n\n<a class=\"d-btn d-btn-primary d-btn-normal\" href=\"https:\/\/2025.oekermann.de\/kontakt\/stellenangebote\/\"><b>Zu den Stellenangeboten \u203a<\/b><\/a><\/li>\n\n-->\n<\/ul>\n","protected":false},"excerpt":{"rendered":"<p>godziny otwarcia Godziny otwarcia i nasz numer alarmowy kliknij tutaj \u203a Osoba kontaktowa w Bielefeld Wszystkie dane kontaktowe kliknij tutaj\u203a Obszary sprzeda\u017cy Tutaj znajdziesz regionalne kontakty do sprzeda\u017cy system\u00f3w OEKERMANN w Europie \u015arodkowej. kliknij tutaj\u203a<\/p>\n","protected":false},"author":1,"featured_media":0,"parent":0,"menu_order":0,"comment_status":"closed","ping_status":"closed","template":"","meta":{"footnotes":""},"class_list":["post-4254","page","type-page","status-publish","hentry"],"yoast_head":"<!-- This site is optimized with the Yoast SEO plugin v27.4 - https:\/\/yoast.com\/product\/yoast-seo-wordpress\/ -->\n<title>Kontakt - Pneumatische F\u00f6rdertechnik - OEKERMANN Abwassertechnik<\/title>\n<meta name=\"robots\" content=\"index, follow, max-snippet:-1, max-image-preview:large, max-video-preview:-1\" \/>\n<link rel=\"canonical\" href=\"https:\/\/2025.oekermann.de\/kontakt\/\" \/>\n<meta property=\"og:locale\" content=\"pl_PL\" \/>\n<meta property=\"og:type\" content=\"article\" \/>\n<meta property=\"og:title\" content=\"Kontakt - Pneumatische F\u00f6rdertechnik - OEKERMANN Abwassertechnik\" \/>\n<meta property=\"og:description\" content=\"godziny otwarcia Godziny otwarcia i nasz numer alarmowy kliknij tutaj \u203a Osoba kontaktowa w Bielefeld Wszystkie dane kontaktowe kliknij tutaj\u203a Obszary sprzeda\u017cy Tutaj znajdziesz regionalne kontakty do sprzeda\u017cy system\u00f3w OEKERMANN w Europie \u015arodkowej. kliknij tutaj\u203a\" \/>\n<meta property=\"og:url\" content=\"https:\/\/2025.oekermann.de\/kontakt\/\" \/>\n<meta property=\"og:site_name\" content=\"Pneumatische F\u00f6rdertechnik - OEKERMANN Abwassertechnik\" \/>\n<meta property=\"article:publisher\" content=\"https:\/\/www.facebook.com\/pages\/Oekermann-Abwassertechnik\/1007781205906685\" \/>\n<meta property=\"article:modified_time\" content=\"2023-09-21T12:47:23+00:00\" \/>\n<meta name=\"twitter:card\" content=\"summary_large_image\" \/>\n<meta name=\"twitter:site\" content=\"@Oekermann\" \/>\n<script type=\"application\/ld+json\" class=\"yoast-schema-graph\">{\"@context\":\"https:\\\/\\\/schema.org\",\"@graph\":[{\"@type\":\"WebPage\",\"@id\":\"https:\\\/\\\/2025.oekermann.de\\\/kontakt\\\/\",\"url\":\"https:\\\/\\\/2025.oekermann.de\\\/kontakt\\\/\",\"name\":\"Kontakt - Pneumatische F\u00f6rdertechnik - OEKERMANN Abwassertechnik\",\"isPartOf\":{\"@id\":\"https:\\\/\\\/2025.oekermann.de\\\/#website\"},\"datePublished\":\"2019-06-11T21:39:36+00:00\",\"dateModified\":\"2023-09-21T12:47:23+00:00\",\"breadcrumb\":{\"@id\":\"https:\\\/\\\/2025.oekermann.de\\\/kontakt\\\/#breadcrumb\"},\"inLanguage\":\"pl-PL\",\"potentialAction\":[{\"@type\":\"ReadAction\",\"target\":[\"https:\\\/\\\/2025.oekermann.de\\\/kontakt\\\/\"]}]},{\"@type\":\"BreadcrumbList\",\"@id\":\"https:\\\/\\\/2025.oekermann.de\\\/kontakt\\\/#breadcrumb\",\"itemListElement\":[{\"@type\":\"ListItem\",\"position\":1,\"name\":\"Startseite\",\"item\":\"https:\\\/\\\/2025.oekermann.de\\\/pl\\\/\"},{\"@type\":\"ListItem\",\"position\":2,\"name\":\"Kontakt\"}]},{\"@type\":\"WebSite\",\"@id\":\"https:\\\/\\\/2025.oekermann.de\\\/#website\",\"url\":\"https:\\\/\\\/2025.oekermann.de\\\/\",\"name\":\"Pneumatische F\u00f6rdertechnik - OEKERMANN Abwassertechnik\",\"description\":\"\",\"potentialAction\":[{\"@type\":\"SearchAction\",\"target\":{\"@type\":\"EntryPoint\",\"urlTemplate\":\"https:\\\/\\\/2025.oekermann.de\\\/?s={search_term_string}\"},\"query-input\":{\"@type\":\"PropertyValueSpecification\",\"valueRequired\":true,\"valueName\":\"search_term_string\"}}],\"inLanguage\":\"pl-PL\"}]}<\/script>\n<!-- \/ Yoast SEO plugin. -->","yoast_head_json":{"title":"Kontakt - Pneumatische F\u00f6rdertechnik - OEKERMANN Abwassertechnik","robots":{"index":"index","follow":"follow","max-snippet":"max-snippet:-1","max-image-preview":"max-image-preview:large","max-video-preview":"max-video-preview:-1"},"canonical":"https:\/\/2025.oekermann.de\/kontakt\/","og_locale":"pl_PL","og_type":"article","og_title":"Kontakt - Pneumatische F\u00f6rdertechnik - OEKERMANN Abwassertechnik","og_description":"godziny otwarcia Godziny otwarcia i nasz numer alarmowy kliknij tutaj \u203a Osoba kontaktowa w Bielefeld Wszystkie dane kontaktowe kliknij tutaj\u203a Obszary sprzeda\u017cy Tutaj znajdziesz regionalne kontakty do sprzeda\u017cy system\u00f3w OEKERMANN w Europie \u015arodkowej. kliknij tutaj\u203a","og_url":"https:\/\/2025.oekermann.de\/kontakt\/","og_site_name":"Pneumatische F\u00f6rdertechnik - OEKERMANN Abwassertechnik","article_publisher":"https:\/\/www.facebook.com\/pages\/Oekermann-Abwassertechnik\/1007781205906685","article_modified_time":"2023-09-21T12:47:23+00:00","twitter_card":"summary_large_image","twitter_site":"@Oekermann","schema":{"@context":"https:\/\/schema.org","@graph":[{"@type":"WebPage","@id":"https:\/\/2025.oekermann.de\/kontakt\/","url":"https:\/\/2025.oekermann.de\/kontakt\/","name":"Kontakt - Pneumatische F\u00f6rdertechnik - OEKERMANN Abwassertechnik","isPartOf":{"@id":"https:\/\/2025.oekermann.de\/#website"},"datePublished":"2019-06-11T21:39:36+00:00","dateModified":"2023-09-21T12:47:23+00:00","breadcrumb":{"@id":"https:\/\/2025.oekermann.de\/kontakt\/#breadcrumb"},"inLanguage":"pl-PL","potentialAction":[{"@type":"ReadAction","target":["https:\/\/2025.oekermann.de\/kontakt\/"]}]},{"@type":"BreadcrumbList","@id":"https:\/\/2025.oekermann.de\/kontakt\/#breadcrumb","itemListElement":[{"@type":"ListItem","position":1,"name":"Startseite","item":"https:\/\/2025.oekermann.de\/pl\/"},{"@type":"ListItem","position":2,"name":"Kontakt"}]},{"@type":"WebSite","@id":"https:\/\/2025.oekermann.de\/#website","url":"https:\/\/2025.oekermann.de\/","name":"Pneumatische F\u00f6rdertechnik - OEKERMANN Abwassertechnik","description":"","potentialAction":[{"@type":"SearchAction","target":{"@type":"EntryPoint","urlTemplate":"https:\/\/2025.oekermann.de\/?s={search_term_string}"},"query-input":{"@type":"PropertyValueSpecification","valueRequired":true,"valueName":"search_term_string"}}],"inLanguage":"pl-PL"}]}},"_links":{"self":[{"href":"https:\/\/2025.oekermann.de\/pl\/wp-json\/wp\/v2\/pages\/4254","targetHints":{"allow":["GET"]}}],"collection":[{"href":"https:\/\/2025.oekermann.de\/pl\/wp-json\/wp\/v2\/pages"}],"about":[{"href":"https:\/\/2025.oekermann.de\/pl\/wp-json\/wp\/v2\/types\/page"}],"author":[{"embeddable":true,"href":"https:\/\/2025.oekermann.de\/pl\/wp-json\/wp\/v2\/users\/1"}],"replies":[{"embeddable":true,"href":"https:\/\/2025.oekermann.de\/pl\/wp-json\/wp\/v2\/comments?post=4254"}],"version-history":[{"count":0,"href":"https:\/\/2025.oekermann.de\/pl\/wp-json\/wp\/v2\/pages\/4254\/revisions"}],"wp:attachment":[{"href":"https:\/\/2025.oekermann.de\/pl\/wp-json\/wp\/v2\/media?parent=4254"}],"curies":[{"name":"wp","href":"https:\/\/api.w.org\/{rel}","templated":true}]}}