{"id":4257,"date":"2019-05-14T18:36:18","date_gmt":"2019-05-14T16:36:18","guid":{"rendered":"https:\/\/2025.oekermann.de\/kontakt\/obszary-sprzedazy\/"},"modified":"2025-04-28T13:54:39","modified_gmt":"2025-04-28T11:54:39","slug":"obszary-sprzedazy","status":"publish","type":"page","link":"https:\/\/2025.oekermann.de\/pl\/kontakt\/obszary-sprzedazy\/","title":{"rendered":"Obszary sprzeda\u017cy"},"content":{"rendered":"<section>\n<p>&nbsp;<\/p>\n<div class=\"row\">\n<div class=\"col-lg-4\">\n<p><a href=\"https:\/\/2025.oekermann.de\/pl\/pneumatyczne-pompowanie-sciekow-a-konwencjonalna-technologia-pomp\/\">Pneumatyczne przepompowywanie \u015bciek\u00f3w<\/a> jest w wielu przypadkach sensown\u0105 i ekonomiczn\u0105 metod\u0105. Jakie rozwi\u0105zania b\u0119d\u0105 odpowiednie dla Pa\u0144stwa indywidualnej sytuacji, ch\u0119tnie om\u00f3wimy z Pa\u0144stwem osobi\u015bcie.<\/p>\n<p>Aby uzyska\u0107 pierwsze informacje dotycz\u0105ce Pa\u0144stwa wymaga\u0144, prosimy o przes\u0142anie kr\u00f3tkiej wiadomo\u015bci lub o bezpo\u015bredni kontakt telefoniczny.<\/p>\n<\/div>\n<div class=\"col-lg-4\">\n<p><strong>Oekermann GmbH &amp; Co. KG, technika \u015bciekowa<\/strong><\/p>\n<p class=\"contact-item\">\n  <i class=\"fa fa-map-marker\"><\/i> Vinner Stra\u00dfe 175, 33729 Bielefeld<br \/>\n  <i class=\"fa fa-phone\"><\/i> <a href=\"tel:00495213293830\">+49 (0) 521 329 383 \u2013 0<\/a><br \/>\n  <i class=\"fa fa-envelope\"><\/i> <a href=\"mailto:info@oekermann.de\">info@oekermann.de<\/a>\n<\/p>\n<p style=\"margin-bottom:20px;\">\n  <b>Poniedzia\u0142ek \u2013 czwartek:<\/b> 7:45 \u2013 16:00<br \/>\n  <b>Pi\u0105tek:<\/b> 7:45 \u2013 13:00\n<\/p>\n<p>&nbsp;<\/p>\n<\/div>\n<div class=\"col-lg-4\">\n<p><strong>Osoba kontaktowa m\u00f3wi\u0105ca po polsku i angielsku:<\/strong><\/p>\n<p class=\"contact-item\">\n  <i class=\"fa fa-user\"><\/i> Anna Oekermann<br \/>\n  <i class=\"fa fa-phone\"><\/i> <a href=\"tel:004952132938325\">+49 (0) 521 329 383 \u2013 25<\/a><br \/>\n  <i class=\"fa fa-envelope\"><\/i> <a href=\"mailto:annaoekermann@oekermann.de\">annaoekermann@oekermann.de<\/a>\n<\/p>\n<p style=\"margin-bottom:20px;\">\n  <b>Poniedzia\u0142ek \u2013 Sobota:<\/b> 7:45 \u2013 18:00\n<\/p>\n<\/div>\n<\/div>\n<section>\n","protected":false},"excerpt":{"rendered":"<p>&nbsp; Pneumatyczne przepompowywanie \u015bciek\u00f3w jest w wielu przypadkach sensown\u0105 i ekonomiczn\u0105 metod\u0105. Jakie rozwi\u0105zania b\u0119d\u0105 odpowiednie dla Pa\u0144stwa indywidualnej sytuacji, ch\u0119tnie om\u00f3wimy z Pa\u0144stwem osobi\u015bcie. Aby uzyska\u0107 pierwsze informacje dotycz\u0105ce Pa\u0144stwa wymaga\u0144, prosimy o przes\u0142anie kr\u00f3tkiej wiadomo\u015bci lub o bezpo\u015bredni kontakt telefoniczny. Oekermann GmbH &amp; Co. KG, technika \u015bciekowa Vinner Stra\u00dfe 175, 33729 Bielefeld +49<\/p>\n<p class=\"link-more\"><a href=\"https:\/\/2025.oekermann.de\/pl\/kontakt\/obszary-sprzedazy\/\" class=\"envor-btn\">Weiterlesen<span class=\"screen-reader-text\"> &#8220;Obszary sprzeda\u017cy&#8221;<\/span><\/a><\/p>\n","protected":false},"author":1,"featured_media":0,"parent":4254,"menu_order":0,"comment_status":"closed","ping_status":"closed","template":"","meta":{"footnotes":""},"class_list":["post-4257","page","type-page","status-publish","hentry"],"yoast_head":"<!-- This site is optimized with the Yoast SEO plugin v27.4 - https:\/\/yoast.com\/product\/yoast-seo-wordpress\/ -->\n<title>Obszary sprzeda\u017cy - Pneumatische F\u00f6rdertechnik - OEKERMANN Abwassertechnik<\/title>\n<meta name=\"robots\" content=\"index, follow, max-snippet:-1, max-image-preview:large, max-video-preview:-1\" \/>\n<link rel=\"canonical\" href=\"https:\/\/2025.oekermann.de\/pl\/kontakt\/obszary-sprzedazy\/\" \/>\n<meta property=\"og:locale\" content=\"pl_PL\" \/>\n<meta property=\"og:type\" content=\"article\" \/>\n<meta property=\"og:title\" content=\"Obszary sprzeda\u017cy - Pneumatische F\u00f6rdertechnik - OEKERMANN Abwassertechnik\" \/>\n<meta property=\"og:description\" content=\"&nbsp; Pneumatyczne przepompowywanie \u015bciek\u00f3w jest w wielu przypadkach sensown\u0105 i ekonomiczn\u0105 metod\u0105. Jakie rozwi\u0105zania b\u0119d\u0105 odpowiednie dla Pa\u0144stwa indywidualnej sytuacji, ch\u0119tnie om\u00f3wimy z Pa\u0144stwem osobi\u015bcie. Aby uzyska\u0107 pierwsze informacje dotycz\u0105ce Pa\u0144stwa wymaga\u0144, prosimy o przes\u0142anie kr\u00f3tkiej wiadomo\u015bci lub o bezpo\u015bredni kontakt telefoniczny. Oekermann GmbH &amp; Co. KG, technika \u015bciekowa Vinner Stra\u00dfe 175, 33729 Bielefeld +49Weiterlesen &quot;Obszary sprzeda\u017cy&quot;\" \/>\n<meta property=\"og:url\" content=\"https:\/\/2025.oekermann.de\/pl\/kontakt\/obszary-sprzedazy\/\" \/>\n<meta property=\"og:site_name\" content=\"Pneumatische F\u00f6rdertechnik - OEKERMANN Abwassertechnik\" \/>\n<meta property=\"article:publisher\" content=\"https:\/\/www.facebook.com\/pages\/Oekermann-Abwassertechnik\/1007781205906685\" \/>\n<meta property=\"article:modified_time\" content=\"2025-04-28T11:54:39+00:00\" \/>\n<meta name=\"twitter:card\" content=\"summary_large_image\" \/>\n<meta name=\"twitter:site\" content=\"@Oekermann\" \/>\n<meta name=\"twitter:label1\" content=\"Szacowany czas czytania\" \/>\n\t<meta name=\"twitter:data1\" content=\"1 minuta\" \/>\n<script type=\"application\/ld+json\" class=\"yoast-schema-graph\">{\"@context\":\"https:\\\/\\\/schema.org\",\"@graph\":[{\"@type\":\"WebPage\",\"@id\":\"https:\\\/\\\/2025.oekermann.de\\\/pl\\\/kontakt\\\/obszary-sprzedazy\\\/\",\"url\":\"https:\\\/\\\/2025.oekermann.de\\\/pl\\\/kontakt\\\/obszary-sprzedazy\\\/\",\"name\":\"Obszary sprzeda\u017cy - Pneumatische F\u00f6rdertechnik - OEKERMANN Abwassertechnik\",\"isPartOf\":{\"@id\":\"https:\\\/\\\/2025.oekermann.de\\\/#website\"},\"datePublished\":\"2019-05-14T16:36:18+00:00\",\"dateModified\":\"2025-04-28T11:54:39+00:00\",\"breadcrumb\":{\"@id\":\"https:\\\/\\\/2025.oekermann.de\\\/pl\\\/kontakt\\\/obszary-sprzedazy\\\/#breadcrumb\"},\"inLanguage\":\"pl-PL\",\"potentialAction\":[{\"@type\":\"ReadAction\",\"target\":[\"https:\\\/\\\/2025.oekermann.de\\\/pl\\\/kontakt\\\/obszary-sprzedazy\\\/\"]}]},{\"@type\":\"BreadcrumbList\",\"@id\":\"https:\\\/\\\/2025.oekermann.de\\\/pl\\\/kontakt\\\/obszary-sprzedazy\\\/#breadcrumb\",\"itemListElement\":[{\"@type\":\"ListItem\",\"position\":1,\"name\":\"Startseite\",\"item\":\"https:\\\/\\\/2025.oekermann.de\\\/pl\\\/\"},{\"@type\":\"ListItem\",\"position\":2,\"name\":\"Kontakt\",\"item\":\"https:\\\/\\\/2025.oekermann.de\\\/kontakt\\\/\"},{\"@type\":\"ListItem\",\"position\":3,\"name\":\"Obszary sprzeda\u017cy\"}]},{\"@type\":\"WebSite\",\"@id\":\"https:\\\/\\\/2025.oekermann.de\\\/#website\",\"url\":\"https:\\\/\\\/2025.oekermann.de\\\/\",\"name\":\"Pneumatische F\u00f6rdertechnik - OEKERMANN Abwassertechnik\",\"description\":\"\",\"potentialAction\":[{\"@type\":\"SearchAction\",\"target\":{\"@type\":\"EntryPoint\",\"urlTemplate\":\"https:\\\/\\\/2025.oekermann.de\\\/?s={search_term_string}\"},\"query-input\":{\"@type\":\"PropertyValueSpecification\",\"valueRequired\":true,\"valueName\":\"search_term_string\"}}],\"inLanguage\":\"pl-PL\"}]}<\/script>\n<!-- \/ Yoast SEO plugin. -->","yoast_head_json":{"title":"Obszary sprzeda\u017cy - Pneumatische F\u00f6rdertechnik - OEKERMANN Abwassertechnik","robots":{"index":"index","follow":"follow","max-snippet":"max-snippet:-1","max-image-preview":"max-image-preview:large","max-video-preview":"max-video-preview:-1"},"canonical":"https:\/\/2025.oekermann.de\/pl\/kontakt\/obszary-sprzedazy\/","og_locale":"pl_PL","og_type":"article","og_title":"Obszary sprzeda\u017cy - Pneumatische F\u00f6rdertechnik - OEKERMANN Abwassertechnik","og_description":"&nbsp; Pneumatyczne przepompowywanie \u015bciek\u00f3w jest w wielu przypadkach sensown\u0105 i ekonomiczn\u0105 metod\u0105. Jakie rozwi\u0105zania b\u0119d\u0105 odpowiednie dla Pa\u0144stwa indywidualnej sytuacji, ch\u0119tnie om\u00f3wimy z Pa\u0144stwem osobi\u015bcie. Aby uzyska\u0107 pierwsze informacje dotycz\u0105ce Pa\u0144stwa wymaga\u0144, prosimy o przes\u0142anie kr\u00f3tkiej wiadomo\u015bci lub o bezpo\u015bredni kontakt telefoniczny. Oekermann GmbH &amp; Co. KG, technika \u015bciekowa Vinner Stra\u00dfe 175, 33729 Bielefeld +49Weiterlesen \"Obszary sprzeda\u017cy\"","og_url":"https:\/\/2025.oekermann.de\/pl\/kontakt\/obszary-sprzedazy\/","og_site_name":"Pneumatische F\u00f6rdertechnik - OEKERMANN Abwassertechnik","article_publisher":"https:\/\/www.facebook.com\/pages\/Oekermann-Abwassertechnik\/1007781205906685","article_modified_time":"2025-04-28T11:54:39+00:00","twitter_card":"summary_large_image","twitter_site":"@Oekermann","twitter_misc":{"Szacowany czas czytania":"1 minuta"},"schema":{"@context":"https:\/\/schema.org","@graph":[{"@type":"WebPage","@id":"https:\/\/2025.oekermann.de\/pl\/kontakt\/obszary-sprzedazy\/","url":"https:\/\/2025.oekermann.de\/pl\/kontakt\/obszary-sprzedazy\/","name":"Obszary sprzeda\u017cy - Pneumatische F\u00f6rdertechnik - OEKERMANN Abwassertechnik","isPartOf":{"@id":"https:\/\/2025.oekermann.de\/#website"},"datePublished":"2019-05-14T16:36:18+00:00","dateModified":"2025-04-28T11:54:39+00:00","breadcrumb":{"@id":"https:\/\/2025.oekermann.de\/pl\/kontakt\/obszary-sprzedazy\/#breadcrumb"},"inLanguage":"pl-PL","potentialAction":[{"@type":"ReadAction","target":["https:\/\/2025.oekermann.de\/pl\/kontakt\/obszary-sprzedazy\/"]}]},{"@type":"BreadcrumbList","@id":"https:\/\/2025.oekermann.de\/pl\/kontakt\/obszary-sprzedazy\/#breadcrumb","itemListElement":[{"@type":"ListItem","position":1,"name":"Startseite","item":"https:\/\/2025.oekermann.de\/pl\/"},{"@type":"ListItem","position":2,"name":"Kontakt","item":"https:\/\/2025.oekermann.de\/kontakt\/"},{"@type":"ListItem","position":3,"name":"Obszary sprzeda\u017cy"}]},{"@type":"WebSite","@id":"https:\/\/2025.oekermann.de\/#website","url":"https:\/\/2025.oekermann.de\/","name":"Pneumatische F\u00f6rdertechnik - OEKERMANN Abwassertechnik","description":"","potentialAction":[{"@type":"SearchAction","target":{"@type":"EntryPoint","urlTemplate":"https:\/\/2025.oekermann.de\/?s={search_term_string}"},"query-input":{"@type":"PropertyValueSpecification","valueRequired":true,"valueName":"search_term_string"}}],"inLanguage":"pl-PL"}]}},"_links":{"self":[{"href":"https:\/\/2025.oekermann.de\/pl\/wp-json\/wp\/v2\/pages\/4257","targetHints":{"allow":["GET"]}}],"collection":[{"href":"https:\/\/2025.oekermann.de\/pl\/wp-json\/wp\/v2\/pages"}],"about":[{"href":"https:\/\/2025.oekermann.de\/pl\/wp-json\/wp\/v2\/types\/page"}],"author":[{"embeddable":true,"href":"https:\/\/2025.oekermann.de\/pl\/wp-json\/wp\/v2\/users\/1"}],"replies":[{"embeddable":true,"href":"https:\/\/2025.oekermann.de\/pl\/wp-json\/wp\/v2\/comments?post=4257"}],"version-history":[{"count":15,"href":"https:\/\/2025.oekermann.de\/pl\/wp-json\/wp\/v2\/pages\/4257\/revisions"}],"predecessor-version":[{"id":4875,"href":"https:\/\/2025.oekermann.de\/pl\/wp-json\/wp\/v2\/pages\/4257\/revisions\/4875"}],"up":[{"embeddable":true,"href":"https:\/\/2025.oekermann.de\/pl\/wp-json\/wp\/v2\/pages\/4254"}],"wp:attachment":[{"href":"https:\/\/2025.oekermann.de\/pl\/wp-json\/wp\/v2\/media?parent=4257"}],"curies":[{"name":"wp","href":"https:\/\/api.w.org\/{rel}","templated":true}]}}