{"id":4259,"date":"2022-06-24T00:58:12","date_gmt":"2022-06-23T22:58:12","guid":{"rendered":"https:\/\/2025.oekermann.de\/konserwacja-2\/pneumatyczne-systemy-transportu-sciekow-w-austrii\/"},"modified":"2025-06-11T12:23:25","modified_gmt":"2025-06-11T10:23:25","slug":"pneumatyczne-systemy-transportu-sciekow-w-austrii","status":"publish","type":"page","link":"https:\/\/2025.oekermann.de\/pl\/konserwacja\/pneumatyczne-systemy-transportu-sciekow-w-austrii\/","title":{"rendered":"Pneumatyczne systemy transportu \u015bciek\u00f3w w Austrii"},"content":{"rendered":"<p>Obecnie w Austrii firma OEKERMANN wytwarza wiele produkt\u00f3w zwi\u0105zanych z <a href=\"https:\/\/2025.oekermann.de\/pneumatische-abwasserfoerderung-vs-konventionelle-pumpentechnik\/\">pneumatycznym systemem transportu \u015bciek\u00f3w<\/a>. Ze wzgl\u0119du na zwi\u0119kszone zapytania ze strony planist\u00f3w z Austrii firma<a href=\"https:\/\/2025.oekermann.de\/ueber-uns\/meilensteine\/\">OEKERMANN<\/a> posiada tam teraz <a href=\"https:\/\/2025.oekermann.de\/kontakt\/vertriebsbereiche\/\">partnera<\/a>, co pomaga na etapie projektowania, czy nawet po dostawie w <a href=\"https:\/\/2025.oekermann.de\/wartung\/service-bei-der-pneumatischen-abwasser-foerderung\/\">serwisowaniu<\/a> .<\/p>\n<p>OEKERMANN wykonuje r\u00f3wnie\u017c podstawowe prace monta\u017cowe i konserwacyjne w Austrii przy pomocy w\u0142asnego personelu. Op\u0142aca si\u0119 to ekonomicznie poprzez tworzenie<a href=\"https:\/\/2025.oekermann.de\/wartung\/\">wyjazd\u00f3w monta\u017cowych<\/a> dla operator\u00f3w. Je\u017celi potrzebujesz pomocy w Austrii skontaktuj si\u0119 z: <a href=\"https:\/\/2025.oekermann.de\/kontakt\/ihre-ansprechpartner\/\">nami<\/a> pod numerem<a href=\"tel:00495213293830\"> +49 (0)521 329 383 &#8211; 0<\/a> lub <a href=\"https:\/\/2025.oekermann.de\/kontakt\/vertriebsbereiche\/\">bezpo\u015brednio u naszego partnera<\/a>.<\/p>\n<p><img decoding=\"async\" class=\"img-1\" src=\"\/wp-content\/uploads\/2017\/05\/\u00d6sterreich_Oekermann_2-300x225.jpg\" alt=\"\" \/><\/p>\n","protected":false},"excerpt":{"rendered":"<p>Obecnie w Austrii firma OEKERMANN wytwarza wiele produkt\u00f3w zwi\u0105zanych z pneumatycznym systemem transportu \u015bciek\u00f3w. Ze wzgl\u0119du na zwi\u0119kszone zapytania ze strony planist\u00f3w z Austrii firmaOEKERMANN posiada tam teraz partnera, co pomaga na etapie projektowania, czy nawet po dostawie w serwisowaniu . OEKERMANN wykonuje r\u00f3wnie\u017c podstawowe prace monta\u017cowe i konserwacyjne w Austrii przy pomocy w\u0142asnego personelu.<\/p>\n<p class=\"link-more\"><a href=\"https:\/\/2025.oekermann.de\/pl\/konserwacja\/pneumatyczne-systemy-transportu-sciekow-w-austrii\/\" class=\"envor-btn\">Weiterlesen<span class=\"screen-reader-text\"> &#8220;Pneumatyczne systemy transportu \u015bciek\u00f3w w Austrii&#8221;<\/span><\/a><\/p>\n","protected":false},"author":1,"featured_media":0,"parent":4218,"menu_order":0,"comment_status":"closed","ping_status":"closed","template":"","meta":{"footnotes":""},"class_list":["post-4259","page","type-page","status-publish","hentry"],"yoast_head":"<!-- This site is optimized with the Yoast SEO plugin v27.4 - https:\/\/yoast.com\/product\/yoast-seo-wordpress\/ -->\n<title>Pneumatyczne systemy transportu \u015bciek\u00f3w w Austrii - Pneumatische F\u00f6rdertechnik - OEKERMANN Abwassertechnik<\/title>\n<meta name=\"robots\" content=\"index, follow, max-snippet:-1, max-image-preview:large, max-video-preview:-1\" \/>\n<link rel=\"canonical\" href=\"https:\/\/2025.oekermann.de\/pl\/konserwacja\/pneumatyczne-systemy-transportu-sciekow-w-austrii\/\" \/>\n<meta property=\"og:locale\" content=\"pl_PL\" \/>\n<meta property=\"og:type\" content=\"article\" \/>\n<meta property=\"og:title\" content=\"Pneumatyczne systemy transportu \u015bciek\u00f3w w Austrii - Pneumatische F\u00f6rdertechnik - OEKERMANN Abwassertechnik\" \/>\n<meta property=\"og:description\" content=\"Obecnie w Austrii firma OEKERMANN wytwarza wiele produkt\u00f3w zwi\u0105zanych z pneumatycznym systemem transportu \u015bciek\u00f3w. Ze wzgl\u0119du na zwi\u0119kszone zapytania ze strony planist\u00f3w z Austrii firmaOEKERMANN posiada tam teraz partnera, co pomaga na etapie projektowania, czy nawet po dostawie w serwisowaniu . OEKERMANN wykonuje r\u00f3wnie\u017c podstawowe prace monta\u017cowe i konserwacyjne w Austrii przy pomocy w\u0142asnego personelu.Weiterlesen &quot;Pneumatyczne systemy transportu \u015bciek\u00f3w w Austrii&quot;\" \/>\n<meta property=\"og:url\" content=\"https:\/\/2025.oekermann.de\/pl\/konserwacja\/pneumatyczne-systemy-transportu-sciekow-w-austrii\/\" \/>\n<meta property=\"og:site_name\" content=\"Pneumatische F\u00f6rdertechnik - OEKERMANN Abwassertechnik\" \/>\n<meta property=\"article:publisher\" content=\"https:\/\/www.facebook.com\/pages\/Oekermann-Abwassertechnik\/1007781205906685\" \/>\n<meta property=\"article:modified_time\" content=\"2025-06-11T10:23:25+00:00\" \/>\n<meta name=\"twitter:card\" content=\"summary_large_image\" \/>\n<meta name=\"twitter:site\" content=\"@Oekermann\" \/>\n<script type=\"application\/ld+json\" class=\"yoast-schema-graph\">{\"@context\":\"https:\\\/\\\/schema.org\",\"@graph\":[{\"@type\":\"WebPage\",\"@id\":\"https:\\\/\\\/2025.oekermann.de\\\/pl\\\/konserwacja\\\/pneumatyczne-systemy-transportu-sciekow-w-austrii\\\/\",\"url\":\"https:\\\/\\\/2025.oekermann.de\\\/pl\\\/konserwacja\\\/pneumatyczne-systemy-transportu-sciekow-w-austrii\\\/\",\"name\":\"Pneumatyczne systemy transportu \u015bciek\u00f3w w Austrii - Pneumatische F\u00f6rdertechnik - OEKERMANN Abwassertechnik\",\"isPartOf\":{\"@id\":\"https:\\\/\\\/2025.oekermann.de\\\/#website\"},\"datePublished\":\"2022-06-23T22:58:12+00:00\",\"dateModified\":\"2025-06-11T10:23:25+00:00\",\"breadcrumb\":{\"@id\":\"https:\\\/\\\/2025.oekermann.de\\\/pl\\\/konserwacja\\\/pneumatyczne-systemy-transportu-sciekow-w-austrii\\\/#breadcrumb\"},\"inLanguage\":\"pl-PL\",\"potentialAction\":[{\"@type\":\"ReadAction\",\"target\":[\"https:\\\/\\\/2025.oekermann.de\\\/pl\\\/konserwacja\\\/pneumatyczne-systemy-transportu-sciekow-w-austrii\\\/\"]}]},{\"@type\":\"BreadcrumbList\",\"@id\":\"https:\\\/\\\/2025.oekermann.de\\\/pl\\\/konserwacja\\\/pneumatyczne-systemy-transportu-sciekow-w-austrii\\\/#breadcrumb\",\"itemListElement\":[{\"@type\":\"ListItem\",\"position\":1,\"name\":\"Startseite\",\"item\":\"https:\\\/\\\/2025.oekermann.de\\\/pl\\\/\"},{\"@type\":\"ListItem\",\"position\":2,\"name\":\"Konserwacja\",\"item\":\"https:\\\/\\\/2025.oekermann.de\\\/pl\\\/konserwacja\\\/\"},{\"@type\":\"ListItem\",\"position\":3,\"name\":\"Pneumatyczne systemy transportu \u015bciek\u00f3w w Austrii\"}]},{\"@type\":\"WebSite\",\"@id\":\"https:\\\/\\\/2025.oekermann.de\\\/#website\",\"url\":\"https:\\\/\\\/2025.oekermann.de\\\/\",\"name\":\"Pneumatische F\u00f6rdertechnik - OEKERMANN Abwassertechnik\",\"description\":\"\",\"potentialAction\":[{\"@type\":\"SearchAction\",\"target\":{\"@type\":\"EntryPoint\",\"urlTemplate\":\"https:\\\/\\\/2025.oekermann.de\\\/?s={search_term_string}\"},\"query-input\":{\"@type\":\"PropertyValueSpecification\",\"valueRequired\":true,\"valueName\":\"search_term_string\"}}],\"inLanguage\":\"pl-PL\"}]}<\/script>\n<!-- \/ Yoast SEO plugin. -->","yoast_head_json":{"title":"Pneumatyczne systemy transportu \u015bciek\u00f3w w Austrii - Pneumatische F\u00f6rdertechnik - OEKERMANN Abwassertechnik","robots":{"index":"index","follow":"follow","max-snippet":"max-snippet:-1","max-image-preview":"max-image-preview:large","max-video-preview":"max-video-preview:-1"},"canonical":"https:\/\/2025.oekermann.de\/pl\/konserwacja\/pneumatyczne-systemy-transportu-sciekow-w-austrii\/","og_locale":"pl_PL","og_type":"article","og_title":"Pneumatyczne systemy transportu \u015bciek\u00f3w w Austrii - Pneumatische F\u00f6rdertechnik - OEKERMANN Abwassertechnik","og_description":"Obecnie w Austrii firma OEKERMANN wytwarza wiele produkt\u00f3w zwi\u0105zanych z pneumatycznym systemem transportu \u015bciek\u00f3w. Ze wzgl\u0119du na zwi\u0119kszone zapytania ze strony planist\u00f3w z Austrii firmaOEKERMANN posiada tam teraz partnera, co pomaga na etapie projektowania, czy nawet po dostawie w serwisowaniu . OEKERMANN wykonuje r\u00f3wnie\u017c podstawowe prace monta\u017cowe i konserwacyjne w Austrii przy pomocy w\u0142asnego personelu.Weiterlesen \"Pneumatyczne systemy transportu \u015bciek\u00f3w w Austrii\"","og_url":"https:\/\/2025.oekermann.de\/pl\/konserwacja\/pneumatyczne-systemy-transportu-sciekow-w-austrii\/","og_site_name":"Pneumatische F\u00f6rdertechnik - OEKERMANN Abwassertechnik","article_publisher":"https:\/\/www.facebook.com\/pages\/Oekermann-Abwassertechnik\/1007781205906685","article_modified_time":"2025-06-11T10:23:25+00:00","twitter_card":"summary_large_image","twitter_site":"@Oekermann","schema":{"@context":"https:\/\/schema.org","@graph":[{"@type":"WebPage","@id":"https:\/\/2025.oekermann.de\/pl\/konserwacja\/pneumatyczne-systemy-transportu-sciekow-w-austrii\/","url":"https:\/\/2025.oekermann.de\/pl\/konserwacja\/pneumatyczne-systemy-transportu-sciekow-w-austrii\/","name":"Pneumatyczne systemy transportu \u015bciek\u00f3w w Austrii - Pneumatische F\u00f6rdertechnik - OEKERMANN Abwassertechnik","isPartOf":{"@id":"https:\/\/2025.oekermann.de\/#website"},"datePublished":"2022-06-23T22:58:12+00:00","dateModified":"2025-06-11T10:23:25+00:00","breadcrumb":{"@id":"https:\/\/2025.oekermann.de\/pl\/konserwacja\/pneumatyczne-systemy-transportu-sciekow-w-austrii\/#breadcrumb"},"inLanguage":"pl-PL","potentialAction":[{"@type":"ReadAction","target":["https:\/\/2025.oekermann.de\/pl\/konserwacja\/pneumatyczne-systemy-transportu-sciekow-w-austrii\/"]}]},{"@type":"BreadcrumbList","@id":"https:\/\/2025.oekermann.de\/pl\/konserwacja\/pneumatyczne-systemy-transportu-sciekow-w-austrii\/#breadcrumb","itemListElement":[{"@type":"ListItem","position":1,"name":"Startseite","item":"https:\/\/2025.oekermann.de\/pl\/"},{"@type":"ListItem","position":2,"name":"Konserwacja","item":"https:\/\/2025.oekermann.de\/pl\/konserwacja\/"},{"@type":"ListItem","position":3,"name":"Pneumatyczne systemy transportu \u015bciek\u00f3w w Austrii"}]},{"@type":"WebSite","@id":"https:\/\/2025.oekermann.de\/#website","url":"https:\/\/2025.oekermann.de\/","name":"Pneumatische F\u00f6rdertechnik - OEKERMANN Abwassertechnik","description":"","potentialAction":[{"@type":"SearchAction","target":{"@type":"EntryPoint","urlTemplate":"https:\/\/2025.oekermann.de\/?s={search_term_string}"},"query-input":{"@type":"PropertyValueSpecification","valueRequired":true,"valueName":"search_term_string"}}],"inLanguage":"pl-PL"}]}},"_links":{"self":[{"href":"https:\/\/2025.oekermann.de\/pl\/wp-json\/wp\/v2\/pages\/4259","targetHints":{"allow":["GET"]}}],"collection":[{"href":"https:\/\/2025.oekermann.de\/pl\/wp-json\/wp\/v2\/pages"}],"about":[{"href":"https:\/\/2025.oekermann.de\/pl\/wp-json\/wp\/v2\/types\/page"}],"author":[{"embeddable":true,"href":"https:\/\/2025.oekermann.de\/pl\/wp-json\/wp\/v2\/users\/1"}],"replies":[{"embeddable":true,"href":"https:\/\/2025.oekermann.de\/pl\/wp-json\/wp\/v2\/comments?post=4259"}],"version-history":[{"count":2,"href":"https:\/\/2025.oekermann.de\/pl\/wp-json\/wp\/v2\/pages\/4259\/revisions"}],"predecessor-version":[{"id":4261,"href":"https:\/\/2025.oekermann.de\/pl\/wp-json\/wp\/v2\/pages\/4259\/revisions\/4261"}],"up":[{"embeddable":true,"href":"https:\/\/2025.oekermann.de\/pl\/wp-json\/wp\/v2\/pages\/4218"}],"wp:attachment":[{"href":"https:\/\/2025.oekermann.de\/pl\/wp-json\/wp\/v2\/media?parent=4259"}],"curies":[{"name":"wp","href":"https:\/\/api.w.org\/{rel}","templated":true}]}}