{"id":4262,"date":"2022-06-24T01:07:46","date_gmt":"2022-06-23T23:07:46","guid":{"rendered":"https:\/\/2025.oekermann.de\/konserwacja-2\/serwis-pneumatycznego-transportu-sciekow\/"},"modified":"2023-09-22T10:02:37","modified_gmt":"2023-09-22T08:02:37","slug":"serwis-pneumatycznego-transportu-sciekow","status":"publish","type":"page","link":"https:\/\/2025.oekermann.de\/pl\/konserwacja\/serwis-pneumatycznego-transportu-sciekow\/","title":{"rendered":"Serwis pneumatycznego transportu \u015bciek\u00f3w"},"content":{"rendered":"<p>W przypadku mojego ma\u0142ego synka sytuacja wygl\u0105da\u0142a podobnie jak w przypadku mojej starszej c\u00f3rki, gdy by\u0142a w tym wieku, gdy pierwszy raz stan\u0105\u0142 przed jednym z naszych czerwonych woz\u00f3w monta\u017cowych (Mercedes Sprinter) ze zdumieniem spojrza\u0142 na kabin\u0119 kierowcy i pocz\u0105tkowo waha\u0142 si\u0119, czy wej\u015b\u0107.<\/p>\n<p>Nasze pojazdy monta\u017cowe s\u0105 istotnym elementem sukcesu naszej firmy.<\/p>\n<p>W czasach coraz wi\u0119kszych niedobor\u00f3w personelu w oczyszczalniach \u015bciek\u00f3w i na placach budowy, my jako producenci, projektanci i wykonawcy pneumatycznych system\u00f3w transportu \u015bciek\u00f3w musimy bardziej ni\u017c kiedykolwiek wcze\u015bniej jeste\u015bmy zobowi\u0105zani do dbania o operator\u00f3w i systemy nie tylko w czasie dostawy ale te\u017c po okresie gwarancji.<\/p>\n<p>W ramach <a href=\"https:\/\/2025.oekermann.de\/wartung\/\">um\u00f3w serwisowych<\/a> oferujemy od dziesi\u0119cioleci serwis w sta\u0142ych odst\u0119pach czasowych (zwykle jeden lub dwa serwisy rocznie), jak i coraz bardziej popularny serwis nadzwyczajny, gdzie wykonujemy zwyk\u0142e prace konserwacyjne, ze wzgl\u0119du na braki w\u015br\u00f3d lokalnego personelu technicznego.<\/p>\n<p>Zaczeli\u015bmy rozszerza\u0107 nasze dzia\u0142ania serwisowe lata temu, poprzez zwi\u0119kszenie naszej floty pojazd\u00f3w. Dzisiaj nawet samoch\u00f3d, kt\u00f3ry mia\u0142 by\u0107 dost\u0119pny na sytuacje alarmowe, jest teraz regularnie w trasie w prawie ka\u017cdy tydzie\u0144.<\/p>\n<p>Dzi\u0119ki wyjazdom od poniedzia\u0142ku do czwartku mo\u017cemy tanio dostarczy\u0107 towar do naszych klient\u00f3w na terenie ca\u0142ych Niemiec i kraj\u00f3w s\u0105siednich.<\/p>\n<p>\u201cSerwis OEKERMANN\u201c jest wysoko ceniony przez naszych klient\u00f3w i postrzegany jako integralna cz\u0119\u015b\u0107 naszej \u015bredniej wielko\u015bci firmy. Wiele decyzji o zakupie naszych nowych system\u00f3w jest podejmowana, ze wzgl\u0119du na poziom ich p\u00f3\u017aniejszej obs\u0142ugi.<\/p>\n<p>Mo\u017ce pewnego dnia jedna z naszych czerwonych ci\u0119\u017car\u00f3wek monta\u017cowych podjedzie do Ciebie?<\/p>\n<p><img decoding=\"async\" class=\"img-1\" src=\"\/wp-content\/uploads\/2017\/04\/Oekermann_Servicewagen2-300x225.jpg\" alt=\"\" \/><\/p>\n","protected":false},"excerpt":{"rendered":"<p>W przypadku mojego ma\u0142ego synka sytuacja wygl\u0105da\u0142a podobnie jak w przypadku mojej starszej c\u00f3rki, gdy by\u0142a w tym wieku, gdy pierwszy raz stan\u0105\u0142 przed jednym z naszych czerwonych woz\u00f3w monta\u017cowych (Mercedes Sprinter) ze zdumieniem spojrza\u0142 na kabin\u0119 kierowcy i pocz\u0105tkowo waha\u0142 si\u0119, czy wej\u015b\u0107. Nasze pojazdy monta\u017cowe s\u0105 istotnym elementem sukcesu naszej firmy. W czasach<\/p>\n<p class=\"link-more\"><a href=\"https:\/\/2025.oekermann.de\/pl\/konserwacja\/serwis-pneumatycznego-transportu-sciekow\/\" class=\"envor-btn\">Weiterlesen<span class=\"screen-reader-text\"> &#8220;Serwis pneumatycznego transportu \u015bciek\u00f3w&#8221;<\/span><\/a><\/p>\n","protected":false},"author":1,"featured_media":0,"parent":4218,"menu_order":0,"comment_status":"closed","ping_status":"closed","template":"","meta":{"footnotes":""},"class_list":["post-4262","page","type-page","status-publish","hentry"],"yoast_head":"<!-- This site is optimized with the Yoast SEO plugin v27.4 - https:\/\/yoast.com\/product\/yoast-seo-wordpress\/ -->\n<title>Serwis pneumatycznego transportu \u015bciek\u00f3w - Pneumatische F\u00f6rdertechnik - OEKERMANN Abwassertechnik<\/title>\n<meta name=\"robots\" content=\"index, follow, max-snippet:-1, max-image-preview:large, max-video-preview:-1\" \/>\n<link rel=\"canonical\" href=\"https:\/\/2025.oekermann.de\/pl\/konserwacja\/serwis-pneumatycznego-transportu-sciekow\/\" \/>\n<meta property=\"og:locale\" content=\"pl_PL\" \/>\n<meta property=\"og:type\" content=\"article\" \/>\n<meta property=\"og:title\" content=\"Serwis pneumatycznego transportu \u015bciek\u00f3w - Pneumatische F\u00f6rdertechnik - OEKERMANN Abwassertechnik\" \/>\n<meta property=\"og:description\" content=\"W przypadku mojego ma\u0142ego synka sytuacja wygl\u0105da\u0142a podobnie jak w przypadku mojej starszej c\u00f3rki, gdy by\u0142a w tym wieku, gdy pierwszy raz stan\u0105\u0142 przed jednym z naszych czerwonych woz\u00f3w monta\u017cowych (Mercedes Sprinter) ze zdumieniem spojrza\u0142 na kabin\u0119 kierowcy i pocz\u0105tkowo waha\u0142 si\u0119, czy wej\u015b\u0107. Nasze pojazdy monta\u017cowe s\u0105 istotnym elementem sukcesu naszej firmy. W czasachWeiterlesen &quot;Serwis pneumatycznego transportu \u015bciek\u00f3w&quot;\" \/>\n<meta property=\"og:url\" content=\"https:\/\/2025.oekermann.de\/pl\/konserwacja\/serwis-pneumatycznego-transportu-sciekow\/\" \/>\n<meta property=\"og:site_name\" content=\"Pneumatische F\u00f6rdertechnik - OEKERMANN Abwassertechnik\" \/>\n<meta property=\"article:publisher\" content=\"https:\/\/www.facebook.com\/pages\/Oekermann-Abwassertechnik\/1007781205906685\" \/>\n<meta property=\"article:modified_time\" content=\"2023-09-22T08:02:37+00:00\" \/>\n<meta name=\"twitter:card\" content=\"summary_large_image\" \/>\n<meta name=\"twitter:site\" content=\"@Oekermann\" \/>\n<meta name=\"twitter:label1\" content=\"Szacowany czas czytania\" \/>\n\t<meta name=\"twitter:data1\" content=\"1 minuta\" \/>\n<script type=\"application\/ld+json\" class=\"yoast-schema-graph\">{\"@context\":\"https:\\\/\\\/schema.org\",\"@graph\":[{\"@type\":\"WebPage\",\"@id\":\"https:\\\/\\\/2025.oekermann.de\\\/pl\\\/konserwacja\\\/serwis-pneumatycznego-transportu-sciekow\\\/\",\"url\":\"https:\\\/\\\/2025.oekermann.de\\\/pl\\\/konserwacja\\\/serwis-pneumatycznego-transportu-sciekow\\\/\",\"name\":\"Serwis pneumatycznego transportu \u015bciek\u00f3w - Pneumatische F\u00f6rdertechnik - OEKERMANN Abwassertechnik\",\"isPartOf\":{\"@id\":\"https:\\\/\\\/2025.oekermann.de\\\/#website\"},\"datePublished\":\"2022-06-23T23:07:46+00:00\",\"dateModified\":\"2023-09-22T08:02:37+00:00\",\"breadcrumb\":{\"@id\":\"https:\\\/\\\/2025.oekermann.de\\\/pl\\\/konserwacja\\\/serwis-pneumatycznego-transportu-sciekow\\\/#breadcrumb\"},\"inLanguage\":\"pl-PL\",\"potentialAction\":[{\"@type\":\"ReadAction\",\"target\":[\"https:\\\/\\\/2025.oekermann.de\\\/pl\\\/konserwacja\\\/serwis-pneumatycznego-transportu-sciekow\\\/\"]}]},{\"@type\":\"BreadcrumbList\",\"@id\":\"https:\\\/\\\/2025.oekermann.de\\\/pl\\\/konserwacja\\\/serwis-pneumatycznego-transportu-sciekow\\\/#breadcrumb\",\"itemListElement\":[{\"@type\":\"ListItem\",\"position\":1,\"name\":\"Startseite\",\"item\":\"https:\\\/\\\/2025.oekermann.de\\\/pl\\\/\"},{\"@type\":\"ListItem\",\"position\":2,\"name\":\"Konserwacja\",\"item\":\"https:\\\/\\\/2025.oekermann.de\\\/pl\\\/konserwacja\\\/\"},{\"@type\":\"ListItem\",\"position\":3,\"name\":\"Serwis pneumatycznego transportu \u015bciek\u00f3w\"}]},{\"@type\":\"WebSite\",\"@id\":\"https:\\\/\\\/2025.oekermann.de\\\/#website\",\"url\":\"https:\\\/\\\/2025.oekermann.de\\\/\",\"name\":\"Pneumatische F\u00f6rdertechnik - OEKERMANN Abwassertechnik\",\"description\":\"\",\"potentialAction\":[{\"@type\":\"SearchAction\",\"target\":{\"@type\":\"EntryPoint\",\"urlTemplate\":\"https:\\\/\\\/2025.oekermann.de\\\/?s={search_term_string}\"},\"query-input\":{\"@type\":\"PropertyValueSpecification\",\"valueRequired\":true,\"valueName\":\"search_term_string\"}}],\"inLanguage\":\"pl-PL\"}]}<\/script>\n<!-- \/ Yoast SEO plugin. -->","yoast_head_json":{"title":"Serwis pneumatycznego transportu \u015bciek\u00f3w - Pneumatische F\u00f6rdertechnik - OEKERMANN Abwassertechnik","robots":{"index":"index","follow":"follow","max-snippet":"max-snippet:-1","max-image-preview":"max-image-preview:large","max-video-preview":"max-video-preview:-1"},"canonical":"https:\/\/2025.oekermann.de\/pl\/konserwacja\/serwis-pneumatycznego-transportu-sciekow\/","og_locale":"pl_PL","og_type":"article","og_title":"Serwis pneumatycznego transportu \u015bciek\u00f3w - Pneumatische F\u00f6rdertechnik - OEKERMANN Abwassertechnik","og_description":"W przypadku mojego ma\u0142ego synka sytuacja wygl\u0105da\u0142a podobnie jak w przypadku mojej starszej c\u00f3rki, gdy by\u0142a w tym wieku, gdy pierwszy raz stan\u0105\u0142 przed jednym z naszych czerwonych woz\u00f3w monta\u017cowych (Mercedes Sprinter) ze zdumieniem spojrza\u0142 na kabin\u0119 kierowcy i pocz\u0105tkowo waha\u0142 si\u0119, czy wej\u015b\u0107. Nasze pojazdy monta\u017cowe s\u0105 istotnym elementem sukcesu naszej firmy. W czasachWeiterlesen \"Serwis pneumatycznego transportu \u015bciek\u00f3w\"","og_url":"https:\/\/2025.oekermann.de\/pl\/konserwacja\/serwis-pneumatycznego-transportu-sciekow\/","og_site_name":"Pneumatische F\u00f6rdertechnik - OEKERMANN Abwassertechnik","article_publisher":"https:\/\/www.facebook.com\/pages\/Oekermann-Abwassertechnik\/1007781205906685","article_modified_time":"2023-09-22T08:02:37+00:00","twitter_card":"summary_large_image","twitter_site":"@Oekermann","twitter_misc":{"Szacowany czas czytania":"1 minuta"},"schema":{"@context":"https:\/\/schema.org","@graph":[{"@type":"WebPage","@id":"https:\/\/2025.oekermann.de\/pl\/konserwacja\/serwis-pneumatycznego-transportu-sciekow\/","url":"https:\/\/2025.oekermann.de\/pl\/konserwacja\/serwis-pneumatycznego-transportu-sciekow\/","name":"Serwis pneumatycznego transportu \u015bciek\u00f3w - Pneumatische F\u00f6rdertechnik - OEKERMANN Abwassertechnik","isPartOf":{"@id":"https:\/\/2025.oekermann.de\/#website"},"datePublished":"2022-06-23T23:07:46+00:00","dateModified":"2023-09-22T08:02:37+00:00","breadcrumb":{"@id":"https:\/\/2025.oekermann.de\/pl\/konserwacja\/serwis-pneumatycznego-transportu-sciekow\/#breadcrumb"},"inLanguage":"pl-PL","potentialAction":[{"@type":"ReadAction","target":["https:\/\/2025.oekermann.de\/pl\/konserwacja\/serwis-pneumatycznego-transportu-sciekow\/"]}]},{"@type":"BreadcrumbList","@id":"https:\/\/2025.oekermann.de\/pl\/konserwacja\/serwis-pneumatycznego-transportu-sciekow\/#breadcrumb","itemListElement":[{"@type":"ListItem","position":1,"name":"Startseite","item":"https:\/\/2025.oekermann.de\/pl\/"},{"@type":"ListItem","position":2,"name":"Konserwacja","item":"https:\/\/2025.oekermann.de\/pl\/konserwacja\/"},{"@type":"ListItem","position":3,"name":"Serwis pneumatycznego transportu \u015bciek\u00f3w"}]},{"@type":"WebSite","@id":"https:\/\/2025.oekermann.de\/#website","url":"https:\/\/2025.oekermann.de\/","name":"Pneumatische F\u00f6rdertechnik - OEKERMANN Abwassertechnik","description":"","potentialAction":[{"@type":"SearchAction","target":{"@type":"EntryPoint","urlTemplate":"https:\/\/2025.oekermann.de\/?s={search_term_string}"},"query-input":{"@type":"PropertyValueSpecification","valueRequired":true,"valueName":"search_term_string"}}],"inLanguage":"pl-PL"}]}},"_links":{"self":[{"href":"https:\/\/2025.oekermann.de\/pl\/wp-json\/wp\/v2\/pages\/4262","targetHints":{"allow":["GET"]}}],"collection":[{"href":"https:\/\/2025.oekermann.de\/pl\/wp-json\/wp\/v2\/pages"}],"about":[{"href":"https:\/\/2025.oekermann.de\/pl\/wp-json\/wp\/v2\/types\/page"}],"author":[{"embeddable":true,"href":"https:\/\/2025.oekermann.de\/pl\/wp-json\/wp\/v2\/users\/1"}],"replies":[{"embeddable":true,"href":"https:\/\/2025.oekermann.de\/pl\/wp-json\/wp\/v2\/comments?post=4262"}],"version-history":[{"count":0,"href":"https:\/\/2025.oekermann.de\/pl\/wp-json\/wp\/v2\/pages\/4262\/revisions"}],"up":[{"embeddable":true,"href":"https:\/\/2025.oekermann.de\/pl\/wp-json\/wp\/v2\/pages\/4218"}],"wp:attachment":[{"href":"https:\/\/2025.oekermann.de\/pl\/wp-json\/wp\/v2\/media?parent=4262"}],"curies":[{"name":"wp","href":"https:\/\/api.w.org\/{rel}","templated":true}]}}