{"id":4263,"date":"2018-02-07T12:53:51","date_gmt":"2018-02-07T11:53:51","guid":{"rendered":"https:\/\/2025.oekermann.de\/zastosowania\/"},"modified":"2023-09-22T13:16:34","modified_gmt":"2023-09-22T11:16:34","slug":"zastosowania","status":"publish","type":"page","link":"https:\/\/2025.oekermann.de\/pl\/zastosowania\/","title":{"rendered":"Zastosowania"},"content":{"rendered":"<section>\n<h2>Zastosowania pneumatycznych system\u00f3w transportu \u015bciek\u00f3w<\/h2>\n<ul class=\"list-2\">\n<li><a href=\"https:\/\/2025.oekermann.de\/projekt-fotos\/siedlungen-im-laendlichen-raum\/\">ma\u0142e miasteczka na obszarach wiejskich<\/a><\/li>\n<li>tereny komercyjne<\/li>\n<li><a href=\"https:\/\/2025.oekermann.de\/projekt-fotos\/freizeitanlagen-campingplaetze\/\">zaplecze rekreacyjne<\/a><\/li>\n<li>odleg\u0142e zajazdy lub <a href=\"https:\/\/2025.oekermann.de\/?page_id=3696\">domy mi\u0142o\u015bnik\u00f3w natury<\/a>, schroniska m\u0142odzie\u017cowe<\/li>\n<li obiekty spotowe i <a href=\"https:\/\/2025.oekermann.de\/anwendungsfaelle\/abwasserentsorgung-von-golfclubs\/\">pola golfowe<\/a><\/li>\n<li><a href=\"https:\/\/2025.oekermann.de\/anwendungsfaelle\/abwasserentsorgung-von-autobahn-rastplaetzen\/\">parkingi przy autostradzie<\/a><\/li>\n<li>obszary ochrony w\u00f3d<\/li>\n<li>lotniska<\/li>\n<li><a href=\"https:\/\/2025.oekermann.de\/vorteile\/verbundsysteme\/\">kilka dzielnic<\/a><\/li>\n<li><a href=\"https:\/\/2025.oekermann.de\/vorteile\/verbundsysteme\/\">pod\u0142\u0105czenie do istniej\u0105cych pneumatycznej linii ci\u015bnieniowej<\/a><\/li>\n<li><a href=\"https:\/\/2025.oekermann.de\/produktgruppen\/1-kessel-doppelanlagen\/\">grupy dom\u00f3w<\/a><\/li>\n<li><a href=\"https:\/\/2025.oekermann.de\/anwendungsfaelle\/pneumatische-abwasserfoerderung-in-der-landwirtschaft\/\">farmy<\/a><\/li>\n<li><a href=\"https:\/\/2025.oekermann.de\/produktgruppen\/kleine-anlagen\/\">pojedy\u0144cze domy na uboczu<\/a><\/li>\n<li><a href=\"https:\/\/2025.oekermann.de\/projekt-fotos\/industrieanlagen\/\">tereny przemys\u0142owe po\u0142o\u017cone z dala od zabudowy<\/a><\/li>\n<li><a href=\"https:\/\/2025.oekermann.de\/fachbegriffe\/sickerwasserableitung\/\">odcieki ze sk\u0142adowisk<\/a><\/li>\n<li>sk\u0142ady wojskowe (Bundeswehr, NATO)<\/li>\n<li><a href=\"https:\/\/2025.oekermann.de\/2016\/04\/01\/pneumatische-pumpwerke-fuer-den-bereich-energieversorgung\/\">podstacje<\/a><\/li>\n<\/ul>\n<p>&nbsp;<\/p>\n<p><style type=\"text\/css\">\n#foogallery-gallery-912 .fg-image { width: 340px; }\n#foogallery-gallery-912 { --fg-gutter: 10px; }<\/style>\n\t\t\t<div class=\"foogallery foogallery-container foogallery-default foogallery-lightbox-foobox fg-center fg-default fg-ready fg-light fg-border-thin fg-shadow-outline fg-loading-default fg-loaded-fade-in fg-caption-hover fg-hover-fade fg-hover-zoom\" id=\"foogallery-gallery-912\" data-foogallery=\"{&quot;item&quot;:{&quot;showCaptionTitle&quot;:true,&quot;showCaptionDescription&quot;:true},&quot;lazy&quot;:true}\" style=\"--fg-title-line-clamp: 0; --fg-description-line-clamp: 0;\" >\n\t<div class=\"fg-item fg-type-image fg-idle\"><figure class=\"fg-item-inner\"><a href=\"https:\/\/2025.oekermann.de\/wp-content\/uploads\/2018\/02\/zzzzzzzzz-033_Zuschnitt.jpg\" data-attachment-id=\"4506\" data-type=\"image\" class=\"fg-thumb\"><span class=\"fg-image-wrap\"><img fetchpriority=\"high\" decoding=\"async\" width=\"340\" height=\"250\" class=\"skip-lazy fg-image\" data-src-fg=\"https:\/\/2025.oekermann.de\/wp-content\/uploads\/cache\/2018\/02\/zzzzzzzzz-033_Zuschnitt\/1294335691.jpg\" src=\"data:image\/svg+xml,%3Csvg%20xmlns%3D%22http%3A%2F%2Fwww.w3.org%2F2000%2Fsvg%22%20width%3D%22340%22%20height%3D%22250%22%20viewBox%3D%220%200%20340%20250%22%3E%3C%2Fsvg%3E\" loading=\"eager\"><\/span><span class=\"fg-image-overlay\"><\/span><\/a><\/figure><div class=\"fg-loader\"><\/div><\/div><div class=\"fg-item fg-type-image fg-idle\"><figure class=\"fg-item-inner\"><a href=\"https:\/\/2025.oekermann.de\/wp-content\/uploads\/2018\/02\/DSC07037.jpg\" data-attachment-id=\"4504\" data-type=\"image\" class=\"fg-thumb\"><span class=\"fg-image-wrap\"><img decoding=\"async\" width=\"340\" height=\"250\" class=\"skip-lazy fg-image\" data-src-fg=\"https:\/\/2025.oekermann.de\/wp-content\/uploads\/cache\/2018\/02\/DSC07037\/1630940218.jpg\" src=\"data:image\/svg+xml,%3Csvg%20xmlns%3D%22http%3A%2F%2Fwww.w3.org%2F2000%2Fsvg%22%20width%3D%22340%22%20height%3D%22250%22%20viewBox%3D%220%200%20340%20250%22%3E%3C%2Fsvg%3E\" loading=\"eager\"><\/span><span class=\"fg-image-overlay\"><\/span><\/a><\/figure><div class=\"fg-loader\"><\/div><\/div><div class=\"fg-item fg-type-image fg-idle\"><figure class=\"fg-item-inner\"><a href=\"https:\/\/2025.oekermann.de\/wp-content\/uploads\/2018\/02\/DSC_0288.jpg\" data-attachment-id=\"4502\" data-type=\"image\" class=\"fg-thumb\"><span class=\"fg-image-wrap\"><img decoding=\"async\" width=\"340\" height=\"250\" class=\"skip-lazy fg-image\" data-src-fg=\"https:\/\/2025.oekermann.de\/wp-content\/uploads\/cache\/2018\/02\/DSC_0288\/3510267871.jpg\" src=\"data:image\/svg+xml,%3Csvg%20xmlns%3D%22http%3A%2F%2Fwww.w3.org%2F2000%2Fsvg%22%20width%3D%22340%22%20height%3D%22250%22%20viewBox%3D%220%200%20340%20250%22%3E%3C%2Fsvg%3E\" loading=\"eager\"><\/span><span class=\"fg-image-overlay\"><\/span><\/a><\/figure><div class=\"fg-loader\"><\/div><\/div><div class=\"fg-item fg-type-image fg-idle\"><figure class=\"fg-item-inner\"><a href=\"https:\/\/2025.oekermann.de\/wp-content\/uploads\/2018\/02\/DSC048931-zuschnitt.jpg\" data-attachment-id=\"4500\" data-type=\"image\" class=\"fg-thumb\"><span class=\"fg-image-wrap\"><img decoding=\"async\" width=\"340\" height=\"250\" class=\"skip-lazy fg-image\" data-src-fg=\"https:\/\/2025.oekermann.de\/wp-content\/uploads\/cache\/2018\/02\/DSC048931-zuschnitt\/1815771806.jpg\" src=\"data:image\/svg+xml,%3Csvg%20xmlns%3D%22http%3A%2F%2Fwww.w3.org%2F2000%2Fsvg%22%20width%3D%22340%22%20height%3D%22250%22%20viewBox%3D%220%200%20340%20250%22%3E%3C%2Fsvg%3E\" loading=\"eager\"><\/span><span class=\"fg-image-overlay\"><\/span><\/a><\/figure><div class=\"fg-loader\"><\/div><\/div><\/div>\n<br \/>\n<\/section>\n","protected":false},"excerpt":{"rendered":"<p>Zastosowania pneumatycznych system\u00f3w transportu \u015bciek\u00f3w ma\u0142e miasteczka na obszarach wiejskich tereny komercyjne zaplecze rekreacyjne odleg\u0142e zajazdy lub domy mi\u0142o\u015bnik\u00f3w natury, schroniska m\u0142odzie\u017cowe<\/p>\n","protected":false},"author":2,"featured_media":0,"parent":0,"menu_order":0,"comment_status":"closed","ping_status":"closed","template":"","meta":{"footnotes":""},"class_list":["post-4263","page","type-page","status-publish","hentry"],"yoast_head":"<!-- This site is optimized with the Yoast SEO plugin v27.4 - https:\/\/yoast.com\/product\/yoast-seo-wordpress\/ -->\n<title>Zastosowania - Pneumatische F\u00f6rdertechnik - OEKERMANN Abwassertechnik<\/title>\n<meta name=\"robots\" content=\"index, follow, max-snippet:-1, max-image-preview:large, max-video-preview:-1\" \/>\n<link rel=\"canonical\" href=\"https:\/\/2025.oekermann.de\/pl\/zastosowania\/\" \/>\n<meta property=\"og:locale\" content=\"pl_PL\" \/>\n<meta property=\"og:type\" content=\"article\" \/>\n<meta property=\"og:title\" content=\"Zastosowania - Pneumatische F\u00f6rdertechnik - OEKERMANN Abwassertechnik\" \/>\n<meta property=\"og:description\" content=\"Zastosowania pneumatycznych system\u00f3w transportu \u015bciek\u00f3w ma\u0142e miasteczka na obszarach wiejskich tereny komercyjne zaplecze rekreacyjne odleg\u0142e zajazdy lub domy mi\u0142o\u015bnik\u00f3w natury, schroniska m\u0142odzie\u017cowe\" \/>\n<meta property=\"og:url\" content=\"https:\/\/2025.oekermann.de\/pl\/zastosowania\/\" \/>\n<meta property=\"og:site_name\" content=\"Pneumatische F\u00f6rdertechnik - OEKERMANN Abwassertechnik\" \/>\n<meta property=\"article:publisher\" content=\"https:\/\/www.facebook.com\/pages\/Oekermann-Abwassertechnik\/1007781205906685\" \/>\n<meta property=\"article:modified_time\" content=\"2023-09-22T11:16:34+00:00\" \/>\n<meta name=\"twitter:card\" content=\"summary_large_image\" \/>\n<meta name=\"twitter:site\" content=\"@Oekermann\" \/>\n<script type=\"application\/ld+json\" class=\"yoast-schema-graph\">{\"@context\":\"https:\\\/\\\/schema.org\",\"@graph\":[{\"@type\":\"WebPage\",\"@id\":\"https:\\\/\\\/2025.oekermann.de\\\/pl\\\/zastosowania\\\/\",\"url\":\"https:\\\/\\\/2025.oekermann.de\\\/pl\\\/zastosowania\\\/\",\"name\":\"Zastosowania - Pneumatische F\u00f6rdertechnik - OEKERMANN Abwassertechnik\",\"isPartOf\":{\"@id\":\"https:\\\/\\\/2025.oekermann.de\\\/#website\"},\"datePublished\":\"2018-02-07T11:53:51+00:00\",\"dateModified\":\"2023-09-22T11:16:34+00:00\",\"breadcrumb\":{\"@id\":\"https:\\\/\\\/2025.oekermann.de\\\/pl\\\/zastosowania\\\/#breadcrumb\"},\"inLanguage\":\"pl-PL\",\"potentialAction\":[{\"@type\":\"ReadAction\",\"target\":[\"https:\\\/\\\/2025.oekermann.de\\\/pl\\\/zastosowania\\\/\"]}]},{\"@type\":\"BreadcrumbList\",\"@id\":\"https:\\\/\\\/2025.oekermann.de\\\/pl\\\/zastosowania\\\/#breadcrumb\",\"itemListElement\":[{\"@type\":\"ListItem\",\"position\":1,\"name\":\"Startseite\",\"item\":\"https:\\\/\\\/2025.oekermann.de\\\/pl\\\/\"},{\"@type\":\"ListItem\",\"position\":2,\"name\":\"Zastosowania\"}]},{\"@type\":\"WebSite\",\"@id\":\"https:\\\/\\\/2025.oekermann.de\\\/#website\",\"url\":\"https:\\\/\\\/2025.oekermann.de\\\/\",\"name\":\"Pneumatische F\u00f6rdertechnik - OEKERMANN Abwassertechnik\",\"description\":\"\",\"potentialAction\":[{\"@type\":\"SearchAction\",\"target\":{\"@type\":\"EntryPoint\",\"urlTemplate\":\"https:\\\/\\\/2025.oekermann.de\\\/?s={search_term_string}\"},\"query-input\":{\"@type\":\"PropertyValueSpecification\",\"valueRequired\":true,\"valueName\":\"search_term_string\"}}],\"inLanguage\":\"pl-PL\"}]}<\/script>\n<!-- \/ Yoast SEO plugin. -->","yoast_head_json":{"title":"Zastosowania - Pneumatische F\u00f6rdertechnik - OEKERMANN Abwassertechnik","robots":{"index":"index","follow":"follow","max-snippet":"max-snippet:-1","max-image-preview":"max-image-preview:large","max-video-preview":"max-video-preview:-1"},"canonical":"https:\/\/2025.oekermann.de\/pl\/zastosowania\/","og_locale":"pl_PL","og_type":"article","og_title":"Zastosowania - Pneumatische F\u00f6rdertechnik - OEKERMANN Abwassertechnik","og_description":"Zastosowania pneumatycznych system\u00f3w transportu \u015bciek\u00f3w ma\u0142e miasteczka na obszarach wiejskich tereny komercyjne zaplecze rekreacyjne odleg\u0142e zajazdy lub domy mi\u0142o\u015bnik\u00f3w natury, schroniska m\u0142odzie\u017cowe","og_url":"https:\/\/2025.oekermann.de\/pl\/zastosowania\/","og_site_name":"Pneumatische F\u00f6rdertechnik - OEKERMANN Abwassertechnik","article_publisher":"https:\/\/www.facebook.com\/pages\/Oekermann-Abwassertechnik\/1007781205906685","article_modified_time":"2023-09-22T11:16:34+00:00","twitter_card":"summary_large_image","twitter_site":"@Oekermann","schema":{"@context":"https:\/\/schema.org","@graph":[{"@type":"WebPage","@id":"https:\/\/2025.oekermann.de\/pl\/zastosowania\/","url":"https:\/\/2025.oekermann.de\/pl\/zastosowania\/","name":"Zastosowania - Pneumatische F\u00f6rdertechnik - OEKERMANN Abwassertechnik","isPartOf":{"@id":"https:\/\/2025.oekermann.de\/#website"},"datePublished":"2018-02-07T11:53:51+00:00","dateModified":"2023-09-22T11:16:34+00:00","breadcrumb":{"@id":"https:\/\/2025.oekermann.de\/pl\/zastosowania\/#breadcrumb"},"inLanguage":"pl-PL","potentialAction":[{"@type":"ReadAction","target":["https:\/\/2025.oekermann.de\/pl\/zastosowania\/"]}]},{"@type":"BreadcrumbList","@id":"https:\/\/2025.oekermann.de\/pl\/zastosowania\/#breadcrumb","itemListElement":[{"@type":"ListItem","position":1,"name":"Startseite","item":"https:\/\/2025.oekermann.de\/pl\/"},{"@type":"ListItem","position":2,"name":"Zastosowania"}]},{"@type":"WebSite","@id":"https:\/\/2025.oekermann.de\/#website","url":"https:\/\/2025.oekermann.de\/","name":"Pneumatische F\u00f6rdertechnik - OEKERMANN Abwassertechnik","description":"","potentialAction":[{"@type":"SearchAction","target":{"@type":"EntryPoint","urlTemplate":"https:\/\/2025.oekermann.de\/?s={search_term_string}"},"query-input":{"@type":"PropertyValueSpecification","valueRequired":true,"valueName":"search_term_string"}}],"inLanguage":"pl-PL"}]}},"_links":{"self":[{"href":"https:\/\/2025.oekermann.de\/pl\/wp-json\/wp\/v2\/pages\/4263","targetHints":{"allow":["GET"]}}],"collection":[{"href":"https:\/\/2025.oekermann.de\/pl\/wp-json\/wp\/v2\/pages"}],"about":[{"href":"https:\/\/2025.oekermann.de\/pl\/wp-json\/wp\/v2\/types\/page"}],"author":[{"embeddable":true,"href":"https:\/\/2025.oekermann.de\/pl\/wp-json\/wp\/v2\/users\/2"}],"replies":[{"embeddable":true,"href":"https:\/\/2025.oekermann.de\/pl\/wp-json\/wp\/v2\/comments?post=4263"}],"version-history":[{"count":1,"href":"https:\/\/2025.oekermann.de\/pl\/wp-json\/wp\/v2\/pages\/4263\/revisions"}],"predecessor-version":[{"id":4264,"href":"https:\/\/2025.oekermann.de\/pl\/wp-json\/wp\/v2\/pages\/4263\/revisions\/4264"}],"wp:attachment":[{"href":"https:\/\/2025.oekermann.de\/pl\/wp-json\/wp\/v2\/media?parent=4263"}],"curies":[{"name":"wp","href":"https:\/\/api.w.org\/{rel}","templated":true}]}}