{"id":4265,"date":"2022-06-17T08:45:22","date_gmt":"2022-06-17T06:45:22","guid":{"rendered":"https:\/\/2025.oekermann.de\/zastosowania\/odprowadzanie-sciekow-z-miejsc-postojowych-przy-autostradzie\/"},"modified":"2023-09-22T11:00:06","modified_gmt":"2023-09-22T09:00:06","slug":"odprowadzanie-sciekow-z-miejsc-postojowych-przy-autostradzie","status":"publish","type":"page","link":"https:\/\/2025.oekermann.de\/pl\/zastosowania\/odprowadzanie-sciekow-z-miejsc-postojowych-przy-autostradzie\/","title":{"rendered":"Miejsca postojowe przy autostradzie"},"content":{"rendered":"<p>Opr\u00f3cz g\u0142\u00f3wnego powodu stosowania pneumatycznej technologii przesy\u0142u, wi\u0119c brak <a href=\"https:\/\/2025.oekermann.de\/vorteile\/foerderung-geringer-wassermengen\/\">uci\u0105\u017cliwego zapachu<\/a> i korozji, systemy OEKERMANN maj\u0105 jeszcze wiele innych zalet.<\/p>\n<p>Wa\u017cnym punktem jest niezwyk\u0142o\u015b\u0107 tych system\u00f3w polega na <a href=\"https:\/\/2025.oekermann.de\/vorteile\/wirtschaftlichkeit\/\">niewra\u017cliwo\u015bci<\/a>, na wszelkiego rodzaju cia\u0142a obce sta\u0142e, kt\u00f3re znajduj\u0105 si\u0119 w \u015bciekach.<\/p>\n<p>Powszechnym obszarem zastosowa\u0144 jest odprowadzanie \u015bciek\u00f3w <a href=\"https:\/\/2025.oekermann.de\/fachbegriffe\/pwc-anlagen\/\"> z miejsc postojowych przy autostradzie<\/a>, co zaskakuj\u0105ce, nie ma tu prawie \u017cadnych zak\u0142\u00f3ce\u0144 w pracy systemu, mimo \u017ce w takich miejscach cz\u0119sto s\u0105 wyrzucane s\u0105 wszelkiego rodzaju odpady, kt\u00f3re p\u00f3\u017aniej trafiaj\u0105 do system\u00f3w kanalizacyjnych.<\/p>\n<p>W u\u017cyciu jest ju\u017c ponad 40 system\u00f3w <a href=\"https:\/\/2025.oekermann.de\/projekt-fotos\/pwc-anlagen-raststaetten\/\">OEKERMANN<\/a>, ca\u0142kowicie satysfakcjonuj\u0105cych operator\u00f3w. Ostatnimi naszymi projektami s\u0105 przepompownie w Hesji oddane do u\u017cytku w 2015 roku, a tak\u017ce systemy w rejonie Nadrenii p\u00f3\u0142nocnej &#8211; Westfalii, oddane do u\u017cytku w 2020 roku. Dalsze projekty s\u0105 w trakcie realizacji.<\/p>\n<p><img decoding=\"async\" class=\"img-1\" src=\"\/wp-content\/uploads\/2017\/05\/Oekermann_Blog_PWC-Anlagen-300x225.jpg\" alt=\"\" \/><\/p>\n<div class=\"dl-wrapper\">\n<h2 style=\"margin-top: 0px;\">Dowiedz si\u0119 wi\u0119cej:<\/h2>\n<ul class=\"dl-files\">\n<li class=\"pdf-file-1\"><a href=\"\/res\/pdf\/sonderdruckschriften\/OEKERMANN-Info-03-Abwasserentsorgung-von-PWC-und-KWC-Anlagen-sowie-Rasthaeusern-an-Autobahnen.pdf\" target=\"_blank\" rel=\"noopener noreferrer\"> Odprowadzanie \u015bciek\u00f3w z instalacji PWC i KWC oraz miejsc postojowych, przy autostradzie <\/a><\/li>\n<\/ul>\n<div class=\"dl-all\"><a title=\"Kostenlose Downloads zur Pneumatischen Abwassertechnik\" href=\"https:\/\/2025.oekermann.de\/downloads\/\">Bezp\u0142atne informacje dotycz\u0105ce pneumatycznej technologii oczyszczania \u015bciek\u00f3w<\/a><\/div>\n<\/div>\n","protected":false},"excerpt":{"rendered":"<p>Opr\u00f3cz g\u0142\u00f3wnego powodu stosowania pneumatycznej technologii przesy\u0142u, wi\u0119c brak uci\u0105\u017cliwego zapachu i korozji, systemy OEKERMANN maj\u0105 jeszcze wiele innych zalet. Wa\u017cnym punktem jest niezwyk\u0142o\u015b\u0107 tych system\u00f3w polega na niewra\u017cliwo\u015bci, na wszelkiego rodzaju cia\u0142a obce sta\u0142e, kt\u00f3re znajduj\u0105 si\u0119 w \u015bciekach. Powszechnym obszarem zastosowa\u0144 jest odprowadzanie \u015bciek\u00f3w z miejsc postojowych przy autostradzie, co zaskakuj\u0105ce, nie ma<\/p>\n<p class=\"link-more\"><a href=\"https:\/\/2025.oekermann.de\/pl\/zastosowania\/odprowadzanie-sciekow-z-miejsc-postojowych-przy-autostradzie\/\" class=\"envor-btn\">Weiterlesen<span class=\"screen-reader-text\"> &#8220;Miejsca postojowe przy autostradzie&#8221;<\/span><\/a><\/p>\n","protected":false},"author":1,"featured_media":0,"parent":4263,"menu_order":0,"comment_status":"closed","ping_status":"closed","template":"","meta":{"footnotes":""},"class_list":["post-4265","page","type-page","status-publish","hentry"],"yoast_head":"<!-- This site is optimized with the Yoast SEO plugin v27.4 - https:\/\/yoast.com\/product\/yoast-seo-wordpress\/ -->\n<title>Miejsca postojowe przy autostradzie - Pneumatische F\u00f6rdertechnik - OEKERMANN Abwassertechnik<\/title>\n<meta name=\"robots\" content=\"index, follow, max-snippet:-1, max-image-preview:large, max-video-preview:-1\" \/>\n<link rel=\"canonical\" href=\"https:\/\/2025.oekermann.de\/pl\/zastosowania\/odprowadzanie-sciekow-z-miejsc-postojowych-przy-autostradzie\/\" \/>\n<meta property=\"og:locale\" content=\"pl_PL\" \/>\n<meta property=\"og:type\" content=\"article\" \/>\n<meta property=\"og:title\" content=\"Miejsca postojowe przy autostradzie - Pneumatische F\u00f6rdertechnik - OEKERMANN Abwassertechnik\" \/>\n<meta property=\"og:description\" content=\"Opr\u00f3cz g\u0142\u00f3wnego powodu stosowania pneumatycznej technologii przesy\u0142u, wi\u0119c brak uci\u0105\u017cliwego zapachu i korozji, systemy OEKERMANN maj\u0105 jeszcze wiele innych zalet. Wa\u017cnym punktem jest niezwyk\u0142o\u015b\u0107 tych system\u00f3w polega na niewra\u017cliwo\u015bci, na wszelkiego rodzaju cia\u0142a obce sta\u0142e, kt\u00f3re znajduj\u0105 si\u0119 w \u015bciekach. Powszechnym obszarem zastosowa\u0144 jest odprowadzanie \u015bciek\u00f3w z miejsc postojowych przy autostradzie, co zaskakuj\u0105ce, nie maWeiterlesen &quot;Miejsca postojowe przy autostradzie&quot;\" \/>\n<meta property=\"og:url\" content=\"https:\/\/2025.oekermann.de\/pl\/zastosowania\/odprowadzanie-sciekow-z-miejsc-postojowych-przy-autostradzie\/\" \/>\n<meta property=\"og:site_name\" content=\"Pneumatische F\u00f6rdertechnik - OEKERMANN Abwassertechnik\" \/>\n<meta property=\"article:publisher\" content=\"https:\/\/www.facebook.com\/pages\/Oekermann-Abwassertechnik\/1007781205906685\" \/>\n<meta property=\"article:modified_time\" content=\"2023-09-22T09:00:06+00:00\" \/>\n<meta name=\"twitter:card\" content=\"summary_large_image\" \/>\n<meta name=\"twitter:site\" content=\"@Oekermann\" \/>\n<meta name=\"twitter:label1\" content=\"Szacowany czas czytania\" \/>\n\t<meta name=\"twitter:data1\" content=\"1 minuta\" \/>\n<script type=\"application\/ld+json\" class=\"yoast-schema-graph\">{\"@context\":\"https:\\\/\\\/schema.org\",\"@graph\":[{\"@type\":\"WebPage\",\"@id\":\"https:\\\/\\\/2025.oekermann.de\\\/pl\\\/zastosowania\\\/odprowadzanie-sciekow-z-miejsc-postojowych-przy-autostradzie\\\/\",\"url\":\"https:\\\/\\\/2025.oekermann.de\\\/pl\\\/zastosowania\\\/odprowadzanie-sciekow-z-miejsc-postojowych-przy-autostradzie\\\/\",\"name\":\"Miejsca postojowe przy autostradzie - Pneumatische F\u00f6rdertechnik - OEKERMANN Abwassertechnik\",\"isPartOf\":{\"@id\":\"https:\\\/\\\/2025.oekermann.de\\\/#website\"},\"datePublished\":\"2022-06-17T06:45:22+00:00\",\"dateModified\":\"2023-09-22T09:00:06+00:00\",\"breadcrumb\":{\"@id\":\"https:\\\/\\\/2025.oekermann.de\\\/pl\\\/zastosowania\\\/odprowadzanie-sciekow-z-miejsc-postojowych-przy-autostradzie\\\/#breadcrumb\"},\"inLanguage\":\"pl-PL\",\"potentialAction\":[{\"@type\":\"ReadAction\",\"target\":[\"https:\\\/\\\/2025.oekermann.de\\\/pl\\\/zastosowania\\\/odprowadzanie-sciekow-z-miejsc-postojowych-przy-autostradzie\\\/\"]}]},{\"@type\":\"BreadcrumbList\",\"@id\":\"https:\\\/\\\/2025.oekermann.de\\\/pl\\\/zastosowania\\\/odprowadzanie-sciekow-z-miejsc-postojowych-przy-autostradzie\\\/#breadcrumb\",\"itemListElement\":[{\"@type\":\"ListItem\",\"position\":1,\"name\":\"Startseite\",\"item\":\"https:\\\/\\\/2025.oekermann.de\\\/pl\\\/\"},{\"@type\":\"ListItem\",\"position\":2,\"name\":\"Zastosowania\",\"item\":\"https:\\\/\\\/2025.oekermann.de\\\/pl\\\/zastosowania\\\/\"},{\"@type\":\"ListItem\",\"position\":3,\"name\":\"Miejsca postojowe przy autostradzie\"}]},{\"@type\":\"WebSite\",\"@id\":\"https:\\\/\\\/2025.oekermann.de\\\/#website\",\"url\":\"https:\\\/\\\/2025.oekermann.de\\\/\",\"name\":\"Pneumatische F\u00f6rdertechnik - OEKERMANN Abwassertechnik\",\"description\":\"\",\"potentialAction\":[{\"@type\":\"SearchAction\",\"target\":{\"@type\":\"EntryPoint\",\"urlTemplate\":\"https:\\\/\\\/2025.oekermann.de\\\/?s={search_term_string}\"},\"query-input\":{\"@type\":\"PropertyValueSpecification\",\"valueRequired\":true,\"valueName\":\"search_term_string\"}}],\"inLanguage\":\"pl-PL\"}]}<\/script>\n<!-- \/ Yoast SEO plugin. -->","yoast_head_json":{"title":"Miejsca postojowe przy autostradzie - Pneumatische F\u00f6rdertechnik - OEKERMANN Abwassertechnik","robots":{"index":"index","follow":"follow","max-snippet":"max-snippet:-1","max-image-preview":"max-image-preview:large","max-video-preview":"max-video-preview:-1"},"canonical":"https:\/\/2025.oekermann.de\/pl\/zastosowania\/odprowadzanie-sciekow-z-miejsc-postojowych-przy-autostradzie\/","og_locale":"pl_PL","og_type":"article","og_title":"Miejsca postojowe przy autostradzie - Pneumatische F\u00f6rdertechnik - OEKERMANN Abwassertechnik","og_description":"Opr\u00f3cz g\u0142\u00f3wnego powodu stosowania pneumatycznej technologii przesy\u0142u, wi\u0119c brak uci\u0105\u017cliwego zapachu i korozji, systemy OEKERMANN maj\u0105 jeszcze wiele innych zalet. Wa\u017cnym punktem jest niezwyk\u0142o\u015b\u0107 tych system\u00f3w polega na niewra\u017cliwo\u015bci, na wszelkiego rodzaju cia\u0142a obce sta\u0142e, kt\u00f3re znajduj\u0105 si\u0119 w \u015bciekach. Powszechnym obszarem zastosowa\u0144 jest odprowadzanie \u015bciek\u00f3w z miejsc postojowych przy autostradzie, co zaskakuj\u0105ce, nie maWeiterlesen \"Miejsca postojowe przy autostradzie\"","og_url":"https:\/\/2025.oekermann.de\/pl\/zastosowania\/odprowadzanie-sciekow-z-miejsc-postojowych-przy-autostradzie\/","og_site_name":"Pneumatische F\u00f6rdertechnik - OEKERMANN Abwassertechnik","article_publisher":"https:\/\/www.facebook.com\/pages\/Oekermann-Abwassertechnik\/1007781205906685","article_modified_time":"2023-09-22T09:00:06+00:00","twitter_card":"summary_large_image","twitter_site":"@Oekermann","twitter_misc":{"Szacowany czas czytania":"1 minuta"},"schema":{"@context":"https:\/\/schema.org","@graph":[{"@type":"WebPage","@id":"https:\/\/2025.oekermann.de\/pl\/zastosowania\/odprowadzanie-sciekow-z-miejsc-postojowych-przy-autostradzie\/","url":"https:\/\/2025.oekermann.de\/pl\/zastosowania\/odprowadzanie-sciekow-z-miejsc-postojowych-przy-autostradzie\/","name":"Miejsca postojowe przy autostradzie - Pneumatische F\u00f6rdertechnik - OEKERMANN Abwassertechnik","isPartOf":{"@id":"https:\/\/2025.oekermann.de\/#website"},"datePublished":"2022-06-17T06:45:22+00:00","dateModified":"2023-09-22T09:00:06+00:00","breadcrumb":{"@id":"https:\/\/2025.oekermann.de\/pl\/zastosowania\/odprowadzanie-sciekow-z-miejsc-postojowych-przy-autostradzie\/#breadcrumb"},"inLanguage":"pl-PL","potentialAction":[{"@type":"ReadAction","target":["https:\/\/2025.oekermann.de\/pl\/zastosowania\/odprowadzanie-sciekow-z-miejsc-postojowych-przy-autostradzie\/"]}]},{"@type":"BreadcrumbList","@id":"https:\/\/2025.oekermann.de\/pl\/zastosowania\/odprowadzanie-sciekow-z-miejsc-postojowych-przy-autostradzie\/#breadcrumb","itemListElement":[{"@type":"ListItem","position":1,"name":"Startseite","item":"https:\/\/2025.oekermann.de\/pl\/"},{"@type":"ListItem","position":2,"name":"Zastosowania","item":"https:\/\/2025.oekermann.de\/pl\/zastosowania\/"},{"@type":"ListItem","position":3,"name":"Miejsca postojowe przy autostradzie"}]},{"@type":"WebSite","@id":"https:\/\/2025.oekermann.de\/#website","url":"https:\/\/2025.oekermann.de\/","name":"Pneumatische F\u00f6rdertechnik - OEKERMANN Abwassertechnik","description":"","potentialAction":[{"@type":"SearchAction","target":{"@type":"EntryPoint","urlTemplate":"https:\/\/2025.oekermann.de\/?s={search_term_string}"},"query-input":{"@type":"PropertyValueSpecification","valueRequired":true,"valueName":"search_term_string"}}],"inLanguage":"pl-PL"}]}},"_links":{"self":[{"href":"https:\/\/2025.oekermann.de\/pl\/wp-json\/wp\/v2\/pages\/4265","targetHints":{"allow":["GET"]}}],"collection":[{"href":"https:\/\/2025.oekermann.de\/pl\/wp-json\/wp\/v2\/pages"}],"about":[{"href":"https:\/\/2025.oekermann.de\/pl\/wp-json\/wp\/v2\/types\/page"}],"author":[{"embeddable":true,"href":"https:\/\/2025.oekermann.de\/pl\/wp-json\/wp\/v2\/users\/1"}],"replies":[{"embeddable":true,"href":"https:\/\/2025.oekermann.de\/pl\/wp-json\/wp\/v2\/comments?post=4265"}],"version-history":[{"count":2,"href":"https:\/\/2025.oekermann.de\/pl\/wp-json\/wp\/v2\/pages\/4265\/revisions"}],"predecessor-version":[{"id":4270,"href":"https:\/\/2025.oekermann.de\/pl\/wp-json\/wp\/v2\/pages\/4265\/revisions\/4270"}],"up":[{"embeddable":true,"href":"https:\/\/2025.oekermann.de\/pl\/wp-json\/wp\/v2\/pages\/4263"}],"wp:attachment":[{"href":"https:\/\/2025.oekermann.de\/pl\/wp-json\/wp\/v2\/media?parent=4265"}],"curies":[{"name":"wp","href":"https:\/\/api.w.org\/{rel}","templated":true}]}}