{"id":4269,"date":"2022-06-17T09:41:43","date_gmt":"2022-06-17T07:41:43","guid":{"rendered":"https:\/\/2025.oekermann.de\/zastosowania\/odprowadzanie-sciekow-z-pol-golfowych\/"},"modified":"2023-09-22T11:55:30","modified_gmt":"2023-09-22T09:55:30","slug":"odprowadzanie-sciekow-z-pol-golfowych","status":"publish","type":"page","link":"https:\/\/2025.oekermann.de\/pl\/zastosowania\/odprowadzanie-sciekow-z-pol-golfowych\/","title":{"rendered":"Pola golfowe"},"content":{"rendered":"<p>Pola golfowe s\u0105 cz\u0119sto zlokalizowane z dala od zabudowy publicznej. Ponadto ilo\u015b\u0107 \u015bciek\u00f3w ulega tam sporym wahaniom sezonowym, dlatego tego typu obiekty s\u0105 typowym zastosowaniem pneumatycznego system\u00f3w przesy\u0142u \u015bciek\u00f3w, podobnie jak np. <a href=\"https:\/\/2025.oekermann.de\/2016\/01\/15\/geringe-abwassermengen-eines-naturfreundehauses\/\">domy wielbicieli natury<\/a> lub <a href=\"https:\/\/2025.oekermann.de\/projekt-fotos\/freizeitanlagen-campingplaetze\/\">kempingi<\/a>.<\/p>\n<p>Przyk\u0142adem tego mo\u017ce by\u0107, \u017ce w 2017 roku ca\u0142kowicie odnowiono przepompownie pneumatyczne w klubie golfowym w rejonie Ulm, zbudowan\u0105 pierwotnie przez nasz\u0105 firm\u0119 w 1989 roku. D\u0142ugo\u015b\u0107 przewod\u00f3w ci\u015bnieniowych wynosi 2 km.<\/p>\n<p><img loading=\"lazy\" decoding=\"async\" class=\"img-1\" src=\"\/wp-content\/uploads\/2017\/05\/Golfclub_Oekermann-300x203.jpg\" alt=\"\" width=\"300\" height=\"203\" \/>\u00a0<img loading=\"lazy\" decoding=\"async\" class=\"img-1\" src=\"https:\/\/2025.oekermann.de\/wp-content\/uploads\/2018\/02\/1395-Golfclub-20170727_090739-1-300x203.jpg\" alt=\"\" width=\"300\" height=\"203\" \/><\/p>\n","protected":false},"excerpt":{"rendered":"<p>Pola golfowe s\u0105 cz\u0119sto zlokalizowane z dala od zabudowy publicznej. Ponadto ilo\u015b\u0107 \u015bciek\u00f3w ulega tam sporym wahaniom sezonowym, dlatego tego typu obiekty s\u0105 typowym zastosowaniem pneumatycznego system\u00f3w przesy\u0142u \u015bciek\u00f3w, podobnie jak np. domy wielbicieli natury lub kempingi. Przyk\u0142adem tego mo\u017ce by\u0107, \u017ce w 2017 roku ca\u0142kowicie odnowiono przepompownie pneumatyczne w klubie golfowym w rejonie Ulm,<\/p>\n<p class=\"link-more\"><a href=\"https:\/\/2025.oekermann.de\/pl\/zastosowania\/odprowadzanie-sciekow-z-pol-golfowych\/\" class=\"envor-btn\">Weiterlesen<span class=\"screen-reader-text\"> &#8220;Pola golfowe&#8221;<\/span><\/a><\/p>\n","protected":false},"author":1,"featured_media":0,"parent":4263,"menu_order":0,"comment_status":"closed","ping_status":"closed","template":"","meta":{"footnotes":""},"class_list":["post-4269","page","type-page","status-publish","hentry"],"yoast_head":"<!-- This site is optimized with the Yoast SEO plugin v27.4 - https:\/\/yoast.com\/product\/yoast-seo-wordpress\/ -->\n<title>Pola golfowe - Pneumatische F\u00f6rdertechnik - OEKERMANN Abwassertechnik<\/title>\n<meta name=\"robots\" content=\"index, follow, max-snippet:-1, max-image-preview:large, max-video-preview:-1\" \/>\n<link rel=\"canonical\" href=\"https:\/\/2025.oekermann.de\/pl\/zastosowania\/odprowadzanie-sciekow-z-pol-golfowych\/\" \/>\n<meta property=\"og:locale\" content=\"pl_PL\" \/>\n<meta property=\"og:type\" content=\"article\" \/>\n<meta property=\"og:title\" content=\"Pola golfowe - Pneumatische F\u00f6rdertechnik - OEKERMANN Abwassertechnik\" \/>\n<meta property=\"og:description\" content=\"Pola golfowe s\u0105 cz\u0119sto zlokalizowane z dala od zabudowy publicznej. Ponadto ilo\u015b\u0107 \u015bciek\u00f3w ulega tam sporym wahaniom sezonowym, dlatego tego typu obiekty s\u0105 typowym zastosowaniem pneumatycznego system\u00f3w przesy\u0142u \u015bciek\u00f3w, podobnie jak np. domy wielbicieli natury lub kempingi. Przyk\u0142adem tego mo\u017ce by\u0107, \u017ce w 2017 roku ca\u0142kowicie odnowiono przepompownie pneumatyczne w klubie golfowym w rejonie Ulm,Weiterlesen &quot;Pola golfowe&quot;\" \/>\n<meta property=\"og:url\" content=\"https:\/\/2025.oekermann.de\/pl\/zastosowania\/odprowadzanie-sciekow-z-pol-golfowych\/\" \/>\n<meta property=\"og:site_name\" content=\"Pneumatische F\u00f6rdertechnik - OEKERMANN Abwassertechnik\" \/>\n<meta property=\"article:publisher\" content=\"https:\/\/www.facebook.com\/pages\/Oekermann-Abwassertechnik\/1007781205906685\" \/>\n<meta property=\"article:modified_time\" content=\"2023-09-22T09:55:30+00:00\" \/>\n<meta property=\"og:image\" content=\"https:\/\/2025.oekermann.de\/wp-content\/uploads\/2018\/02\/1395-Golfclub-20170727_090739-1-300x203.jpg\" \/>\n<meta name=\"twitter:card\" content=\"summary_large_image\" \/>\n<meta name=\"twitter:site\" content=\"@Oekermann\" \/>\n<script type=\"application\/ld+json\" class=\"yoast-schema-graph\">{\"@context\":\"https:\\\/\\\/schema.org\",\"@graph\":[{\"@type\":\"WebPage\",\"@id\":\"https:\\\/\\\/2025.oekermann.de\\\/pl\\\/zastosowania\\\/odprowadzanie-sciekow-z-pol-golfowych\\\/\",\"url\":\"https:\\\/\\\/2025.oekermann.de\\\/pl\\\/zastosowania\\\/odprowadzanie-sciekow-z-pol-golfowych\\\/\",\"name\":\"Pola golfowe - Pneumatische F\u00f6rdertechnik - OEKERMANN Abwassertechnik\",\"isPartOf\":{\"@id\":\"https:\\\/\\\/2025.oekermann.de\\\/#website\"},\"primaryImageOfPage\":{\"@id\":\"https:\\\/\\\/2025.oekermann.de\\\/pl\\\/zastosowania\\\/odprowadzanie-sciekow-z-pol-golfowych\\\/#primaryimage\"},\"image\":{\"@id\":\"https:\\\/\\\/2025.oekermann.de\\\/pl\\\/zastosowania\\\/odprowadzanie-sciekow-z-pol-golfowych\\\/#primaryimage\"},\"thumbnailUrl\":\"https:\\\/\\\/2025.oekermann.de\\\/wp-content\\\/uploads\\\/2018\\\/02\\\/1395-Golfclub-20170727_090739-1-300x203.jpg\",\"datePublished\":\"2022-06-17T07:41:43+00:00\",\"dateModified\":\"2023-09-22T09:55:30+00:00\",\"breadcrumb\":{\"@id\":\"https:\\\/\\\/2025.oekermann.de\\\/pl\\\/zastosowania\\\/odprowadzanie-sciekow-z-pol-golfowych\\\/#breadcrumb\"},\"inLanguage\":\"pl-PL\",\"potentialAction\":[{\"@type\":\"ReadAction\",\"target\":[\"https:\\\/\\\/2025.oekermann.de\\\/pl\\\/zastosowania\\\/odprowadzanie-sciekow-z-pol-golfowych\\\/\"]}]},{\"@type\":\"ImageObject\",\"inLanguage\":\"pl-PL\",\"@id\":\"https:\\\/\\\/2025.oekermann.de\\\/pl\\\/zastosowania\\\/odprowadzanie-sciekow-z-pol-golfowych\\\/#primaryimage\",\"url\":\"https:\\\/\\\/2025.oekermann.de\\\/wp-content\\\/uploads\\\/2018\\\/02\\\/1395-Golfclub-20170727_090739-1-300x203.jpg\",\"contentUrl\":\"https:\\\/\\\/2025.oekermann.de\\\/wp-content\\\/uploads\\\/2018\\\/02\\\/1395-Golfclub-20170727_090739-1-300x203.jpg\"},{\"@type\":\"BreadcrumbList\",\"@id\":\"https:\\\/\\\/2025.oekermann.de\\\/pl\\\/zastosowania\\\/odprowadzanie-sciekow-z-pol-golfowych\\\/#breadcrumb\",\"itemListElement\":[{\"@type\":\"ListItem\",\"position\":1,\"name\":\"Startseite\",\"item\":\"https:\\\/\\\/2025.oekermann.de\\\/pl\\\/\"},{\"@type\":\"ListItem\",\"position\":2,\"name\":\"Zastosowania\",\"item\":\"https:\\\/\\\/2025.oekermann.de\\\/pl\\\/zastosowania\\\/\"},{\"@type\":\"ListItem\",\"position\":3,\"name\":\"Pola golfowe\"}]},{\"@type\":\"WebSite\",\"@id\":\"https:\\\/\\\/2025.oekermann.de\\\/#website\",\"url\":\"https:\\\/\\\/2025.oekermann.de\\\/\",\"name\":\"Pneumatische F\u00f6rdertechnik - OEKERMANN Abwassertechnik\",\"description\":\"\",\"potentialAction\":[{\"@type\":\"SearchAction\",\"target\":{\"@type\":\"EntryPoint\",\"urlTemplate\":\"https:\\\/\\\/2025.oekermann.de\\\/?s={search_term_string}\"},\"query-input\":{\"@type\":\"PropertyValueSpecification\",\"valueRequired\":true,\"valueName\":\"search_term_string\"}}],\"inLanguage\":\"pl-PL\"}]}<\/script>\n<!-- \/ Yoast SEO plugin. -->","yoast_head_json":{"title":"Pola golfowe - Pneumatische F\u00f6rdertechnik - OEKERMANN Abwassertechnik","robots":{"index":"index","follow":"follow","max-snippet":"max-snippet:-1","max-image-preview":"max-image-preview:large","max-video-preview":"max-video-preview:-1"},"canonical":"https:\/\/2025.oekermann.de\/pl\/zastosowania\/odprowadzanie-sciekow-z-pol-golfowych\/","og_locale":"pl_PL","og_type":"article","og_title":"Pola golfowe - Pneumatische F\u00f6rdertechnik - OEKERMANN Abwassertechnik","og_description":"Pola golfowe s\u0105 cz\u0119sto zlokalizowane z dala od zabudowy publicznej. Ponadto ilo\u015b\u0107 \u015bciek\u00f3w ulega tam sporym wahaniom sezonowym, dlatego tego typu obiekty s\u0105 typowym zastosowaniem pneumatycznego system\u00f3w przesy\u0142u \u015bciek\u00f3w, podobnie jak np. domy wielbicieli natury lub kempingi. Przyk\u0142adem tego mo\u017ce by\u0107, \u017ce w 2017 roku ca\u0142kowicie odnowiono przepompownie pneumatyczne w klubie golfowym w rejonie Ulm,Weiterlesen \"Pola golfowe\"","og_url":"https:\/\/2025.oekermann.de\/pl\/zastosowania\/odprowadzanie-sciekow-z-pol-golfowych\/","og_site_name":"Pneumatische F\u00f6rdertechnik - OEKERMANN Abwassertechnik","article_publisher":"https:\/\/www.facebook.com\/pages\/Oekermann-Abwassertechnik\/1007781205906685","article_modified_time":"2023-09-22T09:55:30+00:00","og_image":[{"url":"https:\/\/2025.oekermann.de\/wp-content\/uploads\/2018\/02\/1395-Golfclub-20170727_090739-1-300x203.jpg","type":"","width":"","height":""}],"twitter_card":"summary_large_image","twitter_site":"@Oekermann","schema":{"@context":"https:\/\/schema.org","@graph":[{"@type":"WebPage","@id":"https:\/\/2025.oekermann.de\/pl\/zastosowania\/odprowadzanie-sciekow-z-pol-golfowych\/","url":"https:\/\/2025.oekermann.de\/pl\/zastosowania\/odprowadzanie-sciekow-z-pol-golfowych\/","name":"Pola golfowe - Pneumatische F\u00f6rdertechnik - OEKERMANN Abwassertechnik","isPartOf":{"@id":"https:\/\/2025.oekermann.de\/#website"},"primaryImageOfPage":{"@id":"https:\/\/2025.oekermann.de\/pl\/zastosowania\/odprowadzanie-sciekow-z-pol-golfowych\/#primaryimage"},"image":{"@id":"https:\/\/2025.oekermann.de\/pl\/zastosowania\/odprowadzanie-sciekow-z-pol-golfowych\/#primaryimage"},"thumbnailUrl":"https:\/\/2025.oekermann.de\/wp-content\/uploads\/2018\/02\/1395-Golfclub-20170727_090739-1-300x203.jpg","datePublished":"2022-06-17T07:41:43+00:00","dateModified":"2023-09-22T09:55:30+00:00","breadcrumb":{"@id":"https:\/\/2025.oekermann.de\/pl\/zastosowania\/odprowadzanie-sciekow-z-pol-golfowych\/#breadcrumb"},"inLanguage":"pl-PL","potentialAction":[{"@type":"ReadAction","target":["https:\/\/2025.oekermann.de\/pl\/zastosowania\/odprowadzanie-sciekow-z-pol-golfowych\/"]}]},{"@type":"ImageObject","inLanguage":"pl-PL","@id":"https:\/\/2025.oekermann.de\/pl\/zastosowania\/odprowadzanie-sciekow-z-pol-golfowych\/#primaryimage","url":"https:\/\/2025.oekermann.de\/wp-content\/uploads\/2018\/02\/1395-Golfclub-20170727_090739-1-300x203.jpg","contentUrl":"https:\/\/2025.oekermann.de\/wp-content\/uploads\/2018\/02\/1395-Golfclub-20170727_090739-1-300x203.jpg"},{"@type":"BreadcrumbList","@id":"https:\/\/2025.oekermann.de\/pl\/zastosowania\/odprowadzanie-sciekow-z-pol-golfowych\/#breadcrumb","itemListElement":[{"@type":"ListItem","position":1,"name":"Startseite","item":"https:\/\/2025.oekermann.de\/pl\/"},{"@type":"ListItem","position":2,"name":"Zastosowania","item":"https:\/\/2025.oekermann.de\/pl\/zastosowania\/"},{"@type":"ListItem","position":3,"name":"Pola golfowe"}]},{"@type":"WebSite","@id":"https:\/\/2025.oekermann.de\/#website","url":"https:\/\/2025.oekermann.de\/","name":"Pneumatische F\u00f6rdertechnik - OEKERMANN Abwassertechnik","description":"","potentialAction":[{"@type":"SearchAction","target":{"@type":"EntryPoint","urlTemplate":"https:\/\/2025.oekermann.de\/?s={search_term_string}"},"query-input":{"@type":"PropertyValueSpecification","valueRequired":true,"valueName":"search_term_string"}}],"inLanguage":"pl-PL"}]}},"_links":{"self":[{"href":"https:\/\/2025.oekermann.de\/pl\/wp-json\/wp\/v2\/pages\/4269","targetHints":{"allow":["GET"]}}],"collection":[{"href":"https:\/\/2025.oekermann.de\/pl\/wp-json\/wp\/v2\/pages"}],"about":[{"href":"https:\/\/2025.oekermann.de\/pl\/wp-json\/wp\/v2\/types\/page"}],"author":[{"embeddable":true,"href":"https:\/\/2025.oekermann.de\/pl\/wp-json\/wp\/v2\/users\/1"}],"replies":[{"embeddable":true,"href":"https:\/\/2025.oekermann.de\/pl\/wp-json\/wp\/v2\/comments?post=4269"}],"version-history":[{"count":1,"href":"https:\/\/2025.oekermann.de\/pl\/wp-json\/wp\/v2\/pages\/4269\/revisions"}],"predecessor-version":[{"id":4271,"href":"https:\/\/2025.oekermann.de\/pl\/wp-json\/wp\/v2\/pages\/4269\/revisions\/4271"}],"up":[{"embeddable":true,"href":"https:\/\/2025.oekermann.de\/pl\/wp-json\/wp\/v2\/pages\/4263"}],"wp:attachment":[{"href":"https:\/\/2025.oekermann.de\/pl\/wp-json\/wp\/v2\/media?parent=4269"}],"curies":[{"name":"wp","href":"https:\/\/api.w.org\/{rel}","templated":true}]}}