{"id":4272,"date":"2022-06-17T11:15:07","date_gmt":"2022-06-17T09:15:07","guid":{"rendered":"https:\/\/2025.oekermann.de\/zastosowania\/rolnictwo\/"},"modified":"2025-02-11T14:24:29","modified_gmt":"2025-02-11T13:24:29","slug":"rolnictwo","status":"publish","type":"page","link":"https:\/\/2025.oekermann.de\/pl\/zastosowania\/rolnictwo\/","title":{"rendered":"Rolnictwo"},"content":{"rendered":"<section>\nPneumatyczne systemy transportu \u015bciek\u00f3w s\u0105 stosowane w wielu r\u00f3\u017cnych obszarach, w tym z powodzeniem od ponad 14 lat w Sonnenhof Mayer w Wittlingen u podn\u00f3\u017ca g\u00f3ry Schw\u00e4bischen Alb. Znajduj\u0105ca si\u0119 tam ma\u0142a przepompownia t\u0142oczy nie tylko \u015bcieki bytowe, ale obecne tak\u017ce \u015bcieki z bran\u017cy gastronomicznej rolniczej i sprz\u0119towej. Konserwacja tego systemu zosta\u0142a przeprowadzona w 2021 r. Przed konserwacj\u0105 system przez wiele lat radzi\u0142 sobie sam przy minimalnej pomocy lokalnej.<\/p>\n<p>Jeste\u015bmy szczeg\u00f3lnie zadowoleni, gdy nasz klient, podobnie jak my dzia\u0142a w sektorze ochrony \u015brodowiska, szczeg\u00f3lnie w czasach, gdy dobrostan zwierz\u0105t (hodowlanych) jest zagro\u017cony. Sonnenhof wyr\u00f3\u017cnia si\u0119 szczeg\u00f3lnie pozytywnie: <a href=\"http:\/\/www.mayer-wittlingen.de\/\" rel=\"noopener noreferrer\" target=\"_blank\">http:\/\/www.mayer-wittlingen.de\/<\/a> i <a href=\"https:\/\/www.youtube.com\/watch?v=9SR4kfprGuU\" rel=\"noopener noreferrer\" target=\"_blank\">https:\/\/www.youtube.com\/watch?v=9SR4kfprGuU<\/a>. Zwierz\u0119ta maj\u0105 tam zapewnione takie warunki, jakie powinny mie\u0107 wsz\u0119dzie.<\/p>\n<p>W ten spos\u00f3b wysokiej jako\u015bci, ekologiczna technologia udost\u0119pnia przyjazny dla \u015brodowiska biznes.<\/p>\n<p>Nawiasem m\u00f3wi\u0105c naprawd\u0119 polubili\u015bmy niekt\u00f3re pr\u00f3bki ze sklepu rolniczego.<\/p>\n<p><style type=\"text\/css\">\n#foogallery-gallery-3569.fg-masonry .fg-item { width: 520px; }\n#foogallery-gallery-3569.fg-masonry { --fg-gutter: 10px; }<\/style>\n\t\t\t<div class=\"foogallery foogallery-container foogallery-masonry foogallery-lightbox-foogallery fg-masonry fg-ready fg-light fg-loaded-fade-in fg-fixed\" id=\"foogallery-gallery-3569\" data-foogallery=\"{&quot;item&quot;:{&quot;showCaptionTitle&quot;:true,&quot;showCaptionDescription&quot;:true},&quot;lazy&quot;:true,&quot;template&quot;:{&quot;columnWidth&quot;:520,&quot;gutter&quot;:10,&quot;horizontalOrder&quot;:true}}\" style=\"--fg-title-line-clamp: 0; --fg-description-line-clamp: 0;\" >\n\t\t<div class=\"fg-item fg-type-image fg-idle\"><figure class=\"fg-item-inner\"><a data-attachment-id=\"4578\" data-type=\"image\" class=\"fg-thumb\"><span class=\"fg-image-wrap\"><img fetchpriority=\"high\" decoding=\"async\" width=\"520\" height=\"458\" class=\"skip-lazy fg-image\" data-src-fg=\"https:\/\/2025.oekermann.de\/wp-content\/uploads\/cache\/2021\/12\/Pneumatische-Abwasserfoerderung-in_der-Landwirtschaft\/4251283905.jpg\" src=\"data:image\/svg+xml,%3Csvg%20xmlns%3D%22http%3A%2F%2Fwww.w3.org%2F2000%2Fsvg%22%20width%3D%22520%22%20height%3D%22458%22%20viewBox%3D%220%200%20520%20458%22%3E%3C%2Fsvg%3E\" loading=\"eager\"><\/span><span class=\"fg-image-overlay\"><\/span><\/a><\/figure><div class=\"fg-loader\"><\/div><\/div><\/div><style type=\"text\/css\">#foogallery-gallery-3569 { margin:0 !important; }<\/style><br \/>\n<\/section>\n","protected":false},"excerpt":{"rendered":"<p>Pneumatyczne systemy transportu \u015bciek\u00f3w s\u0105 stosowane w wielu r\u00f3\u017cnych obszarach, w tym z powodzeniem od ponad 14 lat w Sonnenhof Mayer w Wittlingen u podn\u00f3\u017ca g\u00f3ry Schw\u00e4bischen Alb. Znajduj\u0105ca si\u0119 tam ma\u0142a przepompownia t\u0142oczy nie tylko \u015bcieki bytowe, ale obecne tak\u017ce \u015bcieki z bran\u017cy gastronomicznej rolniczej i sprz\u0119towej. Konserwacja tego systemu zosta\u0142a przeprowadzona w 2021<\/p>\n<p class=\"link-more\"><a href=\"https:\/\/2025.oekermann.de\/pl\/zastosowania\/rolnictwo\/\" class=\"envor-btn\">Weiterlesen<span class=\"screen-reader-text\"> &#8220;Rolnictwo&#8221;<\/span><\/a><\/p>\n","protected":false},"author":1,"featured_media":0,"parent":4263,"menu_order":0,"comment_status":"closed","ping_status":"closed","template":"","meta":{"footnotes":""},"class_list":["post-4272","page","type-page","status-publish","hentry"],"yoast_head":"<!-- This site is optimized with the Yoast SEO plugin v27.4 - https:\/\/yoast.com\/product\/yoast-seo-wordpress\/ -->\n<title>Rolnictwo - Pneumatische F\u00f6rdertechnik - OEKERMANN Abwassertechnik<\/title>\n<meta name=\"robots\" content=\"index, follow, max-snippet:-1, max-image-preview:large, max-video-preview:-1\" \/>\n<link rel=\"canonical\" href=\"https:\/\/2025.oekermann.de\/pl\/zastosowania\/rolnictwo\/\" \/>\n<meta property=\"og:locale\" content=\"pl_PL\" \/>\n<meta property=\"og:type\" content=\"article\" \/>\n<meta property=\"og:title\" content=\"Rolnictwo - Pneumatische F\u00f6rdertechnik - OEKERMANN Abwassertechnik\" \/>\n<meta property=\"og:description\" content=\"Pneumatyczne systemy transportu \u015bciek\u00f3w s\u0105 stosowane w wielu r\u00f3\u017cnych obszarach, w tym z powodzeniem od ponad 14 lat w Sonnenhof Mayer w Wittlingen u podn\u00f3\u017ca g\u00f3ry Schw\u00e4bischen Alb. Znajduj\u0105ca si\u0119 tam ma\u0142a przepompownia t\u0142oczy nie tylko \u015bcieki bytowe, ale obecne tak\u017ce \u015bcieki z bran\u017cy gastronomicznej rolniczej i sprz\u0119towej. Konserwacja tego systemu zosta\u0142a przeprowadzona w 2021Weiterlesen &quot;Rolnictwo&quot;\" \/>\n<meta property=\"og:url\" content=\"https:\/\/2025.oekermann.de\/pl\/zastosowania\/rolnictwo\/\" \/>\n<meta property=\"og:site_name\" content=\"Pneumatische F\u00f6rdertechnik - OEKERMANN Abwassertechnik\" \/>\n<meta property=\"article:publisher\" content=\"https:\/\/www.facebook.com\/pages\/Oekermann-Abwassertechnik\/1007781205906685\" \/>\n<meta property=\"article:modified_time\" content=\"2025-02-11T13:24:29+00:00\" \/>\n<meta name=\"twitter:card\" content=\"summary_large_image\" \/>\n<meta name=\"twitter:site\" content=\"@Oekermann\" \/>\n<meta name=\"twitter:label1\" content=\"Szacowany czas czytania\" \/>\n\t<meta name=\"twitter:data1\" content=\"1 minuta\" \/>\n<script type=\"application\/ld+json\" class=\"yoast-schema-graph\">{\"@context\":\"https:\\\/\\\/schema.org\",\"@graph\":[{\"@type\":\"WebPage\",\"@id\":\"https:\\\/\\\/2025.oekermann.de\\\/pl\\\/zastosowania\\\/rolnictwo\\\/\",\"url\":\"https:\\\/\\\/2025.oekermann.de\\\/pl\\\/zastosowania\\\/rolnictwo\\\/\",\"name\":\"Rolnictwo - Pneumatische F\u00f6rdertechnik - OEKERMANN Abwassertechnik\",\"isPartOf\":{\"@id\":\"https:\\\/\\\/2025.oekermann.de\\\/#website\"},\"datePublished\":\"2022-06-17T09:15:07+00:00\",\"dateModified\":\"2025-02-11T13:24:29+00:00\",\"breadcrumb\":{\"@id\":\"https:\\\/\\\/2025.oekermann.de\\\/pl\\\/zastosowania\\\/rolnictwo\\\/#breadcrumb\"},\"inLanguage\":\"pl-PL\",\"potentialAction\":[{\"@type\":\"ReadAction\",\"target\":[\"https:\\\/\\\/2025.oekermann.de\\\/pl\\\/zastosowania\\\/rolnictwo\\\/\"]}]},{\"@type\":\"BreadcrumbList\",\"@id\":\"https:\\\/\\\/2025.oekermann.de\\\/pl\\\/zastosowania\\\/rolnictwo\\\/#breadcrumb\",\"itemListElement\":[{\"@type\":\"ListItem\",\"position\":1,\"name\":\"Startseite\",\"item\":\"https:\\\/\\\/2025.oekermann.de\\\/pl\\\/\"},{\"@type\":\"ListItem\",\"position\":2,\"name\":\"Zastosowania\",\"item\":\"https:\\\/\\\/2025.oekermann.de\\\/pl\\\/zastosowania\\\/\"},{\"@type\":\"ListItem\",\"position\":3,\"name\":\"Rolnictwo\"}]},{\"@type\":\"WebSite\",\"@id\":\"https:\\\/\\\/2025.oekermann.de\\\/#website\",\"url\":\"https:\\\/\\\/2025.oekermann.de\\\/\",\"name\":\"Pneumatische F\u00f6rdertechnik - OEKERMANN Abwassertechnik\",\"description\":\"\",\"potentialAction\":[{\"@type\":\"SearchAction\",\"target\":{\"@type\":\"EntryPoint\",\"urlTemplate\":\"https:\\\/\\\/2025.oekermann.de\\\/?s={search_term_string}\"},\"query-input\":{\"@type\":\"PropertyValueSpecification\",\"valueRequired\":true,\"valueName\":\"search_term_string\"}}],\"inLanguage\":\"pl-PL\"}]}<\/script>\n<!-- \/ Yoast SEO plugin. -->","yoast_head_json":{"title":"Rolnictwo - Pneumatische F\u00f6rdertechnik - OEKERMANN Abwassertechnik","robots":{"index":"index","follow":"follow","max-snippet":"max-snippet:-1","max-image-preview":"max-image-preview:large","max-video-preview":"max-video-preview:-1"},"canonical":"https:\/\/2025.oekermann.de\/pl\/zastosowania\/rolnictwo\/","og_locale":"pl_PL","og_type":"article","og_title":"Rolnictwo - Pneumatische F\u00f6rdertechnik - OEKERMANN Abwassertechnik","og_description":"Pneumatyczne systemy transportu \u015bciek\u00f3w s\u0105 stosowane w wielu r\u00f3\u017cnych obszarach, w tym z powodzeniem od ponad 14 lat w Sonnenhof Mayer w Wittlingen u podn\u00f3\u017ca g\u00f3ry Schw\u00e4bischen Alb. Znajduj\u0105ca si\u0119 tam ma\u0142a przepompownia t\u0142oczy nie tylko \u015bcieki bytowe, ale obecne tak\u017ce \u015bcieki z bran\u017cy gastronomicznej rolniczej i sprz\u0119towej. Konserwacja tego systemu zosta\u0142a przeprowadzona w 2021Weiterlesen \"Rolnictwo\"","og_url":"https:\/\/2025.oekermann.de\/pl\/zastosowania\/rolnictwo\/","og_site_name":"Pneumatische F\u00f6rdertechnik - OEKERMANN Abwassertechnik","article_publisher":"https:\/\/www.facebook.com\/pages\/Oekermann-Abwassertechnik\/1007781205906685","article_modified_time":"2025-02-11T13:24:29+00:00","twitter_card":"summary_large_image","twitter_site":"@Oekermann","twitter_misc":{"Szacowany czas czytania":"1 minuta"},"schema":{"@context":"https:\/\/schema.org","@graph":[{"@type":"WebPage","@id":"https:\/\/2025.oekermann.de\/pl\/zastosowania\/rolnictwo\/","url":"https:\/\/2025.oekermann.de\/pl\/zastosowania\/rolnictwo\/","name":"Rolnictwo - Pneumatische F\u00f6rdertechnik - OEKERMANN Abwassertechnik","isPartOf":{"@id":"https:\/\/2025.oekermann.de\/#website"},"datePublished":"2022-06-17T09:15:07+00:00","dateModified":"2025-02-11T13:24:29+00:00","breadcrumb":{"@id":"https:\/\/2025.oekermann.de\/pl\/zastosowania\/rolnictwo\/#breadcrumb"},"inLanguage":"pl-PL","potentialAction":[{"@type":"ReadAction","target":["https:\/\/2025.oekermann.de\/pl\/zastosowania\/rolnictwo\/"]}]},{"@type":"BreadcrumbList","@id":"https:\/\/2025.oekermann.de\/pl\/zastosowania\/rolnictwo\/#breadcrumb","itemListElement":[{"@type":"ListItem","position":1,"name":"Startseite","item":"https:\/\/2025.oekermann.de\/pl\/"},{"@type":"ListItem","position":2,"name":"Zastosowania","item":"https:\/\/2025.oekermann.de\/pl\/zastosowania\/"},{"@type":"ListItem","position":3,"name":"Rolnictwo"}]},{"@type":"WebSite","@id":"https:\/\/2025.oekermann.de\/#website","url":"https:\/\/2025.oekermann.de\/","name":"Pneumatische F\u00f6rdertechnik - OEKERMANN Abwassertechnik","description":"","potentialAction":[{"@type":"SearchAction","target":{"@type":"EntryPoint","urlTemplate":"https:\/\/2025.oekermann.de\/?s={search_term_string}"},"query-input":{"@type":"PropertyValueSpecification","valueRequired":true,"valueName":"search_term_string"}}],"inLanguage":"pl-PL"}]}},"_links":{"self":[{"href":"https:\/\/2025.oekermann.de\/pl\/wp-json\/wp\/v2\/pages\/4272","targetHints":{"allow":["GET"]}}],"collection":[{"href":"https:\/\/2025.oekermann.de\/pl\/wp-json\/wp\/v2\/pages"}],"about":[{"href":"https:\/\/2025.oekermann.de\/pl\/wp-json\/wp\/v2\/types\/page"}],"author":[{"embeddable":true,"href":"https:\/\/2025.oekermann.de\/pl\/wp-json\/wp\/v2\/users\/1"}],"replies":[{"embeddable":true,"href":"https:\/\/2025.oekermann.de\/pl\/wp-json\/wp\/v2\/comments?post=4272"}],"version-history":[{"count":2,"href":"https:\/\/2025.oekermann.de\/pl\/wp-json\/wp\/v2\/pages\/4272\/revisions"}],"predecessor-version":[{"id":4337,"href":"https:\/\/2025.oekermann.de\/pl\/wp-json\/wp\/v2\/pages\/4272\/revisions\/4337"}],"up":[{"embeddable":true,"href":"https:\/\/2025.oekermann.de\/pl\/wp-json\/wp\/v2\/pages\/4263"}],"wp:attachment":[{"href":"https:\/\/2025.oekermann.de\/pl\/wp-json\/wp\/v2\/media?parent=4272"}],"curies":[{"name":"wp","href":"https:\/\/api.w.org\/{rel}","templated":true}]}}