{"id":4278,"date":"2022-06-17T09:18:25","date_gmt":"2022-06-17T07:18:25","guid":{"rendered":"https:\/\/2025.oekermann.de\/zastosowania\/sektor-energetyczny\/"},"modified":"2025-02-11T14:23:34","modified_gmt":"2025-02-11T13:23:34","slug":"sektor-energetyczny","status":"publish","type":"page","link":"https:\/\/2025.oekermann.de\/pl\/zastosowania\/sektor-energetyczny\/","title":{"rendered":"Sektor energetyczny"},"content":{"rendered":"<section>\n<p>Liczne przepompownie pneumatyczne firmy <a href=\"https:\/\/2025.oekermann.de\/ueber-uns\/die-idee\/\">OEKERMANN<\/a> zlokalizowane s\u0105 na terenie przedsi\u0119biorstw dostarczaj\u0105cych energi\u0119, np. w obszarach wytwarzania energii elektrycznej, gazu ziemnego i energetyki wodnej.<\/p>\n<p>Spr\u0119\u017carki i sterowniki mo\u017cna umie\u015bci\u0107 na terenie ca\u0142ej firmy w wysokim elemencie, wykonanym z tworzywa sztucznego (z izolacj\u0105), dost\u0119pnym w firmie OEKERMANN. Wysokiej jako\u015bci konstrukcja zapewnia optymaln\u0105 izolacj\u0119 akustyczn\u0105 i <a href=\"https:\/\/2025.oekermann.de\/vorteile\/keine-verstopfung\/\">ponadprzeci\u0119tn\u0105 \u017cywotno\u015b\u0107<\/a>.<\/p>\n<p>Na tym obszarze istnieje wiele ma\u0142ych system\u00f3w np. w wielu podstacjach <a href=\"https:\/\/2025.oekermann.de\/vorteile\/foerderung-geringer-wassermengen\/\">wytwarza ma\u0142e ilo\u015bci \u015bciek\u00f3w<\/a> za pomoc\u0105 <a href=\"https:\/\/2025.oekermann.de\/produktgruppen\/kleine-anlagen\/\">kompaktowych<\/a> system\u00f3w pneumatycznych.<\/p>\n<ul id=\"ifat-gal-1\" class=\"list-3\">\n<li><img decoding=\"async\" class=\"img-1\" alt=\"Wasser und Abwasser - Einweihung\" src=\"\/wp-content\/uploads\/2016\/04\/Hochbauteil-pneumatische-Anlage.jpg\" width=\"440\"><\/li>\n<li><img decoding=\"async\" class=\"img-1\" alt=\"Wasser und Abwasser - Einweihung\" src=\"\/wp-content\/uploads\/2016\/04\/Unterflurpumpwerk-pneumatische-Abwasser-Foerderung.jpg\" width=\"440\"><\/li>\n<li><img decoding=\"async\" class=\"img-1\" alt=\"Wasser und Abwasser - Einweihung\" src=\"\/wp-content\/uploads\/2016\/04\/Umspannanlage-Oekermann.jpg\" width=\"440\"><\/li>\n<\/ul>\n<ul class=\"dl-files\">\n<li class=\"pdf-file-1\"><a href=\"\/res\/pdf\/sonderdruckschriften\/OEKERMANN-Info-02-Die-wichtigsten-Einsatzgruende-fuer-unsere-pneumatischen-Abwasser-Foerderanlagen.pdf\" target=\"_blank\" onclick=\"_gaq.push(['_trackPageview', '\/res\/pdf\/sonderdruckschriften\/OEKERMANN-Info-02-Die-wichtigsten-Einsatzgruende-fuer-unsere-pneumatischen-Abwasser-Foerderanlagen.pdf']);\" rel=\"noopener noreferrer\"> <span>Najwa\u017cniejsze powody korzystania z pneumatycznych system\u00f3w odprowadzania \u015bciek\u00f3w <\/span> <\/a><\/li>\n<\/ul>\n<p class=\"clearer\">&nbsp;<\/p>\n<p>Pe\u0142ny przegl\u0105d wszystkich naszych bezp\u0142atnych materia\u0142\u00f3w informacyjnych znajdziesz na naszej <a title=\"Alle kostenlosen Informationen zum Thema Abwassertechnik als Downloads\" href=\"https:\/\/2025.oekermann.de\/downloads\/\"> stronie internetowej<\/a>.<\/p>\n<\/section>\n","protected":false},"excerpt":{"rendered":"<p>Liczne przepompownie pneumatyczne firmy OEKERMANN zlokalizowane s\u0105 na terenie przedsi\u0119biorstw dostarczaj\u0105cych energi\u0119, np. w obszarach wytwarzania energii elektrycznej, gazu ziemnego i energetyki wodnej. Spr\u0119\u017carki i sterowniki mo\u017cna umie\u015bci\u0107 na terenie ca\u0142ej firmy w wysokim elemencie, wykonanym z tworzywa sztucznego (z izolacj\u0105), dost\u0119pnym w firmie OEKERMANN. Wysokiej jako\u015bci konstrukcja zapewnia optymaln\u0105 izolacj\u0119 akustyczn\u0105 i ponadprzeci\u0119tn\u0105 \u017cywotno\u015b\u0107.<\/p>\n<p class=\"link-more\"><a href=\"https:\/\/2025.oekermann.de\/pl\/zastosowania\/sektor-energetyczny\/\" class=\"envor-btn\">Weiterlesen<span class=\"screen-reader-text\"> &#8220;Sektor energetyczny&#8221;<\/span><\/a><\/p>\n","protected":false},"author":1,"featured_media":0,"parent":4263,"menu_order":0,"comment_status":"closed","ping_status":"closed","template":"","meta":{"footnotes":""},"class_list":["post-4278","page","type-page","status-publish","hentry"],"yoast_head":"<!-- This site is optimized with the Yoast SEO plugin v27.4 - https:\/\/yoast.com\/product\/yoast-seo-wordpress\/ -->\n<title>Sektor energetyczny - Pneumatische F\u00f6rdertechnik - OEKERMANN Abwassertechnik<\/title>\n<meta name=\"robots\" content=\"index, follow, max-snippet:-1, max-image-preview:large, max-video-preview:-1\" \/>\n<link rel=\"canonical\" href=\"https:\/\/2025.oekermann.de\/pl\/zastosowania\/sektor-energetyczny\/\" \/>\n<meta property=\"og:locale\" content=\"pl_PL\" \/>\n<meta property=\"og:type\" content=\"article\" \/>\n<meta property=\"og:title\" content=\"Sektor energetyczny - Pneumatische F\u00f6rdertechnik - OEKERMANN Abwassertechnik\" \/>\n<meta property=\"og:description\" content=\"Liczne przepompownie pneumatyczne firmy OEKERMANN zlokalizowane s\u0105 na terenie przedsi\u0119biorstw dostarczaj\u0105cych energi\u0119, np. w obszarach wytwarzania energii elektrycznej, gazu ziemnego i energetyki wodnej. Spr\u0119\u017carki i sterowniki mo\u017cna umie\u015bci\u0107 na terenie ca\u0142ej firmy w wysokim elemencie, wykonanym z tworzywa sztucznego (z izolacj\u0105), dost\u0119pnym w firmie OEKERMANN. Wysokiej jako\u015bci konstrukcja zapewnia optymaln\u0105 izolacj\u0119 akustyczn\u0105 i ponadprzeci\u0119tn\u0105 \u017cywotno\u015b\u0107.Weiterlesen &quot;Sektor energetyczny&quot;\" \/>\n<meta property=\"og:url\" content=\"https:\/\/2025.oekermann.de\/pl\/zastosowania\/sektor-energetyczny\/\" \/>\n<meta property=\"og:site_name\" content=\"Pneumatische F\u00f6rdertechnik - OEKERMANN Abwassertechnik\" \/>\n<meta property=\"article:publisher\" content=\"https:\/\/www.facebook.com\/pages\/Oekermann-Abwassertechnik\/1007781205906685\" \/>\n<meta property=\"article:modified_time\" content=\"2025-02-11T13:23:34+00:00\" \/>\n<meta name=\"twitter:card\" content=\"summary_large_image\" \/>\n<meta name=\"twitter:site\" content=\"@Oekermann\" \/>\n<meta name=\"twitter:label1\" content=\"Szacowany czas czytania\" \/>\n\t<meta name=\"twitter:data1\" content=\"2 minuty\" \/>\n<script type=\"application\/ld+json\" class=\"yoast-schema-graph\">{\"@context\":\"https:\\\/\\\/schema.org\",\"@graph\":[{\"@type\":\"WebPage\",\"@id\":\"https:\\\/\\\/2025.oekermann.de\\\/pl\\\/zastosowania\\\/sektor-energetyczny\\\/\",\"url\":\"https:\\\/\\\/2025.oekermann.de\\\/pl\\\/zastosowania\\\/sektor-energetyczny\\\/\",\"name\":\"Sektor energetyczny - Pneumatische F\u00f6rdertechnik - OEKERMANN Abwassertechnik\",\"isPartOf\":{\"@id\":\"https:\\\/\\\/2025.oekermann.de\\\/#website\"},\"datePublished\":\"2022-06-17T07:18:25+00:00\",\"dateModified\":\"2025-02-11T13:23:34+00:00\",\"breadcrumb\":{\"@id\":\"https:\\\/\\\/2025.oekermann.de\\\/pl\\\/zastosowania\\\/sektor-energetyczny\\\/#breadcrumb\"},\"inLanguage\":\"pl-PL\",\"potentialAction\":[{\"@type\":\"ReadAction\",\"target\":[\"https:\\\/\\\/2025.oekermann.de\\\/pl\\\/zastosowania\\\/sektor-energetyczny\\\/\"]}]},{\"@type\":\"BreadcrumbList\",\"@id\":\"https:\\\/\\\/2025.oekermann.de\\\/pl\\\/zastosowania\\\/sektor-energetyczny\\\/#breadcrumb\",\"itemListElement\":[{\"@type\":\"ListItem\",\"position\":1,\"name\":\"Startseite\",\"item\":\"https:\\\/\\\/2025.oekermann.de\\\/pl\\\/\"},{\"@type\":\"ListItem\",\"position\":2,\"name\":\"Zastosowania\",\"item\":\"https:\\\/\\\/2025.oekermann.de\\\/pl\\\/zastosowania\\\/\"},{\"@type\":\"ListItem\",\"position\":3,\"name\":\"Sektor energetyczny\"}]},{\"@type\":\"WebSite\",\"@id\":\"https:\\\/\\\/2025.oekermann.de\\\/#website\",\"url\":\"https:\\\/\\\/2025.oekermann.de\\\/\",\"name\":\"Pneumatische F\u00f6rdertechnik - OEKERMANN Abwassertechnik\",\"description\":\"\",\"potentialAction\":[{\"@type\":\"SearchAction\",\"target\":{\"@type\":\"EntryPoint\",\"urlTemplate\":\"https:\\\/\\\/2025.oekermann.de\\\/?s={search_term_string}\"},\"query-input\":{\"@type\":\"PropertyValueSpecification\",\"valueRequired\":true,\"valueName\":\"search_term_string\"}}],\"inLanguage\":\"pl-PL\"}]}<\/script>\n<!-- \/ Yoast SEO plugin. -->","yoast_head_json":{"title":"Sektor energetyczny - Pneumatische F\u00f6rdertechnik - OEKERMANN Abwassertechnik","robots":{"index":"index","follow":"follow","max-snippet":"max-snippet:-1","max-image-preview":"max-image-preview:large","max-video-preview":"max-video-preview:-1"},"canonical":"https:\/\/2025.oekermann.de\/pl\/zastosowania\/sektor-energetyczny\/","og_locale":"pl_PL","og_type":"article","og_title":"Sektor energetyczny - Pneumatische F\u00f6rdertechnik - OEKERMANN Abwassertechnik","og_description":"Liczne przepompownie pneumatyczne firmy OEKERMANN zlokalizowane s\u0105 na terenie przedsi\u0119biorstw dostarczaj\u0105cych energi\u0119, np. w obszarach wytwarzania energii elektrycznej, gazu ziemnego i energetyki wodnej. Spr\u0119\u017carki i sterowniki mo\u017cna umie\u015bci\u0107 na terenie ca\u0142ej firmy w wysokim elemencie, wykonanym z tworzywa sztucznego (z izolacj\u0105), dost\u0119pnym w firmie OEKERMANN. Wysokiej jako\u015bci konstrukcja zapewnia optymaln\u0105 izolacj\u0119 akustyczn\u0105 i ponadprzeci\u0119tn\u0105 \u017cywotno\u015b\u0107.Weiterlesen \"Sektor energetyczny\"","og_url":"https:\/\/2025.oekermann.de\/pl\/zastosowania\/sektor-energetyczny\/","og_site_name":"Pneumatische F\u00f6rdertechnik - OEKERMANN Abwassertechnik","article_publisher":"https:\/\/www.facebook.com\/pages\/Oekermann-Abwassertechnik\/1007781205906685","article_modified_time":"2025-02-11T13:23:34+00:00","twitter_card":"summary_large_image","twitter_site":"@Oekermann","twitter_misc":{"Szacowany czas czytania":"2 minuty"},"schema":{"@context":"https:\/\/schema.org","@graph":[{"@type":"WebPage","@id":"https:\/\/2025.oekermann.de\/pl\/zastosowania\/sektor-energetyczny\/","url":"https:\/\/2025.oekermann.de\/pl\/zastosowania\/sektor-energetyczny\/","name":"Sektor energetyczny - Pneumatische F\u00f6rdertechnik - OEKERMANN Abwassertechnik","isPartOf":{"@id":"https:\/\/2025.oekermann.de\/#website"},"datePublished":"2022-06-17T07:18:25+00:00","dateModified":"2025-02-11T13:23:34+00:00","breadcrumb":{"@id":"https:\/\/2025.oekermann.de\/pl\/zastosowania\/sektor-energetyczny\/#breadcrumb"},"inLanguage":"pl-PL","potentialAction":[{"@type":"ReadAction","target":["https:\/\/2025.oekermann.de\/pl\/zastosowania\/sektor-energetyczny\/"]}]},{"@type":"BreadcrumbList","@id":"https:\/\/2025.oekermann.de\/pl\/zastosowania\/sektor-energetyczny\/#breadcrumb","itemListElement":[{"@type":"ListItem","position":1,"name":"Startseite","item":"https:\/\/2025.oekermann.de\/pl\/"},{"@type":"ListItem","position":2,"name":"Zastosowania","item":"https:\/\/2025.oekermann.de\/pl\/zastosowania\/"},{"@type":"ListItem","position":3,"name":"Sektor energetyczny"}]},{"@type":"WebSite","@id":"https:\/\/2025.oekermann.de\/#website","url":"https:\/\/2025.oekermann.de\/","name":"Pneumatische F\u00f6rdertechnik - OEKERMANN Abwassertechnik","description":"","potentialAction":[{"@type":"SearchAction","target":{"@type":"EntryPoint","urlTemplate":"https:\/\/2025.oekermann.de\/?s={search_term_string}"},"query-input":{"@type":"PropertyValueSpecification","valueRequired":true,"valueName":"search_term_string"}}],"inLanguage":"pl-PL"}]}},"_links":{"self":[{"href":"https:\/\/2025.oekermann.de\/pl\/wp-json\/wp\/v2\/pages\/4278","targetHints":{"allow":["GET"]}}],"collection":[{"href":"https:\/\/2025.oekermann.de\/pl\/wp-json\/wp\/v2\/pages"}],"about":[{"href":"https:\/\/2025.oekermann.de\/pl\/wp-json\/wp\/v2\/types\/page"}],"author":[{"embeddable":true,"href":"https:\/\/2025.oekermann.de\/pl\/wp-json\/wp\/v2\/users\/1"}],"replies":[{"embeddable":true,"href":"https:\/\/2025.oekermann.de\/pl\/wp-json\/wp\/v2\/comments?post=4278"}],"version-history":[{"count":3,"href":"https:\/\/2025.oekermann.de\/pl\/wp-json\/wp\/v2\/pages\/4278\/revisions"}],"predecessor-version":[{"id":4336,"href":"https:\/\/2025.oekermann.de\/pl\/wp-json\/wp\/v2\/pages\/4278\/revisions\/4336"}],"up":[{"embeddable":true,"href":"https:\/\/2025.oekermann.de\/pl\/wp-json\/wp\/v2\/pages\/4263"}],"wp:attachment":[{"href":"https:\/\/2025.oekermann.de\/pl\/wp-json\/wp\/v2\/media?parent=4278"}],"curies":[{"name":"wp","href":"https:\/\/api.w.org\/{rel}","templated":true}]}}