{"id":4281,"date":"2017-02-05T22:16:25","date_gmt":"2017-02-05T21:16:25","guid":{"rendered":"https:\/\/2025.oekermann.de\/drenaz-odciekow\/"},"modified":"2023-09-22T12:24:01","modified_gmt":"2023-09-22T10:24:01","slug":"drenaz-odciekow","status":"publish","type":"page","link":"https:\/\/2025.oekermann.de\/pl\/drenaz-odciekow\/","title":{"rendered":"Drena\u017c odciek\u00f3w"},"content":{"rendered":"<section>\n<p>Innym cz\u0119stym obszarem zastosowa\u0144 jest ekstrakcja odciek\u00f3w ze sk\u0142adowisk \u015bmieci. Ca\u0142a seria takich system\u00f3w stosowana jest w r\u00f3\u017cnych cz\u0119\u015bciach Niemiec od wielu lat. <\/p>\n<p><a href=\"https:\/\/2025.oekermann.de\/kontakt\/ihre-ansprechpartner\/\">Na \u017cyczenie ch\u0119tnie prze\u015blemy Pa\u0144stwu list\u0119 referencyjn\u0105.<\/a><\/p>\n<\/section>\n<section class=\"downloads\">\n<div class=\"animate-in\" data-anim-type=\"fade-in-right-big\" data-anim-delay=\"\">\n<div class=\"dl-wrapper\">\n<h2>Dowiedz si\u0119 wi\u0119cej:<\/h2>\n<ul class=\"dl-files\">\n<li class=\"pdf-file-1\"><a href=\"\/res\/pdf\/sonderdruckschriften\/OEKERMANN-Info-02-Die-wichtigsten-Einsatzgruende-fuer-unsere-pneumatischen-Abwasser-Foerderanlagen.pdf\" target=\"_blank\" onclick=\"_gaq.push(['_trackPageview', 'OEKERMANN-Info-02-Die-wichtigsten-Einsatzgruende-fuer-unsere-pneumatischen-Abwasser-Foerderanlagen.pdf']);\" rel=\"noopener noreferrer\"> <span>Najwa\u017cniejsze powody korzystania z pneumatycznych system\u00f3w odprowadzania \u015bciek\u00f3w<\/span> <\/a><\/li>\n<\/ul>\n<div class=\"dl-all\"><a title=\"Bezp\u0142atne informacje dotycz\u0105ce pneumatycznej technologii oczyszczania \u015bciek\u00f3w\" href=\"https:\/\/2025.oekermann.de\/downloads\/\">Bezp\u0142atne materia\u0142y informacyjne dotycz\u0105ce pneumatycznej technologii oczyszczania \u015bciek\u00f3w<\/a><\/div>\n<\/div>\n<\/div>\n<\/section>\n<section class=\"page-nav\">\n<div class=\"animate-in\" data-anim-type=\"fade-in-right-big\" data-anim-delay=\"\"><a class=\"envor-btn envor-btn-primary envor-btn-normal next\" href=\"https:\/\/2025.oekermann.de\/fachbegriffe\/vakuumentwaesserung\/\"> <span>drena\u017c pr\u00f3\u017cniowy<\/span> <i class=\"fa fa-chevron-right\"><\/i><\/a><a class=\"envor-btn envor-btn-primary envor-btn-normal prev\" href=\"https:\/\/2025.oekermann.de\/fachbegriffe\/pwc-anlagen\/\"><i class=\"fa fa-chevron-left\"><\/i> <span>systemy PWC<\/span> <\/a><\/div>\n<\/section>\n","protected":false},"excerpt":{"rendered":"<p>Innym cz\u0119stym obszarem zastosowa\u0144 jest ekstrakcja odciek\u00f3w ze sk\u0142adowisk \u015bmieci. Ca\u0142a seria takich system\u00f3w stosowana jest w r\u00f3\u017cnych cz\u0119\u015bciach Niemiec od wielu lat. Na \u017cyczenie ch\u0119tnie prze\u015blemy Pa\u0144stwu list\u0119 referencyjn\u0105. Dowiedz si\u0119 wi\u0119cej: Najwa\u017cniejsze powody korzystania z pneumatycznych system\u00f3w odprowadzania \u015bciek\u00f3w Bezp\u0142atne materia\u0142y informacyjne dotycz\u0105ce pneumatycznej technologii oczyszczania \u015bciek\u00f3w drena\u017c pr\u00f3\u017cniowy systemy PWC<\/p>\n","protected":false},"author":2,"featured_media":0,"parent":4863,"menu_order":0,"comment_status":"closed","ping_status":"closed","template":"","meta":{"footnotes":""},"class_list":["post-4281","page","type-page","status-publish","hentry"],"yoast_head":"<!-- This site is optimized with the Yoast SEO plugin v27.4 - https:\/\/yoast.com\/product\/yoast-seo-wordpress\/ -->\n<title>Drena\u017c odciek\u00f3w - Pneumatische F\u00f6rdertechnik - OEKERMANN Abwassertechnik<\/title>\n<meta name=\"robots\" content=\"index, follow, max-snippet:-1, max-image-preview:large, max-video-preview:-1\" \/>\n<link rel=\"canonical\" href=\"https:\/\/2025.oekermann.de\/pl\/drenaz-odciekow\/\" \/>\n<meta property=\"og:locale\" content=\"pl_PL\" \/>\n<meta property=\"og:type\" content=\"article\" \/>\n<meta property=\"og:title\" content=\"Drena\u017c odciek\u00f3w - Pneumatische F\u00f6rdertechnik - OEKERMANN Abwassertechnik\" \/>\n<meta property=\"og:description\" content=\"Innym cz\u0119stym obszarem zastosowa\u0144 jest ekstrakcja odciek\u00f3w ze sk\u0142adowisk \u015bmieci. Ca\u0142a seria takich system\u00f3w stosowana jest w r\u00f3\u017cnych cz\u0119\u015bciach Niemiec od wielu lat. Na \u017cyczenie ch\u0119tnie prze\u015blemy Pa\u0144stwu list\u0119 referencyjn\u0105. Dowiedz si\u0119 wi\u0119cej: Najwa\u017cniejsze powody korzystania z pneumatycznych system\u00f3w odprowadzania \u015bciek\u00f3w Bezp\u0142atne materia\u0142y informacyjne dotycz\u0105ce pneumatycznej technologii oczyszczania \u015bciek\u00f3w drena\u017c pr\u00f3\u017cniowy systemy PWC\" \/>\n<meta property=\"og:url\" content=\"https:\/\/2025.oekermann.de\/pl\/drenaz-odciekow\/\" \/>\n<meta property=\"og:site_name\" content=\"Pneumatische F\u00f6rdertechnik - OEKERMANN Abwassertechnik\" \/>\n<meta property=\"article:publisher\" content=\"https:\/\/www.facebook.com\/pages\/Oekermann-Abwassertechnik\/1007781205906685\" \/>\n<meta property=\"article:modified_time\" content=\"2023-09-22T10:24:01+00:00\" \/>\n<meta name=\"twitter:card\" content=\"summary_large_image\" \/>\n<meta name=\"twitter:site\" content=\"@Oekermann\" \/>\n<script type=\"application\/ld+json\" class=\"yoast-schema-graph\">{\"@context\":\"https:\\\/\\\/schema.org\",\"@graph\":[{\"@type\":\"WebPage\",\"@id\":\"https:\\\/\\\/2025.oekermann.de\\\/pl\\\/drenaz-odciekow\\\/\",\"url\":\"https:\\\/\\\/2025.oekermann.de\\\/pl\\\/drenaz-odciekow\\\/\",\"name\":\"Drena\u017c odciek\u00f3w - Pneumatische F\u00f6rdertechnik - OEKERMANN Abwassertechnik\",\"isPartOf\":{\"@id\":\"https:\\\/\\\/2025.oekermann.de\\\/#website\"},\"datePublished\":\"2017-02-05T21:16:25+00:00\",\"dateModified\":\"2023-09-22T10:24:01+00:00\",\"breadcrumb\":{\"@id\":\"https:\\\/\\\/2025.oekermann.de\\\/pl\\\/drenaz-odciekow\\\/#breadcrumb\"},\"inLanguage\":\"pl-PL\",\"potentialAction\":[{\"@type\":\"ReadAction\",\"target\":[\"https:\\\/\\\/2025.oekermann.de\\\/pl\\\/drenaz-odciekow\\\/\"]}]},{\"@type\":\"BreadcrumbList\",\"@id\":\"https:\\\/\\\/2025.oekermann.de\\\/pl\\\/drenaz-odciekow\\\/#breadcrumb\",\"itemListElement\":[{\"@type\":\"ListItem\",\"position\":1,\"name\":\"Startseite\",\"item\":\"https:\\\/\\\/2025.oekermann.de\\\/pl\\\/\"},{\"@type\":\"ListItem\",\"position\":2,\"name\":\"Drena\u017c odciek\u00f3w\"}]},{\"@type\":\"WebSite\",\"@id\":\"https:\\\/\\\/2025.oekermann.de\\\/#website\",\"url\":\"https:\\\/\\\/2025.oekermann.de\\\/\",\"name\":\"Pneumatische F\u00f6rdertechnik - OEKERMANN Abwassertechnik\",\"description\":\"\",\"potentialAction\":[{\"@type\":\"SearchAction\",\"target\":{\"@type\":\"EntryPoint\",\"urlTemplate\":\"https:\\\/\\\/2025.oekermann.de\\\/?s={search_term_string}\"},\"query-input\":{\"@type\":\"PropertyValueSpecification\",\"valueRequired\":true,\"valueName\":\"search_term_string\"}}],\"inLanguage\":\"pl-PL\"}]}<\/script>\n<!-- \/ Yoast SEO plugin. -->","yoast_head_json":{"title":"Drena\u017c odciek\u00f3w - Pneumatische F\u00f6rdertechnik - OEKERMANN Abwassertechnik","robots":{"index":"index","follow":"follow","max-snippet":"max-snippet:-1","max-image-preview":"max-image-preview:large","max-video-preview":"max-video-preview:-1"},"canonical":"https:\/\/2025.oekermann.de\/pl\/drenaz-odciekow\/","og_locale":"pl_PL","og_type":"article","og_title":"Drena\u017c odciek\u00f3w - Pneumatische F\u00f6rdertechnik - OEKERMANN Abwassertechnik","og_description":"Innym cz\u0119stym obszarem zastosowa\u0144 jest ekstrakcja odciek\u00f3w ze sk\u0142adowisk \u015bmieci. Ca\u0142a seria takich system\u00f3w stosowana jest w r\u00f3\u017cnych cz\u0119\u015bciach Niemiec od wielu lat. Na \u017cyczenie ch\u0119tnie prze\u015blemy Pa\u0144stwu list\u0119 referencyjn\u0105. Dowiedz si\u0119 wi\u0119cej: Najwa\u017cniejsze powody korzystania z pneumatycznych system\u00f3w odprowadzania \u015bciek\u00f3w Bezp\u0142atne materia\u0142y informacyjne dotycz\u0105ce pneumatycznej technologii oczyszczania \u015bciek\u00f3w drena\u017c pr\u00f3\u017cniowy systemy PWC","og_url":"https:\/\/2025.oekermann.de\/pl\/drenaz-odciekow\/","og_site_name":"Pneumatische F\u00f6rdertechnik - OEKERMANN Abwassertechnik","article_publisher":"https:\/\/www.facebook.com\/pages\/Oekermann-Abwassertechnik\/1007781205906685","article_modified_time":"2023-09-22T10:24:01+00:00","twitter_card":"summary_large_image","twitter_site":"@Oekermann","schema":{"@context":"https:\/\/schema.org","@graph":[{"@type":"WebPage","@id":"https:\/\/2025.oekermann.de\/pl\/drenaz-odciekow\/","url":"https:\/\/2025.oekermann.de\/pl\/drenaz-odciekow\/","name":"Drena\u017c odciek\u00f3w - Pneumatische F\u00f6rdertechnik - OEKERMANN Abwassertechnik","isPartOf":{"@id":"https:\/\/2025.oekermann.de\/#website"},"datePublished":"2017-02-05T21:16:25+00:00","dateModified":"2023-09-22T10:24:01+00:00","breadcrumb":{"@id":"https:\/\/2025.oekermann.de\/pl\/drenaz-odciekow\/#breadcrumb"},"inLanguage":"pl-PL","potentialAction":[{"@type":"ReadAction","target":["https:\/\/2025.oekermann.de\/pl\/drenaz-odciekow\/"]}]},{"@type":"BreadcrumbList","@id":"https:\/\/2025.oekermann.de\/pl\/drenaz-odciekow\/#breadcrumb","itemListElement":[{"@type":"ListItem","position":1,"name":"Startseite","item":"https:\/\/2025.oekermann.de\/pl\/"},{"@type":"ListItem","position":2,"name":"Drena\u017c odciek\u00f3w"}]},{"@type":"WebSite","@id":"https:\/\/2025.oekermann.de\/#website","url":"https:\/\/2025.oekermann.de\/","name":"Pneumatische F\u00f6rdertechnik - OEKERMANN Abwassertechnik","description":"","potentialAction":[{"@type":"SearchAction","target":{"@type":"EntryPoint","urlTemplate":"https:\/\/2025.oekermann.de\/?s={search_term_string}"},"query-input":{"@type":"PropertyValueSpecification","valueRequired":true,"valueName":"search_term_string"}}],"inLanguage":"pl-PL"}]}},"_links":{"self":[{"href":"https:\/\/2025.oekermann.de\/pl\/wp-json\/wp\/v2\/pages\/4281","targetHints":{"allow":["GET"]}}],"collection":[{"href":"https:\/\/2025.oekermann.de\/pl\/wp-json\/wp\/v2\/pages"}],"about":[{"href":"https:\/\/2025.oekermann.de\/pl\/wp-json\/wp\/v2\/types\/page"}],"author":[{"embeddable":true,"href":"https:\/\/2025.oekermann.de\/pl\/wp-json\/wp\/v2\/users\/2"}],"replies":[{"embeddable":true,"href":"https:\/\/2025.oekermann.de\/pl\/wp-json\/wp\/v2\/comments?post=4281"}],"version-history":[{"count":1,"href":"https:\/\/2025.oekermann.de\/pl\/wp-json\/wp\/v2\/pages\/4281\/revisions"}],"predecessor-version":[{"id":4283,"href":"https:\/\/2025.oekermann.de\/pl\/wp-json\/wp\/v2\/pages\/4281\/revisions\/4283"}],"up":[{"embeddable":true,"href":"https:\/\/2025.oekermann.de\/pl\/wp-json\/wp\/v2\/pages\/4863"}],"wp:attachment":[{"href":"https:\/\/2025.oekermann.de\/pl\/wp-json\/wp\/v2\/media?parent=4281"}],"curies":[{"name":"wp","href":"https:\/\/api.w.org\/{rel}","templated":true}]}}