{"id":4303,"date":"2017-02-05T22:22:35","date_gmt":"2017-02-05T21:22:35","guid":{"rendered":"https:\/\/2025.oekermann.de\/zdjecia-projektow\/"},"modified":"2023-09-25T11:56:45","modified_gmt":"2023-09-25T09:56:45","slug":"zdjecia-projektow","status":"publish","type":"page","link":"https:\/\/2025.oekermann.de\/pl\/zdjecia-projektow\/","title":{"rendered":"Zdj\u0119cia projekt\u00f3w"},"content":{"rendered":"<section>\n<p>W tej sekcji oferujemy Pa\u0144stwu wra\u017cenia z naszych projekt\u00f3w<\/p>\n<h2>Obiekty rekreacyjne<\/h2>\n<ul class=\"pf-index\">\n<li><a href=\"https:\/\/2025.oekermann.de\/projekt-fotos\/freizeitanlagen-campingplaetze\/\"><img decoding=\"async\" src=\"\/res\/projekt-fotos\/Freizeitanlagen-1.jpg\" border=\"0\" alt=\"Obiekty rekreacyjne zdj\u0119cie numer 1\" class=\"img-1\" \/><\/a><\/li>\n<li><a href=\"https:\/\/2025.oekermann.de\/projekt-fotos\/freizeitanlagen-campingplaetze\/\"><img decoding=\"async\" src=\"\/res\/projekt-fotos\/Freizeitanlagen-2.jpg\" border=\"0\" alt=\"Obiekty rekreacyjne zdj\u0119cie numer 2\" class=\"img-1\" \/><\/a><\/li>\n<li><a href=\"https:\/\/2025.oekermann.de\/projekt-fotos\/freizeitanlagen-campingplaetze\/\"><img decoding=\"async\" src=\"\/res\/projekt-fotos\/Freizeitanlagen-3.jpg\" border=\"0\" alt=\"Obiekty rekreacyjne zdj\u0119cie numer 3\" class=\"img-1\" \/><\/a><\/li>\n<\/ul>\n<p class=\"project-link\"><a href=\"https:\/\/2025.oekermann.de\/projekt-fotos\/freizeitanlagen-campingplaetze\/\" title=\"Alle Fotos aus dem Bereich 'Freizeitanlagen' zeigen\" class=\"envor-btn envor-btn-primary envor-btn-normal next\">Wszystkie zdj\u0119cia z projekt\u00f3w &#8220;obszary wypoczynkowe&#8221;<\/a><\/p>\n<\/section>\n<section>\n<h2>Obiekty przemys\u0142owe<\/h2>\n<ul class=\"pf-index\">\n<li><a href=\"projekt-fotos\/industrieanlagen\/\"><img decoding=\"async\" src=\"\/res\/projekt-fotos\/Industrieanlagen-1.jpg\" border=\"0\" alt=\"obiekty przemys\u0142owe zdj\u0119cie numer 1\" class=\"img-1\" \/><\/a><\/li>\n<li><a href=\"projekt-fotos\/industrieanlagen\/\"><img decoding=\"async\" src=\"\/res\/projekt-fotos\/Industrieanlagen-2.jpg\" border=\"0\" alt=\"obiekty przemys\u0142owe zdj\u0119cie numer 2\" class=\"img-1\" \/><\/a><\/li>\n<li><a href=\"https:\/\/2025.oekermann.de\/projekt-fotos\/industrieanlagen\/\"><img decoding=\"async\" src=\"\/res\/projekt-fotos\/Industrieanlagen-3.jpg\" border=\"0\" alt=\"obiekty przemys\u0142owe zdj\u0119cie numer 3 class=\"img-1\" \/><\/a><\/li>\n<\/ul>\n<p class=\"project-link\"><a href=\"projekt-fotos\/industrieanlagen\/\" title=\"Alle Fotos aus dem Bereich 'Industrieanlagen ' zeigen\" class=\"envor-btn envor-btn-primary envor-btn-normal next\"> Wszystkie zdj\u0119cia z projekt\u00f3w &#8220;obszary przemys\u0142owe&#8221;<\/a><\/p>\n<\/section>\n<section>\n<h2>Osady na obszarach wiejskich<\/h2>\n<ul class=\"pf-index\">\n<li><a href=\"https:\/\/2025.oekermann.de\/projekt-fotos\/siedlungen-im-laendlichen-raum\/\"><img decoding=\"async\" src=\"\/res\/projekt-fotos\/Siedlungen-im-laendlichen-Raum-1.jpg\" border=\"0\" alt=\"Osady na obszarach wiejskich zdj\u0119cie numer 1\" class=\"img-1\" \/><\/a><\/li>\n<li><a href=\"https:\/\/2025.oekermann.de\/projekt-fotos\/siedlungen-im-laendlichen-raum\/\"><img decoding=\"async\" src=\"\/res\/projekt-fotos\/Siedlungen-im-laendlichen-Raum-2.jpg\" border=\"0\" alt=\"Osady na obszarach wiejskich zdj\u0119cie numer 2\" class=\"img-1\" \/><\/a><\/li>\n<li><a href=\"https:\/\/2025.oekermann.de\/projekt-fotos\/siedlungen-im-laendlichen-raum\/\"><img decoding=\"async\" src=\"\/res\/projekt-fotos\/Siedlungen-im-laendlichen-Raum-3.jpg\" border=\"0\" alt=\"Osady na obszarach wiejskich zdj\u0119cie numer 3\" class=\"img-1\" \/><\/a><\/li>\n<\/ul>\n<p class=\"project-link\"><a href=\"https:\/\/2025.oekermann.de\/projekt-fotos\/siedlungen-im-laendlichen-raum\/\" title=\"Alle Fotos aus dem Bereich 'Siedlungen im l\u00e4ndlichen Raum' zeigen\" class=\"envor-btn envor-btn-primary envor-btn-normal next\">Wszystkie zdj\u0119cia z projekt\u00f3w na obszarach wiejskich<\/a><\/p>\n<\/section>\n<section>\n<h2>Systemy PWC do stref wypoczynkowych<\/h2>\n<ul class=\"pf-index\">\n<li><a href=\"https:\/\/2025.oekermann.de\/projekt-fotos\/pwc-anlagen-raststaetten\/\"><img decoding=\"async\" src=\"\/res\/projekt-fotos\/PWC-Anlagen-Raststaetten-1.jpg\" border=\"0\" alt=\"systemy PWC zdj\u0119cie numer 1\" class=\"img-1\" \/><\/a><\/li>\n<li><a href=\"https:\/\/2025.oekermann.de\/projekt-fotos\/pwc-anlagen-raststaetten\/\"><img decoding=\"async\" src=\"\/res\/projekt-fotos\/PWC-Anlagen-Raststaetten-2.jpg\" border=\"0\" alt=\"systemy PWC zdj\u0119cie numer 2\" class=\"img-1\" \/><\/a><\/li>\n<li><a href=\"https:\/\/2025.oekermann.de\/projekt-fotos\/pwc-anlagen-raststaetten\/\"><img decoding=\"async\" src=\"\/res\/projekt-fotos\/PWC-Anlagen-Raststaetten-3.jpg\" border=\"0\" alt=\"systemy PWC zdj\u0119cie numer 3\" class=\"img-1\" \/><\/a><\/li>\n<\/ul>\n<p class=\"project-link\"><a href=\"https:\/\/2025.oekermann.de\/projekt-fotos\/pwc-anlagen-raststaetten\/\" title=\"Alle Fotos aus dem Bereich 'PWC-Anlagen' zeigen\" class=\"envor-btn envor-btn-primary envor-btn-normal next\">Wszytkie zdj\u0119cia system\u00f3w PWC <\/a><\/p>\n<\/section>\n","protected":false},"excerpt":{"rendered":"<p>W tej sekcji oferujemy Pa\u0144stwu wra\u017cenia z naszych projekt\u00f3w Obiekty rekreacyjne Wszystkie zdj\u0119cia z projekt\u00f3w &#8220;obszary wypoczynkowe&#8221; Obiekty przemys\u0142owe<\/p>\n","protected":false},"author":2,"featured_media":0,"parent":0,"menu_order":0,"comment_status":"closed","ping_status":"closed","template":"","meta":{"footnotes":""},"class_list":["post-4303","page","type-page","status-publish","hentry"],"yoast_head":"<!-- This site is optimized with the Yoast SEO plugin v27.4 - https:\/\/yoast.com\/product\/yoast-seo-wordpress\/ -->\n<title>Zdj\u0119cia projekt\u00f3w - Pneumatische F\u00f6rdertechnik - OEKERMANN Abwassertechnik<\/title>\n<meta name=\"robots\" content=\"index, follow, max-snippet:-1, max-image-preview:large, max-video-preview:-1\" \/>\n<link rel=\"canonical\" href=\"https:\/\/2025.oekermann.de\/pl\/zdjecia-projektow\/\" \/>\n<meta property=\"og:locale\" content=\"pl_PL\" \/>\n<meta property=\"og:type\" content=\"article\" \/>\n<meta property=\"og:title\" content=\"Zdj\u0119cia projekt\u00f3w - Pneumatische F\u00f6rdertechnik - OEKERMANN Abwassertechnik\" \/>\n<meta property=\"og:description\" content=\"W tej sekcji oferujemy Pa\u0144stwu wra\u017cenia z naszych projekt\u00f3w Obiekty rekreacyjne Wszystkie zdj\u0119cia z projekt\u00f3w &#8220;obszary wypoczynkowe&#8221; Obiekty przemys\u0142owe\" \/>\n<meta property=\"og:url\" content=\"https:\/\/2025.oekermann.de\/pl\/zdjecia-projektow\/\" \/>\n<meta property=\"og:site_name\" content=\"Pneumatische F\u00f6rdertechnik - OEKERMANN Abwassertechnik\" \/>\n<meta property=\"article:publisher\" content=\"https:\/\/www.facebook.com\/pages\/Oekermann-Abwassertechnik\/1007781205906685\" \/>\n<meta property=\"article:modified_time\" content=\"2023-09-25T09:56:45+00:00\" \/>\n<meta name=\"twitter:card\" content=\"summary_large_image\" \/>\n<meta name=\"twitter:site\" content=\"@Oekermann\" \/>\n<script type=\"application\/ld+json\" class=\"yoast-schema-graph\">{\"@context\":\"https:\\\/\\\/schema.org\",\"@graph\":[{\"@type\":\"WebPage\",\"@id\":\"https:\\\/\\\/2025.oekermann.de\\\/pl\\\/zdjecia-projektow\\\/\",\"url\":\"https:\\\/\\\/2025.oekermann.de\\\/pl\\\/zdjecia-projektow\\\/\",\"name\":\"Zdj\u0119cia projekt\u00f3w - Pneumatische F\u00f6rdertechnik - OEKERMANN Abwassertechnik\",\"isPartOf\":{\"@id\":\"https:\\\/\\\/2025.oekermann.de\\\/#website\"},\"datePublished\":\"2017-02-05T21:22:35+00:00\",\"dateModified\":\"2023-09-25T09:56:45+00:00\",\"breadcrumb\":{\"@id\":\"https:\\\/\\\/2025.oekermann.de\\\/pl\\\/zdjecia-projektow\\\/#breadcrumb\"},\"inLanguage\":\"pl-PL\",\"potentialAction\":[{\"@type\":\"ReadAction\",\"target\":[\"https:\\\/\\\/2025.oekermann.de\\\/pl\\\/zdjecia-projektow\\\/\"]}]},{\"@type\":\"BreadcrumbList\",\"@id\":\"https:\\\/\\\/2025.oekermann.de\\\/pl\\\/zdjecia-projektow\\\/#breadcrumb\",\"itemListElement\":[{\"@type\":\"ListItem\",\"position\":1,\"name\":\"Startseite\",\"item\":\"https:\\\/\\\/2025.oekermann.de\\\/pl\\\/\"},{\"@type\":\"ListItem\",\"position\":2,\"name\":\"Zdj\u0119cia projekt\u00f3w\"}]},{\"@type\":\"WebSite\",\"@id\":\"https:\\\/\\\/2025.oekermann.de\\\/#website\",\"url\":\"https:\\\/\\\/2025.oekermann.de\\\/\",\"name\":\"Pneumatische F\u00f6rdertechnik - OEKERMANN Abwassertechnik\",\"description\":\"\",\"potentialAction\":[{\"@type\":\"SearchAction\",\"target\":{\"@type\":\"EntryPoint\",\"urlTemplate\":\"https:\\\/\\\/2025.oekermann.de\\\/?s={search_term_string}\"},\"query-input\":{\"@type\":\"PropertyValueSpecification\",\"valueRequired\":true,\"valueName\":\"search_term_string\"}}],\"inLanguage\":\"pl-PL\"}]}<\/script>\n<!-- \/ Yoast SEO plugin. -->","yoast_head_json":{"title":"Zdj\u0119cia projekt\u00f3w - Pneumatische F\u00f6rdertechnik - OEKERMANN Abwassertechnik","robots":{"index":"index","follow":"follow","max-snippet":"max-snippet:-1","max-image-preview":"max-image-preview:large","max-video-preview":"max-video-preview:-1"},"canonical":"https:\/\/2025.oekermann.de\/pl\/zdjecia-projektow\/","og_locale":"pl_PL","og_type":"article","og_title":"Zdj\u0119cia projekt\u00f3w - Pneumatische F\u00f6rdertechnik - OEKERMANN Abwassertechnik","og_description":"W tej sekcji oferujemy Pa\u0144stwu wra\u017cenia z naszych projekt\u00f3w Obiekty rekreacyjne Wszystkie zdj\u0119cia z projekt\u00f3w &#8220;obszary wypoczynkowe&#8221; Obiekty przemys\u0142owe","og_url":"https:\/\/2025.oekermann.de\/pl\/zdjecia-projektow\/","og_site_name":"Pneumatische F\u00f6rdertechnik - OEKERMANN Abwassertechnik","article_publisher":"https:\/\/www.facebook.com\/pages\/Oekermann-Abwassertechnik\/1007781205906685","article_modified_time":"2023-09-25T09:56:45+00:00","twitter_card":"summary_large_image","twitter_site":"@Oekermann","schema":{"@context":"https:\/\/schema.org","@graph":[{"@type":"WebPage","@id":"https:\/\/2025.oekermann.de\/pl\/zdjecia-projektow\/","url":"https:\/\/2025.oekermann.de\/pl\/zdjecia-projektow\/","name":"Zdj\u0119cia projekt\u00f3w - Pneumatische F\u00f6rdertechnik - OEKERMANN Abwassertechnik","isPartOf":{"@id":"https:\/\/2025.oekermann.de\/#website"},"datePublished":"2017-02-05T21:22:35+00:00","dateModified":"2023-09-25T09:56:45+00:00","breadcrumb":{"@id":"https:\/\/2025.oekermann.de\/pl\/zdjecia-projektow\/#breadcrumb"},"inLanguage":"pl-PL","potentialAction":[{"@type":"ReadAction","target":["https:\/\/2025.oekermann.de\/pl\/zdjecia-projektow\/"]}]},{"@type":"BreadcrumbList","@id":"https:\/\/2025.oekermann.de\/pl\/zdjecia-projektow\/#breadcrumb","itemListElement":[{"@type":"ListItem","position":1,"name":"Startseite","item":"https:\/\/2025.oekermann.de\/pl\/"},{"@type":"ListItem","position":2,"name":"Zdj\u0119cia projekt\u00f3w"}]},{"@type":"WebSite","@id":"https:\/\/2025.oekermann.de\/#website","url":"https:\/\/2025.oekermann.de\/","name":"Pneumatische F\u00f6rdertechnik - OEKERMANN Abwassertechnik","description":"","potentialAction":[{"@type":"SearchAction","target":{"@type":"EntryPoint","urlTemplate":"https:\/\/2025.oekermann.de\/?s={search_term_string}"},"query-input":{"@type":"PropertyValueSpecification","valueRequired":true,"valueName":"search_term_string"}}],"inLanguage":"pl-PL"}]}},"_links":{"self":[{"href":"https:\/\/2025.oekermann.de\/pl\/wp-json\/wp\/v2\/pages\/4303","targetHints":{"allow":["GET"]}}],"collection":[{"href":"https:\/\/2025.oekermann.de\/pl\/wp-json\/wp\/v2\/pages"}],"about":[{"href":"https:\/\/2025.oekermann.de\/pl\/wp-json\/wp\/v2\/types\/page"}],"author":[{"embeddable":true,"href":"https:\/\/2025.oekermann.de\/pl\/wp-json\/wp\/v2\/users\/2"}],"replies":[{"embeddable":true,"href":"https:\/\/2025.oekermann.de\/pl\/wp-json\/wp\/v2\/comments?post=4303"}],"version-history":[{"count":3,"href":"https:\/\/2025.oekermann.de\/pl\/wp-json\/wp\/v2\/pages\/4303\/revisions"}],"predecessor-version":[{"id":4306,"href":"https:\/\/2025.oekermann.de\/pl\/wp-json\/wp\/v2\/pages\/4303\/revisions\/4306"}],"wp:attachment":[{"href":"https:\/\/2025.oekermann.de\/pl\/wp-json\/wp\/v2\/media?parent=4303"}],"curies":[{"name":"wp","href":"https:\/\/api.w.org\/{rel}","templated":true}]}}