{"id":4311,"date":"2022-06-29T23:51:32","date_gmt":"2022-06-29T21:51:32","guid":{"rendered":"https:\/\/2025.oekermann.de\/tematy\/brak-nieprzyjemnych-zapachow\/"},"modified":"2023-09-25T13:51:59","modified_gmt":"2023-09-25T11:51:59","slug":"brak-nieprzyjemnych-zapachow","status":"publish","type":"page","link":"https:\/\/2025.oekermann.de\/pl\/tematy\/brak-nieprzyjemnych-zapachow\/","title":{"rendered":"Brak nieprzyjemnych zapach\u00f3w"},"content":{"rendered":"<p>Pneumatyczne systemy transportu \u015bciek\u00f3w firmy OEKERMANN charakteyzuj\u0105 si\u0119 brakiem nieprzyjemnych zapach\u00f3w ani w samej pompowni, ani w szybie przesy\u0142owym<\/p>\n<p>Je\u017celi \u015bcieki w <a href=\"https:\/\/2025.oekermann.de\/vorteile\/druckleitungen\/\">\u201cruroci\u0105gach ci\u015bnieniowych\u201c<\/a>, stoj\u0105 d\u0142u\u017cszy czas bez dop\u0142ywu tlenu to zaczyna si\u0119 <a href=\"https:\/\/2025.oekermann.de\/vorteile\/foerderung-geringer-wassermengen\/\">\u201cproces gnilny\u201c<\/a>.<\/p>\n<p>Oznacza to, \u017ce \u015bcieki, kt\u00f3re ju\u017c maj\u0105 nieprzyjemny zapach, zaczynaj\u0105 gni\u0107, co mo\u017ce prowadzi\u0107 do nast\u0119puj\u0105cych, negatywnych zjawisk:<\/p>\n<ul class=\"list-4\">\n<li>uci\u0105\u017cliwo\u015b\u0107 zapachu (siarkowod\u00f3r \u015bmierdzi &#8220;zgni\u0142ymi jajami&#8221;) dla mieszka\u0144c\u00f3w i personelu obs\u0142uguj\u0105cego (pracownik\u00f3w kanalizacji i innych pracownik\u00f3w komunalnych);<\/li>\n<li>przy odpowiednich st\u0119\u017ceniach mog\u0105 wyst\u0105pi\u0107 problemy zdrowotne (siarkowod\u00f3r dzia\u0142a toksycznie), np. podra\u017cnienie oczu, b\u0142on \u015bluzowych nosa i  gard\u0142a. Mog\u0105 r\u00f3wnie\u017c wyst\u0105pi\u0107 b\u00f3le g\u0142owy, trudno\u015bci w oddychaniu, nudno\u015bci, dr\u0119twienie receptor\u00f3w w\u0119chowych, a nawet zatrzymanie wody w p\u0142ucach;<\/li>\n<li>zniczenie czerwonych krwinek (hemoglobiny);<\/li>\n<li>w skrajnych przypadkach wysokie st\u0119\u017cenia mog\u0105 powodowa\u0107 niewydolno\u015b\u0107 oddechow\u0105, a nawet \u015bmier\u0107;<\/li>\n<li>ponadto mo\u017ce wyst\u0105pi\u0107 uszkodzenie centalnego uk\u0142adu nerwowego;<\/li>\n<li>uszkodzenia korozyjne powstaj\u0105 na konstrukcjach betonowych i stalowych.<\/li>\n<\/ul>\n<p>Nie tylko niepotrzebnie tracimy jako\u015b\u0107 \u017cycia ale r\u00f3wnie\u017c mo\u017ce to prowadzi\u0107 do problem\u00f3w zdrowotnych pracownik\u00f3w socjalnych, kt\u00f3rzy musz\u0105 pracowa\u0107 w tych warunkach.<\/p>\n<h2>Szczeg\u00f3\u0142y dotycz\u0105ce procesu gnicia \u015bciek\u00f3w<\/h2>\n<p>Z chemicznego i biologicznego punktu widzenia poni\u017cej, kr\u00f3tko opisane, co dzieje si\u0119 podczas procesu gnicia \u015bciek\u00f3w w rurach i szybach:<\/p>\n<ol class=\"olist-1\">\n<li>tlen zawarty w \u015bciekach jest zu\u017cywany w procesach chemicznych i mikrobiologicznych. W ten spos\u00f3b otrzymuje si\u0119 stan &#8220;beztlenowy&#8221;;<\/li>\n<li>ponadto tworzy si\u0119 tzw. &#8220;sk\u00f3ra foki&#8221;, w kt\u00f3rej \u017cyje flora r\u00f3\u017cnych bakterii;<\/li>\n<li>w \u015bciekach rozmna\u017caj\u0105 si\u0119 bakterie redukuj\u0105ce siarczany. Bakterie te chemicznie redukuj\u0105 siarczan za siarczkiem. Powsta\u0142e siarczki to siarkowod\u00f3r i ograniczne polisiarczki. Bakterie do \u017cycia potrzebuj\u0105 energii uwolnionej w tym procesie;<\/li>\n<li>w siarkowodorze wydzielanym ze \u015bciek\u00f3w tworz\u0105 si\u0119 tiobakterie, kt\u00f3re zmieniaj\u0105 siarkowod\u00f3r w kwas siarkowy. Powsta\u0142y kwas siarkowy z kolei powoduje korozj\u0119 konstrukcjii.<\/li>\n<\/ol>\n<p>Wi\u0119cej szczeg\u00f3\u0142\u00f3w na temat tych proces\u00f3w chemicznych i biologicznych mo\u017cna znale\u017a\u0107 w literaturze naukowej, w przypadku upo\u015bledzenia zdrowia, a czasem \u017cycia nale\u017cy zapozna\u0107 si\u0119 z odpowiednimi badaniami i skonsultowa\u0107 si\u0119 z lekarzem.<\/p>\n<h2>Rozwi\u0105zanie wymienionych problem\u00f3w<\/h2>\n<p>Zagro\u017ceniom zwi\u0105zanych z siarkowodorem i kwasem siarkowym mo\u017cna cz\u0119sto zapobiec, dzi\u0119ki technologii pneumatycznego transportu firmy OEKERMANN. Prosz\u0119 zwr\u00f3ci\u0107 uwag\u0119 na inne artyku\u0142y na tej stronie, a tak\u017ce: <a href=\"https:\/\/2025.oekermann.de\/downloads\/\"> publikacje w dziale &#8220;do pobrania&#8221;<\/a>. Nasi eksperci ch\u0119tnie pomog\u0105 Pa\u0144stwu telefonicznie <a href=\"tel:00495213293830\">+49 (0)521 329 383 &#8211; 0<\/a> , mo\u017cna uzyska\u0107 <a href=\"https:\/\/2025.oekermann.de\/kontakt\/ihre-ansprechpartner\/\">pers\u00f6nlich porad\u0119 osobist\u0105 <\/a> po wcze\u015bniejszym um\u00f3wieniu.<\/p>\n","protected":false},"excerpt":{"rendered":"<p>Pneumatyczne systemy transportu \u015bciek\u00f3w firmy OEKERMANN charakteyzuj\u0105 si\u0119 brakiem nieprzyjemnych zapach\u00f3w ani w samej pompowni, ani w szybie przesy\u0142owym Je\u017celi \u015bcieki w \u201cruroci\u0105gach ci\u015bnieniowych\u201c, stoj\u0105 d\u0142u\u017cszy czas bez dop\u0142ywu tlenu to zaczyna si\u0119 \u201cproces gnilny\u201c. Oznacza to, \u017ce \u015bcieki, kt\u00f3re ju\u017c maj\u0105 nieprzyjemny zapach, zaczynaj\u0105 gni\u0107, co mo\u017ce prowadzi\u0107 do nast\u0119puj\u0105cych, negatywnych zjawisk: uci\u0105\u017cliwo\u015b\u0107 zapachu<\/p>\n<p class=\"link-more\"><a href=\"https:\/\/2025.oekermann.de\/pl\/tematy\/brak-nieprzyjemnych-zapachow\/\" class=\"envor-btn\">Weiterlesen<span class=\"screen-reader-text\"> &#8220;Brak nieprzyjemnych zapach\u00f3w&#8221;<\/span><\/a><\/p>\n","protected":false},"author":1,"featured_media":0,"parent":4310,"menu_order":0,"comment_status":"closed","ping_status":"closed","template":"","meta":{"footnotes":""},"class_list":["post-4311","page","type-page","status-publish","hentry"],"yoast_head":"<!-- This site is optimized with the Yoast SEO plugin v27.4 - https:\/\/yoast.com\/product\/yoast-seo-wordpress\/ -->\n<title>Brak nieprzyjemnych zapach\u00f3w - Pneumatische F\u00f6rdertechnik - OEKERMANN Abwassertechnik<\/title>\n<meta name=\"robots\" content=\"index, follow, max-snippet:-1, max-image-preview:large, max-video-preview:-1\" \/>\n<link rel=\"canonical\" href=\"https:\/\/2025.oekermann.de\/pl\/tematy\/brak-nieprzyjemnych-zapachow\/\" \/>\n<meta property=\"og:locale\" content=\"pl_PL\" \/>\n<meta property=\"og:type\" content=\"article\" \/>\n<meta property=\"og:title\" content=\"Brak nieprzyjemnych zapach\u00f3w - Pneumatische F\u00f6rdertechnik - OEKERMANN Abwassertechnik\" \/>\n<meta property=\"og:description\" content=\"Pneumatyczne systemy transportu \u015bciek\u00f3w firmy OEKERMANN charakteyzuj\u0105 si\u0119 brakiem nieprzyjemnych zapach\u00f3w ani w samej pompowni, ani w szybie przesy\u0142owym Je\u017celi \u015bcieki w \u201cruroci\u0105gach ci\u015bnieniowych\u201c, stoj\u0105 d\u0142u\u017cszy czas bez dop\u0142ywu tlenu to zaczyna si\u0119 \u201cproces gnilny\u201c. Oznacza to, \u017ce \u015bcieki, kt\u00f3re ju\u017c maj\u0105 nieprzyjemny zapach, zaczynaj\u0105 gni\u0107, co mo\u017ce prowadzi\u0107 do nast\u0119puj\u0105cych, negatywnych zjawisk: uci\u0105\u017cliwo\u015b\u0107 zapachuWeiterlesen &quot;Brak nieprzyjemnych zapach\u00f3w&quot;\" \/>\n<meta property=\"og:url\" content=\"https:\/\/2025.oekermann.de\/pl\/tematy\/brak-nieprzyjemnych-zapachow\/\" \/>\n<meta property=\"og:site_name\" content=\"Pneumatische F\u00f6rdertechnik - OEKERMANN Abwassertechnik\" \/>\n<meta property=\"article:publisher\" content=\"https:\/\/www.facebook.com\/pages\/Oekermann-Abwassertechnik\/1007781205906685\" \/>\n<meta property=\"article:modified_time\" content=\"2023-09-25T11:51:59+00:00\" \/>\n<meta name=\"twitter:card\" content=\"summary_large_image\" \/>\n<meta name=\"twitter:site\" content=\"@Oekermann\" \/>\n<meta name=\"twitter:label1\" content=\"Szacowany czas czytania\" \/>\n\t<meta name=\"twitter:data1\" content=\"2 minuty\" \/>\n<script type=\"application\/ld+json\" class=\"yoast-schema-graph\">{\"@context\":\"https:\\\/\\\/schema.org\",\"@graph\":[{\"@type\":\"WebPage\",\"@id\":\"https:\\\/\\\/2025.oekermann.de\\\/pl\\\/tematy\\\/brak-nieprzyjemnych-zapachow\\\/\",\"url\":\"https:\\\/\\\/2025.oekermann.de\\\/pl\\\/tematy\\\/brak-nieprzyjemnych-zapachow\\\/\",\"name\":\"Brak nieprzyjemnych zapach\u00f3w - Pneumatische F\u00f6rdertechnik - OEKERMANN Abwassertechnik\",\"isPartOf\":{\"@id\":\"https:\\\/\\\/2025.oekermann.de\\\/#website\"},\"datePublished\":\"2022-06-29T21:51:32+00:00\",\"dateModified\":\"2023-09-25T11:51:59+00:00\",\"breadcrumb\":{\"@id\":\"https:\\\/\\\/2025.oekermann.de\\\/pl\\\/tematy\\\/brak-nieprzyjemnych-zapachow\\\/#breadcrumb\"},\"inLanguage\":\"pl-PL\",\"potentialAction\":[{\"@type\":\"ReadAction\",\"target\":[\"https:\\\/\\\/2025.oekermann.de\\\/pl\\\/tematy\\\/brak-nieprzyjemnych-zapachow\\\/\"]}]},{\"@type\":\"BreadcrumbList\",\"@id\":\"https:\\\/\\\/2025.oekermann.de\\\/pl\\\/tematy\\\/brak-nieprzyjemnych-zapachow\\\/#breadcrumb\",\"itemListElement\":[{\"@type\":\"ListItem\",\"position\":1,\"name\":\"Startseite\",\"item\":\"https:\\\/\\\/2025.oekermann.de\\\/pl\\\/\"},{\"@type\":\"ListItem\",\"position\":2,\"name\":\"Tematy\",\"item\":\"https:\\\/\\\/2025.oekermann.de\\\/pl\\\/tematy\\\/\"},{\"@type\":\"ListItem\",\"position\":3,\"name\":\"Brak nieprzyjemnych zapach\u00f3w\"}]},{\"@type\":\"WebSite\",\"@id\":\"https:\\\/\\\/2025.oekermann.de\\\/#website\",\"url\":\"https:\\\/\\\/2025.oekermann.de\\\/\",\"name\":\"Pneumatische F\u00f6rdertechnik - OEKERMANN Abwassertechnik\",\"description\":\"\",\"potentialAction\":[{\"@type\":\"SearchAction\",\"target\":{\"@type\":\"EntryPoint\",\"urlTemplate\":\"https:\\\/\\\/2025.oekermann.de\\\/?s={search_term_string}\"},\"query-input\":{\"@type\":\"PropertyValueSpecification\",\"valueRequired\":true,\"valueName\":\"search_term_string\"}}],\"inLanguage\":\"pl-PL\"}]}<\/script>\n<!-- \/ Yoast SEO plugin. -->","yoast_head_json":{"title":"Brak nieprzyjemnych zapach\u00f3w - Pneumatische F\u00f6rdertechnik - OEKERMANN Abwassertechnik","robots":{"index":"index","follow":"follow","max-snippet":"max-snippet:-1","max-image-preview":"max-image-preview:large","max-video-preview":"max-video-preview:-1"},"canonical":"https:\/\/2025.oekermann.de\/pl\/tematy\/brak-nieprzyjemnych-zapachow\/","og_locale":"pl_PL","og_type":"article","og_title":"Brak nieprzyjemnych zapach\u00f3w - Pneumatische F\u00f6rdertechnik - OEKERMANN Abwassertechnik","og_description":"Pneumatyczne systemy transportu \u015bciek\u00f3w firmy OEKERMANN charakteyzuj\u0105 si\u0119 brakiem nieprzyjemnych zapach\u00f3w ani w samej pompowni, ani w szybie przesy\u0142owym Je\u017celi \u015bcieki w \u201cruroci\u0105gach ci\u015bnieniowych\u201c, stoj\u0105 d\u0142u\u017cszy czas bez dop\u0142ywu tlenu to zaczyna si\u0119 \u201cproces gnilny\u201c. Oznacza to, \u017ce \u015bcieki, kt\u00f3re ju\u017c maj\u0105 nieprzyjemny zapach, zaczynaj\u0105 gni\u0107, co mo\u017ce prowadzi\u0107 do nast\u0119puj\u0105cych, negatywnych zjawisk: uci\u0105\u017cliwo\u015b\u0107 zapachuWeiterlesen \"Brak nieprzyjemnych zapach\u00f3w\"","og_url":"https:\/\/2025.oekermann.de\/pl\/tematy\/brak-nieprzyjemnych-zapachow\/","og_site_name":"Pneumatische F\u00f6rdertechnik - OEKERMANN Abwassertechnik","article_publisher":"https:\/\/www.facebook.com\/pages\/Oekermann-Abwassertechnik\/1007781205906685","article_modified_time":"2023-09-25T11:51:59+00:00","twitter_card":"summary_large_image","twitter_site":"@Oekermann","twitter_misc":{"Szacowany czas czytania":"2 minuty"},"schema":{"@context":"https:\/\/schema.org","@graph":[{"@type":"WebPage","@id":"https:\/\/2025.oekermann.de\/pl\/tematy\/brak-nieprzyjemnych-zapachow\/","url":"https:\/\/2025.oekermann.de\/pl\/tematy\/brak-nieprzyjemnych-zapachow\/","name":"Brak nieprzyjemnych zapach\u00f3w - Pneumatische F\u00f6rdertechnik - OEKERMANN Abwassertechnik","isPartOf":{"@id":"https:\/\/2025.oekermann.de\/#website"},"datePublished":"2022-06-29T21:51:32+00:00","dateModified":"2023-09-25T11:51:59+00:00","breadcrumb":{"@id":"https:\/\/2025.oekermann.de\/pl\/tematy\/brak-nieprzyjemnych-zapachow\/#breadcrumb"},"inLanguage":"pl-PL","potentialAction":[{"@type":"ReadAction","target":["https:\/\/2025.oekermann.de\/pl\/tematy\/brak-nieprzyjemnych-zapachow\/"]}]},{"@type":"BreadcrumbList","@id":"https:\/\/2025.oekermann.de\/pl\/tematy\/brak-nieprzyjemnych-zapachow\/#breadcrumb","itemListElement":[{"@type":"ListItem","position":1,"name":"Startseite","item":"https:\/\/2025.oekermann.de\/pl\/"},{"@type":"ListItem","position":2,"name":"Tematy","item":"https:\/\/2025.oekermann.de\/pl\/tematy\/"},{"@type":"ListItem","position":3,"name":"Brak nieprzyjemnych zapach\u00f3w"}]},{"@type":"WebSite","@id":"https:\/\/2025.oekermann.de\/#website","url":"https:\/\/2025.oekermann.de\/","name":"Pneumatische F\u00f6rdertechnik - OEKERMANN Abwassertechnik","description":"","potentialAction":[{"@type":"SearchAction","target":{"@type":"EntryPoint","urlTemplate":"https:\/\/2025.oekermann.de\/?s={search_term_string}"},"query-input":{"@type":"PropertyValueSpecification","valueRequired":true,"valueName":"search_term_string"}}],"inLanguage":"pl-PL"}]}},"_links":{"self":[{"href":"https:\/\/2025.oekermann.de\/pl\/wp-json\/wp\/v2\/pages\/4311","targetHints":{"allow":["GET"]}}],"collection":[{"href":"https:\/\/2025.oekermann.de\/pl\/wp-json\/wp\/v2\/pages"}],"about":[{"href":"https:\/\/2025.oekermann.de\/pl\/wp-json\/wp\/v2\/types\/page"}],"author":[{"embeddable":true,"href":"https:\/\/2025.oekermann.de\/pl\/wp-json\/wp\/v2\/users\/1"}],"replies":[{"embeddable":true,"href":"https:\/\/2025.oekermann.de\/pl\/wp-json\/wp\/v2\/comments?post=4311"}],"version-history":[{"count":1,"href":"https:\/\/2025.oekermann.de\/pl\/wp-json\/wp\/v2\/pages\/4311\/revisions"}],"predecessor-version":[{"id":4313,"href":"https:\/\/2025.oekermann.de\/pl\/wp-json\/wp\/v2\/pages\/4311\/revisions\/4313"}],"up":[{"embeddable":true,"href":"https:\/\/2025.oekermann.de\/pl\/wp-json\/wp\/v2\/pages\/4310"}],"wp:attachment":[{"href":"https:\/\/2025.oekermann.de\/pl\/wp-json\/wp\/v2\/media?parent=4311"}],"curies":[{"name":"wp","href":"https:\/\/api.w.org\/{rel}","templated":true}]}}