{"id":4312,"date":"2022-06-30T09:07:38","date_gmt":"2022-06-30T07:07:38","guid":{"rendered":"https:\/\/2025.oekermann.de\/tematy\/higiena-i-zdrowie\/"},"modified":"2025-02-11T14:19:36","modified_gmt":"2025-02-11T13:19:36","slug":"higiena-i-zdrowie","status":"publish","type":"page","link":"https:\/\/2025.oekermann.de\/pl\/tematy\/higiena-i-zdrowie\/","title":{"rendered":"Higiena i zdrowie"},"content":{"rendered":"<section>\n<h2>Promocja zdrowia w\u015br\u00f3d pracownik\u00f3w firmy<\/h2>\n<p>\u015acieki komunalne zawieraj\u0105 mn\u00f3stwo substancji niebezpiecznych dla zdrowia. Nale\u017c\u0105 do nich r\u00f3\u017cnego rodzaju wirusy, bakterie i zarazki, a tak\u017ce szeroka gamma produkt\u00f3w degradacji powsta\u0142ych w procesach chemicznych lub odpadach medycznych lub pozosta\u0142o\u015bciach znajduj\u0105cych si\u0119 w \u015bciekach. Mo\u017ce to r\u00f3wnie\u017c prowadzi\u0107 do problem\u00f3w zdrowotnych , a nawet chor\u00f3b. Produkty degredacji stanowi\u0105 szczeg\u00f3lne zagro\u017cenie dla personelu oczyszczalni \u015bciek\u00f3w, poniewa\u017c pracownicy ci niemal nieuchronnie maj\u0105 fizyczny kontakt z surowymi \u015bciekami najp\u00f3\u017aniej podczas prac naprawczych. Aby zapewni\u0107 jak najwi\u0119ksz\u0105 ochron\u0119 przed uszczerbkiem na zdrowiu, systemy firmy OEKERMANN s\u0105 projektowane w taki spos\u00f3b, aby nawet podczas prac naprawczych nie dosz\u0142o do ska\u017cenia personelu \u015bciekam:<\/p>\n<ul class=\"vorteile\">\n<li>w przepompowniach firmy OEKERMANN personel obs\u0142uguj\u0105cy nie ma kontaku ze \u015bciekami;<\/li>\n<li>wszystkie cz\u0119\u015bci systemu, przez kt\u00f3re przep\u0142ywaj\u0105 \u015bcieki, nie zawieraj\u0105 element\u00f3w wymagaj\u0105cych intensywnej konserwacji lub wra\u017cliwych;<\/li>\n<li>nie ma \u017cadnych prze\u0142\u0105cznik\u00f3w po\u0142\u0105cze\u0144, zespo\u0142\u00f3w mechanicznych lub elektrycznych, kt\u00f3rych dzia\u0142anie mog\u0142oby zosta\u0107 zak\u0142\u00f3cone przez \u015bcieki;<\/li>\n<li><a href=\"https:\/\/2025.oekermann.de\/themen\/geruchsfreiheit\/\">\u015bcieki s\u0105 zawsze ca\u0142kowicie i terminowe wypompowywane;<\/a><\/li>\n<li><a href=\"https:\/\/2025.oekermann.de\/vorteile\/foerderung-geringer-wassermengen\/\">&#8220;rury ci\u015bnieniowe&#8221; s\u0105 zawsze w odpowiednym czasie, w du\u017cym stopniu, opr\u00f3\u017cniane<\/a><\/li>\n<\/ul>\n<p>Jaskrawym kontrastem s\u0105 na przyk\u0142ad pompy z silnikiem g\u0142\u0119binowym, w kt\u00f3rych substancje przep\u0142ywaj\u0105ce w wale pompy s\u0105 nie tylko obrzydliwe, ale tak\u017ce niezwykle niebezpieczne dla zdrowia.<\/p>\n<p><img decoding=\"async\" class=\"img-1\" src=\"\/res\/abwasser-uebergabeschaechte-im-vergleich.jpg\" alt=\"por\u00f3wnanie szyb\u00f3w przesy\u0142owych \u015bcieki\" \/><\/p>\n<section class=\"downloads\">\n<div class=\" animate-in\" data-anim-type=\"fade-in-right-big\" data-anim-delay=\"\">\n<div class=\"dl-wrapper\">\n<h2>Dowiedz si\u0119 wi\u0119cej:<\/h2>\n<ul class=\"dl-files\">\n<li class=\"pdf-file-1\"><a href=\"\/res\/pdf\/sonderdruckschriften\/OEKERMANN-Info-02-Die-wichtigsten-Einsatzgruende-fuer-unsere-pneumatischen-Abwasser-Foerderanlagen.pdf\" target=\"_blank\" rel=\"noopener noreferrer\"> Najwa\u017cniejsze powody korzystania z pneumatycznych system\u00f3w odprowadzania \u015bciek\u00f3w <\/a><\/li>\n<\/ul>\n<div class=\"dl-all\"><a title=\"Kostenlose Downloads zur Pneumatischen Abwassertechnik\" href=\"https:\/\/2025.oekermann.de\/downloads\/\">Bezp\u0142atne informacje dotycz\u0105ce pneumatycznej technologii oczyszczania \u015bciek\u00f3w<\/a><\/div>\n<\/div>\n<\/div>\n<\/section>\n","protected":false},"excerpt":{"rendered":"<p>Promocja zdrowia w\u015br\u00f3d pracownik\u00f3w firmy \u015acieki komunalne zawieraj\u0105 mn\u00f3stwo substancji niebezpiecznych dla zdrowia. Nale\u017c\u0105 do nich r\u00f3\u017cnego rodzaju wirusy, bakterie i zarazki, a tak\u017ce szeroka gamma produkt\u00f3w degradacji powsta\u0142ych w procesach chemicznych lub odpadach medycznych lub pozosta\u0142o\u015bciach znajduj\u0105cych si\u0119 w \u015bciekach. Mo\u017ce to r\u00f3wnie\u017c prowadzi\u0107 do problem\u00f3w zdrowotnych , a nawet chor\u00f3b. Produkty degredacji stanowi\u0105<\/p>\n<p class=\"link-more\"><a href=\"https:\/\/2025.oekermann.de\/pl\/tematy\/higiena-i-zdrowie\/\" class=\"envor-btn\">Weiterlesen<span class=\"screen-reader-text\"> &#8220;Higiena i zdrowie&#8221;<\/span><\/a><\/p>\n","protected":false},"author":1,"featured_media":0,"parent":4310,"menu_order":0,"comment_status":"closed","ping_status":"closed","template":"","meta":{"footnotes":""},"class_list":["post-4312","page","type-page","status-publish","hentry"],"yoast_head":"<!-- This site is optimized with the Yoast SEO plugin v27.4 - https:\/\/yoast.com\/product\/yoast-seo-wordpress\/ -->\n<title>Higiena i zdrowie - Pneumatische F\u00f6rdertechnik - OEKERMANN Abwassertechnik<\/title>\n<meta name=\"robots\" content=\"index, follow, max-snippet:-1, max-image-preview:large, max-video-preview:-1\" \/>\n<link rel=\"canonical\" href=\"https:\/\/2025.oekermann.de\/pl\/tematy\/higiena-i-zdrowie\/\" \/>\n<meta property=\"og:locale\" content=\"pl_PL\" \/>\n<meta property=\"og:type\" content=\"article\" \/>\n<meta property=\"og:title\" content=\"Higiena i zdrowie - Pneumatische F\u00f6rdertechnik - OEKERMANN Abwassertechnik\" \/>\n<meta property=\"og:description\" content=\"Promocja zdrowia w\u015br\u00f3d pracownik\u00f3w firmy \u015acieki komunalne zawieraj\u0105 mn\u00f3stwo substancji niebezpiecznych dla zdrowia. Nale\u017c\u0105 do nich r\u00f3\u017cnego rodzaju wirusy, bakterie i zarazki, a tak\u017ce szeroka gamma produkt\u00f3w degradacji powsta\u0142ych w procesach chemicznych lub odpadach medycznych lub pozosta\u0142o\u015bciach znajduj\u0105cych si\u0119 w \u015bciekach. Mo\u017ce to r\u00f3wnie\u017c prowadzi\u0107 do problem\u00f3w zdrowotnych , a nawet chor\u00f3b. Produkty degredacji stanowi\u0105Weiterlesen &quot;Higiena i zdrowie&quot;\" \/>\n<meta property=\"og:url\" content=\"https:\/\/2025.oekermann.de\/pl\/tematy\/higiena-i-zdrowie\/\" \/>\n<meta property=\"og:site_name\" content=\"Pneumatische F\u00f6rdertechnik - OEKERMANN Abwassertechnik\" \/>\n<meta property=\"article:publisher\" content=\"https:\/\/www.facebook.com\/pages\/Oekermann-Abwassertechnik\/1007781205906685\" \/>\n<meta property=\"article:modified_time\" content=\"2025-02-11T13:19:36+00:00\" \/>\n<meta name=\"twitter:card\" content=\"summary_large_image\" \/>\n<meta name=\"twitter:site\" content=\"@Oekermann\" \/>\n<meta name=\"twitter:label1\" content=\"Szacowany czas czytania\" \/>\n\t<meta name=\"twitter:data1\" content=\"2 minuty\" \/>\n<script type=\"application\/ld+json\" class=\"yoast-schema-graph\">{\"@context\":\"https:\\\/\\\/schema.org\",\"@graph\":[{\"@type\":\"WebPage\",\"@id\":\"https:\\\/\\\/2025.oekermann.de\\\/pl\\\/tematy\\\/higiena-i-zdrowie\\\/\",\"url\":\"https:\\\/\\\/2025.oekermann.de\\\/pl\\\/tematy\\\/higiena-i-zdrowie\\\/\",\"name\":\"Higiena i zdrowie - Pneumatische F\u00f6rdertechnik - OEKERMANN Abwassertechnik\",\"isPartOf\":{\"@id\":\"https:\\\/\\\/2025.oekermann.de\\\/#website\"},\"datePublished\":\"2022-06-30T07:07:38+00:00\",\"dateModified\":\"2025-02-11T13:19:36+00:00\",\"breadcrumb\":{\"@id\":\"https:\\\/\\\/2025.oekermann.de\\\/pl\\\/tematy\\\/higiena-i-zdrowie\\\/#breadcrumb\"},\"inLanguage\":\"pl-PL\",\"potentialAction\":[{\"@type\":\"ReadAction\",\"target\":[\"https:\\\/\\\/2025.oekermann.de\\\/pl\\\/tematy\\\/higiena-i-zdrowie\\\/\"]}]},{\"@type\":\"BreadcrumbList\",\"@id\":\"https:\\\/\\\/2025.oekermann.de\\\/pl\\\/tematy\\\/higiena-i-zdrowie\\\/#breadcrumb\",\"itemListElement\":[{\"@type\":\"ListItem\",\"position\":1,\"name\":\"Startseite\",\"item\":\"https:\\\/\\\/2025.oekermann.de\\\/pl\\\/\"},{\"@type\":\"ListItem\",\"position\":2,\"name\":\"Tematy\",\"item\":\"https:\\\/\\\/2025.oekermann.de\\\/pl\\\/tematy\\\/\"},{\"@type\":\"ListItem\",\"position\":3,\"name\":\"Higiena i zdrowie\"}]},{\"@type\":\"WebSite\",\"@id\":\"https:\\\/\\\/2025.oekermann.de\\\/#website\",\"url\":\"https:\\\/\\\/2025.oekermann.de\\\/\",\"name\":\"Pneumatische F\u00f6rdertechnik - OEKERMANN Abwassertechnik\",\"description\":\"\",\"potentialAction\":[{\"@type\":\"SearchAction\",\"target\":{\"@type\":\"EntryPoint\",\"urlTemplate\":\"https:\\\/\\\/2025.oekermann.de\\\/?s={search_term_string}\"},\"query-input\":{\"@type\":\"PropertyValueSpecification\",\"valueRequired\":true,\"valueName\":\"search_term_string\"}}],\"inLanguage\":\"pl-PL\"}]}<\/script>\n<!-- \/ Yoast SEO plugin. -->","yoast_head_json":{"title":"Higiena i zdrowie - Pneumatische F\u00f6rdertechnik - OEKERMANN Abwassertechnik","robots":{"index":"index","follow":"follow","max-snippet":"max-snippet:-1","max-image-preview":"max-image-preview:large","max-video-preview":"max-video-preview:-1"},"canonical":"https:\/\/2025.oekermann.de\/pl\/tematy\/higiena-i-zdrowie\/","og_locale":"pl_PL","og_type":"article","og_title":"Higiena i zdrowie - Pneumatische F\u00f6rdertechnik - OEKERMANN Abwassertechnik","og_description":"Promocja zdrowia w\u015br\u00f3d pracownik\u00f3w firmy \u015acieki komunalne zawieraj\u0105 mn\u00f3stwo substancji niebezpiecznych dla zdrowia. Nale\u017c\u0105 do nich r\u00f3\u017cnego rodzaju wirusy, bakterie i zarazki, a tak\u017ce szeroka gamma produkt\u00f3w degradacji powsta\u0142ych w procesach chemicznych lub odpadach medycznych lub pozosta\u0142o\u015bciach znajduj\u0105cych si\u0119 w \u015bciekach. Mo\u017ce to r\u00f3wnie\u017c prowadzi\u0107 do problem\u00f3w zdrowotnych , a nawet chor\u00f3b. Produkty degredacji stanowi\u0105Weiterlesen \"Higiena i zdrowie\"","og_url":"https:\/\/2025.oekermann.de\/pl\/tematy\/higiena-i-zdrowie\/","og_site_name":"Pneumatische F\u00f6rdertechnik - OEKERMANN Abwassertechnik","article_publisher":"https:\/\/www.facebook.com\/pages\/Oekermann-Abwassertechnik\/1007781205906685","article_modified_time":"2025-02-11T13:19:36+00:00","twitter_card":"summary_large_image","twitter_site":"@Oekermann","twitter_misc":{"Szacowany czas czytania":"2 minuty"},"schema":{"@context":"https:\/\/schema.org","@graph":[{"@type":"WebPage","@id":"https:\/\/2025.oekermann.de\/pl\/tematy\/higiena-i-zdrowie\/","url":"https:\/\/2025.oekermann.de\/pl\/tematy\/higiena-i-zdrowie\/","name":"Higiena i zdrowie - Pneumatische F\u00f6rdertechnik - OEKERMANN Abwassertechnik","isPartOf":{"@id":"https:\/\/2025.oekermann.de\/#website"},"datePublished":"2022-06-30T07:07:38+00:00","dateModified":"2025-02-11T13:19:36+00:00","breadcrumb":{"@id":"https:\/\/2025.oekermann.de\/pl\/tematy\/higiena-i-zdrowie\/#breadcrumb"},"inLanguage":"pl-PL","potentialAction":[{"@type":"ReadAction","target":["https:\/\/2025.oekermann.de\/pl\/tematy\/higiena-i-zdrowie\/"]}]},{"@type":"BreadcrumbList","@id":"https:\/\/2025.oekermann.de\/pl\/tematy\/higiena-i-zdrowie\/#breadcrumb","itemListElement":[{"@type":"ListItem","position":1,"name":"Startseite","item":"https:\/\/2025.oekermann.de\/pl\/"},{"@type":"ListItem","position":2,"name":"Tematy","item":"https:\/\/2025.oekermann.de\/pl\/tematy\/"},{"@type":"ListItem","position":3,"name":"Higiena i zdrowie"}]},{"@type":"WebSite","@id":"https:\/\/2025.oekermann.de\/#website","url":"https:\/\/2025.oekermann.de\/","name":"Pneumatische F\u00f6rdertechnik - OEKERMANN Abwassertechnik","description":"","potentialAction":[{"@type":"SearchAction","target":{"@type":"EntryPoint","urlTemplate":"https:\/\/2025.oekermann.de\/?s={search_term_string}"},"query-input":{"@type":"PropertyValueSpecification","valueRequired":true,"valueName":"search_term_string"}}],"inLanguage":"pl-PL"}]}},"_links":{"self":[{"href":"https:\/\/2025.oekermann.de\/pl\/wp-json\/wp\/v2\/pages\/4312","targetHints":{"allow":["GET"]}}],"collection":[{"href":"https:\/\/2025.oekermann.de\/pl\/wp-json\/wp\/v2\/pages"}],"about":[{"href":"https:\/\/2025.oekermann.de\/pl\/wp-json\/wp\/v2\/types\/page"}],"author":[{"embeddable":true,"href":"https:\/\/2025.oekermann.de\/pl\/wp-json\/wp\/v2\/users\/1"}],"replies":[{"embeddable":true,"href":"https:\/\/2025.oekermann.de\/pl\/wp-json\/wp\/v2\/comments?post=4312"}],"version-history":[{"count":1,"href":"https:\/\/2025.oekermann.de\/pl\/wp-json\/wp\/v2\/pages\/4312\/revisions"}],"predecessor-version":[{"id":4329,"href":"https:\/\/2025.oekermann.de\/pl\/wp-json\/wp\/v2\/pages\/4312\/revisions\/4329"}],"up":[{"embeddable":true,"href":"https:\/\/2025.oekermann.de\/pl\/wp-json\/wp\/v2\/pages\/4310"}],"wp:attachment":[{"href":"https:\/\/2025.oekermann.de\/pl\/wp-json\/wp\/v2\/media?parent=4312"}],"curies":[{"name":"wp","href":"https:\/\/api.w.org\/{rel}","templated":true}]}}