{"id":4315,"date":"2022-06-30T09:07:04","date_gmt":"2022-06-30T07:07:04","guid":{"rendered":"https:\/\/2025.oekermann.de\/tematy\/spadek-zuzycia-wody\/"},"modified":"2025-04-28T12:37:15","modified_gmt":"2025-04-28T10:37:15","slug":"spadek-zuzycia-wody","status":"publish","type":"page","link":"https:\/\/2025.oekermann.de\/pl\/tematy\/spadek-zuzycia-wody\/","title":{"rendered":"Spadek zu\u017cycia wody"},"content":{"rendered":"<section>\nZu\u017cycie wody w Republice Federanlnej Niemiec spada od lat. Ludzie oszcz\u0119dzaj\u0105 wod\u0119 ze wzgl\u0119d\u00f3w \u015brodowiskowych lub ekonomicznych.<\/p>\n<p>Jest to szczeg\u00f3lnie widoczne w s\u0142abo zaludnionych regionach wiejskich, gdzie czasami przez rury nie przep\u0142ywaj\u0105 prawie wcalne \u015bcieki. Przepompownie OEKERMANN mog\u0105 by\u0107 tutaj doskona\u0142ym rozwi\u0105zaniem: nawet w czasach niskiego przep\u0142ywu \u015bciek\u00f3w: <a href=\"https:\/\/2025.oekermann.de\/vorteile\/keine-verstopfung\/\">chusteczki nawil\u017cane, szmatki do czyszczenia, produkty higieniczne i r\u00f3\u017cnego rodzaju cia\u0142a sta\u0142e <\/a> s\u0105 \u0142atwo transportowane i nie stanowi\u0105 problem\u00f3w. Proces <a href=\"https:\/\/2025.oekermann.de\/fachbegriffe\/nachblasautomatik\/\">podw\u00f3jnego przedmuchu<\/a> powoduje, \u017ce po tym <a href=\"https:\/\/2025.oekermann.de\/vorteile\/hoehenueberwindung\/\">procesie<\/a> rury s\u0105 energicznie i regularnie czyszczone. Nie ma uci\u0105\u017cliwych zapach\u00f3w nawet na terenie <a href=\"https:\/\/2025.oekermann.de\/fachbegriffe\/abwasser\/\">przepompowni<\/a>.<\/p>\n<p>Pracownicy kanalizacji z Saksonii opowiedzieli nam niedawno jak dzia\u0142aj\u0105 niezawodnie <a href=\"https:\/\/2025.oekermann.de\/wartung\/\">geringem Wartungsaufwand<\/a> ich <a href=\"https:\/\/2025.oekermann.de\/vorteile\/verbundsysteme\/\">sie\u0107 ruroci\u0105g\u00f3w<\/a>, wsp\u00f3\u0142pracuj\u0105ca z przepompowniami firmy OEKERMANN. Takie sprawnie funkcjonuj\u0105ce systemy s\u0105 wa\u017cnym elementem, zw\u0142aszcza w czasach cz\u0119stych niedoobor\u00f3w wykwalfikowanego personelu. <\/p>\n<p><img loading=\"lazy\" decoding=\"async\" class=\"img-1\" src=\"https:\/\/www.oekermann.de\/wp-content\/uploads\/2019\/07\/1908-Unterflur-DSC02857-1.jpg\" alt=\"\" width=\"1500\" height=\"500\" \/><\/p>\n","protected":false},"excerpt":{"rendered":"<p>Zu\u017cycie wody w Republice Federanlnej Niemiec spada od lat. Ludzie oszcz\u0119dzaj\u0105 wod\u0119 ze wzgl\u0119d\u00f3w \u015brodowiskowych lub ekonomicznych. Jest to szczeg\u00f3lnie widoczne w s\u0142abo zaludnionych regionach wiejskich, gdzie czasami przez rury nie przep\u0142ywaj\u0105 prawie wcalne \u015bcieki. Przepompownie OEKERMANN mog\u0105 by\u0107 tutaj doskona\u0142ym rozwi\u0105zaniem: nawet w czasach niskiego przep\u0142ywu \u015bciek\u00f3w: chusteczki nawil\u017cane, szmatki do czyszczenia, produkty higieniczne<\/p>\n<p class=\"link-more\"><a href=\"https:\/\/2025.oekermann.de\/pl\/tematy\/spadek-zuzycia-wody\/\" class=\"envor-btn\">Weiterlesen<span class=\"screen-reader-text\"> &#8220;Spadek zu\u017cycia wody&#8221;<\/span><\/a><\/p>\n","protected":false},"author":1,"featured_media":0,"parent":4310,"menu_order":0,"comment_status":"closed","ping_status":"closed","template":"","meta":{"footnotes":""},"class_list":["post-4315","page","type-page","status-publish","hentry"],"yoast_head":"<!-- This site is optimized with the Yoast SEO plugin v27.4 - https:\/\/yoast.com\/product\/yoast-seo-wordpress\/ -->\n<title>Spadek zu\u017cycia wody - Pneumatische F\u00f6rdertechnik - OEKERMANN Abwassertechnik<\/title>\n<meta name=\"robots\" content=\"index, follow, max-snippet:-1, max-image-preview:large, max-video-preview:-1\" \/>\n<link rel=\"canonical\" href=\"https:\/\/2025.oekermann.de\/pl\/tematy\/spadek-zuzycia-wody\/\" \/>\n<meta property=\"og:locale\" content=\"pl_PL\" \/>\n<meta property=\"og:type\" content=\"article\" \/>\n<meta property=\"og:title\" content=\"Spadek zu\u017cycia wody - Pneumatische F\u00f6rdertechnik - OEKERMANN Abwassertechnik\" \/>\n<meta property=\"og:description\" content=\"Zu\u017cycie wody w Republice Federanlnej Niemiec spada od lat. Ludzie oszcz\u0119dzaj\u0105 wod\u0119 ze wzgl\u0119d\u00f3w \u015brodowiskowych lub ekonomicznych. Jest to szczeg\u00f3lnie widoczne w s\u0142abo zaludnionych regionach wiejskich, gdzie czasami przez rury nie przep\u0142ywaj\u0105 prawie wcalne \u015bcieki. Przepompownie OEKERMANN mog\u0105 by\u0107 tutaj doskona\u0142ym rozwi\u0105zaniem: nawet w czasach niskiego przep\u0142ywu \u015bciek\u00f3w: chusteczki nawil\u017cane, szmatki do czyszczenia, produkty higieniczneWeiterlesen &quot;Spadek zu\u017cycia wody&quot;\" \/>\n<meta property=\"og:url\" content=\"https:\/\/2025.oekermann.de\/pl\/tematy\/spadek-zuzycia-wody\/\" \/>\n<meta property=\"og:site_name\" content=\"Pneumatische F\u00f6rdertechnik - OEKERMANN Abwassertechnik\" \/>\n<meta property=\"article:publisher\" content=\"https:\/\/www.facebook.com\/pages\/Oekermann-Abwassertechnik\/1007781205906685\" \/>\n<meta property=\"article:modified_time\" content=\"2025-04-28T10:37:15+00:00\" \/>\n<meta property=\"og:image\" content=\"https:\/\/www.oekermann.de\/wp-content\/uploads\/2019\/07\/1908-Unterflur-DSC02857-1.jpg\" \/>\n<meta name=\"twitter:card\" content=\"summary_large_image\" \/>\n<meta name=\"twitter:site\" content=\"@Oekermann\" \/>\n<meta name=\"twitter:label1\" content=\"Szacowany czas czytania\" \/>\n\t<meta name=\"twitter:data1\" content=\"1 minuta\" \/>\n<script type=\"application\/ld+json\" class=\"yoast-schema-graph\">{\"@context\":\"https:\\\/\\\/schema.org\",\"@graph\":[{\"@type\":\"WebPage\",\"@id\":\"https:\\\/\\\/2025.oekermann.de\\\/pl\\\/tematy\\\/spadek-zuzycia-wody\\\/\",\"url\":\"https:\\\/\\\/2025.oekermann.de\\\/pl\\\/tematy\\\/spadek-zuzycia-wody\\\/\",\"name\":\"Spadek zu\u017cycia wody - Pneumatische F\u00f6rdertechnik - OEKERMANN Abwassertechnik\",\"isPartOf\":{\"@id\":\"https:\\\/\\\/2025.oekermann.de\\\/#website\"},\"primaryImageOfPage\":{\"@id\":\"https:\\\/\\\/2025.oekermann.de\\\/pl\\\/tematy\\\/spadek-zuzycia-wody\\\/#primaryimage\"},\"image\":{\"@id\":\"https:\\\/\\\/2025.oekermann.de\\\/pl\\\/tematy\\\/spadek-zuzycia-wody\\\/#primaryimage\"},\"thumbnailUrl\":\"https:\\\/\\\/www.oekermann.de\\\/wp-content\\\/uploads\\\/2019\\\/07\\\/1908-Unterflur-DSC02857-1.jpg\",\"datePublished\":\"2022-06-30T07:07:04+00:00\",\"dateModified\":\"2025-04-28T10:37:15+00:00\",\"breadcrumb\":{\"@id\":\"https:\\\/\\\/2025.oekermann.de\\\/pl\\\/tematy\\\/spadek-zuzycia-wody\\\/#breadcrumb\"},\"inLanguage\":\"pl-PL\",\"potentialAction\":[{\"@type\":\"ReadAction\",\"target\":[\"https:\\\/\\\/2025.oekermann.de\\\/pl\\\/tematy\\\/spadek-zuzycia-wody\\\/\"]}]},{\"@type\":\"ImageObject\",\"inLanguage\":\"pl-PL\",\"@id\":\"https:\\\/\\\/2025.oekermann.de\\\/pl\\\/tematy\\\/spadek-zuzycia-wody\\\/#primaryimage\",\"url\":\"https:\\\/\\\/www.oekermann.de\\\/wp-content\\\/uploads\\\/2019\\\/07\\\/1908-Unterflur-DSC02857-1.jpg\",\"contentUrl\":\"https:\\\/\\\/www.oekermann.de\\\/wp-content\\\/uploads\\\/2019\\\/07\\\/1908-Unterflur-DSC02857-1.jpg\"},{\"@type\":\"BreadcrumbList\",\"@id\":\"https:\\\/\\\/2025.oekermann.de\\\/pl\\\/tematy\\\/spadek-zuzycia-wody\\\/#breadcrumb\",\"itemListElement\":[{\"@type\":\"ListItem\",\"position\":1,\"name\":\"Startseite\",\"item\":\"https:\\\/\\\/2025.oekermann.de\\\/pl\\\/\"},{\"@type\":\"ListItem\",\"position\":2,\"name\":\"Tematy\",\"item\":\"https:\\\/\\\/2025.oekermann.de\\\/pl\\\/tematy\\\/\"},{\"@type\":\"ListItem\",\"position\":3,\"name\":\"Spadek zu\u017cycia wody\"}]},{\"@type\":\"WebSite\",\"@id\":\"https:\\\/\\\/2025.oekermann.de\\\/#website\",\"url\":\"https:\\\/\\\/2025.oekermann.de\\\/\",\"name\":\"Pneumatische F\u00f6rdertechnik - OEKERMANN Abwassertechnik\",\"description\":\"\",\"potentialAction\":[{\"@type\":\"SearchAction\",\"target\":{\"@type\":\"EntryPoint\",\"urlTemplate\":\"https:\\\/\\\/2025.oekermann.de\\\/?s={search_term_string}\"},\"query-input\":{\"@type\":\"PropertyValueSpecification\",\"valueRequired\":true,\"valueName\":\"search_term_string\"}}],\"inLanguage\":\"pl-PL\"}]}<\/script>\n<!-- \/ Yoast SEO plugin. -->","yoast_head_json":{"title":"Spadek zu\u017cycia wody - Pneumatische F\u00f6rdertechnik - OEKERMANN Abwassertechnik","robots":{"index":"index","follow":"follow","max-snippet":"max-snippet:-1","max-image-preview":"max-image-preview:large","max-video-preview":"max-video-preview:-1"},"canonical":"https:\/\/2025.oekermann.de\/pl\/tematy\/spadek-zuzycia-wody\/","og_locale":"pl_PL","og_type":"article","og_title":"Spadek zu\u017cycia wody - Pneumatische F\u00f6rdertechnik - OEKERMANN Abwassertechnik","og_description":"Zu\u017cycie wody w Republice Federanlnej Niemiec spada od lat. Ludzie oszcz\u0119dzaj\u0105 wod\u0119 ze wzgl\u0119d\u00f3w \u015brodowiskowych lub ekonomicznych. Jest to szczeg\u00f3lnie widoczne w s\u0142abo zaludnionych regionach wiejskich, gdzie czasami przez rury nie przep\u0142ywaj\u0105 prawie wcalne \u015bcieki. Przepompownie OEKERMANN mog\u0105 by\u0107 tutaj doskona\u0142ym rozwi\u0105zaniem: nawet w czasach niskiego przep\u0142ywu \u015bciek\u00f3w: chusteczki nawil\u017cane, szmatki do czyszczenia, produkty higieniczneWeiterlesen \"Spadek zu\u017cycia wody\"","og_url":"https:\/\/2025.oekermann.de\/pl\/tematy\/spadek-zuzycia-wody\/","og_site_name":"Pneumatische F\u00f6rdertechnik - OEKERMANN Abwassertechnik","article_publisher":"https:\/\/www.facebook.com\/pages\/Oekermann-Abwassertechnik\/1007781205906685","article_modified_time":"2025-04-28T10:37:15+00:00","og_image":[{"url":"https:\/\/www.oekermann.de\/wp-content\/uploads\/2019\/07\/1908-Unterflur-DSC02857-1.jpg","type":"","width":"","height":""}],"twitter_card":"summary_large_image","twitter_site":"@Oekermann","twitter_misc":{"Szacowany czas czytania":"1 minuta"},"schema":{"@context":"https:\/\/schema.org","@graph":[{"@type":"WebPage","@id":"https:\/\/2025.oekermann.de\/pl\/tematy\/spadek-zuzycia-wody\/","url":"https:\/\/2025.oekermann.de\/pl\/tematy\/spadek-zuzycia-wody\/","name":"Spadek zu\u017cycia wody - Pneumatische F\u00f6rdertechnik - OEKERMANN Abwassertechnik","isPartOf":{"@id":"https:\/\/2025.oekermann.de\/#website"},"primaryImageOfPage":{"@id":"https:\/\/2025.oekermann.de\/pl\/tematy\/spadek-zuzycia-wody\/#primaryimage"},"image":{"@id":"https:\/\/2025.oekermann.de\/pl\/tematy\/spadek-zuzycia-wody\/#primaryimage"},"thumbnailUrl":"https:\/\/www.oekermann.de\/wp-content\/uploads\/2019\/07\/1908-Unterflur-DSC02857-1.jpg","datePublished":"2022-06-30T07:07:04+00:00","dateModified":"2025-04-28T10:37:15+00:00","breadcrumb":{"@id":"https:\/\/2025.oekermann.de\/pl\/tematy\/spadek-zuzycia-wody\/#breadcrumb"},"inLanguage":"pl-PL","potentialAction":[{"@type":"ReadAction","target":["https:\/\/2025.oekermann.de\/pl\/tematy\/spadek-zuzycia-wody\/"]}]},{"@type":"ImageObject","inLanguage":"pl-PL","@id":"https:\/\/2025.oekermann.de\/pl\/tematy\/spadek-zuzycia-wody\/#primaryimage","url":"https:\/\/www.oekermann.de\/wp-content\/uploads\/2019\/07\/1908-Unterflur-DSC02857-1.jpg","contentUrl":"https:\/\/www.oekermann.de\/wp-content\/uploads\/2019\/07\/1908-Unterflur-DSC02857-1.jpg"},{"@type":"BreadcrumbList","@id":"https:\/\/2025.oekermann.de\/pl\/tematy\/spadek-zuzycia-wody\/#breadcrumb","itemListElement":[{"@type":"ListItem","position":1,"name":"Startseite","item":"https:\/\/2025.oekermann.de\/pl\/"},{"@type":"ListItem","position":2,"name":"Tematy","item":"https:\/\/2025.oekermann.de\/pl\/tematy\/"},{"@type":"ListItem","position":3,"name":"Spadek zu\u017cycia wody"}]},{"@type":"WebSite","@id":"https:\/\/2025.oekermann.de\/#website","url":"https:\/\/2025.oekermann.de\/","name":"Pneumatische F\u00f6rdertechnik - OEKERMANN Abwassertechnik","description":"","potentialAction":[{"@type":"SearchAction","target":{"@type":"EntryPoint","urlTemplate":"https:\/\/2025.oekermann.de\/?s={search_term_string}"},"query-input":{"@type":"PropertyValueSpecification","valueRequired":true,"valueName":"search_term_string"}}],"inLanguage":"pl-PL"}]}},"_links":{"self":[{"href":"https:\/\/2025.oekermann.de\/pl\/wp-json\/wp\/v2\/pages\/4315","targetHints":{"allow":["GET"]}}],"collection":[{"href":"https:\/\/2025.oekermann.de\/pl\/wp-json\/wp\/v2\/pages"}],"about":[{"href":"https:\/\/2025.oekermann.de\/pl\/wp-json\/wp\/v2\/types\/page"}],"author":[{"embeddable":true,"href":"https:\/\/2025.oekermann.de\/pl\/wp-json\/wp\/v2\/users\/1"}],"replies":[{"embeddable":true,"href":"https:\/\/2025.oekermann.de\/pl\/wp-json\/wp\/v2\/comments?post=4315"}],"version-history":[{"count":2,"href":"https:\/\/2025.oekermann.de\/pl\/wp-json\/wp\/v2\/pages\/4315\/revisions"}],"predecessor-version":[{"id":4861,"href":"https:\/\/2025.oekermann.de\/pl\/wp-json\/wp\/v2\/pages\/4315\/revisions\/4861"}],"up":[{"embeddable":true,"href":"https:\/\/2025.oekermann.de\/pl\/wp-json\/wp\/v2\/pages\/4310"}],"wp:attachment":[{"href":"https:\/\/2025.oekermann.de\/pl\/wp-json\/wp\/v2\/media?parent=4315"}],"curies":[{"name":"wp","href":"https:\/\/api.w.org\/{rel}","templated":true}]}}