{"id":4316,"date":"2017-03-11T22:06:22","date_gmt":"2017-03-11T21:06:22","guid":{"rendered":"https:\/\/2025.oekermann.de\/pliki-do-pobrania\/"},"modified":"2023-09-25T14:10:05","modified_gmt":"2023-09-25T12:10:05","slug":"pliki-do-pobrania","status":"publish","type":"page","link":"https:\/\/2025.oekermann.de\/pl\/pliki-do-pobrania\/","title":{"rendered":"Pliki do pobrania"},"content":{"rendered":"<section>\n<div class=\"dl-wrapper\">\n<div class=\"row dl-files\">\n<div class=\"col-md-12\">\n<h2>Nasza broszura reklamacyjna<\/h2>\n<\/p><\/div>\n<div class=\"col-md-6\">\n<div class=\"dl-file pdf-file-1\"><a href=\"https:\/\/2025.oekermann.de\/wp-content\/uploads\/2022\/07\/Oekermann-Pneumatische-Abwassertechnik-Image-Prospekt-Deutsch.pdf\" target=\"_blank\" rel=\"noopener\">Oekermann &#8211; pneumatyczna technologia odprowadzania \u015bciek\u00f3w<\/a><\/div>\n<\/p><\/div>\n<\/p><\/div>\n<div class=\"row dl-files\" style=\"margin-top:50px;\">\n<div class=\"col-md-12\">\n<h2>Nasze publikacje specjalne:<\/h2>\n<\/p><\/div>\n<div class=\"col-md-6\">\n<div class=\"dl-file pdf-file-1\"><a href=\"\/res\/pdf\/sonderdruckschriften\/OEKERMANN-Info-02-Die-wichtigsten-Einsatzgruende-fuer-unsere-pneumatischen-Abwasser-Foerderanlagen.pdf\" target=\"_blank\" rel=\"noopener\">Najwa\u017cniejsze powody korzystania z pneumatycznych system\u00f3w odprowadzania \u015bciek\u00f3w<\/a><\/div>\n<\/p><\/div>\n<div class=\"col-md-6\">\n<div class=\"dl-file pdf-file-1\"><a href=\"\/res\/pdf\/sonderdruckschriften\/OEKERMANN-Info-09-Verhinderung-von-Ablagerungs-und-Sulfidproblemen-durch-pneumatische-Abwasserfoerderung.pdf\" target=\"_blank\" rel=\"noopener\">Zapobieganie problemom z kamieniem i siarczkami poprzez stosowanie pneumatycznych przepompowni \u015bciek\u00f3w<\/a><\/div>\n<\/p><\/div>\n<\/p><\/div>\n<div class=\"row dl-files\">\n<div class=\"col-md-6\">\n<div class=\"dl-file pdf-file-1\"><a href=\"\/res\/pdf\/sonderdruckschriften\/OEKERMANN-Info-03-Abwasserentsorgung-von-PWC-und-KWC-Anlagen-sowie-Rasthaeusern-an-Autobahnen.pdf\" target=\"_blank\" rel=\"noopener\">Odprowadzanie \u015bciek\u00f3w z instalacji PWC i KWC oraz miejsc postojowych przy autostradzie<\/a><\/div>\n<\/p><\/div>\n<div class=\"col-md-6\">\n<div class=\"dl-file pdf-file-1\"><a href=\"\/res\/pdf\/sonderdruckschriften\/OEKERMANN-Info-14-Pneumatische-Abwasser-Foerderung.pdf\" target=\"_blank\" rel=\"noopener\">Pneumatyczny transport \u015bciek\u00f3w<\/a><\/div>\n<\/p><\/div>\n<\/p><\/div>\n<\/p><\/div>\n<div class=\"row\">\n<div class=\"col-md-12\">\n<p>W razie potrzeby ch\u0119tnie prze\u015blemy dalsze materia\u0142y informacyjne. Napisz do nas kr\u00f3tk\u0105 wiadomo\u015b\u0107: <a href=\"mailto:info@oekermann.de\">info@oekermann.de<\/a>!<\/p>\n<\/p><\/div>\n<\/p><\/div>\n<\/section>\n","protected":false},"excerpt":{"rendered":"<p>Nasza broszura reklamacyjna Oekermann &#8211; pneumatyczna technologia odprowadzania \u015bciek\u00f3w Nasze publikacje specjalne: Najwa\u017cniejsze powody korzystania z pneumatycznych system\u00f3w odprowadzania \u015bciek\u00f3w Zapobieganie problemom z kamieniem i siarczkami poprzez stosowanie pneumatycznych przepompowni \u015bciek\u00f3w Odprowadzanie \u015bciek\u00f3w z instalacji PWC i KWC oraz miejsc postojowych przy autostradzie Pneumatyczny transport \u015bciek\u00f3w W razie potrzeby ch\u0119tnie prze\u015blemy dalsze materia\u0142y informacyjne. Napisz<\/p>\n<p class=\"link-more\"><a href=\"https:\/\/2025.oekermann.de\/pl\/pliki-do-pobrania\/\" class=\"envor-btn\">Weiterlesen<span class=\"screen-reader-text\"> &#8220;Pliki do pobrania&#8221;<\/span><\/a><\/p>\n","protected":false},"author":2,"featured_media":0,"parent":0,"menu_order":0,"comment_status":"closed","ping_status":"closed","template":"","meta":{"footnotes":""},"class_list":["post-4316","page","type-page","status-publish","hentry"],"yoast_head":"<!-- This site is optimized with the Yoast SEO plugin v27.4 - https:\/\/yoast.com\/product\/yoast-seo-wordpress\/ -->\n<title>Pliki do pobrania - Pneumatische F\u00f6rdertechnik - OEKERMANN Abwassertechnik<\/title>\n<meta name=\"robots\" content=\"index, follow, max-snippet:-1, max-image-preview:large, max-video-preview:-1\" \/>\n<link rel=\"canonical\" href=\"https:\/\/2025.oekermann.de\/pliki-do-pobrania\/\" \/>\n<meta property=\"og:locale\" content=\"pl_PL\" \/>\n<meta property=\"og:type\" content=\"article\" \/>\n<meta property=\"og:title\" content=\"Pliki do pobrania - Pneumatische F\u00f6rdertechnik - OEKERMANN Abwassertechnik\" \/>\n<meta property=\"og:description\" content=\"Nasza broszura reklamacyjna Oekermann &#8211; pneumatyczna technologia odprowadzania \u015bciek\u00f3w Nasze publikacje specjalne: Najwa\u017cniejsze powody korzystania z pneumatycznych system\u00f3w odprowadzania \u015bciek\u00f3w Zapobieganie problemom z kamieniem i siarczkami poprzez stosowanie pneumatycznych przepompowni \u015bciek\u00f3w Odprowadzanie \u015bciek\u00f3w z instalacji PWC i KWC oraz miejsc postojowych przy autostradzie Pneumatyczny transport \u015bciek\u00f3w W razie potrzeby ch\u0119tnie prze\u015blemy dalsze materia\u0142y informacyjne. NapiszWeiterlesen &quot;Pliki do pobrania&quot;\" \/>\n<meta property=\"og:url\" content=\"https:\/\/2025.oekermann.de\/pliki-do-pobrania\/\" \/>\n<meta property=\"og:site_name\" content=\"Pneumatische F\u00f6rdertechnik - OEKERMANN Abwassertechnik\" \/>\n<meta property=\"article:publisher\" content=\"https:\/\/www.facebook.com\/pages\/Oekermann-Abwassertechnik\/1007781205906685\" \/>\n<meta property=\"article:modified_time\" content=\"2023-09-25T12:10:05+00:00\" \/>\n<meta name=\"twitter:card\" content=\"summary_large_image\" \/>\n<meta name=\"twitter:site\" content=\"@Oekermann\" \/>\n<script type=\"application\/ld+json\" class=\"yoast-schema-graph\">{\"@context\":\"https:\\\/\\\/schema.org\",\"@graph\":[{\"@type\":\"WebPage\",\"@id\":\"https:\\\/\\\/2025.oekermann.de\\\/pliki-do-pobrania\\\/\",\"url\":\"https:\\\/\\\/2025.oekermann.de\\\/pliki-do-pobrania\\\/\",\"name\":\"Pliki do pobrania - Pneumatische F\u00f6rdertechnik - OEKERMANN Abwassertechnik\",\"isPartOf\":{\"@id\":\"https:\\\/\\\/2025.oekermann.de\\\/#website\"},\"datePublished\":\"2017-03-11T21:06:22+00:00\",\"dateModified\":\"2023-09-25T12:10:05+00:00\",\"breadcrumb\":{\"@id\":\"https:\\\/\\\/2025.oekermann.de\\\/pliki-do-pobrania\\\/#breadcrumb\"},\"inLanguage\":\"pl-PL\",\"potentialAction\":[{\"@type\":\"ReadAction\",\"target\":[\"https:\\\/\\\/2025.oekermann.de\\\/pliki-do-pobrania\\\/\"]}]},{\"@type\":\"BreadcrumbList\",\"@id\":\"https:\\\/\\\/2025.oekermann.de\\\/pliki-do-pobrania\\\/#breadcrumb\",\"itemListElement\":[{\"@type\":\"ListItem\",\"position\":1,\"name\":\"Startseite\",\"item\":\"https:\\\/\\\/2025.oekermann.de\\\/pl\\\/\"},{\"@type\":\"ListItem\",\"position\":2,\"name\":\"Pliki do pobrania\"}]},{\"@type\":\"WebSite\",\"@id\":\"https:\\\/\\\/2025.oekermann.de\\\/#website\",\"url\":\"https:\\\/\\\/2025.oekermann.de\\\/\",\"name\":\"Pneumatische F\u00f6rdertechnik - OEKERMANN Abwassertechnik\",\"description\":\"\",\"potentialAction\":[{\"@type\":\"SearchAction\",\"target\":{\"@type\":\"EntryPoint\",\"urlTemplate\":\"https:\\\/\\\/2025.oekermann.de\\\/?s={search_term_string}\"},\"query-input\":{\"@type\":\"PropertyValueSpecification\",\"valueRequired\":true,\"valueName\":\"search_term_string\"}}],\"inLanguage\":\"pl-PL\"}]}<\/script>\n<!-- \/ Yoast SEO plugin. -->","yoast_head_json":{"title":"Pliki do pobrania - Pneumatische F\u00f6rdertechnik - OEKERMANN Abwassertechnik","robots":{"index":"index","follow":"follow","max-snippet":"max-snippet:-1","max-image-preview":"max-image-preview:large","max-video-preview":"max-video-preview:-1"},"canonical":"https:\/\/2025.oekermann.de\/pliki-do-pobrania\/","og_locale":"pl_PL","og_type":"article","og_title":"Pliki do pobrania - Pneumatische F\u00f6rdertechnik - OEKERMANN Abwassertechnik","og_description":"Nasza broszura reklamacyjna Oekermann &#8211; pneumatyczna technologia odprowadzania \u015bciek\u00f3w Nasze publikacje specjalne: Najwa\u017cniejsze powody korzystania z pneumatycznych system\u00f3w odprowadzania \u015bciek\u00f3w Zapobieganie problemom z kamieniem i siarczkami poprzez stosowanie pneumatycznych przepompowni \u015bciek\u00f3w Odprowadzanie \u015bciek\u00f3w z instalacji PWC i KWC oraz miejsc postojowych przy autostradzie Pneumatyczny transport \u015bciek\u00f3w W razie potrzeby ch\u0119tnie prze\u015blemy dalsze materia\u0142y informacyjne. NapiszWeiterlesen \"Pliki do pobrania\"","og_url":"https:\/\/2025.oekermann.de\/pliki-do-pobrania\/","og_site_name":"Pneumatische F\u00f6rdertechnik - OEKERMANN Abwassertechnik","article_publisher":"https:\/\/www.facebook.com\/pages\/Oekermann-Abwassertechnik\/1007781205906685","article_modified_time":"2023-09-25T12:10:05+00:00","twitter_card":"summary_large_image","twitter_site":"@Oekermann","schema":{"@context":"https:\/\/schema.org","@graph":[{"@type":"WebPage","@id":"https:\/\/2025.oekermann.de\/pliki-do-pobrania\/","url":"https:\/\/2025.oekermann.de\/pliki-do-pobrania\/","name":"Pliki do pobrania - Pneumatische F\u00f6rdertechnik - OEKERMANN Abwassertechnik","isPartOf":{"@id":"https:\/\/2025.oekermann.de\/#website"},"datePublished":"2017-03-11T21:06:22+00:00","dateModified":"2023-09-25T12:10:05+00:00","breadcrumb":{"@id":"https:\/\/2025.oekermann.de\/pliki-do-pobrania\/#breadcrumb"},"inLanguage":"pl-PL","potentialAction":[{"@type":"ReadAction","target":["https:\/\/2025.oekermann.de\/pliki-do-pobrania\/"]}]},{"@type":"BreadcrumbList","@id":"https:\/\/2025.oekermann.de\/pliki-do-pobrania\/#breadcrumb","itemListElement":[{"@type":"ListItem","position":1,"name":"Startseite","item":"https:\/\/2025.oekermann.de\/pl\/"},{"@type":"ListItem","position":2,"name":"Pliki do pobrania"}]},{"@type":"WebSite","@id":"https:\/\/2025.oekermann.de\/#website","url":"https:\/\/2025.oekermann.de\/","name":"Pneumatische F\u00f6rdertechnik - OEKERMANN Abwassertechnik","description":"","potentialAction":[{"@type":"SearchAction","target":{"@type":"EntryPoint","urlTemplate":"https:\/\/2025.oekermann.de\/?s={search_term_string}"},"query-input":{"@type":"PropertyValueSpecification","valueRequired":true,"valueName":"search_term_string"}}],"inLanguage":"pl-PL"}]}},"_links":{"self":[{"href":"https:\/\/2025.oekermann.de\/pl\/wp-json\/wp\/v2\/pages\/4316","targetHints":{"allow":["GET"]}}],"collection":[{"href":"https:\/\/2025.oekermann.de\/pl\/wp-json\/wp\/v2\/pages"}],"about":[{"href":"https:\/\/2025.oekermann.de\/pl\/wp-json\/wp\/v2\/types\/page"}],"author":[{"embeddable":true,"href":"https:\/\/2025.oekermann.de\/pl\/wp-json\/wp\/v2\/users\/2"}],"replies":[{"embeddable":true,"href":"https:\/\/2025.oekermann.de\/pl\/wp-json\/wp\/v2\/comments?post=4316"}],"version-history":[{"count":0,"href":"https:\/\/2025.oekermann.de\/pl\/wp-json\/wp\/v2\/pages\/4316\/revisions"}],"wp:attachment":[{"href":"https:\/\/2025.oekermann.de\/pl\/wp-json\/wp\/v2\/media?parent=4316"}],"curies":[{"name":"wp","href":"https:\/\/api.w.org\/{rel}","templated":true}]}}