{"id":4321,"date":"2022-06-29T21:24:31","date_gmt":"2022-06-29T19:24:31","guid":{"rendered":"https:\/\/2025.oekermann.de\/pneumatyczne-pompowanie-sciekow-a-konwencjonalna-technologia-pomp\/"},"modified":"2025-06-23T14:30:58","modified_gmt":"2025-06-23T12:30:58","slug":"pneumatyczne-pompowanie-sciekow-a-konwencjonalna-technologia-pomp","status":"publish","type":"page","link":"https:\/\/2025.oekermann.de\/pl\/pneumatyczne-pompowanie-sciekow-a-konwencjonalna-technologia-pomp\/","title":{"rendered":"Pneumatyczne pompowanie \u015bciek\u00f3w, a konwencjonalna technologia pomp"},"content":{"rendered":"<h2>Dlaczego zamiast konwencjonalnych pomp stosuje si\u0119 pneumatyczne przepompownie \u015bciek\u00f3w?<\/h2>\n<p style=\"margin-top:25px;\">Decyduj\u0105cymi zaletami systemu technologii przeno\u015bnik\u00f3w pneumatycznych OEKERMANN s\u0105:<\/p>\n<ul class=\"vorteile\" id=\"hauptvorteile\">\n<li>brak<a href=\"https:\/\/2025.oekermann.de\/vorteile\/foerderung-geringer-wassermengen\/\">uci\u0105\u017cliwych zapach\u00f3w<\/a><\/li>\n<li>brak <a href=\"https:\/\/2025.oekermann.de\/themen\/geruchsfreiheit\/\">korozji siarkowodorowej<\/a><\/li>\n<li>brak osad\u00f3w w systemie rur ci\u015bnieniowych<\/li>\n<li><a href=\"https:\/\/2025.oekermann.de\/vorteile\/hoehenueberwindung\/\">Proste i ekonomiczne uk\u0142adanie rur ci\u015bnieniowych<\/a>, brak zawor\u00f3w odpowietrzaj\u0105cych<\/li>\n<li><a href=\"https:\/\/2025.oekermann.de\/vorteile\/keine-verstopfung\/\">bardzo d\u0142uga \u017cywotno\u015b\u0107<\/a> uk\u0142ad\u00f3w pneumatycznych firmy <a href=\"https:\/\/2025.oekermann.de\/ueber-uns\/die-idee\/\">OEKERMANN.<\/a><\/li>\n<\/ul>\n<p>Konwencjonalne metody transportu, np. z wykorzystaniem pompowni hydraulicznych w instalacji mokrej lub suchej, s\u0105 dobrze znane i stosowane od dawna. Do ma\u0142ych ilo\u015bci \u015bciek\u00f3w i stosunkowo <a href=\"https:\/\/2025.oekermann.de\/vorteile\/druckleitungen\/\">d\u0142u\u017cszej \u017cywotno\u015bci<\/a>, szczeg\u00f3lnie w <a href=\"https:\/\/2025.oekermann.de\/themen\/ruecklaeufiger-wasserverbrauch\/\">obszarach wiejskich<\/a>, stosuj\u0105c t\u0119 konwencjonaln\u0105 technologi\u0119, szybko osi\u0105gniesz swoje granice: \u015bcieki gnij\u0105 w rurze ci\u015bnieniowej najp\u00f3\u017aniej po oko\u0142o 3 &#8211; 4 godzinach przy braku tlenu; Prowadzi to do powstawania siarkowodoru i tym samym do powstawania nieprzyjemnych zapach\u00f3w. Ponadto na elementach betonowych, stalowych i \u017celaznych wyst\u0119puje korozja siarkowodoru.<\/p>\n<p>Zgni\u0142e <a href=\"https:\/\/2025.oekermann.de\/fachbegriffe\/abwasser\/\">\u015bcieki<\/a> nie ulegaj\u0105 biodegradacji. Negatywne skutki mo\u017cna ograniczy\u0107 jedynie stosuj\u0105c dodatki chemiczne, kt\u00f3re nale\u017cy dodawa\u0107 do strumienia \u015bciek\u00f3w. Jest to jednak kosztowne, skomplikowane technicznie i czasami nieskuteczne, je\u015bli dawkowanie jest nieprawid\u0142owe. Mo\u017ce jednak<a href=\"https:\/\/2025.oekermann.de\/?page_id=17\">stacja ponownego przedmuchu<\/a>, kt\u00f3ra mo\u017ce zapewni\u0107 stacj\u0119 pomp, kt\u00f3ra okresowo pompuje spr\u0119\u017cone powietrze do pompy i <a href=\"https:\/\/2025.oekermann.de\/vorteile\/druckleitungen\/\">lini ci\u015bnieniowej<\/a>. Jednak przy takim wariancie ci\u0105g\u0142e wzbogacanie w tlen z powietrza nie jest mo\u017cliwe ze wzgl\u0119du na system.<\/p>\n<p>Ponadto cz\u0119sto istniej\u0105 fizyczne i techniczne ograniczenia zastosowa\u0144 konwencjonalnych przepompowni w instalacjach mokrych lub suchych, np.:<a href=\"https:\/\/2025.oekermann.de\/vorteile\/druckleitungen\/\">d\u0142u\u017csza \u017cywotno\u015b\u0107<\/a> i \/ albo wi\u0119ksza <a href=\"https:\/\/2025.oekermann.de\/vorteile\/hoehenueberwindung\/\">r\u00f3\u017cnica wysoko\u015bci<\/a>.<\/p>\n<p>Z tych powod\u00f3w firma <a href=\"https:\/\/2025.oekermann.de\/ueber-uns\/\">OEKERMANN w 1970 roku<\/a> opracowa\u0142a pneumatyczne pompowanie \u015bciek\u00f3w. Przy zastosowaniu pneumatycznych system\u00f3w pompowania \u015bciek\u00f3w opartych na systemie opracowanym przez firm\u0119 OEKERMANN nie wyst\u0119puj\u0105 wspomniane wcze\u015bniej i powszechnie znane negatywne skutki konwencjonalnej technologii pompowej.<\/p>\n<p><a href=\"https:\/\/2025.oekermann.de\/vorteile\/foerderung-geringer-wassermengen\/\">\u015acieki staj\u0105 si\u0119 &#8220;\u015bwie\u017csze&#8221;<\/a>, w stanie doskonale klarownym, przekazywane sa do oczyszczalni \u015bciek\u00f3w.<\/p>\n<p><img decoding=\"async\" class=\"img-1\" src=\"\/res\/OEKERMANN-Vorschacht.jpg\" alt=\"mieszanie \u015bciek\u00f3w w szybie przednim\" width=\"206\" \/> <\/p>\n<p>&nbsp;<\/p>\n<h2>Oczyszanie terenu przepompowni<\/h2>\n<p>Osi\u0105ga si\u0119 to poprzez ci\u0105g\u0142e mieszanie \u015bciek\u00f3w docieraj\u0105cych do przepompowni z sieci kanalizacyjnej swobodnie opadaj\u0105cej z powietrzem, a tym samym tlenem. Intensywne mieszanie odbywa si\u0119 ju\u017c w szybie przednim przepompowni OEKERMANN. Jednocze\u015bnie nast\u0119puje wzruszenie wszelkich osad\u00f3w i do \u015bciek\u00f3w domieszana jest substancja unosz\u0105ca si\u0119 na wodzie. W pompowni i obszarze wa\u0142u przedniego nie ma nieprzyjemnych zapach\u00f3w ani osad\u00f3w.<\/p>\n<p>&nbsp;<\/p>\n<h2><a href=\"https:\/\/2025.oekermann.de\/vorteile\/elektronische-steuerung\/\">Sterowanie elektroniczne<\/a><\/h2>\n<p>W zale\u017cno\u015bci od lokalnych wymaga\u0144, okresowo wed\u0142ug czasu lub wed\u0142ug zmiennej specyfikacji, uruchamiane s\u0105 <a href=\"https:\/\/2025.oekermann.de\/fachbegriffe\/nachblasautomatik\/\">procesy ponownego  przedmuchu<\/a> <\/p>\n<p>W okresach, gdy \u015bciek\u00f3w jest ma\u0142o, np. w nocy, odpowiednio <a href=\"https:\/\/2025.oekermann.de\/vorteile\/druckleitungen\/\">linia ci\u015bnieniowa<\/a> jest op\u00f3\u017aniony. Ewentualne substancje ci\u0119\u017ckie, kt\u00f3re mog\u0105 si\u0119 osadzi\u0107, s\u0105 usuwane wraz z przyspieszonym przep\u0142ywem \u015bciek\u00f3w. W du\u017cej mierze unika si\u0119 depozyt\u00f3w.<\/p>\n<p>&nbsp;<\/p>\n<h2><a href=\"https:\/\/2025.oekermann.de\/vorteile\/hoehenueberwindung\/\">Linie ci\u015bnieniowe z wysokimi i niskimi punktami<br \/>\n<\/a><\/h2>\n<p>Kolejn\u0105 istotn\u0105 zalet\u0105 stosowania systemu przeno\u015bnik\u00f3w OEKERMANN jest to, \u017ce:<br \/>\n <a href=\"https:\/\/2025.oekermann.de\/vorteile\/druckleitungen\/\">linie ci\u015bnieniowe<\/a> s\u0105 uk\u0142adane r\u00f3wnolegle do g\u00f3rnej kraw\u0119dzi placu budowy, tylko pod przykryciem chroni\u0105cym przed mrozem.<\/p>\n<p style=\"margin-bottom:.4rem;font-size:17px;\"><strong>Zalety:<\/strong><\/p>\n<ul class=\"vorteile\">\n<li>proste i ekonomiczne uk\u0142adanie rur ci\u015bnieniowych;<\/li>\n<li>ponadto mo\u017cna (trzeba) zrezygnowa\u0107 z monta\u017cu zawor\u00f3w odpowietrzaj\u0105cych w najwy\u017cszych punktach przewodu ci\u015bnieniowego;<\/li>\n<li>oszcz\u0119dno\u015bci w kosztach inwestycji w wa\u0142y i armatur\u0119, obni\u017cone koszty konserwacji.\n<\/li>\n<\/ul>\n<p><img decoding=\"async\" class=\"img-1\" src=\"\/res\/OEKERMANN-Hoehenplan.jpg\" alt=\"Widok profilu\" \/><\/p>\n<p>&nbsp;<\/p>\n<h2><a href=\"https:\/\/2025.oekermann.de\/vorteile\/verbundsysteme\/\">systemy z\u0142o\u017cone<\/a><\/h2>\n<p>W zale\u017cno\u015bci od systemu <a href=\"https:\/\/2025.oekermann.de\/vorteile\/verbundsysteme\/\">systemy z\u0142o\u017cone<\/a> po\u0142\u0105czone ze sob\u0105 systemy mo\u017cna wdro\u017cy\u0107 w najprostszy spos\u00f3b.<\/p>\n<p style=\"margin-bottom:.4rem;font-size:17px;\"><strong>Zalety:<\/strong><\/p>\n<ul class=\"vorteile\">\n<li>oszcz\u0119dno\u015bci w kosztach inwestycyjnych i dodatkowych w przypadku kabli sterowniczych;<\/li>\n<li>dostawa zale\u017cna od obci\u0105\u017cenia bez wzajemnych czas\u00f3w oczekiwania pomi\u0119dzy pod\u0142\u0105czonymi pneumatycznymi zespo\u0142ami pompowymi, kt\u00f3re w innym przypadku mia\u0142yby miejsce w przypadku blokad.<\/li>\n<\/ul>\n<p><img decoding=\"async\" class=\"img-1\" src=\"\/res\/OEKERMANN-Verbundsystem-mit-12-pneumatischen-Abwasser-Foerderanlagen.jpg\" alt=\"Uk\u0142ad z\u0142o\u017cony z 12 pneumatycznych systemam\u00f3w transportu \u015bciek\u00f3w.\" width=\"420\" \/><\/p>\n<p>&nbsp;<\/p>\n<h2><a href=\"https:\/\/2025.oekermann.de\/themen\/hygiene-und-gesundheit\/\">Hygieniczny<\/a> i bezpieczny w dzia\u0142aniu<\/h2>\n<p>Systemy OEKERMANN montuje si\u0119 na sucho. W cz\u0119\u015bciach instalacji, przez kt\u00f3re przep\u0142ywaj\u0105 \u015bcieki, nie znajduj\u0105 si\u0119 \u017cadne instalacje, takie jak prze\u0142\u0105czniki p\u0142ywakowe, sondy, pr\u0119ty lub inne elementy mechaniczne lub elektryczne. Wszystkie podzespo\u0142y maszyny s\u0105 \u0142atwo dost\u0119pne.<\/p>\n<p style=\"margin-bottom:.4rem;font-size:17px;\"><strong>Zalety:<\/strong><\/p>\n<ul class=\"zalety\">\n<li>brak zaburze\u0144 funkcjonalnych spowodowanych obecno\u015bci\u0105 obcych substancji w \u015bciekach, zw\u0142aszcza w\u0142\u00f3kien, tekstyli\u00f3w itp.;<\/li>\n<li>personel obs\u0142uguj\u0105cy\/konserwuj\u0105cy nie ma kontaktu ze \u015bciekami. Jest to nie tylko higieniczne, ale przede wszystkim s\u0142u\u017cy zdrowiu lokalnego personelu;<\/a><\/li>\n<li>nie jest wymagana ochrona przeciwwybuchowa, poniewa\u017c wszystkie zespo\u0142y elektryczne s\u0105 instalowane poza strefami zagro\u017conych wybuchem.<\/li>\n<\/ul>\n","protected":false},"excerpt":{"rendered":"<p>Dlaczego zamiast konwencjonalnych pomp stosuje si\u0119 pneumatyczne przepompownie \u015bciek\u00f3w? Decyduj\u0105cymi zaletami systemu technologii przeno\u015bnik\u00f3w pneumatycznych OEKERMANN s\u0105: brakuci\u0105\u017cliwych zapach\u00f3w brak korozji siarkowodorowej brak osad\u00f3w w systemie rur ci\u015bnieniowych Proste i ekonomiczne uk\u0142adanie rur ci\u015bnieniowych, brak zawor\u00f3w odpowietrzaj\u0105cych bardzo d\u0142uga \u017cywotno\u015b\u0107 uk\u0142ad\u00f3w pneumatycznych firmy OEKERMANN. Konwencjonalne metody transportu, np. z wykorzystaniem pompowni hydraulicznych w instalacji mokrej<\/p>\n<p class=\"link-more\"><a href=\"https:\/\/2025.oekermann.de\/pl\/pneumatyczne-pompowanie-sciekow-a-konwencjonalna-technologia-pomp\/\" class=\"envor-btn\">Weiterlesen<span class=\"screen-reader-text\"> &#8220;Pneumatyczne pompowanie \u015bciek\u00f3w, a konwencjonalna technologia pomp&#8221;<\/span><\/a><\/p>\n","protected":false},"author":1,"featured_media":0,"parent":0,"menu_order":0,"comment_status":"closed","ping_status":"closed","template":"","meta":{"footnotes":""},"class_list":["post-4321","page","type-page","status-publish","hentry"],"yoast_head":"<!-- This site is optimized with the Yoast SEO plugin v27.4 - https:\/\/yoast.com\/product\/yoast-seo-wordpress\/ -->\n<title>Pneumatyczne pompowanie \u015bciek\u00f3w, a konwencjonalna technologia pomp - Pneumatische F\u00f6rdertechnik - OEKERMANN Abwassertechnik<\/title>\n<meta name=\"robots\" content=\"index, follow, max-snippet:-1, max-image-preview:large, max-video-preview:-1\" \/>\n<link rel=\"canonical\" href=\"https:\/\/2025.oekermann.de\/pl\/pneumatyczne-pompowanie-sciekow-a-konwencjonalna-technologia-pomp\/\" \/>\n<meta property=\"og:locale\" content=\"pl_PL\" \/>\n<meta property=\"og:type\" content=\"article\" \/>\n<meta property=\"og:title\" content=\"Pneumatyczne pompowanie \u015bciek\u00f3w, a konwencjonalna technologia pomp - Pneumatische F\u00f6rdertechnik - OEKERMANN Abwassertechnik\" \/>\n<meta property=\"og:description\" content=\"Dlaczego zamiast konwencjonalnych pomp stosuje si\u0119 pneumatyczne przepompownie \u015bciek\u00f3w? Decyduj\u0105cymi zaletami systemu technologii przeno\u015bnik\u00f3w pneumatycznych OEKERMANN s\u0105: brakuci\u0105\u017cliwych zapach\u00f3w brak korozji siarkowodorowej brak osad\u00f3w w systemie rur ci\u015bnieniowych Proste i ekonomiczne uk\u0142adanie rur ci\u015bnieniowych, brak zawor\u00f3w odpowietrzaj\u0105cych bardzo d\u0142uga \u017cywotno\u015b\u0107 uk\u0142ad\u00f3w pneumatycznych firmy OEKERMANN. Konwencjonalne metody transportu, np. z wykorzystaniem pompowni hydraulicznych w instalacji mokrejWeiterlesen &quot;Pneumatyczne pompowanie \u015bciek\u00f3w, a konwencjonalna technologia pomp&quot;\" \/>\n<meta property=\"og:url\" content=\"https:\/\/2025.oekermann.de\/pl\/pneumatyczne-pompowanie-sciekow-a-konwencjonalna-technologia-pomp\/\" \/>\n<meta property=\"og:site_name\" content=\"Pneumatische F\u00f6rdertechnik - OEKERMANN Abwassertechnik\" \/>\n<meta property=\"article:publisher\" content=\"https:\/\/www.facebook.com\/pages\/Oekermann-Abwassertechnik\/1007781205906685\" \/>\n<meta property=\"article:modified_time\" content=\"2025-06-23T12:30:58+00:00\" \/>\n<meta name=\"twitter:card\" content=\"summary_large_image\" \/>\n<meta name=\"twitter:site\" content=\"@Oekermann\" \/>\n<meta name=\"twitter:label1\" content=\"Szacowany czas czytania\" \/>\n\t<meta name=\"twitter:data1\" content=\"4 minuty\" \/>\n<script type=\"application\/ld+json\" class=\"yoast-schema-graph\">{\"@context\":\"https:\\\/\\\/schema.org\",\"@graph\":[{\"@type\":\"WebPage\",\"@id\":\"https:\\\/\\\/2025.oekermann.de\\\/pl\\\/pneumatyczne-pompowanie-sciekow-a-konwencjonalna-technologia-pomp\\\/\",\"url\":\"https:\\\/\\\/2025.oekermann.de\\\/pl\\\/pneumatyczne-pompowanie-sciekow-a-konwencjonalna-technologia-pomp\\\/\",\"name\":\"Pneumatyczne pompowanie \u015bciek\u00f3w, a konwencjonalna technologia pomp - Pneumatische F\u00f6rdertechnik - OEKERMANN Abwassertechnik\",\"isPartOf\":{\"@id\":\"https:\\\/\\\/2025.oekermann.de\\\/#website\"},\"datePublished\":\"2022-06-29T19:24:31+00:00\",\"dateModified\":\"2025-06-23T12:30:58+00:00\",\"breadcrumb\":{\"@id\":\"https:\\\/\\\/2025.oekermann.de\\\/pl\\\/pneumatyczne-pompowanie-sciekow-a-konwencjonalna-technologia-pomp\\\/#breadcrumb\"},\"inLanguage\":\"pl-PL\",\"potentialAction\":[{\"@type\":\"ReadAction\",\"target\":[\"https:\\\/\\\/2025.oekermann.de\\\/pl\\\/pneumatyczne-pompowanie-sciekow-a-konwencjonalna-technologia-pomp\\\/\"]}]},{\"@type\":\"BreadcrumbList\",\"@id\":\"https:\\\/\\\/2025.oekermann.de\\\/pl\\\/pneumatyczne-pompowanie-sciekow-a-konwencjonalna-technologia-pomp\\\/#breadcrumb\",\"itemListElement\":[{\"@type\":\"ListItem\",\"position\":1,\"name\":\"Startseite\",\"item\":\"https:\\\/\\\/2025.oekermann.de\\\/pl\\\/\"},{\"@type\":\"ListItem\",\"position\":2,\"name\":\"Pneumatyczne pompowanie \u015bciek\u00f3w, a konwencjonalna technologia pomp\"}]},{\"@type\":\"WebSite\",\"@id\":\"https:\\\/\\\/2025.oekermann.de\\\/#website\",\"url\":\"https:\\\/\\\/2025.oekermann.de\\\/\",\"name\":\"Pneumatische F\u00f6rdertechnik - OEKERMANN Abwassertechnik\",\"description\":\"\",\"potentialAction\":[{\"@type\":\"SearchAction\",\"target\":{\"@type\":\"EntryPoint\",\"urlTemplate\":\"https:\\\/\\\/2025.oekermann.de\\\/?s={search_term_string}\"},\"query-input\":{\"@type\":\"PropertyValueSpecification\",\"valueRequired\":true,\"valueName\":\"search_term_string\"}}],\"inLanguage\":\"pl-PL\"}]}<\/script>\n<!-- \/ Yoast SEO plugin. -->","yoast_head_json":{"title":"Pneumatyczne pompowanie \u015bciek\u00f3w, a konwencjonalna technologia pomp - Pneumatische F\u00f6rdertechnik - OEKERMANN Abwassertechnik","robots":{"index":"index","follow":"follow","max-snippet":"max-snippet:-1","max-image-preview":"max-image-preview:large","max-video-preview":"max-video-preview:-1"},"canonical":"https:\/\/2025.oekermann.de\/pl\/pneumatyczne-pompowanie-sciekow-a-konwencjonalna-technologia-pomp\/","og_locale":"pl_PL","og_type":"article","og_title":"Pneumatyczne pompowanie \u015bciek\u00f3w, a konwencjonalna technologia pomp - Pneumatische F\u00f6rdertechnik - OEKERMANN Abwassertechnik","og_description":"Dlaczego zamiast konwencjonalnych pomp stosuje si\u0119 pneumatyczne przepompownie \u015bciek\u00f3w? Decyduj\u0105cymi zaletami systemu technologii przeno\u015bnik\u00f3w pneumatycznych OEKERMANN s\u0105: brakuci\u0105\u017cliwych zapach\u00f3w brak korozji siarkowodorowej brak osad\u00f3w w systemie rur ci\u015bnieniowych Proste i ekonomiczne uk\u0142adanie rur ci\u015bnieniowych, brak zawor\u00f3w odpowietrzaj\u0105cych bardzo d\u0142uga \u017cywotno\u015b\u0107 uk\u0142ad\u00f3w pneumatycznych firmy OEKERMANN. Konwencjonalne metody transportu, np. z wykorzystaniem pompowni hydraulicznych w instalacji mokrejWeiterlesen \"Pneumatyczne pompowanie \u015bciek\u00f3w, a konwencjonalna technologia pomp\"","og_url":"https:\/\/2025.oekermann.de\/pl\/pneumatyczne-pompowanie-sciekow-a-konwencjonalna-technologia-pomp\/","og_site_name":"Pneumatische F\u00f6rdertechnik - OEKERMANN Abwassertechnik","article_publisher":"https:\/\/www.facebook.com\/pages\/Oekermann-Abwassertechnik\/1007781205906685","article_modified_time":"2025-06-23T12:30:58+00:00","twitter_card":"summary_large_image","twitter_site":"@Oekermann","twitter_misc":{"Szacowany czas czytania":"4 minuty"},"schema":{"@context":"https:\/\/schema.org","@graph":[{"@type":"WebPage","@id":"https:\/\/2025.oekermann.de\/pl\/pneumatyczne-pompowanie-sciekow-a-konwencjonalna-technologia-pomp\/","url":"https:\/\/2025.oekermann.de\/pl\/pneumatyczne-pompowanie-sciekow-a-konwencjonalna-technologia-pomp\/","name":"Pneumatyczne pompowanie \u015bciek\u00f3w, a konwencjonalna technologia pomp - Pneumatische F\u00f6rdertechnik - OEKERMANN Abwassertechnik","isPartOf":{"@id":"https:\/\/2025.oekermann.de\/#website"},"datePublished":"2022-06-29T19:24:31+00:00","dateModified":"2025-06-23T12:30:58+00:00","breadcrumb":{"@id":"https:\/\/2025.oekermann.de\/pl\/pneumatyczne-pompowanie-sciekow-a-konwencjonalna-technologia-pomp\/#breadcrumb"},"inLanguage":"pl-PL","potentialAction":[{"@type":"ReadAction","target":["https:\/\/2025.oekermann.de\/pl\/pneumatyczne-pompowanie-sciekow-a-konwencjonalna-technologia-pomp\/"]}]},{"@type":"BreadcrumbList","@id":"https:\/\/2025.oekermann.de\/pl\/pneumatyczne-pompowanie-sciekow-a-konwencjonalna-technologia-pomp\/#breadcrumb","itemListElement":[{"@type":"ListItem","position":1,"name":"Startseite","item":"https:\/\/2025.oekermann.de\/pl\/"},{"@type":"ListItem","position":2,"name":"Pneumatyczne pompowanie \u015bciek\u00f3w, a konwencjonalna technologia pomp"}]},{"@type":"WebSite","@id":"https:\/\/2025.oekermann.de\/#website","url":"https:\/\/2025.oekermann.de\/","name":"Pneumatische F\u00f6rdertechnik - OEKERMANN Abwassertechnik","description":"","potentialAction":[{"@type":"SearchAction","target":{"@type":"EntryPoint","urlTemplate":"https:\/\/2025.oekermann.de\/?s={search_term_string}"},"query-input":{"@type":"PropertyValueSpecification","valueRequired":true,"valueName":"search_term_string"}}],"inLanguage":"pl-PL"}]}},"_links":{"self":[{"href":"https:\/\/2025.oekermann.de\/pl\/wp-json\/wp\/v2\/pages\/4321","targetHints":{"allow":["GET"]}}],"collection":[{"href":"https:\/\/2025.oekermann.de\/pl\/wp-json\/wp\/v2\/pages"}],"about":[{"href":"https:\/\/2025.oekermann.de\/pl\/wp-json\/wp\/v2\/types\/page"}],"author":[{"embeddable":true,"href":"https:\/\/2025.oekermann.de\/pl\/wp-json\/wp\/v2\/users\/1"}],"replies":[{"embeddable":true,"href":"https:\/\/2025.oekermann.de\/pl\/wp-json\/wp\/v2\/comments?post=4321"}],"version-history":[{"count":4,"href":"https:\/\/2025.oekermann.de\/pl\/wp-json\/wp\/v2\/pages\/4321\/revisions"}],"predecessor-version":[{"id":5251,"href":"https:\/\/2025.oekermann.de\/pl\/wp-json\/wp\/v2\/pages\/4321\/revisions\/5251"}],"wp:attachment":[{"href":"https:\/\/2025.oekermann.de\/pl\/wp-json\/wp\/v2\/media?parent=4321"}],"curies":[{"name":"wp","href":"https:\/\/api.w.org\/{rel}","templated":true}]}}